{"id":5978,"date":"2018-02-25T06:48:20","date_gmt":"2018-02-25T06:48:20","guid":{"rendered":"https:\/\/toprisesafety.com\/product\/full-coated-nitrile-gloves-knit-wrist-blue-yellow-color\/"},"modified":"2025-03-27T07:00:23","modified_gmt":"2025-03-27T07:00:23","slug":"full-coated-nitrile-gloves-knit-wrist-blue-yellow-color","status":"publish","type":"product","link":"https:\/\/toprisesafety.com\/es\/producto\/full-coated-nitrile-gloves-knit-wrist-blue-yellow-color\/","title":{"rendered":"Guantes de nitrilo totalmente recubiertos de punto mu\u00f1eca color azul amarillo"},"content":{"rendered":"<p><strong><span style=\"font-size: 140%;\">Guantes de nitrilo totalmente recubiertos de punto mu\u00f1eca color azul amarillo<\/span><\/strong><\/p>\n<ul>\n<li style=\"list-style-type: none;\">\n<ul>\n<li>Mu\u00f1eca de punto totalmente recubierta<\/li>\n<\/ul>\n<\/li>\n<\/ul>\n<ul>\n<li style=\"list-style-type: none;\">\n<ul>\n<li>Acabado liso y brillante<\/li>\n<\/ul>\n<\/li>\n<\/ul>\n<ul>\n<li style=\"list-style-type: none;\">\n<ul>\n<li data-spm-anchor-id=\"a2700.details.pronpeci14.i1.7a083ce0wE9Ypl\">Tratamiento antibacteriano y antiolor<\/li>\n<\/ul>\n<\/li>\n<\/ul>\n<ul>\n<li style=\"list-style-type: none;\">\n<ul>\n<li>100% Caucho acrilonitrilo butadieno estireno (nitrilo) 100%<\/li>\n<\/ul>\n<\/li>\n<\/ul>\n<ul>\n<li style=\"list-style-type: none;\">\n<ul>\n<li>Forro Interlock o forro de jersey<\/li>\n<\/ul>\n<\/li>\n<\/ul>\n<ul>\n<li style=\"list-style-type: none;\">\n<ul>\n<li>Suave forro de jersey de algod\u00f3n que elimina las costuras de las zonas de trabajo, absorbe la transpiraci\u00f3n, ultra c\u00f3modo de uso prolongado y con buena resistencia mec\u00e1nica.<\/li>\n<\/ul>\n<\/li>\n<\/ul>\n<ul>\n<li style=\"list-style-type: none;\">\n<ul>\n<li>El revestimiento de nitrilo resistente proporciona un excelente agarre en seco, as\u00ed como un rendimiento superior al manipular materiales \u00e1speros y abrasivos.<\/li>\n<\/ul>\n<\/li>\n<\/ul>\n<ul>\n<li style=\"list-style-type: none;\">\n<ul>\n<li>Protege la mano del aceite conservando un buen tacto<\/li>\n<\/ul>\n<\/li>\n<\/ul>\n<ul>\n<li style=\"list-style-type: none;\">\n<ul>\n<li>Mu\u00f1eca bien protegida<\/li>\n<\/ul>\n<\/li>\n<\/ul>\n<ul>\n<li style=\"list-style-type: none;\">\n<ul>\n<li data-spm-anchor-id=\"a2700.details.pronpeci14.i0.7a083ce0wE9Ypl\">Aplicaciones: Construcci\u00f3n, trabajos de mantenimiento, trabajo y fabricaci\u00f3n de metales, industrial, montaje y desmontaje, miner\u00eda, etc.<\/li>\n<\/ul>\n<\/li>\n<\/ul>\n<h2><strong>Guantes de nitrilo de recubrimiento total de punto mu\u00f1eca color azul amarillo especificaciones:<\/strong><\/h2>\n<table>\n<tbody>\n<tr>\n<td width=\"189\">Art No.<\/td>\n<td width=\"341\">NG02-I(forro Interlock) \/NG02-J ( forro Jersey)<\/td>\n<\/tr>\n<tr>\n<td width=\"189\">Material<\/td>\n<td width=\"341\">Nitrilo<\/td>\n<\/tr>\n<tr>\n<td width=\"189\">Acabado<\/td>\n<td width=\"341\">Superficie lisa<\/td>\n<\/tr>\n<tr>\n<td width=\"189\">Forro<\/td>\n<td width=\"341\">Interlock o jersey a elegir<\/td>\n<\/tr>\n<tr>\n<td width=\"189\">Longitud<\/td>\n<td width=\"341\">10&#8243;\/10.5&#8243;\/11&#8243;<\/td>\n<\/tr>\n<tr>\n<td width=\"189\">Estilo<\/td>\n<td width=\"341\">Mu\u00f1eca de punto<\/td>\n<\/tr>\n<tr>\n<td width=\"189\">Norma de calidad<\/td>\n<td width=\"341\">CE EN388<\/td>\n<\/tr>\n<tr>\n<td width=\"189\">Embalaje<\/td>\n<td width=\"341\">12PR\/DOZ, 10DOZ\/CTN<\/td>\n<\/tr>\n<\/tbody>\n<\/table>\n<p><img fetchpriority=\"high\" decoding=\"async\" class=\"size-full wp-image-844\" src=\"https:\/\/toprisesafety.com\/wp-content\/uploads\/2024\/08\/N02-NITRILE-GLOVES.jpg\" alt=\"NITRILE GLOVES\" width=\"500\" height=\"500\" \/><\/p>\n<p>TOPRISE admite varios estilos de personalizaci\u00f3n de guantes de nitrilo; haga clic para <a href=\"https:\/\/toprisesafety.com\/es\/categoria-producto\/personal-protective-equipment\/hand-protection\/nitrile-gloves\/\">ver m\u00e1s estilos de guantes recubiertos de nitrilo.<\/a><br \/>\nSi no encuentra los guantes de nitrilo que necesita,<a href=\"https:\/\/toprisesafety.com\/es\/contact-us\/\"> p\u00f3ngase en contacto con nosotros;<\/a> apoyamos la personalizaci\u00f3n especial.<\/p>","protected":false},"excerpt":{"rendered":"<p>N\u00ba art.: NG02-I(forro Interlock) \/ NG02-J ( forro Jersey)<\/p>\n<p>Material: Nitrito<\/p>\n<p>Talla: 10\u2033\/10,5\u2033\/11\u2033.<\/p>\n<p>Norma de calidad: CE EN388<\/p>","protected":false},"featured_media":5980,"template":"","meta":{"_acf_changed":false},"product_brand":[],"product_cat":[345,349],"product_tag":[240],"class_list":{"0":"post-5978","1":"product","2":"type-product","3":"status-publish","4":"has-post-thumbnail","6":"product_cat-hand-protection","7":"product_cat-nitrile-gloves","8":"product_tag-10-10-5-11-nitrile-gloves","10":"first","11":"instock","12":"product-type-simple"},"acf":[],"_links":{"self":[{"href":"https:\/\/toprisesafety.com\/es\/wp-json\/wp\/v2\/product\/5978"}],"collection":[{"href":"https:\/\/toprisesafety.com\/es\/wp-json\/wp\/v2\/product"}],"about":[{"href":"https:\/\/toprisesafety.com\/es\/wp-json\/wp\/v2\/types\/product"}],"wp:featuredmedia":[{"embeddable":true,"href":"https:\/\/toprisesafety.com\/es\/wp-json\/wp\/v2\/media\/5980"}],"wp:attachment":[{"href":"https:\/\/toprisesafety.com\/es\/wp-json\/wp\/v2\/media?parent=5978"}],"wp:term":[{"taxonomy":"product_brand","embeddable":true,"href":"https:\/\/toprisesafety.com\/es\/wp-json\/wp\/v2\/product_brand?post=5978"},{"taxonomy":"product_cat","embeddable":true,"href":"https:\/\/toprisesafety.com\/es\/wp-json\/wp\/v2\/product_cat?post=5978"},{"taxonomy":"product_tag","embeddable":true,"href":"https:\/\/toprisesafety.com\/es\/wp-json\/wp\/v2\/product_tag?post=5978"}],"curies":[{"name":"wp","href":"https:\/\/api.w.org\/{rel}","templated":true}]}}