{"id":5973,"date":"2018-02-25T07:34:47","date_gmt":"2018-02-25T07:34:47","guid":{"rendered":"https:\/\/toprisesafety.com\/product\/green-nitrile-gloves\/"},"modified":"2025-03-27T06:59:10","modified_gmt":"2025-03-27T06:59:10","slug":"green-nitrile-gloves","status":"publish","type":"product","link":"https:\/\/toprisesafety.com\/es\/producto\/green-nitrile-gloves\/","title":{"rendered":"Guantes de nitrilo verde"},"content":{"rendered":"<p><strong><span style=\"font-size: 140%;\">Guantes de nitrilo verde<\/span><\/strong><\/p>\n<ul>\n<li style=\"list-style-type: none;\">\n<ul>\n<li>Fabricados con un compuesto de nitrilo especialmente formulado, que proporciona una protecci\u00f3n excepcional frente a una amplia gama de productos qu\u00edmicos.<\/li>\n<\/ul>\n<\/li>\n<\/ul>\n<ul>\n<li style=\"list-style-type: none;\">\n<ul>\n<li>El compuesto de nitrilo es m\u00e1s resistente a las abrasiones y permite una mayor duraci\u00f3n en comparaci\u00f3n con los guantes de caucho natural.<\/li>\n<\/ul>\n<\/li>\n<\/ul>\n<ul>\n<li style=\"list-style-type: none;\">\n<ul>\n<li>El forro de felpa proporciona un excelente confort durante largos periodos de uso.<\/li>\n<\/ul>\n<\/li>\n<\/ul>\n<ul>\n<li style=\"list-style-type: none;\">\n<ul>\n<li>Aplicaciones: Montaje de autom\u00f3viles, pulverizaci\u00f3n de pintura, montaje de equipos pesados, manipulaci\u00f3n de productos qu\u00edmicos, manipulaci\u00f3n de residuos<\/li>\n<\/ul>\n<\/li>\n<\/ul>\n<ul>\n<li style=\"list-style-type: none;\">\n<ul>\n<li>Gran durabilidad y mayor desgaste que los guantes de caucho natural<\/li>\n<\/ul>\n<\/li>\n<\/ul>\n<ul>\n<li style=\"list-style-type: none;\">\n<ul>\n<li>La palma y los dedos estampados proporcionan un excelente agarre tanto en seco como en mojado.<\/li>\n<\/ul>\n<\/li>\n<\/ul>\n<ul>\n<li style=\"list-style-type: none;\">\n<ul>\n<li>Posibilidad de imprimir el logotipo del cliente a una tinta en el pu\u00f1o<\/li>\n<\/ul>\n<\/li>\n<\/ul>\n<h2><strong>Especificaci\u00f3n de los guantes de nitrilo verdes<\/strong><\/h2>\n<table>\n<tbody>\n<tr>\n<td width=\"189\">Art No.<\/td>\n<td width=\"341\">NG01<\/td>\n<\/tr>\n<tr>\n<td width=\"189\">Material<\/td>\n<td width=\"341\">Nitrilo verde<\/td>\n<\/tr>\n<tr>\n<td width=\"189\">Forro<\/td>\n<td width=\"341\">Forro Flock<\/td>\n<\/tr>\n<tr>\n<td width=\"189\">Longitud<\/td>\n<td width=\"341\">33CM<\/td>\n<\/tr>\n<tr>\n<td width=\"189\">Espesor<\/td>\n<td width=\"341\">13Mil, 15Mil, etc.<\/td>\n<\/tr>\n<tr>\n<td width=\"189\">Tama\u00f1o (ancho de la palma)<\/td>\n<td width=\"341\">#7(S),#8(M),#9(L),#10(XL),#11(XXL)<\/td>\n<\/tr>\n<tr>\n<td width=\"189\">Estilo<\/td>\n<td width=\"341\">Pu\u00f1o abierto<\/td>\n<\/tr>\n<tr>\n<td width=\"189\">Norma de calidad<\/td>\n<td width=\"341\">CE EN388<\/td>\n<\/tr>\n<tr>\n<td width=\"189\">Embalaje<\/td>\n<td width=\"341\">12PR\/DOZ, 10DOZ\/CTN<\/td>\n<\/tr>\n<\/tbody>\n<\/table>\n<p>TOPRISE admite varios estilos de personalizaci\u00f3n de guantes de nitrilo; haga clic para <a href=\"https:\/\/toprisesafety.com\/es\/categoria-producto\/personal-protective-equipment\/hand-protection\/nitrile-gloves\/\">ver m\u00e1s estilos de guantes recubiertos de nitrilo.<\/a><br \/>\nSi no encuentra los guantes de nitrilo que necesita,<a href=\"https:\/\/toprisesafety.com\/es\/contact-us\/\"> p\u00f3ngase en contacto con nosotros;<\/a> apoyamos la personalizaci\u00f3n especial.<\/p>","protected":false},"excerpt":{"rendered":"<p>N\u00ba Referencia: NG01<\/p>\n<p>Material: Nitrito<\/p>\n<p>Talla: S-XXL (#7-#11), 33CM<\/p>\n<p>Espesor: 13MIL\/15MIL etc.<\/p>\n<p>Norma de calidad: CE EN388<\/p>","protected":false},"featured_media":5974,"template":"","meta":{"_acf_changed":false},"product_brand":[],"product_cat":[345,349],"product_tag":[238],"class_list":{"0":"post-5973","1":"product","2":"type-product","3":"status-publish","4":"has-post-thumbnail","6":"product_cat-hand-protection","7":"product_cat-nitrile-gloves","8":"product_tag-green-nitrile-gloves","10":"first","11":"instock","12":"product-type-simple"},"acf":[],"_links":{"self":[{"href":"https:\/\/toprisesafety.com\/es\/wp-json\/wp\/v2\/product\/5973"}],"collection":[{"href":"https:\/\/toprisesafety.com\/es\/wp-json\/wp\/v2\/product"}],"about":[{"href":"https:\/\/toprisesafety.com\/es\/wp-json\/wp\/v2\/types\/product"}],"wp:featuredmedia":[{"embeddable":true,"href":"https:\/\/toprisesafety.com\/es\/wp-json\/wp\/v2\/media\/5974"}],"wp:attachment":[{"href":"https:\/\/toprisesafety.com\/es\/wp-json\/wp\/v2\/media?parent=5973"}],"wp:term":[{"taxonomy":"product_brand","embeddable":true,"href":"https:\/\/toprisesafety.com\/es\/wp-json\/wp\/v2\/product_brand?post=5973"},{"taxonomy":"product_cat","embeddable":true,"href":"https:\/\/toprisesafety.com\/es\/wp-json\/wp\/v2\/product_cat?post=5973"},{"taxonomy":"product_tag","embeddable":true,"href":"https:\/\/toprisesafety.com\/es\/wp-json\/wp\/v2\/product_tag?post=5973"}],"curies":[{"name":"wp","href":"https:\/\/api.w.org\/{rel}","templated":true}]}}