{"id":5971,"date":"2018-02-25T07:52:35","date_gmt":"2018-02-25T07:52:35","guid":{"rendered":"https:\/\/toprisesafety.com\/product\/nitrile-coated-gloves\/"},"modified":"2025-03-27T06:58:48","modified_gmt":"2025-03-27T06:58:48","slug":"nitrile-coated-gloves","status":"publish","type":"product","link":"https:\/\/toprisesafety.com\/es\/producto\/nitrile-coated-gloves\/","title":{"rendered":"Guantes recubiertos de nitrilo Norma CE"},"content":{"rendered":"<p><strong><span style=\"font-size: 140%;\">Guantes recubiertos de nitrilo Norma CE<\/span><\/strong><\/p>\n<ul>\n<li style=\"list-style-type: none;\">\n<ul>\n<li>Forro de poli\u00e9ster\/nylon<\/li>\n<\/ul>\n<\/li>\n<\/ul>\n<ul>\n<li style=\"list-style-type: none;\">\n<ul>\n<li><span data-spm-anchor-id=\"a2700.details.pronpeci14.i1.2e2f22529OhWCG\">Pu\u00f1o el\u00e1stico<\/span><\/li>\n<\/ul>\n<\/li>\n<\/ul>\n<ul>\n<li style=\"list-style-type: none;\">\n<ul>\n<li>Smooth finish over entire surface<\/li>\n<\/ul>\n<\/li>\n<\/ul>\n<ul>\n<li style=\"list-style-type: none;\">\n<ul>\n<li>Good grip in wet enviroment<\/li>\n<\/ul>\n<\/li>\n<\/ul>\n<ul>\n<li style=\"list-style-type: none;\">\n<ul>\n<li>Gran resistencia a la abrasi\u00f3n<\/li>\n<\/ul>\n<\/li>\n<\/ul>\n<ul>\n<li style=\"list-style-type: none;\">\n<ul>\n<li>Punto sin costuras<\/li>\n<\/ul>\n<\/li>\n<\/ul>\n<ul>\n<li style=\"list-style-type: none;\">\n<ul>\n<li data-spm-anchor-id=\"a2700.details.pronpeci14.i0.2e2f22529OhWCG\">Transpirable en la espalda<\/li>\n<\/ul>\n<\/li>\n<\/ul>\n<ul>\n<li style=\"list-style-type: none;\">\n<ul>\n<li data-spm-anchor-id=\"a2700.details.pronpeci14.i0.2e2f22529OhWCG\">Aplicaci\u00f3n: trabajos de seguridad, trabajos industriales, trabajos de construcci\u00f3n, bricolaje, jardiner\u00eda, recogida de residuos, trabajos en vidrio, trabajos en madera, fabricaci\u00f3n ligera a media, manipulaci\u00f3n de piezas, almacenamiento general, mantenimiento de fracturas onduladas, etc.<\/li>\n<\/ul>\n<\/li>\n<\/ul>\n<ul>\n<li style=\"list-style-type: none;\">\n<ul>\n<li data-spm-anchor-id=\"a2700.details.pronpeci14.i0.2e2f22529OhWCG\">Norma de calidad CE EN388<\/li>\n<\/ul>\n<\/li>\n<\/ul>\n<ul>\n<li style=\"list-style-type: none;\">\n<ul>\n<li data-spm-anchor-id=\"a2700.details.pronpeci14.i0.2e2f22529OhWCG\">Logotipo del cliente impreso a un color en la palma<\/li>\n<\/ul>\n<\/li>\n<\/ul>\n<ul>\n<li style=\"list-style-type: none;\">\n<ul>\n<li data-spm-anchor-id=\"a2700.details.pronpeci14.i0.2e2f22529OhWCG\">Embalaje: polybag, tarjeta de cabeza, etc embalaje especial est\u00e1 disponible<\/li>\n<\/ul>\n<\/li>\n<\/ul>\n<ul>\n<li style=\"list-style-type: none;\">\n<ul>\n<li data-spm-anchor-id=\"a2700.details.pronpeci14.i0.2e2f22529OhWCG\">Each gloves lable is available according customer&#8217;s requirement<\/li>\n<\/ul>\n<\/li>\n<\/ul>\n<h2><strong>Nitrile coated gloves CE standard specification:<\/strong><\/h2>\n<table>\n<tbody>\n<tr>\n<td width=\"189\">Art No.<\/td>\n<td width=\"341\">NG05<\/td>\n<\/tr>\n<tr>\n<td width=\"189\">Material<\/td>\n<td width=\"341\">Polyester\/nylon knitted liner, nitrile coated<\/td>\n<\/tr>\n<tr>\n<td width=\"189\">Acabado<\/td>\n<td width=\"341\">Superficie lisa<\/td>\n<\/tr>\n<tr>\n<td width=\"189\">Talla<\/td>\n<td width=\"341\">S: 22cm;M:23CM,L:24CM;XL:25CM;XXL:26CM<\/td>\n<\/tr>\n<tr>\n<td width=\"189\">Norma de calidad<\/td>\n<td width=\"341\">CE EN388<\/td>\n<\/tr>\n<tr>\n<td width=\"189\">Embalaje<\/td>\n<td width=\"341\">12PR\/DOZ, 10DOZ\/CTN<\/td>\n<\/tr>\n<tr>\n<td width=\"189\">Color<\/td>\n<td width=\"341\">White, grey, black etc.knitted liner, white,grey,black etc. nitrile coated<\/td>\n<\/tr>\n<tr>\n<td width=\"189\">MOQ<\/td>\n<td width=\"341\">500DOZ 6000PAIRS<\/td>\n<\/tr>\n<\/tbody>\n<\/table>\n<p>TOPRISE admite varios estilos de personalizaci\u00f3n de guantes de nitrilo; haga clic para <a href=\"https:\/\/toprisesafety.com\/es\/categoria-producto\/personal-protective-equipment\/hand-protection\/nitrile-gloves\/\">ver m\u00e1s estilos de guantes recubiertos de nitrilo.<\/a><br \/>\nSi no encuentra los guantes de nitrilo que necesita,<a href=\"https:\/\/toprisesafety.com\/es\/contact-us\/\"> p\u00f3ngase en contacto con nosotros;<\/a> apoyamos la personalizaci\u00f3n especial.<\/p>","protected":false},"excerpt":{"rendered":"<p>Art No.: NG05<\/p>\n<p>Material: Nitrito<\/p>\n<p>Talla: S-XXL<\/p>\n<p>Norma de calidad: CE EN388<\/p>","protected":false},"featured_media":5972,"template":"","meta":{"_acf_changed":false},"product_brand":[],"product_cat":[345,349],"product_tag":[237],"class_list":{"0":"post-5971","1":"product","2":"type-product","3":"status-publish","4":"has-post-thumbnail","6":"product_cat-hand-protection","7":"product_cat-nitrile-gloves","8":"product_tag-nitrile-coated-gloves","10":"first","11":"instock","12":"product-type-simple"},"acf":[],"_links":{"self":[{"href":"https:\/\/toprisesafety.com\/es\/wp-json\/wp\/v2\/product\/5971"}],"collection":[{"href":"https:\/\/toprisesafety.com\/es\/wp-json\/wp\/v2\/product"}],"about":[{"href":"https:\/\/toprisesafety.com\/es\/wp-json\/wp\/v2\/types\/product"}],"wp:featuredmedia":[{"embeddable":true,"href":"https:\/\/toprisesafety.com\/es\/wp-json\/wp\/v2\/media\/5972"}],"wp:attachment":[{"href":"https:\/\/toprisesafety.com\/es\/wp-json\/wp\/v2\/media?parent=5971"}],"wp:term":[{"taxonomy":"product_brand","embeddable":true,"href":"https:\/\/toprisesafety.com\/es\/wp-json\/wp\/v2\/product_brand?post=5971"},{"taxonomy":"product_cat","embeddable":true,"href":"https:\/\/toprisesafety.com\/es\/wp-json\/wp\/v2\/product_cat?post=5971"},{"taxonomy":"product_tag","embeddable":true,"href":"https:\/\/toprisesafety.com\/es\/wp-json\/wp\/v2\/product_tag?post=5971"}],"curies":[{"name":"wp","href":"https:\/\/api.w.org\/{rel}","templated":true}]}}