{"id":5969,"date":"2018-02-25T08:09:53","date_gmt":"2018-02-25T08:09:53","guid":{"rendered":"https:\/\/toprisesafety.com\/product\/10-gauge-string-knitted-latex-coated-gloves\/"},"modified":"2025-03-27T02:52:22","modified_gmt":"2025-03-27T02:52:22","slug":"10-gauge-string-knitted-latex-coated-gloves","status":"publish","type":"product","link":"https:\/\/toprisesafety.com\/es\/producto\/10-gauge-string-knitted-latex-coated-gloves\/","title":{"rendered":"Cuerda de calibre 10 tejida con guantes recubiertos de l\u00e1tex"},"content":{"rendered":"<p><strong><span style=\"font-size: 140%;\">Cuerda de calibre 10 tejida con guantes recubiertos de l\u00e1tex <\/span><\/strong><\/p>\n<ol>\n<li style=\"list-style-type: none;\">\n<ol>\n<li>Material: 10\u00a0 gauge 5 yarn knitted string gloves with latex coated<\/li>\n<\/ol>\n<\/li>\n<\/ol>\n<ol>\n<li style=\"list-style-type: none;\">\n<ol>\n<li>Palma arrugada para un excelente agarre antideslizante,antiabrasi\u00f3n<\/li>\n<\/ol>\n<\/li>\n<\/ol>\n<ol>\n<li style=\"list-style-type: none;\">\n<ol>\n<li>Norma de calidad: CE EN388<\/li>\n<\/ol>\n<\/li>\n<\/ol>\n<ol>\n<li style=\"list-style-type: none;\">\n<ol>\n<li><span data-spm-anchor-id=\"a2700.details.pronpeci14.i0.24985d63f50jeK\">Aplicaci\u00f3n: construcci\u00f3n, mantenimiento, operaciones generales, miner\u00eda, petr\u00f3leo y gas, y otros campos como f\u00e1bricas de vidrio, obras de construcci\u00f3n, agricultura, etc.<\/span><\/li>\n<\/ol>\n<\/li>\n<\/ol>\n<ol>\n<li style=\"list-style-type: none;\">\n<ol>\n<li>Caracter\u00edstica:<\/li>\n<\/ol>\n<\/li>\n<\/ol>\n<ul>\n<li style=\"list-style-type: none;\">\n<ul>\n<li><span data-spm-anchor-id=\"a2700.details.pronpeci14.i1.3766434fyZBMko\">Buena elasticidad que proporciona una sensaci\u00f3n c\u00f3moda de llevar.<\/span><\/li>\n<\/ul>\n<\/li>\n<\/ul>\n<ul>\n<li style=\"list-style-type: none;\">\n<ul>\n<li>Puede degradarse<\/li>\n<\/ul>\n<\/li>\n<\/ul>\n<ul>\n<li style=\"list-style-type: none;\">\n<ul>\n<li>Resistente a aceites ligeros, \u00e1cidos y \u00e1lcalis<\/li>\n<\/ul>\n<\/li>\n<\/ul>\n<ul>\n<li style=\"list-style-type: none;\">\n<ul>\n<li>Palma arrugada para un excelente agarre antideslizante, excelente antideslizamiento, antiabrasi\u00f3n y resistente a los pinchazos.<\/li>\n<\/ul>\n<\/li>\n<\/ul>\n<ul>\n<li style=\"list-style-type: none;\">\n<ul>\n<li data-spm-anchor-id=\"a2700.details.pronpeci14.i0.3766434fyZBMko\">Size; 9&#8243;,9.5&#8243;,10&#8243;,10.5&#8243;,11&#8243;<\/li>\n<\/ul>\n<\/li>\n<\/ul>\n<h2><strong>10 gauge string knitted with latex coated gloves specification:<\/strong><\/h2>\n<table>\n<tbody>\n<tr>\n<td width=\"189\">Art No.<\/td>\n<td width=\"341\">LXG04<\/td>\n<\/tr>\n<tr>\n<td width=\"189\">Material<\/td>\n<td width=\"341\">Hilo de poli\u00e9ster tejido con recubrimiento de l\u00e1tex<\/td>\n<\/tr>\n<tr>\n<td width=\"189\">Acabado<\/td>\n<td width=\"341\">Arruga la palma y los dedos<\/td>\n<\/tr>\n<tr>\n<td width=\"189\">Talla<\/td>\n<td width=\"341\">9&#8243;,9.5&#8243;,10&#8243;,10.5&#8243;,11&#8243;<\/td>\n<\/tr>\n<tr>\n<td width=\"189\">Estilo<\/td>\n<td width=\"341\">Mu\u00f1eca de punto el\u00e1stico para mayor comodidad<\/td>\n<\/tr>\n<tr>\n<td width=\"189\">Norma de calidad<\/td>\n<td width=\"341\">CE EN388<\/td>\n<\/tr>\n<tr>\n<td width=\"189\">Embalaje<\/td>\n<td width=\"341\">12PR\/DOZ, 10DOZ\/CTN<\/td>\n<\/tr>\n<\/tbody>\n<\/table>\n<p>TOPRISE admite varios estilos de personalizaci\u00f3n de guantes de l\u00e1tex; haga clic para <a href=\"https:\/\/toprisesafety.com\/es\/categoria-producto\/personal-protective-equipment\/hand-protection\/latex-gloves\/\">ver m\u00e1s estilos de guantes de l\u00e1tex.<\/a><\/p>\n<p>Si no encuentra los guantes de l\u00e1tex que necesita, <a href=\"https:\/\/toprisesafety.com\/es\/contact-us\/\">p\u00f3ngase en contacto con nosotros;<\/a> apoyamos la personalizaci\u00f3n especial.<\/p>","protected":false},"excerpt":{"rendered":"<p>Art No.: LXG04<\/p>\n<p>Material: 5 yarn polyester knitted liner with latex coated<\/p>\n<p>Acabado: Palma y dedos arrugados<\/p>\n<p>Size: 9&#8243;,9.5&#8243;,10&#8243;,10.5&#8243;,11&#8243;<\/p>\n<p>Norma de calidad: CE EN388<\/p>\n<p>MOQ: 500 DOZ<\/p>","protected":false},"featured_media":5970,"template":"","meta":{"_acf_changed":false},"product_brand":[],"product_cat":[345,348],"product_tag":[236],"class_list":{"0":"post-5969","1":"product","2":"type-product","3":"status-publish","4":"has-post-thumbnail","6":"product_cat-hand-protection","7":"product_cat-latex-gloves","8":"product_tag-latex-coated-gloves-ce-en388-latex-gloves","10":"first","11":"instock","12":"product-type-simple"},"acf":[],"_links":{"self":[{"href":"https:\/\/toprisesafety.com\/es\/wp-json\/wp\/v2\/product\/5969"}],"collection":[{"href":"https:\/\/toprisesafety.com\/es\/wp-json\/wp\/v2\/product"}],"about":[{"href":"https:\/\/toprisesafety.com\/es\/wp-json\/wp\/v2\/types\/product"}],"wp:featuredmedia":[{"embeddable":true,"href":"https:\/\/toprisesafety.com\/es\/wp-json\/wp\/v2\/media\/5970"}],"wp:attachment":[{"href":"https:\/\/toprisesafety.com\/es\/wp-json\/wp\/v2\/media?parent=5969"}],"wp:term":[{"taxonomy":"product_brand","embeddable":true,"href":"https:\/\/toprisesafety.com\/es\/wp-json\/wp\/v2\/product_brand?post=5969"},{"taxonomy":"product_cat","embeddable":true,"href":"https:\/\/toprisesafety.com\/es\/wp-json\/wp\/v2\/product_cat?post=5969"},{"taxonomy":"product_tag","embeddable":true,"href":"https:\/\/toprisesafety.com\/es\/wp-json\/wp\/v2\/product_tag?post=5969"}],"curies":[{"name":"wp","href":"https:\/\/api.w.org\/{rel}","templated":true}]}}