{"id":5959,"date":"2018-02-25T09:21:26","date_gmt":"2018-02-25T09:21:26","guid":{"rendered":"https:\/\/toprisesafety.com\/product\/heavy-duty-black-industrial-latex-gloves\/"},"modified":"2025-03-27T02:50:45","modified_gmt":"2025-03-27T02:50:45","slug":"heavy-duty-black-industrial-latex-gloves","status":"publish","type":"product","link":"https:\/\/toprisesafety.com\/es\/producto\/heavy-duty-black-industrial-latex-gloves\/","title":{"rendered":"Guantes de l\u00e1tex industriales negros de alta resistencia guantes de goma"},"content":{"rendered":"<p><strong><span style=\"font-size: 140%;\">Guantes de l\u00e1tex industriales negros de alta resistencia guantes de goma <\/span><\/strong><\/p>\n<ul>\n<li style=\"list-style-type: none;\">\n<ul>\n<li><span data-spm-anchor-id=\"a2700.details.pronpeci14.i1.507821c5yik1pK\">De l\u00e1tex natural .<\/span><\/li>\n<\/ul>\n<\/li>\n<\/ul>\n<ul>\n<li style=\"list-style-type: none;\">\n<ul>\n<li>Peso disponible 180\/200\/320G\/PR<\/li>\n<\/ul>\n<\/li>\n<\/ul>\n<ul>\n<li style=\"list-style-type: none;\">\n<ul>\n<li>Talla:35\/45CMlargo. S, M, L, XL<\/li>\n<\/ul>\n<\/li>\n<\/ul>\n<ul>\n<li style=\"list-style-type: none;\">\n<ul>\n<li>Ampliamente utilizado en qu\u00edmica, pesca, operaciones marinas como protecci\u00f3n.<\/li>\n<\/ul>\n<\/li>\n<\/ul>\n<ul>\n<li style=\"list-style-type: none;\">\n<ul>\n<li data-spm-anchor-id=\"a2700.details.pronpeci14.i0.507821c5yik1pK\">Despu\u00e9s de usarla, p\u00f3ngala en un lugar con buena ventilaci\u00f3n y d\u00e9jela secar para prepararla para la pr\u00f3xima vez.<\/li>\n<\/ul>\n<\/li>\n<\/ul>\n<ul>\n<li style=\"list-style-type: none;\">\n<ul>\n<li data-spm-anchor-id=\"a2700.details.pronpeci14.i0.507821c5yik1pK\">Aplicaciones: Construcci\u00f3n, miner\u00eda, agricultura, mantenimiento de jardines, manipulaci\u00f3n industrial en general, etc. \u00a0\u00a0<strong>\u00a0<\/strong><\/li>\n<\/ul>\n<\/li>\n<\/ul>\n<ul>\n<li style=\"list-style-type: none;\">\n<ul>\n<li>Bajo contenido en prote\u00ednas hidrosolubles, sin residuos qu\u00edmicos, inocuo para el organismo humano;<\/li>\n<\/ul>\n<\/li>\n<\/ul>\n<ul>\n<li style=\"list-style-type: none;\">\n<ul>\n<li>Resistente a la perforaci\u00f3n, al desgarro, al corte por cuchilla y a la abrasi\u00f3n;<\/li>\n<\/ul>\n<\/li>\n<\/ul>\n<ul>\n<li style=\"list-style-type: none;\">\n<ul>\n<li data-spm-anchor-id=\"a2700.details.pronpeci14.i0.57007751p3FPsq\">Al ser un producto reutilizable, basta con aclararlo con agua limpia despu\u00e9s de cada uso y secarlo al aire o en secadora<\/li>\n<\/ul>\n<\/li>\n<\/ul>\n<h2><strong>Guantes de l\u00e1tex industriales negros de alta resistencia especificaci\u00f3n de los guantes de goma:<\/strong><\/h2>\n<table>\n<tbody>\n<tr>\n<td width=\"189\">Art No.<\/td>\n<td width=\"341\">LXG03<\/td>\n<\/tr>\n<tr>\n<td width=\"189\">Material<\/td>\n<td width=\"341\">L\u00e1tex<\/td>\n<\/tr>\n<tr>\n<td width=\"189\">Acabado<\/td>\n<td width=\"341\">Suave<\/td>\n<\/tr>\n<tr>\n<td width=\"189\">Talla<\/td>\n<td width=\"341\">S-XL (35CM\/57CM de longitud)<\/td>\n<\/tr>\n<tr>\n<td width=\"189\">Logotipo<\/td>\n<td width=\"341\">Logotipo del cliente puesto en el embalaje est\u00e1 disponible<\/td>\n<\/tr>\n<tr>\n<td width=\"189\">Norma de calidad<\/td>\n<td width=\"341\">CE EN388<\/td>\n<\/tr>\n<tr>\n<td width=\"189\">Embalaje<\/td>\n<td width=\"341\">12PR\/DOZ, 10DOZ\/CTN<\/td>\n<\/tr>\n<\/tbody>\n<\/table>\n<p>TOPRISE admite varios estilos de personalizaci\u00f3n de guantes de l\u00e1tex; haga clic para <a href=\"https:\/\/toprisesafety.com\/es\/categoria-producto\/personal-protective-equipment\/hand-protection\/latex-gloves\/\">ver m\u00e1s estilos de guantes de l\u00e1tex.<\/a><\/p>\n<p>Si no encuentra los guantes de l\u00e1tex que necesita, <a href=\"https:\/\/toprisesafety.com\/es\/contact-us\/\">p\u00f3ngase en contacto con nosotros;<\/a> apoyamos la personalizaci\u00f3n especial.<\/p>","protected":false},"excerpt":{"rendered":"<p>N\u00ba Referencia: LXG03<\/p>\n<p>Material: L\u00e1tex<\/p>\n<p>Talla: S-XL (35\/57CM)<\/p>\n<p>Norma de calidad: CE EN388<\/p>\n<p>MOQ: 500DOZ<\/p>","protected":false},"featured_media":5960,"template":"","meta":{"_acf_changed":false},"product_brand":[],"product_cat":[345,348],"product_tag":[228,229],"class_list":{"0":"post-5959","1":"product","2":"type-product","3":"status-publish","4":"has-post-thumbnail","6":"product_cat-hand-protection","7":"product_cat-latex-gloves","8":"product_tag-black-rubber-gloves","9":"product_tag-heavy-duty-black-industrial-latex-gloves","11":"first","12":"instock","13":"product-type-simple"},"acf":[],"_links":{"self":[{"href":"https:\/\/toprisesafety.com\/es\/wp-json\/wp\/v2\/product\/5959"}],"collection":[{"href":"https:\/\/toprisesafety.com\/es\/wp-json\/wp\/v2\/product"}],"about":[{"href":"https:\/\/toprisesafety.com\/es\/wp-json\/wp\/v2\/types\/product"}],"wp:featuredmedia":[{"embeddable":true,"href":"https:\/\/toprisesafety.com\/es\/wp-json\/wp\/v2\/media\/5960"}],"wp:attachment":[{"href":"https:\/\/toprisesafety.com\/es\/wp-json\/wp\/v2\/media?parent=5959"}],"wp:term":[{"taxonomy":"product_brand","embeddable":true,"href":"https:\/\/toprisesafety.com\/es\/wp-json\/wp\/v2\/product_brand?post=5959"},{"taxonomy":"product_cat","embeddable":true,"href":"https:\/\/toprisesafety.com\/es\/wp-json\/wp\/v2\/product_cat?post=5959"},{"taxonomy":"product_tag","embeddable":true,"href":"https:\/\/toprisesafety.com\/es\/wp-json\/wp\/v2\/product_tag?post=5959"}],"curies":[{"name":"wp","href":"https:\/\/api.w.org\/{rel}","templated":true}]}}