{"id":5955,"date":"2018-02-25T10:05:50","date_gmt":"2018-02-25T10:05:50","guid":{"rendered":"https:\/\/toprisesafety.com\/product\/pu-gloves\/"},"modified":"2025-04-14T05:09:25","modified_gmt":"2025-04-14T05:09:25","slug":"pu-gloves","status":"publish","type":"product","link":"https:\/\/toprisesafety.com\/es\/producto\/pu-gloves\/","title":{"rendered":"Guantes de PU CE EN388"},"content":{"rendered":"<p><strong><span style=\"font-size: 140%;\">Guantes de PU CE EN388 <\/span><\/strong><\/p>\n<ul>\n<li style=\"list-style-type: none;\">\n<ul>\n<li>Los guantes de tejido de punto de nylon de galga 13 est\u00e1n fabricados con un 100%Porcentaje de nylon o poli\u00e9ster<\/li>\n<\/ul>\n<\/li>\n<\/ul>\n<ul>\n<li style=\"list-style-type: none;\">\n<ul>\n<li>\u00a0El guante con recubrimiento de PU en la palma es ideal para trabajos ligeros<\/li>\n<\/ul>\n<\/li>\n<\/ul>\n<ul>\n<li style=\"list-style-type: none;\">\n<ul>\n<li>Estos guantes son excelentes en sensibilidad t\u00e1ctil, comodidad y ajuste, agarre, mayor en destreza, resistencia al corte y a la abrasi\u00f3n<\/li>\n<\/ul>\n<\/li>\n<\/ul>\n<ul>\n<li style=\"list-style-type: none;\">\n<ul>\n<li>forro de nylon de calibre 13 con un dise\u00f1o diferente, como el color negro, color blanco o flor impresa.<\/li>\n<\/ul>\n<\/li>\n<\/ul>\n<ul>\n<li style=\"list-style-type: none;\">\n<ul>\n<li><span data-spm-anchor-id=\"a2700.details.pronpeci14.i1.49f413d8H5LsLh\">Lavables al agua y reutilizables, tienen buena sensaci\u00f3n de uso.<\/span><\/li>\n<\/ul>\n<\/li>\n<\/ul>\n<ul>\n<li style=\"list-style-type: none;\">\n<ul>\n<li>Con una durabilidad media, tiene buena resistencia a la perforaci\u00f3n y a la abrasi\u00f3n.<\/li>\n<\/ul>\n<\/li>\n<\/ul>\n<ul>\n<li style=\"list-style-type: none;\">\n<ul>\n<li data-spm-anchor-id=\"a2700.details.pronpeci14.i0.49f413d8H5LsLh\">Caracter\u00edsticas: gasolina qu\u00edmica.protecci\u00f3n contra aceites qu\u00edmicos .<\/li>\n<\/ul>\n<\/li>\n<\/ul>\n<ul>\n<li style=\"list-style-type: none;\">\n<ul>\n<li data-spm-anchor-id=\"a2700.details.pronpeci14.i0.49f413d8H5LsLh\">Aplicaci\u00f3n: mantenimiento,construcci\u00f3n,ingenier\u00eda,fontaner\u00eda,industria de montaje,fabricaci\u00f3n de autom\u00f3viles,embalaje,electr\u00f3nica,industria del vidrio,industria qu\u00edmica,pesca.<\/li>\n<\/ul>\n<\/li>\n<\/ul>\n<h2><strong>Guantes de PU Especificaci\u00f3n CE EN388:\u00a0<\/strong><\/h2>\n<table>\n<tbody>\n<tr>\n<td width=\"189\">Art No.<\/td>\n<td width=\"341\">PUG01<\/td>\n<\/tr>\n<tr>\n<td width=\"189\">Material<\/td>\n<td width=\"341\">Punto de poli\u00e9ster\/nylon con capa de PU<\/td>\n<\/tr>\n<tr>\n<td width=\"189\">Estilo<\/td>\n<td width=\"341\">Blanco, negro, gris, etc. color o flor impresa<\/td>\n<\/tr>\n<tr>\n<td width=\"189\">Talla<\/td>\n<td width=\"341\">\u00a0S,M,L,XL,2XL<\/td>\n<\/tr>\n<tr>\n<td width=\"189\">Estilo<\/td>\n<td width=\"341\">Mu\u00f1eca de punto el\u00e1stico para mayor comodidad<\/td>\n<\/tr>\n<tr>\n<td width=\"189\">Norma de calidad<\/td>\n<td width=\"341\">CE EN388<\/td>\n<\/tr>\n<tr>\n<td width=\"189\">Embalaje<\/td>\n<td width=\"341\">12PR\/DOZ, 10DOZ\/CTN<\/td>\n<\/tr>\n<\/tbody>\n<\/table>\n<p>TOPRISE admite varios estilos de personalizaci\u00f3n de guantes ba\u00f1ados en PU; haga clic para <a href=\"https:\/\/toprisesafety.com\/es\/categoria-producto\/personal-protective-equipment\/hand-protection\/pu-gloves\/\">ver m\u00e1s estilos de guantes recubiertos de PU.<\/a><\/p>\n<p>Si no encuentra los guantes recubiertos de PU que necesita, <a href=\"https:\/\/toprisesafety.com\/es\/contact-us\/\">Contacto<\/a>; apoyamos la personalizaci\u00f3n especial.<\/p>","protected":false},"excerpt":{"rendered":"<p>N\u00ba Referencia: PUG-01<\/p>\n<p>Material: poli\u00e9ster\/nylon de punto con revestimiento de PU<\/p>\n<p>Talla: S,M,L,XL,XXL<\/p>\n<p>Norma de calidad: CE EN388<\/p>\n<p>MOQ: 500DOZ<\/p>","protected":false},"featured_media":5956,"template":"","meta":{"_acf_changed":false},"product_brand":[],"product_cat":[345,347],"product_tag":[225],"class_list":{"0":"post-5955","1":"product","2":"type-product","3":"status-publish","4":"has-post-thumbnail","6":"product_cat-hand-protection","7":"product_cat-pu-gloves","8":"product_tag-pu-gloves","10":"first","11":"instock","12":"product-type-simple"},"acf":[],"_links":{"self":[{"href":"https:\/\/toprisesafety.com\/es\/wp-json\/wp\/v2\/product\/5955"}],"collection":[{"href":"https:\/\/toprisesafety.com\/es\/wp-json\/wp\/v2\/product"}],"about":[{"href":"https:\/\/toprisesafety.com\/es\/wp-json\/wp\/v2\/types\/product"}],"wp:featuredmedia":[{"embeddable":true,"href":"https:\/\/toprisesafety.com\/es\/wp-json\/wp\/v2\/media\/5956"}],"wp:attachment":[{"href":"https:\/\/toprisesafety.com\/es\/wp-json\/wp\/v2\/media?parent=5955"}],"wp:term":[{"taxonomy":"product_brand","embeddable":true,"href":"https:\/\/toprisesafety.com\/es\/wp-json\/wp\/v2\/product_brand?post=5955"},{"taxonomy":"product_cat","embeddable":true,"href":"https:\/\/toprisesafety.com\/es\/wp-json\/wp\/v2\/product_cat?post=5955"},{"taxonomy":"product_tag","embeddable":true,"href":"https:\/\/toprisesafety.com\/es\/wp-json\/wp\/v2\/product_tag?post=5955"}],"curies":[{"name":"wp","href":"https:\/\/api.w.org\/{rel}","templated":true}]}}