{"id":5948,"date":"2018-02-25T11:13:03","date_gmt":"2018-02-25T11:13:03","guid":{"rendered":"https:\/\/toprisesafety.com\/product\/garden-drill-cotton-gloves-pvc-dots\/"},"modified":"2025-04-14T04:11:48","modified_gmt":"2025-04-14T04:11:48","slug":"garden-drill-cotton-gloves-pvc-dots","status":"publish","type":"product","link":"https:\/\/toprisesafety.com\/es\/producto\/garden-drill-cotton-gloves-pvc-dots\/","title":{"rendered":"Guantes de algod\u00f3n con puntos de PVC"},"content":{"rendered":"<p><strong><span style=\"font-size: 140%;\">Guantes de algod\u00f3n con puntos de PVC <\/span><\/strong><\/p>\n<ul>\n<li style=\"list-style-type: none;\">\n<ul>\n<li><span data-spm-anchor-id=\"a2700.details.pronpeci14.i1.177c609d5bK7bu\">100% Guantes de punto de algod\u00f3n con puntos PVD.<\/span><\/li>\n<\/ul>\n<\/li>\n<\/ul>\n<ul>\n<li style=\"list-style-type: none;\">\n<ul>\n<li>Material: 6OZ\/8OZ\/10OZ\/12OZ<\/li>\n<\/ul>\n<\/li>\n<\/ul>\n<ul>\n<li style=\"list-style-type: none;\">\n<ul>\n<li>Peso:50-90G\/PR<\/li>\n<\/ul>\n<\/li>\n<\/ul>\n<ul>\n<li style=\"list-style-type: none;\">\n<ul>\n<li>Disponible con etiquetado e impresi\u00f3n privados del cliente.<\/li>\n<\/ul>\n<\/li>\n<\/ul>\n<ul>\n<li style=\"list-style-type: none;\">\n<ul>\n<li>Aplicaci\u00f3n: construcci\u00f3n, jardiner\u00eda, transporte, mantenimiento, trabajo industrial, trabajo dom\u00e9stico, trabajo agr\u00edcola, etc.<\/li>\n<\/ul>\n<\/li>\n<\/ul>\n<ul>\n<li style=\"list-style-type: none;\">\n<ul>\n<li>Packing: poly-bag, header card,etc.according customer\u2019s requirement<\/li>\n<\/ul>\n<\/li>\n<\/ul>\n<ul>\n<li style=\"list-style-type: none;\">\n<ul>\n<li>Logotipo: etiqueta con el logotipo del cliente disponible<\/li>\n<\/ul>\n<\/li>\n<\/ul>\n<ul>\n<li style=\"list-style-type: none;\">\n<ul>\n<li>Puntos de PVC antideslizantes y antiabrasi\u00f3n<\/li>\n<\/ul>\n<\/li>\n<\/ul>\n<ul>\n<li style=\"list-style-type: none;\">\n<ul>\n<li>Pulgar en ala, pulgar recto para elegir<\/li>\n<\/ul>\n<\/li>\n<\/ul>\n<ul>\n<li style=\"list-style-type: none;\">\n<ul>\n<li>Punto blanco o punto rojo a elegir<\/li>\n<\/ul>\n<\/li>\n<\/ul>\n<ul>\n<li style=\"list-style-type: none;\">\n<ul>\n<li>Tejido transpirable sin costuras, excelente agarre en entornos ligeramente h\u00famedos<\/li>\n<\/ul>\n<\/li>\n<\/ul>\n<h2><strong>Guantes de algod\u00f3n con puntos de PVC<\/strong><\/h2>\n<table>\n<tbody>\n<tr>\n<td width=\"189\">Art No.<\/td>\n<td width=\"341\">CG02<\/td>\n<\/tr>\n<tr>\n<td width=\"189\">Material<\/td>\n<td width=\"341\">Poly\/cotton, cotton ,5OZ-12OZ<\/td>\n<\/tr>\n<tr>\n<td width=\"189\">Peso<\/td>\n<td width=\"341\">40-90G\/PR<\/td>\n<\/tr>\n<tr>\n<td width=\"189\">Talla<\/td>\n<td width=\"341\">10\",10.5\",11\"<\/td>\n<\/tr>\n<tr>\n<td width=\"189\">Color<\/td>\n<td width=\"341\">Verde<\/td>\n<\/tr>\n<tr>\n<td width=\"189\">Logotipo<\/td>\n<td width=\"341\">Costura de etiquetas<\/td>\n<\/tr>\n<tr>\n<td width=\"189\">Embalaje<\/td>\n<td width=\"341\">Bolsa de polietileno, tarjeta de encabezado, etc. 12PR\/DOZ, 25DOZ\/CTN<\/td>\n<\/tr>\n<\/tbody>\n<\/table>\n<p><strong><span style=\"font-size: 200%;\">Other styles cotton gloves for choice:<\/span><\/strong><\/p>\n<p><a href=\"https:\/\/toprisesafety.com\/es\/producto\/drill-cotton-gloves-pvc-dotted-cotton-gloves\/\"><img fetchpriority=\"high\" decoding=\"async\" class=\"wp-image-877\" src=\"https:\/\/toprisesafety.com\/wp-content\/uploads\/2024\/08\/C01-cotton-gloves-2.jpg\" alt=\"drill cotton gloves PVC dotted cotton gloves\" width=\"636\" height=\"636\" \/><\/a><\/p>\n<p>TOPRISE admite varios estilos de personalizaci\u00f3n de guantes de hilo de algod\u00f3n; haga clic para <a href=\"https:\/\/toprisesafety.com\/es\/categoria-producto\/personal-protective-equipment\/hand-protection\/cotton-gloves\/\">ver m\u00e1s estilos de guantes de hilo de algod\u00f3n.<\/a><\/p>\n<p>Si no encuentra los guantes de hilo de algod\u00f3n que necesita, <a href=\"https:\/\/toprisesafety.com\/es\/contact-us\/\">Contacto<\/a>; apoyamos la personalizaci\u00f3n especial.<\/p>","protected":false},"excerpt":{"rendered":"<p>Art No.: CG02<\/p>\n<p>Material: Poli\u00e9ster\/algod\u00f3n, algod\u00f3n<\/p>\n<p>Weight:40 -90g\/PR<\/p>\n<p>MQ: 500DOZ 6000PARES<\/p>","protected":false},"featured_media":5950,"template":"","meta":{"_acf_changed":false},"product_brand":[],"product_cat":[346,345],"product_tag":[221],"class_list":{"0":"post-5948","1":"product","2":"type-product","3":"status-publish","4":"has-post-thumbnail","6":"product_cat-cotton-gloves","7":"product_cat-hand-protection","8":"product_tag-garden-cotton-gloves","10":"first","11":"instock","12":"product-type-simple"},"acf":[],"_links":{"self":[{"href":"https:\/\/toprisesafety.com\/es\/wp-json\/wp\/v2\/product\/5948"}],"collection":[{"href":"https:\/\/toprisesafety.com\/es\/wp-json\/wp\/v2\/product"}],"about":[{"href":"https:\/\/toprisesafety.com\/es\/wp-json\/wp\/v2\/types\/product"}],"wp:featuredmedia":[{"embeddable":true,"href":"https:\/\/toprisesafety.com\/es\/wp-json\/wp\/v2\/media\/5950"}],"wp:attachment":[{"href":"https:\/\/toprisesafety.com\/es\/wp-json\/wp\/v2\/media?parent=5948"}],"wp:term":[{"taxonomy":"product_brand","embeddable":true,"href":"https:\/\/toprisesafety.com\/es\/wp-json\/wp\/v2\/product_brand?post=5948"},{"taxonomy":"product_cat","embeddable":true,"href":"https:\/\/toprisesafety.com\/es\/wp-json\/wp\/v2\/product_cat?post=5948"},{"taxonomy":"product_tag","embeddable":true,"href":"https:\/\/toprisesafety.com\/es\/wp-json\/wp\/v2\/product_tag?post=5948"}],"curies":[{"name":"wp","href":"https:\/\/api.w.org\/{rel}","templated":true}]}}