{"id":5941,"date":"2018-02-26T01:11:41","date_gmt":"2018-02-26T01:11:41","guid":{"rendered":"https:\/\/toprisesafety.com\/product\/wellington-boot-pvc-boots-rubber-boots\/"},"modified":"2025-03-17T04:43:13","modified_gmt":"2025-03-17T04:43:13","slug":"wellington-boot-pvc-boots-rubber-boots","status":"publish","type":"product","link":"https:\/\/toprisesafety.com\/es\/producto\/wellington-boot-pvc-boots-rubber-boots\/","title":{"rendered":"Botas de agua Botas de PVC Botas de goma CE EN347"},"content":{"rendered":"<p><strong><span style=\"font-size: 140%;\"> Botas de agua Botas de PVC Botas de goma CE EN347\u00a0<\/span><\/strong><\/p>\n<ul>\n<li style=\"list-style-type: none;\">\n<ul>\n<li>Las botas Wellington son de dos tipos principales: Port\u00e1tiles y resistentes (s\u00f3lo con puntera de acero o con puntera de acero y suela intermedia de acero).<\/li>\n<\/ul>\n<\/li>\n<\/ul>\n<ul>\n<li style=\"list-style-type: none;\">\n<ul>\n<li>Resistente a grasas animales, aceites, \u00e1cidos y \u00e1lcalis, antiest\u00e1tico, impermeable y antideslizante;<\/li>\n<\/ul>\n<\/li>\n<\/ul>\n<ul>\n<li style=\"list-style-type: none;\">\n<ul>\n<li><span data-spm-anchor-id=\"a2700.details.pronpeci14.i2.36104feedpxvle\">Alta resistencia a los cambios bruscos de temperatura ambiente con un rango de funcionamiento de -20<\/span>\u2103~50\u2103.<\/li>\n<\/ul>\n<\/li>\n<\/ul>\n<ul>\n<li style=\"list-style-type: none;\">\n<ul>\n<li>Aplicaciones: industria, miner\u00eda, construcci\u00f3n, yacimientos petrol\u00edferos, agricultura, ganader\u00eda, f\u00e1bricas de productos qu\u00edmicos, desgaste habitual antiagua durante los d\u00edas de lluvia, etc.<\/li>\n<\/ul>\n<\/li>\n<\/ul>\n<h2><strong>Botas de agua Botas de PVC Botas de goma Especificaciones CE EN347:<\/strong><\/h2>\n<table>\n<tbody>\n<tr>\n<td width=\"284\">Art No.<\/td>\n<td width=\"284\">RB01<\/td>\n<\/tr>\n<tr>\n<td width=\"284\">Material<\/td>\n<td width=\"284\">PVC + forro de tejido de secado f\u00e1cil<\/td>\n<\/tr>\n<tr>\n<td width=\"284\">Talla<\/td>\n<td width=\"284\">EUR: 38-47 (US\/UK: 4-13)<\/td>\n<\/tr>\n<tr>\n<td width=\"284\">Color<\/td>\n<td width=\"284\">Negro, verde, amarillo, blanco, etc.<\/td>\n<\/tr>\n<tr>\n<td width=\"284\">Norma de calidad<\/td>\n<td width=\"284\">CE EN 20347<\/td>\n<\/tr>\n<tr>\n<td width=\"284\">Embalaje<\/td>\n<td width=\"284\">1PR\/bolsa de polietileno, 10PRS\/CTN<\/td>\n<\/tr>\n<tr>\n<td width=\"284\">Tama\u00f1o de la caja<\/td>\n<td width=\"284\">50*30*44CM<\/td>\n<\/tr>\n<tr>\n<td width=\"284\">N\/G.W<\/td>\n<td width=\"284\">16\/17KGS<\/td>\n<\/tr>\n<\/tbody>\n<\/table>\n<p>TOPRISE admite varios estilos de personalizaci\u00f3n de botas de pvc y botas de goma; haga clic para <a href=\"https:\/\/toprisesafety.com\/es\/categoria-producto\/personal-protective-equipment\/foot-protection\/pvc-boots\/\">ver m\u00e1s estilos de botas de pvc y botas de goma.<\/a><\/p>\n<p>Si no encuentra las botas de pvc y caucho que necesita <a href=\"https:\/\/toprisesafety.com\/es\/contact-us\/\">Contacto<\/a>; apoyamos la personalizaci\u00f3n especial.<\/p>\n<p>&nbsp;<\/p>\n<table>\n<tbody>\n<tr>\n<td colspan=\"11\" width=\"649\">&nbsp;<\/p>\n<p style=\"text-align: center;\"><strong><b>Tabla de tallas de botas wellington port\u00e1tiles RB01<\/b><\/strong><\/p>\n<p>&nbsp;<\/td>\n<\/tr>\n<tr>\n<td width=\"75\">Talla<\/td>\n<td width=\"51\">38(4)<\/td>\n<td width=\"51\">39(5)<\/td>\n<td width=\"51\">40(6)<\/td>\n<td width=\"51\">41(7)<\/td>\n<td width=\"51\">42(8)<\/td>\n<td width=\"51\">43(9)<\/td>\n<td width=\"65\">44(10)<\/td>\n<td width=\"63\">45(11)<\/td>\n<td width=\"62\">46(12)<\/td>\n<td width=\"73\">47(13)<\/td>\n<\/tr>\n<tr>\n<td width=\"75\">Peso en kg<\/td>\n<td width=\"51\">1.38<\/td>\n<td width=\"51\">1.4<\/td>\n<td width=\"51\">1.45<\/td>\n<td width=\"51\">1.55<\/td>\n<td width=\"51\">1.6<\/td>\n<td width=\"51\">1.65<\/td>\n<td width=\"65\">1.7<\/td>\n<td width=\"63\">1.75<\/td>\n<td width=\"62\">1.8<\/td>\n<td width=\"73\">1.85<\/td>\n<\/tr>\n<tr>\n<td width=\"75\">Longitud de la suela cm<\/td>\n<td width=\"51\">25<\/td>\n<td width=\"51\">25.5<\/td>\n<td width=\"51\">26<\/td>\n<td width=\"51\">26.5<\/td>\n<td width=\"51\">27<\/td>\n<td width=\"51\">27.5<\/td>\n<td width=\"65\">28<\/td>\n<td width=\"63\">28.5<\/td>\n<td width=\"62\">29<\/td>\n<td width=\"73\">29.5<\/td>\n<\/tr>\n<tr>\n<td width=\"75\">Altura del calzado mm<\/td>\n<td width=\"51\">368<\/td>\n<td width=\"51\">370<\/td>\n<td width=\"51\">375<\/td>\n<td width=\"51\">380<\/td>\n<td width=\"51\">385<\/td>\n<td width=\"51\">390<\/td>\n<td width=\"65\">395<\/td>\n<td width=\"63\">400<\/td>\n<td width=\"62\">405<\/td>\n<td width=\"73\">410<\/td>\n<\/tr>\n<tr>\n<td width=\"75\">Circunferencia del tambor del zapato\uff08mm\uff09<\/td>\n<td width=\"51\">445<\/td>\n<td width=\"51\">450<\/td>\n<td width=\"51\">455<\/td>\n<td width=\"51\">460<\/td>\n<td width=\"51\">465<\/td>\n<td width=\"51\">470<\/td>\n<td width=\"65\">475<\/td>\n<td width=\"63\">480<\/td>\n<td width=\"62\">485<\/td>\n<td width=\"73\">490<\/td>\n<\/tr>\n<\/tbody>\n<\/table>","protected":false},"excerpt":{"rendered":"<p>N\u00ba Referencia: RB01<\/p>\n<p>Talla: EUR: 38-47 (US\/UK: 4-13)<\/p>\n<p>Material: PVC+ forro de tela de secado f\u00e1cil<\/p>\n<p>Color: negro, verde, amarillo, blanco, etc.<\/p>\n<p>MOQ: 500PRS ; Color especial :2000PAIRS<\/p>","protected":false},"featured_media":5942,"template":"","meta":{"_acf_changed":false},"product_brand":[],"product_cat":[342,344],"product_tag":[216,217],"class_list":{"0":"post-5941","1":"product","2":"type-product","3":"status-publish","4":"has-post-thumbnail","6":"product_cat-foot-protection","7":"product_cat-pvc-boots","8":"product_tag-pvc-boots-rubber-boots","9":"product_tag-wellington-boots","11":"first","12":"instock","13":"product-type-simple"},"acf":[],"_links":{"self":[{"href":"https:\/\/toprisesafety.com\/es\/wp-json\/wp\/v2\/product\/5941"}],"collection":[{"href":"https:\/\/toprisesafety.com\/es\/wp-json\/wp\/v2\/product"}],"about":[{"href":"https:\/\/toprisesafety.com\/es\/wp-json\/wp\/v2\/types\/product"}],"wp:featuredmedia":[{"embeddable":true,"href":"https:\/\/toprisesafety.com\/es\/wp-json\/wp\/v2\/media\/5942"}],"wp:attachment":[{"href":"https:\/\/toprisesafety.com\/es\/wp-json\/wp\/v2\/media?parent=5941"}],"wp:term":[{"taxonomy":"product_brand","embeddable":true,"href":"https:\/\/toprisesafety.com\/es\/wp-json\/wp\/v2\/product_brand?post=5941"},{"taxonomy":"product_cat","embeddable":true,"href":"https:\/\/toprisesafety.com\/es\/wp-json\/wp\/v2\/product_cat?post=5941"},{"taxonomy":"product_tag","embeddable":true,"href":"https:\/\/toprisesafety.com\/es\/wp-json\/wp\/v2\/product_tag?post=5941"}],"curies":[{"name":"wp","href":"https:\/\/api.w.org\/{rel}","templated":true}]}}