{"id":5935,"date":"2018-02-26T01:41:02","date_gmt":"2018-02-26T01:41:02","guid":{"rendered":"https:\/\/toprisesafety.com\/product\/rubber-boots-wellington-boots-pvc-boots-ce-en347\/"},"modified":"2025-03-17T04:42:06","modified_gmt":"2025-03-17T04:42:06","slug":"rubber-boots-wellington-boots-pvc-boots-ce-en347","status":"publish","type":"product","link":"https:\/\/toprisesafety.com\/es\/producto\/rubber-boots-wellington-boots-pvc-boots-ce-en347\/","title":{"rendered":"Botas de goma Botas Wellington Botas de PVC CE EN347"},"content":{"rendered":"<p><strong><span style=\"font-size: 140%;\">Botas de goma Botas Wellington Botas de PVC CE EN347<\/span><\/strong><\/p>\n<ul>\n<li style=\"list-style-type: none;\">\n<ul>\n<li>Las botas Wellington son de dos tipos principales: Port\u00e1tiles y resistentes (s\u00f3lo con puntera de acero o con puntera de acero y suela intermedia de acero).<\/li>\n<\/ul>\n<\/li>\n<\/ul>\n<ul>\n<li style=\"list-style-type: none;\">\n<ul>\n<li>Resistente a grasas animales, aceites, \u00e1cidos y \u00e1lcalis, antiest\u00e1tico, impermeable y antideslizante;<\/li>\n<\/ul>\n<\/li>\n<\/ul>\n<ul>\n<li style=\"list-style-type: none;\">\n<ul>\n<li><span data-spm-anchor-id=\"a2700.details.pronpeci14.i2.36104feedpxvle\">Alta resistencia a los cambios bruscos de temperatura ambiente con un rango de funcionamiento de -20<\/span>\u2103~50\u2103.<\/li>\n<\/ul>\n<\/li>\n<\/ul>\n<ul>\n<li style=\"list-style-type: none;\">\n<ul>\n<li>Aplicaciones: industria, miner\u00eda, construcci\u00f3n, yacimientos petrol\u00edferos, agricultura, ganader\u00eda, f\u00e1bricas de productos qu\u00edmicos, desgaste habitual antiagua durante los d\u00edas de lluvia, etc.<\/li>\n<\/ul>\n<\/li>\n<\/ul>\n<h2><strong>Botas de goma botas wellington botas de PVC CE EN347 especificaci\u00f3n :<\/strong><\/h2>\n<table>\n<tbody>\n<tr>\n<td width=\"284\">Art No.<\/td>\n<td width=\"284\">RB02<\/td>\n<\/tr>\n<tr>\n<td width=\"284\">Estilo<\/td>\n<td width=\"284\">Botas port\u00e1tiles<\/td>\n<\/tr>\n<tr>\n<td width=\"284\">Material<\/td>\n<td width=\"284\">PVC + forro de tejido de secado f\u00e1cil<\/td>\n<\/tr>\n<tr>\n<td width=\"284\">Talla<\/td>\n<td width=\"284\">EUR: 40-46 (US\/UK: 7-12)<\/td>\n<\/tr>\n<tr>\n<td width=\"284\">Color<\/td>\n<td width=\"284\">Negro, verde, amarillo, blanco, etc.<\/td>\n<\/tr>\n<tr>\n<td width=\"284\">Norma de calidad<\/td>\n<td width=\"284\">CE EN 20347<\/td>\n<\/tr>\n<tr>\n<td width=\"284\">Embalaje<\/td>\n<td width=\"284\">1PR\/bolsa de polietileno, 10PRS\/CTN<\/td>\n<\/tr>\n<tr>\n<td width=\"284\">Tama\u00f1o de la caja<\/td>\n<td width=\"284\">50*30*44CM<\/td>\n<\/tr>\n<tr>\n<td width=\"284\">N\/G.W<\/td>\n<td width=\"284\">16\/17KGS<\/td>\n<\/tr>\n<\/tbody>\n<\/table>\n<p>TOPRISE admite varios estilos de personalizaci\u00f3n de botas de pvc y botas de goma; haga clic para <a href=\"https:\/\/toprisesafety.com\/es\/categoria-producto\/personal-protective-equipment\/foot-protection\/pvc-boots\/\">ver m\u00e1s estilos de botas de pvc y botas de goma.<\/a><\/p>\n<p>Si no encuentra las botas de pvc y caucho que necesita <a href=\"https:\/\/toprisesafety.com\/es\/contact-us\/\">Contacto<\/a>; apoyamos la personalizaci\u00f3n especial.<\/p>\n<p>&nbsp;<\/p>\n<table>\n<tbody>\n<tr>\n<td colspan=\"8\" width=\"568\">&nbsp;<\/p>\n<p style=\"text-align: center;\"><strong>Tabla de tallas de botas de goma port\u00e1tiles<\/strong><\/p>\n<p>&nbsp;<\/td>\n<\/tr>\n<tr>\n<td width=\"101\">Talla<\/td>\n<td width=\"51\">40(6)<\/td>\n<td width=\"60\">41(7)<\/td>\n<td width=\"71\">42(8)<\/td>\n<td width=\"71\">43(9)<\/td>\n<td width=\"71\">44(10)<\/td>\n<td width=\"71\">45(11)<\/td>\n<td width=\"71\">46(12)<\/td>\n<\/tr>\n<tr>\n<td width=\"101\">Peso\/ kg<\/td>\n<td width=\"51\">1.38<\/td>\n<td width=\"60\">1.41<\/td>\n<td width=\"71\">1.44<\/td>\n<td width=\"71\">1.5<\/td>\n<td width=\"71\">1.53<\/td>\n<td width=\"71\">1.6<\/td>\n<td width=\"71\">1.65<\/td>\n<\/tr>\n<tr>\n<td width=\"101\">Longitud de la zapata\/mm<\/td>\n<td width=\"51\">265<\/td>\n<td width=\"60\">274<\/td>\n<td width=\"71\">277<\/td>\n<td width=\"71\">283<\/td>\n<td width=\"71\">289<\/td>\n<td width=\"71\">296<\/td>\n<td width=\"71\">302<\/td>\n<\/tr>\n<tr>\n<td width=\"101\">Altura de las botas\/mm<\/td>\n<td width=\"51\">375<\/td>\n<td width=\"60\">380<\/td>\n<td width=\"71\">382<\/td>\n<td width=\"71\">385<\/td>\n<td width=\"71\">388<\/td>\n<td width=\"71\">390<\/td>\n<td width=\"71\">393<\/td>\n<\/tr>\n<tr>\n<td width=\"101\">Circunferencia del tambor de las botas<\/td>\n<td width=\"51\">216<\/td>\n<td width=\"60\">219<\/td>\n<td width=\"71\">222<\/td>\n<td width=\"71\">225<\/td>\n<td width=\"71\">228<\/td>\n<td width=\"71\">232<\/td>\n<td width=\"71\">235<\/td>\n<\/tr>\n<\/tbody>\n<\/table>","protected":false},"excerpt":{"rendered":"<p>N\u00ba Referencia: RB02<\/p>\n<p>Talla: EUR: 40-46 (US\/UK: 6-12)<\/p>\n<p>Material: PVC+ forro de tela de secado f\u00e1cil<\/p>\n<p>Color: negro, verde, amarillo, blanco, etc.<\/p>\n<p>MOQ: 500PRS ; Color especial :2000PAIRS<\/p>","protected":false},"featured_media":5936,"template":"","meta":{"_acf_changed":false},"product_brand":[],"product_cat":[342,344],"product_tag":[215],"class_list":{"0":"post-5935","1":"product","2":"type-product","3":"status-publish","4":"has-post-thumbnail","6":"product_cat-foot-protection","7":"product_cat-pvc-boots","8":"product_tag-rubber-boots-portable-pvc-boots-wellington-boots","10":"first","11":"instock","12":"product-type-simple"},"acf":[],"_links":{"self":[{"href":"https:\/\/toprisesafety.com\/es\/wp-json\/wp\/v2\/product\/5935"}],"collection":[{"href":"https:\/\/toprisesafety.com\/es\/wp-json\/wp\/v2\/product"}],"about":[{"href":"https:\/\/toprisesafety.com\/es\/wp-json\/wp\/v2\/types\/product"}],"wp:featuredmedia":[{"embeddable":true,"href":"https:\/\/toprisesafety.com\/es\/wp-json\/wp\/v2\/media\/5936"}],"wp:attachment":[{"href":"https:\/\/toprisesafety.com\/es\/wp-json\/wp\/v2\/media?parent=5935"}],"wp:term":[{"taxonomy":"product_brand","embeddable":true,"href":"https:\/\/toprisesafety.com\/es\/wp-json\/wp\/v2\/product_brand?post=5935"},{"taxonomy":"product_cat","embeddable":true,"href":"https:\/\/toprisesafety.com\/es\/wp-json\/wp\/v2\/product_cat?post=5935"},{"taxonomy":"product_tag","embeddable":true,"href":"https:\/\/toprisesafety.com\/es\/wp-json\/wp\/v2\/product_tag?post=5935"}],"curies":[{"name":"wp","href":"https:\/\/api.w.org\/{rel}","templated":true}]}}