{"id":5930,"date":"2018-02-26T02:09:58","date_gmt":"2018-02-26T02:09:58","guid":{"rendered":"https:\/\/toprisesafety.com\/product\/gum-boots-heavy-duty-rubber-boots-ce-en-20345\/"},"modified":"2025-03-17T04:41:37","modified_gmt":"2025-03-17T04:41:37","slug":"gum-boots-heavy-duty-rubber-boots-ce-en-20345","status":"publish","type":"product","link":"https:\/\/toprisesafety.com\/es\/producto\/gum-boots-heavy-duty-rubber-boots-ce-en-20345\/","title":{"rendered":"Botas de caucho para trabajos pesados CE EN 20345"},"content":{"rendered":"<p><strong><span style=\"font-size: 140%;\">Botas de caucho para trabajos pesados CE EN 20345<\/span><\/strong><\/p>\n<ul>\n<li style=\"list-style-type: none;\">\n<ul>\n<li>Las botas Wellington son de dos tipos principales: Port\u00e1tiles y resistentes (s\u00f3lo con puntera de acero o con puntera de acero y suela intermedia de acero).<\/li>\n<\/ul>\n<\/li>\n<\/ul>\n<ul>\n<li style=\"list-style-type: none;\">\n<ul>\n<li>Resistente a grasas animales, aceites, \u00e1cidos y \u00e1lcalis, antiest\u00e1tico, impermeable y antideslizante;<\/li>\n<\/ul>\n<\/li>\n<\/ul>\n<ul>\n<li style=\"list-style-type: none;\">\n<ul>\n<li><span data-spm-anchor-id=\"a2700.details.pronpeci14.i2.36104feedpxvle\">Alta resistencia a los cambios bruscos de temperatura ambiente con un rango de funcionamiento de -20<\/span>\u2103~50\u2103.<\/li>\n<\/ul>\n<\/li>\n<\/ul>\n<ul>\n<li style=\"list-style-type: none;\">\n<ul>\n<li>Aplicaciones: industria, miner\u00eda, construcci\u00f3n, yacimientos petrol\u00edferos, agricultura, ganader\u00eda, f\u00e1bricas de productos qu\u00edmicos, desgaste habitual antiagua durante los d\u00edas de lluvia, etc.<\/li>\n<\/ul>\n<\/li>\n<\/ul>\n<h2><strong>Botas de goma para trabajos pesados Especificaci\u00f3n CE EN 20345:<\/strong><\/h2>\n<table>\n<tbody>\n<tr>\n<td width=\"284\">Art No.<\/td>\n<td width=\"284\">RB03<\/td>\n<\/tr>\n<tr>\n<td width=\"284\">Estilo<\/td>\n<td width=\"284\">Botas de goma resistentes<\/td>\n<\/tr>\n<tr>\n<td width=\"284\">Material<\/td>\n<td width=\"284\">PVC + forro de tejido de secado f\u00e1cil<\/td>\n<\/tr>\n<tr>\n<td width=\"284\">Caracter\u00edstica<\/td>\n<td width=\"284\">Puntera de acero 200J, suela intermedia de acero a elegir<\/td>\n<\/tr>\n<tr>\n<td width=\"284\">Talla<\/td>\n<td width=\"284\">EUR: 39-47<\/td>\n<\/tr>\n<tr>\n<td width=\"284\">Color<\/td>\n<td width=\"284\">Negro, verde, amarillo, blanco, etc.<\/td>\n<\/tr>\n<tr>\n<td width=\"284\">Norma de calidad<\/td>\n<td width=\"284\">CE EN 20345<\/td>\n<\/tr>\n<tr>\n<td width=\"284\">Embalaje<\/td>\n<td width=\"284\">1PR\/bolsa de polietileno, 10PRS\/CTN<\/td>\n<\/tr>\n<tr>\n<td width=\"284\">Tama\u00f1o de la caja<\/td>\n<td width=\"284\">50*30*504CM<\/td>\n<\/tr>\n<tr>\n<td width=\"284\">N\/G.W<\/td>\n<td width=\"284\">19\/20KGS<\/td>\n<\/tr>\n<\/tbody>\n<\/table>\n<p>TOPRISE admite varios estilos de personalizaci\u00f3n de botas de pvc y botas de goma; haga clic para <a href=\"https:\/\/toprisesafety.com\/es\/categoria-producto\/personal-protective-equipment\/foot-protection\/pvc-boots\/\">ver m\u00e1s estilos de botas de pvc y botas de goma.<\/a><\/p>\n<p>Si no encuentra las botas de pvc y caucho que necesita <a href=\"https:\/\/toprisesafety.com\/es\/contact-us\/\">Contacto<\/a>; apoyamos la personalizaci\u00f3n especial.<\/p>\n<p>&nbsp;<\/p>\n<table>\n<tbody>\n<tr>\n<td colspan=\"6\" width=\"655\">&nbsp;<\/p>\n<p style=\"text-align: center;\"><strong><b>Tabla de tallas de botas de goma para trabajos pesados<\/b><\/strong><\/p>\n<p>&nbsp;<\/td>\n<\/tr>\n<tr>\n<td width=\"64\">Talla<\/td>\n<td width=\"120\">Altura\uff08cm\uff09<\/td>\n<td width=\"152\">Espesor superior \uff08mm\uff09<\/td>\n<td width=\"94\">Peso\uff08kg)<\/td>\n<td width=\"114\">Longitud de la suela\uff08mm\uff09<\/td>\n<td colspan=\"2\" width=\"122\">Ancho de la suela\uff08mm\uff09<\/td>\n<\/tr>\n<tr>\n<td width=\"64\">39<\/td>\n<td width=\"120\">37.8<\/td>\n<td width=\"152\">1.8-2.5<\/td>\n<td width=\"94\">1.8<\/td>\n<td width=\"114\">26.4<\/td>\n<td width=\"109\">9.2<\/td>\n<\/tr>\n<tr>\n<td width=\"64\">40<\/td>\n<td width=\"120\">38.0<\/td>\n<td width=\"152\">1.8-2.5<\/td>\n<td width=\"94\">1.85<\/td>\n<td width=\"114\">27.0<\/td>\n<td width=\"109\">9.5<\/td>\n<\/tr>\n<tr>\n<td width=\"64\">41<\/td>\n<td width=\"120\">38.2<\/td>\n<td width=\"152\">1.8-2.5<\/td>\n<td width=\"94\">1.9<\/td>\n<td width=\"114\">27.6<\/td>\n<td width=\"109\">9.8<\/td>\n<\/tr>\n<tr>\n<td width=\"64\">42<\/td>\n<td width=\"120\">38.5<\/td>\n<td width=\"152\">1.8-2.5<\/td>\n<td width=\"94\">1.95<\/td>\n<td width=\"114\">28.2<\/td>\n<td width=\"109\">10.1<\/td>\n<\/tr>\n<tr>\n<td width=\"64\">43<\/td>\n<td width=\"120\">38.8<\/td>\n<td width=\"152\">1.8-2.5<\/td>\n<td width=\"94\">2.0<\/td>\n<td width=\"114\">28.8<\/td>\n<td width=\"109\">10.4<\/td>\n<\/tr>\n<tr>\n<td width=\"64\">44<\/td>\n<td width=\"120\">39<\/td>\n<td width=\"152\">1.8-2.5<\/td>\n<td width=\"94\">2.05<\/td>\n<td width=\"114\">29.4<\/td>\n<td width=\"109\">10.7<\/td>\n<\/tr>\n<tr>\n<td width=\"64\">45<\/td>\n<td width=\"120\">39.2<\/td>\n<td width=\"152\">1.8-2.5<\/td>\n<td width=\"94\">2.1<\/td>\n<td width=\"114\">30.0<\/td>\n<td width=\"109\">11.0<\/td>\n<\/tr>\n<tr>\n<td width=\"64\">46<\/td>\n<td width=\"120\">39.5<\/td>\n<td width=\"152\">1.8-2.5<\/td>\n<td width=\"94\">2.15<\/td>\n<td width=\"114\">30.6<\/td>\n<td width=\"109\">11.3<\/td>\n<\/tr>\n<tr>\n<td width=\"64\">47<\/td>\n<td width=\"120\">39.7<\/td>\n<td width=\"152\">1.8-2.5<\/td>\n<td width=\"94\">2.2<\/td>\n<td width=\"114\">31.2<\/td>\n<td width=\"109\">11.6<\/td>\n<\/tr>\n<\/tbody>\n<\/table>","protected":false},"excerpt":{"rendered":"<p>N\u00ba Referencia: RB03<\/p>\n<p>Talla: EUR: 39-47<\/p>\n<p>Material: PVC+ forro de tela de secado f\u00e1cil<\/p>\n<p>Color: negro, verde, amarillo, blanco, etc.<\/p>\n<p>MOQ: 500PRS ; Color especial :2000PAIRS<\/p>","protected":false},"featured_media":5931,"template":"","meta":{"_acf_changed":false},"product_brand":[],"product_cat":[342,344],"product_tag":[214],"class_list":{"0":"post-5930","1":"product","2":"type-product","3":"status-publish","4":"has-post-thumbnail","6":"product_cat-foot-protection","7":"product_cat-pvc-boots","8":"product_tag-gum-boots-heavy-duty-rubber-boots-ce-en20345-pvc-boots","10":"first","11":"instock","12":"product-type-simple"},"acf":[],"_links":{"self":[{"href":"https:\/\/toprisesafety.com\/es\/wp-json\/wp\/v2\/product\/5930"}],"collection":[{"href":"https:\/\/toprisesafety.com\/es\/wp-json\/wp\/v2\/product"}],"about":[{"href":"https:\/\/toprisesafety.com\/es\/wp-json\/wp\/v2\/types\/product"}],"wp:featuredmedia":[{"embeddable":true,"href":"https:\/\/toprisesafety.com\/es\/wp-json\/wp\/v2\/media\/5931"}],"wp:attachment":[{"href":"https:\/\/toprisesafety.com\/es\/wp-json\/wp\/v2\/media?parent=5930"}],"wp:term":[{"taxonomy":"product_brand","embeddable":true,"href":"https:\/\/toprisesafety.com\/es\/wp-json\/wp\/v2\/product_brand?post=5930"},{"taxonomy":"product_cat","embeddable":true,"href":"https:\/\/toprisesafety.com\/es\/wp-json\/wp\/v2\/product_cat?post=5930"},{"taxonomy":"product_tag","embeddable":true,"href":"https:\/\/toprisesafety.com\/es\/wp-json\/wp\/v2\/product_tag?post=5930"}],"curies":[{"name":"wp","href":"https:\/\/api.w.org\/{rel}","templated":true}]}}