{"id":5926,"date":"2018-02-26T02:30:50","date_gmt":"2018-02-26T02:30:50","guid":{"rendered":"https:\/\/toprisesafety.com\/product\/rubber-boots-heavy-duty-gum-boots-pvc-boots-ce-en-20345\/"},"modified":"2025-03-17T04:40:53","modified_gmt":"2025-03-17T04:40:53","slug":"rubber-boots-heavy-duty-gum-boots-pvc-boots-ce-en-20345","status":"publish","type":"product","link":"https:\/\/toprisesafety.com\/es\/producto\/rubber-boots-heavy-duty-gum-boots-pvc-boots-ce-en-20345\/","title":{"rendered":"Botas de goma para trabajos pesados Botas de PVC CE EN 20345"},"content":{"rendered":"<p><strong><span style=\"font-size: 140%;\">Botas de goma para trabajos pesados Botas de PVC CE EN 20345<\/span><\/strong><\/p>\n<ul>\n<li style=\"list-style-type: none;\">\n<ul>\n<li>Las botas de goma son de dos tipos principales: Port\u00e1tiles y para trabajos pesados (s\u00f3lo con puntera de acero o con puntera de acero y suela intermedia de acero).<\/li>\n<\/ul>\n<\/li>\n<\/ul>\n<ul>\n<li style=\"list-style-type: none;\">\n<ul>\n<li>Resistente a grasas animales, aceites, \u00e1cidos y \u00e1lcalis, antiest\u00e1tico, impermeable y antideslizante;<\/li>\n<\/ul>\n<\/li>\n<\/ul>\n<ul>\n<li style=\"list-style-type: none;\">\n<ul>\n<li><span data-spm-anchor-id=\"a2700.details.pronpeci14.i2.36104feedpxvle\">Alta resistencia a los cambios bruscos de temperatura ambiente con un rango de funcionamiento de -20<\/span>\u2103~50\u2103.<\/li>\n<\/ul>\n<\/li>\n<\/ul>\n<ul>\n<li style=\"list-style-type: none;\">\n<ul>\n<li>Aplicaciones: industria, miner\u00eda, construcci\u00f3n, yacimientos petrol\u00edferos, agricultura, ganader\u00eda, f\u00e1bricas de productos qu\u00edmicos, desgaste habitual antiagua durante los d\u00edas de lluvia, etc.<\/li>\n<\/ul>\n<\/li>\n<\/ul>\n<h2>Botas de goma para trabajos pesados Botas de PVC CE EN 20345<\/h2>\n<table>\n<tbody>\n<tr>\n<td width=\"284\">Art No.<\/td>\n<td width=\"284\">RB04<\/td>\n<\/tr>\n<tr>\n<td width=\"284\">Estilo<\/td>\n<td width=\"284\">Botas de goma resistentes<\/td>\n<\/tr>\n<tr>\n<td width=\"284\">Material<\/td>\n<td width=\"284\">PVC + forro de tejido de secado f\u00e1cil<\/td>\n<\/tr>\n<tr>\n<td width=\"284\">Caracter\u00edstica<\/td>\n<td width=\"284\">Puntera de acero 200J, suela intermedia de acero a elegir<\/td>\n<\/tr>\n<tr>\n<td width=\"284\">Talla<\/td>\n<td width=\"284\">EUR: 37-47<\/td>\n<\/tr>\n<tr>\n<td width=\"284\">Color<\/td>\n<td width=\"284\">Negro, verde, amarillo, blanco, etc.<\/td>\n<\/tr>\n<tr>\n<td width=\"284\">Norma de calidad<\/td>\n<td width=\"284\">CE EN 20345<\/td>\n<\/tr>\n<tr>\n<td width=\"284\">Embalaje<\/td>\n<td width=\"284\">1PR\/bolsa de polietileno, 10PRS\/CTN<\/td>\n<\/tr>\n<tr>\n<td width=\"284\">Tama\u00f1o de la caja<\/td>\n<td width=\"284\">41*42*51CM<\/td>\n<\/tr>\n<tr>\n<td width=\"284\">N\/G.W<\/td>\n<td width=\"284\">20\/21KGS<\/td>\n<\/tr>\n<\/tbody>\n<\/table>\n<p>TOPRISE admite varios estilos de personalizaci\u00f3n de botas de pvc y botas de goma; haga clic para <a href=\"https:\/\/toprisesafety.com\/es\/categoria-producto\/personal-protective-equipment\/foot-protection\/pvc-boots\/\">ver m\u00e1s estilos de botas de pvc y botas de goma.<\/a><\/p>\n<p>Si no encuentra las botas de pvc y caucho que necesita <a href=\"https:\/\/toprisesafety.com\/es\/contact-us\/\">Contacto<\/a>; apoyamos la personalizaci\u00f3n especial.<\/p>\n<p>&nbsp;<\/p>\n<table width=\"889\">\n<tbody>\n<tr>\n<td style=\"font-weight: 400; text-align: center;\" colspan=\"6\" width=\"806\"><strong>Tabla de tallas de botas de goma para trabajos pesados\u00a0<\/strong><\/td>\n<\/tr>\n<tr>\n<td style=\"font-weight: 400;\" width=\"115\">Talla<\/td>\n<td style=\"font-weight: 400;\" width=\"151\">Altura (cm)<\/td>\n<td style=\"font-weight: 400;\" width=\"138\">Espesor superior (mm)<\/td>\n<td style=\"font-weight: 400;\" width=\"115\">Peso (g)<\/td>\n<td style=\"font-weight: 400;\" width=\"172\">Longitud de la suela \uff08cm\uff09<\/td>\n<td style=\"font-weight: 400;\" width=\"198\">Anchura de la suela (cm)<\/td>\n<\/tr>\n<tr>\n<td style=\"font-weight: 400;\" width=\"115\">4(37)<\/td>\n<td style=\"font-weight: 400;\" width=\"151\">38.4<\/td>\n<td style=\"font-weight: 400;\" width=\"138\">4-2.5<\/td>\n<td style=\"font-weight: 400;\" width=\"115\">1836<\/td>\n<td style=\"font-weight: 400;\" width=\"172\">24.8<\/td>\n<td style=\"font-weight: 400;\" width=\"198\">9<\/td>\n<\/tr>\n<tr>\n<td style=\"font-weight: 400;\" width=\"115\">5(38)<\/td>\n<td style=\"font-weight: 400;\" width=\"151\">38.6<\/td>\n<td style=\"font-weight: 400;\" width=\"138\">4-2.5<\/td>\n<td style=\"font-weight: 400;\" width=\"115\">1860<\/td>\n<td style=\"font-weight: 400;\" width=\"172\">25.4<\/td>\n<td style=\"font-weight: 400;\" width=\"198\">9.2<\/td>\n<\/tr>\n<tr>\n<td style=\"font-weight: 400;\" width=\"115\">6(39)<\/td>\n<td style=\"font-weight: 400;\" width=\"151\">38.7<\/td>\n<td style=\"font-weight: 400;\" width=\"138\">4-2.5<\/td>\n<td style=\"font-weight: 400;\" width=\"115\">1878<\/td>\n<td style=\"font-weight: 400;\" width=\"172\">26.6<\/td>\n<td style=\"font-weight: 400;\" width=\"198\">9.4<\/td>\n<\/tr>\n<tr>\n<td style=\"font-weight: 400;\" width=\"115\">7(40)<\/td>\n<td style=\"font-weight: 400;\" width=\"151\">39.1<\/td>\n<td style=\"font-weight: 400;\" width=\"138\">4-2.5<\/td>\n<td style=\"font-weight: 400;\" width=\"115\">1908<\/td>\n<td style=\"font-weight: 400;\" width=\"172\">27.2<\/td>\n<td style=\"font-weight: 400;\" width=\"198\">9.5<\/td>\n<\/tr>\n<tr>\n<td style=\"font-weight: 400;\" width=\"115\">8(41)<\/td>\n<td style=\"font-weight: 400;\" width=\"151\">39.4<\/td>\n<td style=\"font-weight: 400;\" width=\"138\">4-2.5<\/td>\n<td style=\"font-weight: 400;\" width=\"115\">2000<\/td>\n<td style=\"font-weight: 400;\" width=\"172\">28.2<\/td>\n<td style=\"font-weight: 400;\" width=\"198\">9.6<\/td>\n<\/tr>\n<tr>\n<td style=\"font-weight: 400;\" width=\"115\">9(42)<\/td>\n<td style=\"font-weight: 400;\" width=\"151\">39.7<\/td>\n<td style=\"font-weight: 400;\" width=\"138\">4-2.5<\/td>\n<td style=\"font-weight: 400;\" width=\"115\">2115<\/td>\n<td style=\"font-weight: 400;\" width=\"172\">28.6<\/td>\n<td style=\"font-weight: 400;\" width=\"198\">9.8<\/td>\n<\/tr>\n<tr>\n<td style=\"font-weight: 400;\" width=\"115\">10(43)<\/td>\n<td style=\"font-weight: 400;\" width=\"151\">40<\/td>\n<td style=\"font-weight: 400;\" width=\"138\">4-2.5<\/td>\n<td style=\"font-weight: 400;\" width=\"115\">2235<\/td>\n<td style=\"font-weight: 400;\" width=\"172\">29.6<\/td>\n<td style=\"font-weight: 400;\" width=\"198\">10.1<\/td>\n<\/tr>\n<tr>\n<td style=\"font-weight: 400;\" width=\"115\">11(44)<\/td>\n<td style=\"font-weight: 400;\" width=\"151\">40.2<\/td>\n<td style=\"font-weight: 400;\" width=\"138\">4-2.5<\/td>\n<td style=\"font-weight: 400;\" width=\"115\">2386<\/td>\n<td style=\"font-weight: 400;\" width=\"172\">30.2<\/td>\n<td style=\"font-weight: 400;\" width=\"198\">10.2<\/td>\n<\/tr>\n<tr>\n<td style=\"font-weight: 400;\" width=\"115\">12(45)<\/td>\n<td style=\"font-weight: 400;\" width=\"151\">40.5<\/td>\n<td style=\"font-weight: 400;\" width=\"138\">4-2.5<\/td>\n<td style=\"font-weight: 400;\" width=\"115\">2439<\/td>\n<td style=\"font-weight: 400;\" width=\"172\">31<\/td>\n<td style=\"font-weight: 400;\" width=\"198\">10.4<\/td>\n<\/tr>\n<tr>\n<td style=\"font-weight: 400;\" width=\"115\">13(46)<\/td>\n<td style=\"font-weight: 400;\" width=\"151\">40.8<\/td>\n<td style=\"font-weight: 400;\" width=\"138\">4-2.5<\/td>\n<td style=\"font-weight: 400;\" width=\"115\">2493<\/td>\n<td style=\"font-weight: 400;\" width=\"172\">31.8<\/td>\n<td style=\"font-weight: 400;\" width=\"198\">10.6<\/td>\n<\/tr>\n<tr>\n<td style=\"font-weight: 400;\" width=\"115\">13(47)<\/td>\n<td style=\"font-weight: 400;\" width=\"151\">41.2<\/td>\n<td style=\"font-weight: 400;\" width=\"138\">4-2.5<\/td>\n<td style=\"font-weight: 400;\" width=\"115\">2554<\/td>\n<td style=\"font-weight: 400;\" width=\"172\">32.3<\/td>\n<td style=\"font-weight: 400;\" width=\"198\">10.8<\/td>\n<\/tr>\n<\/tbody>\n<\/table>","protected":false},"excerpt":{"rendered":"<p>N\u00ba Referencia: RB04<\/p>\n<p>Talla: EUR: 37-47<\/p>\n<p>Material: PVC+ forro de tela de secado f\u00e1cil<\/p>\n<p>Color: negro, verde, amarillo, blanco, etc.<\/p>\n<p>MOQ: 500PRS ; Color especial :2000PAIRS<\/p>","protected":false},"featured_media":5927,"template":"","meta":{"_acf_changed":false},"product_brand":[],"product_cat":[342,344],"product_tag":[213],"class_list":{"0":"post-5926","1":"product","2":"type-product","3":"status-publish","4":"has-post-thumbnail","6":"product_cat-foot-protection","7":"product_cat-pvc-boots","8":"product_tag-rubber-boots-heavy-duty-gum-boots-pvc-boots-ce-en20345","10":"first","11":"instock","12":"product-type-simple"},"acf":[],"_links":{"self":[{"href":"https:\/\/toprisesafety.com\/es\/wp-json\/wp\/v2\/product\/5926"}],"collection":[{"href":"https:\/\/toprisesafety.com\/es\/wp-json\/wp\/v2\/product"}],"about":[{"href":"https:\/\/toprisesafety.com\/es\/wp-json\/wp\/v2\/types\/product"}],"wp:featuredmedia":[{"embeddable":true,"href":"https:\/\/toprisesafety.com\/es\/wp-json\/wp\/v2\/media\/5927"}],"wp:attachment":[{"href":"https:\/\/toprisesafety.com\/es\/wp-json\/wp\/v2\/media?parent=5926"}],"wp:term":[{"taxonomy":"product_brand","embeddable":true,"href":"https:\/\/toprisesafety.com\/es\/wp-json\/wp\/v2\/product_brand?post=5926"},{"taxonomy":"product_cat","embeddable":true,"href":"https:\/\/toprisesafety.com\/es\/wp-json\/wp\/v2\/product_cat?post=5926"},{"taxonomy":"product_tag","embeddable":true,"href":"https:\/\/toprisesafety.com\/es\/wp-json\/wp\/v2\/product_tag?post=5926"}],"curies":[{"name":"wp","href":"https:\/\/api.w.org\/{rel}","templated":true}]}}