{"id":5924,"date":"2018-02-26T02:43:46","date_gmt":"2018-02-26T02:43:46","guid":{"rendered":"https:\/\/toprisesafety.com\/product\/new-gum-boots-rubber-boots-ce-en20345\/"},"modified":"2025-03-17T04:40:07","modified_gmt":"2025-03-17T04:40:07","slug":"new-gum-boots-rubber-boots-ce-en20345","status":"publish","type":"product","link":"https:\/\/toprisesafety.com\/es\/producto\/new-gum-boots-rubber-boots-ce-en20345\/","title":{"rendered":"Nuevas botas de goma botas de goma CE EN20345"},"content":{"rendered":"<p><strong><span style=\"font-size: 140%;\">Nuevas botas de goma botas de goma CE EN20345<\/span><\/strong><\/p>\n<ul>\n<li style=\"list-style-type: none;\">\n<ul>\n<li>Las botas de goma son de dos tipos principales: Port\u00e1tiles y para trabajos pesados (s\u00f3lo con puntera de acero o con puntera de acero y suela intermedia de acero).<\/li>\n<\/ul>\n<\/li>\n<\/ul>\n<ul>\n<li style=\"list-style-type: none;\">\n<ul>\n<li>Resistente a grasas animales, aceites, \u00e1cidos y \u00e1lcalis, antiest\u00e1tico, impermeable y antideslizante;<\/li>\n<\/ul>\n<\/li>\n<\/ul>\n<ul>\n<li style=\"list-style-type: none;\">\n<ul>\n<li><span data-spm-anchor-id=\"a2700.details.pronpeci14.i2.36104feedpxvle\">Alta resistencia a los cambios bruscos de temperatura ambiente con un rango de funcionamiento de -20<\/span>\u2103~50\u2103.<\/li>\n<\/ul>\n<\/li>\n<\/ul>\n<ul>\n<li style=\"list-style-type: none;\">\n<ul>\n<li>Aplicaciones: industria, miner\u00eda, construcci\u00f3n, yacimientos petrol\u00edferos, agricultura, ganader\u00eda, f\u00e1bricas de productos qu\u00edmicos, desgaste habitual antiagua durante los d\u00edas de lluvia, etc.<\/li>\n<\/ul>\n<\/li>\n<\/ul>\n<h2><strong>New gum boots rubber boots CE EN 20345<\/strong><\/h2>\n<table>\n<tbody>\n<tr>\n<td width=\"284\">Art No.<\/td>\n<td width=\"284\">RB05<\/td>\n<\/tr>\n<tr>\n<td width=\"284\">Estilo<\/td>\n<td width=\"284\">Botas de goma resistentes<\/td>\n<\/tr>\n<tr>\n<td width=\"284\">Material<\/td>\n<td width=\"284\">PVC + forro de tejido de secado f\u00e1cil<\/td>\n<\/tr>\n<tr>\n<td width=\"284\">Caracter\u00edstica<\/td>\n<td width=\"284\">Puntera de acero 200J, suela intermedia de acero a elegir<\/td>\n<\/tr>\n<tr>\n<td width=\"284\">Talla<\/td>\n<td width=\"284\">EUR: 38-46<\/td>\n<\/tr>\n<tr>\n<td width=\"284\">Color<\/td>\n<td width=\"284\">Negro, verde, amarillo, blanco, etc.<\/td>\n<\/tr>\n<tr>\n<td width=\"284\">Norma de calidad<\/td>\n<td width=\"284\">CE EN 20345<\/td>\n<\/tr>\n<tr>\n<td width=\"284\">Embalaje<\/td>\n<td width=\"284\">1PR\/bolsa de polietileno, 10PRS\/CTN<\/td>\n<\/tr>\n<tr>\n<td width=\"284\">Tama\u00f1o de la caja<\/td>\n<td width=\"284\">46*46*44CM<\/td>\n<\/tr>\n<tr>\n<td width=\"284\">N\/G.W<\/td>\n<td width=\"284\">22\/23KGS<\/td>\n<\/tr>\n<\/tbody>\n<\/table>\n<p>TOPRISE admite varios estilos de personalizaci\u00f3n de botas de pvc y botas de goma; haga clic para <a href=\"https:\/\/toprisesafety.com\/es\/categoria-producto\/personal-protective-equipment\/foot-protection\/pvc-boots\/\">ver m\u00e1s estilos de botas de pvc y botas de goma.<\/a><\/p>\n<p>Si no encuentra las botas de pvc y caucho que necesita <a href=\"https:\/\/toprisesafety.com\/es\/contact-us\/\">Contacto<\/a>; apoyamos la personalizaci\u00f3n especial.<\/p>","protected":false},"excerpt":{"rendered":"<p>Art No.: RB05<\/p>\n<p>Talla: EUR: 38-46<\/p>\n<p>Material: PVC+ forro de tela de secado f\u00e1cil<\/p>\n<p>Color: negro, verde, amarillo, blanco, etc.<\/p>\n<p>MOQ: 500PRS ; Color especial :2000PAIRS<\/p>","protected":false},"featured_media":5925,"template":"","meta":{"_acf_changed":false},"product_brand":[],"product_cat":[342,344],"product_tag":[212],"class_list":{"0":"post-5924","1":"product","2":"type-product","3":"status-publish","4":"has-post-thumbnail","6":"product_cat-foot-protection","7":"product_cat-pvc-boots","8":"product_tag-new-gum-boots-ce-en20345-rubber-boots","10":"first","11":"instock","12":"product-type-simple"},"acf":[],"_links":{"self":[{"href":"https:\/\/toprisesafety.com\/es\/wp-json\/wp\/v2\/product\/5924"}],"collection":[{"href":"https:\/\/toprisesafety.com\/es\/wp-json\/wp\/v2\/product"}],"about":[{"href":"https:\/\/toprisesafety.com\/es\/wp-json\/wp\/v2\/types\/product"}],"wp:featuredmedia":[{"embeddable":true,"href":"https:\/\/toprisesafety.com\/es\/wp-json\/wp\/v2\/media\/5925"}],"wp:attachment":[{"href":"https:\/\/toprisesafety.com\/es\/wp-json\/wp\/v2\/media?parent=5924"}],"wp:term":[{"taxonomy":"product_brand","embeddable":true,"href":"https:\/\/toprisesafety.com\/es\/wp-json\/wp\/v2\/product_brand?post=5924"},{"taxonomy":"product_cat","embeddable":true,"href":"https:\/\/toprisesafety.com\/es\/wp-json\/wp\/v2\/product_cat?post=5924"},{"taxonomy":"product_tag","embeddable":true,"href":"https:\/\/toprisesafety.com\/es\/wp-json\/wp\/v2\/product_tag?post=5924"}],"curies":[{"name":"wp","href":"https:\/\/api.w.org\/{rel}","templated":true}]}}