{"id":5918,"date":"2018-02-26T03:31:36","date_gmt":"2018-02-26T03:31:36","guid":{"rendered":"https:\/\/toprisesafety.com\/product\/genuine-leather-safety-shoes-pu-injection-work-shoes\/"},"modified":"2025-03-11T08:06:23","modified_gmt":"2025-03-11T08:06:23","slug":"genuine-leather-safety-shoes-pu-injection-work-shoes","status":"publish","type":"product","link":"https:\/\/toprisesafety.com\/es\/producto\/genuine-leather-safety-shoes-pu-injection-work-shoes\/","title":{"rendered":"Zapatos de seguridad de piel aut\u00e9ntica Zapatos de trabajo de inyecci\u00f3n de PU"},"content":{"rendered":"<p><strong><span style=\"font-size: 140%;\">Zapatos de seguridad de piel aut\u00e9ntica Zapatos de trabajo de inyecci\u00f3n de PU <\/span><\/strong><\/p>\n<ul>\n<li style=\"list-style-type: none;\">\n<ul>\n<li>Parte superior de cuero de b\u00fafalo aut\u00e9ntico para una mayor durabilidad y capacidad de transpiraci\u00f3n.<\/li>\n<\/ul>\n<\/li>\n<\/ul>\n<ul>\n<li style=\"list-style-type: none;\">\n<ul>\n<li data-spm-anchor-id=\"a2700.details.pronpeci14.i1.57387f9eZgw8D0\">Suela de inyecci\u00f3n de PU antideslizante extra ligera.<\/li>\n<\/ul>\n<\/li>\n<\/ul>\n<ul>\n<li style=\"list-style-type: none;\">\n<ul>\n<li>Costuras laterales reforzadas adicionales para una excelente adherencia.<\/li>\n<\/ul>\n<\/li>\n<\/ul>\n<ul>\n<li style=\"list-style-type: none;\">\n<ul>\n<li>Forro extra suave para mayor comodidad y excelente absorci\u00f3n del sudor.<\/li>\n<\/ul>\n<\/li>\n<\/ul>\n<ul>\n<li style=\"list-style-type: none;\">\n<ul>\n<li>Puntera de acero resistente a la corrosi\u00f3n que cumple las normas de seguridad europeas (CE EN345) para una protecci\u00f3n contra impactos de 200 julios.<\/li>\n<\/ul>\n<\/li>\n<\/ul>\n<ul>\n<li style=\"list-style-type: none;\">\n<ul>\n<li>Entresuela de acero (opcional) conforme a las normas de seguridad europeas (CE EN345) para una resistencia a la penetraci\u00f3n no inferior a 1.100 Newton.<\/li>\n<\/ul>\n<\/li>\n<\/ul>\n<ul>\n<li style=\"list-style-type: none;\">\n<ul>\n<li>Suela antideslizante, diel\u00e9ctrica, antiest\u00e1tica, resistente al calor, resistente al aceite\/\u00e1cido\/\u00e1lcali opcional<\/li>\n<\/ul>\n<\/li>\n<\/ul>\n<ul>\n<li style=\"list-style-type: none;\">\n<ul>\n<li>Aplicaci\u00f3n:\u00a0<span data-spm-anchor-id=\"a2700.details.pronpeci14.i1.1a0c748bDlCqVn\">industria de la energ\u00eda el\u00e9ctrica, fundici\u00f3n, construcci\u00f3n, fabricaci\u00f3n de autom\u00f3viles, suministro de energ\u00eda, miner\u00eda, jardiner\u00eda, qu\u00edmica, log\u00edstica, acero e industria pesada similar, etc.\u00a0<\/span><\/li>\n<\/ul>\n<\/li>\n<\/ul>\n<ul>\n<li style=\"list-style-type: none;\">\n<ul>\n<li>Antipinchazos,Antiest\u00e1tico,Antideslizante<\/li>\n<\/ul>\n<\/li>\n<\/ul>\n<ul>\n<li style=\"list-style-type: none;\">\n<ul>\n<li>Distintos niveles de calidad CE a elegir<\/li>\n<\/ul>\n<\/li>\n<\/ul>\n<table>\n<tbody>\n<tr>\n<td width=\"112\"><strong><b>San<\/b><\/strong><strong><b>andards<\/b><\/strong><\/td>\n<td width=\"158\"><strong><b>Interior<\/b><\/strong><\/td>\n<td width=\"288\"><strong><b>Funci\u00f3n<\/b><\/strong><\/td>\n<\/tr>\n<tr>\n<td width=\"112\">SB<\/td>\n<td width=\"158\">Puntera de acero<\/td>\n<td width=\"288\">Resistente a los golpes, al aceite y a los \u00e1cidos<\/td>\n<\/tr>\n<tr>\n<td width=\"112\">SBP<\/td>\n<td width=\"158\">Puntera y placa de acero<\/td>\n<td width=\"288\">Antigolpes, Antiperforaci\u00f3n, Resistente a los golpes, Resistente al aceite y al \u00e1cido<\/td>\n<\/tr>\n<tr>\n<td width=\"112\">S1<\/td>\n<td width=\"158\">Puntera de acero<\/td>\n<td width=\"288\">Antigolpes, antiest\u00e1tico, resistente a los golpes, resistente al aceite y a los \u00e1cidos<\/td>\n<\/tr>\n<tr>\n<td width=\"112\">S1P<\/td>\n<td width=\"158\">Puntera y placa de acero<\/td>\n<td width=\"288\">Antigolpes, Antiperforaci\u00f3n, Antiest\u00e1tico, Resistente a los golpes, Resistente al aceite y al \u00e1cido<\/td>\n<\/tr>\n<tr>\n<td width=\"112\">S2<\/td>\n<td width=\"158\">Puntera de acero<\/td>\n<td width=\"288\">Resistente al agua, a los golpes, a los aceites y a los \u00e1cidos<\/td>\n<\/tr>\n<tr>\n<td width=\"112\">S3<\/td>\n<td width=\"158\">Puntera y placa de acero<\/td>\n<td width=\"288\">Impermeable, antigolpes, antiperforaci\u00f3n, antiest\u00e1tico, resistente a los golpes, al aceite y a los \u00e1cidos<\/td>\n<\/tr>\n<\/tbody>\n<\/table>\n<p>&nbsp;<\/p>\n<p>TOPRISE admite varios estilos de personalizaci\u00f3n del calzado de seguridad; haga clic para ver <a href=\"https:\/\/toprisesafety.com\/es\/categoria-producto\/personal-protective-equipment\/foot-protection\/safety-shoes\/\">m\u00e1s estilos de calzado de seguridad<\/a>.<\/p>\n<p>Si no encuentra el calzado de seguridad que necesita, p\u00f3ngase en contacto con nosotros; ofrecemos personalizaci\u00f3n especial.<\/p>\n<h2><strong>Zapatos de seguridad de cuero genuino Zapatos de trabajo de inyecci\u00f3n de PU especificaciones:<\/strong><\/h2>\n<table>\n<tbody>\n<tr>\n<td width=\"284\">Art No.<\/td>\n<td width=\"284\">SPU03<\/td>\n<\/tr>\n<tr>\n<td width=\"284\">Material<\/td>\n<td width=\"284\">Piel de b\u00fafalo, suela de PU, forro de campela<\/td>\n<\/tr>\n<tr>\n<td width=\"284\">Taller<\/td>\n<td width=\"284\">Inyecci\u00f3n de PU<\/td>\n<\/tr>\n<tr>\n<td width=\"284\">Talla<\/td>\n<td width=\"284\">37-47<\/td>\n<\/tr>\n<tr>\n<td width=\"284\">Nivel de calidad<\/td>\n<td width=\"284\">SB, SBP,S1,S2,S3<\/td>\n<\/tr>\n<tr>\n<td width=\"284\">Norma de calidad<\/td>\n<td width=\"284\">CE EN 20345<\/td>\n<\/tr>\n<tr>\n<td width=\"284\">Logotipo<\/td>\n<td width=\"284\">Logotipo del cliente disponible<\/td>\n<\/tr>\n<tr>\n<td width=\"284\">Embalaje<\/td>\n<td width=\"284\">1PR\/Caja de color, 10PRS\/CTN<\/td>\n<\/tr>\n<\/tbody>\n<\/table>\n<p><img fetchpriority=\"high\" decoding=\"async\" class=\"alignnone size-full wp-image-930\" src=\"https:\/\/toprisesafety.com\/wp-content\/uploads\/2024\/08\/safety-shoes-structure.jpg\" alt=\"\" width=\"757\" height=\"627\" \/><\/p>","protected":false},"excerpt":{"rendered":"<p>N\u00ba Referencia: SPU03<\/p>\n<p>Talla: 37-47<\/p>\n<p>Material: Piel de b\u00fafalo+suela de PU+forro de tela<\/p>\n<p>Elaboraci\u00f3n: Suela de inyecci\u00f3n de PU<\/p>\n<p>MOQ:1000PRS<\/p>","protected":false},"featured_media":5919,"template":"","meta":{"_acf_changed":false},"product_brand":[],"product_cat":[342,343],"product_tag":[208],"class_list":{"0":"post-5918","1":"product","2":"type-product","3":"status-publish","4":"has-post-thumbnail","6":"product_cat-foot-protection","7":"product_cat-safety-shoes","8":"product_tag-genuine-leather-safety-shoes-buffalo-leather-safety-shoes-pu-injection-safety-shoes-ce-standard-work-shoes","10":"first","11":"instock","12":"product-type-simple"},"acf":[],"_links":{"self":[{"href":"https:\/\/toprisesafety.com\/es\/wp-json\/wp\/v2\/product\/5918"}],"collection":[{"href":"https:\/\/toprisesafety.com\/es\/wp-json\/wp\/v2\/product"}],"about":[{"href":"https:\/\/toprisesafety.com\/es\/wp-json\/wp\/v2\/types\/product"}],"wp:featuredmedia":[{"embeddable":true,"href":"https:\/\/toprisesafety.com\/es\/wp-json\/wp\/v2\/media\/5919"}],"wp:attachment":[{"href":"https:\/\/toprisesafety.com\/es\/wp-json\/wp\/v2\/media?parent=5918"}],"wp:term":[{"taxonomy":"product_brand","embeddable":true,"href":"https:\/\/toprisesafety.com\/es\/wp-json\/wp\/v2\/product_brand?post=5918"},{"taxonomy":"product_cat","embeddable":true,"href":"https:\/\/toprisesafety.com\/es\/wp-json\/wp\/v2\/product_cat?post=5918"},{"taxonomy":"product_tag","embeddable":true,"href":"https:\/\/toprisesafety.com\/es\/wp-json\/wp\/v2\/product_tag?post=5918"}],"curies":[{"name":"wp","href":"https:\/\/api.w.org\/{rel}","templated":true}]}}