{"id":5911,"date":"2018-02-26T04:33:30","date_gmt":"2018-02-26T04:33:30","guid":{"rendered":"https:\/\/toprisesafety.com\/product\/reflective-safety-vest-ce-en471\/"},"modified":"2025-05-06T07:46:21","modified_gmt":"2025-05-06T07:46:21","slug":"reflective-safety-vest-ce-en471","status":"publish","type":"product","link":"https:\/\/toprisesafety.com\/es\/producto\/reflective-safety-vest-ce-en471\/","title":{"rendered":"Chaleco reflectante de seguridad CE EN471"},"content":{"rendered":"<p><strong><span style=\"font-size: 140%;\">Chaleco reflectante de seguridad CE EN471<\/span><\/strong><\/p>\n<ul>\n<li style=\"list-style-type: none;\">\n<ul>\n<li>Chaleco de seguridad que tiene cinta reflectante en \u00e9l y es la intenci\u00f3n de proteger la seguridad de los trabajadores de la construcci\u00f3n, los trabajadores mineros, trabajadores de petr\u00f3leo y gas, trabajadores industriales, corredores, peatones, veh\u00edculos no motorizados, etc. Las personas que usan chaleco de seguridad se puede encontrar f\u00e1cilmente debido a que el material del chaleco es fluorescente. y por la noche, las personas que usan chaleco de seguridad se puede ver f\u00e1cilmente debido a que el chaleco con cinta reflectante bajo la luz ser\u00e1 brillante reflejar. As\u00ed chaleco de seguridad es adecuado para el d\u00eda y la noche de visibilidad para proteger bien la seguridad de las personas.<\/li>\n<\/ul>\n<\/li>\n<\/ul>\n<ul>\n<li style=\"list-style-type: none;\">\n<ul>\n<li>Chaleco de seguridad material principal es tejido de punto o tela de malla. Tienen cinta reflectante de alta visibilidad de clase 2 de calidad est\u00e1ndar y cinta reflectante normal y 3M cinta reflectante de alta calidad, etc.<\/li>\n<\/ul>\n<\/li>\n<\/ul>\n<ul>\n<li style=\"list-style-type: none;\">\n<ul>\n<li>\u00c1mbito de aplicaci\u00f3n: motociclismo, carreras, equitaci\u00f3n, paseos al aire libre, paseos con perros, construcci\u00f3n, miner\u00eda, topograf\u00eda, polic\u00eda de tr\u00e1fico, seguridad, bosques, ferrocarriles, etc.<\/li>\n<\/ul>\n<\/li>\n<\/ul>\n<h2><strong>Reflective safety vest CE EN471 specification:<\/strong><\/h2>\n<table>\n<tbody>\n<tr>\n<td width=\"284\">Art No.<\/td>\n<td width=\"332\">SV01<\/td>\n<\/tr>\n<tr>\n<td width=\"284\">Material textil<\/td>\n<td width=\"332\">100%polyester knitting fluorescent fabric or mesh fabric for choice<\/td>\n<\/tr>\n<tr>\n<td width=\"284\">Cinta reflectante<\/td>\n<td width=\"332\">Visibilidad normal, alta visibilidad<\/td>\n<\/tr>\n<tr>\n<td width=\"284\">Cinta reflectante<\/td>\n<td width=\"332\">Cinta T\/C plateada, celos\u00eda de PVC, cinta 3M<\/td>\n<\/tr>\n<tr>\n<td width=\"284\">Peso del material<\/td>\n<td width=\"332\">50-140G\/SQM<\/td>\n<\/tr>\n<tr>\n<td width=\"284\">Color<\/td>\n<td width=\"332\">Amarillo fluorescente, verde fluorescente, naranja-rojo<\/td>\n<\/tr>\n<tr>\n<td width=\"284\">Top mosca<\/td>\n<td width=\"332\">Velcro , cremallera a elegir<\/td>\n<\/tr>\n<tr>\n<td width=\"284\">Norma de calidad<\/td>\n<td width=\"332\">CE EN471,CLASE2<\/td>\n<\/tr>\n<tr>\n<td width=\"284\">Logotipo<\/td>\n<td width=\"332\">Impresi\u00f3n del logotipo del cliente o etiqueta con el logotipo disponible<\/td>\n<\/tr>\n<tr>\n<td width=\"284\">MOQ<\/td>\n<td width=\"332\">1000PCS<\/td>\n<\/tr>\n<tr>\n<td width=\"284\">Embalaje<\/td>\n<td width=\"332\">1PC\/OPP, 100PC\/CTN, embalaje especial seg\u00fan el requisito de cliente<\/td>\n<\/tr>\n<\/tbody>\n<\/table>\n<p>TOPRISE admite varios estilos de personalizaci\u00f3n del chaleco de seguridad; haga clic para <a href=\"https:\/\/toprisesafety.com\/es\/categoria-producto\/road-safety-products\/warning-wear\/warning-vest-sun-shade\/\">ver m\u00e1s estilos de chalecos de seguridad.<\/a><\/p>\n<p>Si no encuentra los chalecos de seguridad necesarios,<a href=\"https:\/\/toprisesafety.com\/es\/contact-us\/\"> p\u00f3ngase en contacto con nosotros;<\/a> apoyamos la personalizaci\u00f3n especial.<\/p>","protected":false},"excerpt":{"rendered":"<p>Art No.: SV01<\/p>\n<p>Material: 1001TP3Poli\u00e9ster<\/p>\n<p>Talla: S-XXXL<\/p>\n<p>Color: amarillo\/verde\/naranja-rojo fluorescente<\/p>\n<p>Impresi\u00f3n de logotipos: disponible<\/p>\n<p>MOQ: 1000PCS<\/p>","protected":false},"featured_media":5912,"template":"","meta":{"_acf_changed":false},"product_brand":[],"product_cat":[325,341],"product_tag":[202],"class_list":{"0":"post-5911","1":"product","2":"type-product","3":"status-publish","4":"has-post-thumbnail","6":"product_cat-road-safety-products","7":"product_cat-warning-vest-sun-shade","8":"product_tag-reflective-safety-vest","10":"first","11":"instock","12":"product-type-simple"},"acf":[],"_links":{"self":[{"href":"https:\/\/toprisesafety.com\/es\/wp-json\/wp\/v2\/product\/5911"}],"collection":[{"href":"https:\/\/toprisesafety.com\/es\/wp-json\/wp\/v2\/product"}],"about":[{"href":"https:\/\/toprisesafety.com\/es\/wp-json\/wp\/v2\/types\/product"}],"wp:featuredmedia":[{"embeddable":true,"href":"https:\/\/toprisesafety.com\/es\/wp-json\/wp\/v2\/media\/5912"}],"wp:attachment":[{"href":"https:\/\/toprisesafety.com\/es\/wp-json\/wp\/v2\/media?parent=5911"}],"wp:term":[{"taxonomy":"product_brand","embeddable":true,"href":"https:\/\/toprisesafety.com\/es\/wp-json\/wp\/v2\/product_brand?post=5911"},{"taxonomy":"product_cat","embeddable":true,"href":"https:\/\/toprisesafety.com\/es\/wp-json\/wp\/v2\/product_cat?post=5911"},{"taxonomy":"product_tag","embeddable":true,"href":"https:\/\/toprisesafety.com\/es\/wp-json\/wp\/v2\/product_tag?post=5911"}],"curies":[{"name":"wp","href":"https:\/\/api.w.org\/{rel}","templated":true}]}}