{"id":5905,"date":"2018-02-26T05:10:53","date_gmt":"2018-02-26T05:10:53","guid":{"rendered":"https:\/\/toprisesafety.com\/product\/cheap-reflective-running-vest\/"},"modified":"2025-05-06T07:45:11","modified_gmt":"2025-05-06T07:45:11","slug":"cheap-reflective-running-vest","status":"publish","type":"product","link":"https:\/\/toprisesafety.com\/es\/producto\/cheap-reflective-running-vest\/","title":{"rendered":"Chaleco reflectante barato"},"content":{"rendered":"<p><strong><span style=\"font-size: 140%;\">Chaleco reflectante barato <\/span><\/strong><\/p>\n<ul>\n<li style=\"list-style-type: none;\">\n<ul>\n<li>Chaleco de seguridad que tiene cinta reflectante en \u00e9l y es la intenci\u00f3n de proteger la seguridad de los trabajadores de la construcci\u00f3n, los trabajadores mineros, trabajadores de petr\u00f3leo y gas, los trabajadores industriales, , corredores, peatones, veh\u00edculos no motorizados, etc.<\/li>\n<\/ul>\n<\/li>\n<\/ul>\n<ul>\n<li style=\"list-style-type: none;\">\n<ul>\n<li>Las personas que llevan chaleco de seguridad pueden ser encontradas f\u00e1cilmente debido a que el material del chaleco es fluorescente, y por la noche, las personas que llevan chaleco de seguridad pueden ser vistas f\u00e1cilmente debido a que el chaleco con cinta reflectante bajo la luz se reflejar\u00e1 brillantemente.<\/li>\n<\/ul>\n<\/li>\n<\/ul>\n<ul>\n<li style=\"list-style-type: none;\">\n<ul>\n<li>Adecuado para la visibilidad diurna y nocturna para proteger bien la seguridad de las personas .<\/li>\n<\/ul>\n<\/li>\n<\/ul>\n<ul>\n<li style=\"list-style-type: none;\">\n<ul>\n<li>El material principal del chaleco de seguridad es el tejido de punto o el tejido de malla.<\/li>\n<\/ul>\n<\/li>\n<\/ul>\n<ul>\n<li style=\"list-style-type: none;\">\n<ul>\n<li>Disponemos de cinta reflectante de alta visibilidad de clase 2 de calidad est\u00e1ndar y cinta reflectante normal y cinta reflectante 3M de alta calidad, etc.<\/li>\n<\/ul>\n<\/li>\n<\/ul>\n<ul>\n<li style=\"list-style-type: none;\">\n<ul>\n<li>\u00c1mbito de aplicaci\u00f3n:<\/li>\n<\/ul>\n<\/li>\n<\/ul>\n<ul>\n<li style=\"list-style-type: none;\">\n<ul>\n<li>motociclismo<\/li>\n<\/ul>\n<\/li>\n<\/ul>\n<ul>\n<li style=\"list-style-type: none;\">\n<ul>\n<li>corriendo<\/li>\n<\/ul>\n<\/li>\n<\/ul>\n<ul>\n<li style=\"list-style-type: none;\">\n<ul>\n<li>equitaci\u00f3n<\/li>\n<\/ul>\n<\/li>\n<\/ul>\n<ul>\n<li style=\"list-style-type: none;\">\n<ul>\n<li>equitaci\u00f3n al aire libre<\/li>\n<\/ul>\n<\/li>\n<\/ul>\n<ul>\n<li style=\"list-style-type: none;\">\n<ul>\n<li>paseo de perros<\/li>\n<\/ul>\n<\/li>\n<\/ul>\n<ul>\n<li style=\"list-style-type: none;\">\n<ul>\n<li>construcci\u00f3n<\/li>\n<\/ul>\n<\/li>\n<\/ul>\n<ul>\n<li style=\"list-style-type: none;\">\n<ul>\n<li>miner\u00eda<\/li>\n<\/ul>\n<\/li>\n<\/ul>\n<ul>\n<li style=\"list-style-type: none;\">\n<ul>\n<li>top\u00f3grafo<\/li>\n<\/ul>\n<\/li>\n<\/ul>\n<ul>\n<li style=\"list-style-type: none;\">\n<ul>\n<li>polic\u00eda de tr\u00e1fico<\/li>\n<\/ul>\n<\/li>\n<\/ul>\n<ul>\n<li style=\"list-style-type: none;\">\n<ul>\n<li>seguridad<\/li>\n<\/ul>\n<\/li>\n<\/ul>\n<ul>\n<li style=\"list-style-type: none;\">\n<ul>\n<li>bosque<\/li>\n<\/ul>\n<\/li>\n<\/ul>\n<ul>\n<li style=\"list-style-type: none;\">\n<ul>\n<li>ferrocarril<\/li>\n<\/ul>\n<\/li>\n<\/ul>\n<h2><strong>Especificaci\u00f3n del chaleco reflectante barato para correr:<\/strong><\/h2>\n<table>\n<tbody>\n<tr>\n<td width=\"284\">Art No.<\/td>\n<td width=\"332\">SV04<\/td>\n<\/tr>\n<tr>\n<td width=\"284\">Material textil<\/td>\n<td width=\"332\">100%ejido de punto de poli\u00e9ster fluorescente<\/td>\n<\/tr>\n<tr>\n<td width=\"284\">Cinta reflectante<\/td>\n<td width=\"332\">Visibilidad normal, alta visibilidad<\/td>\n<\/tr>\n<tr>\n<td width=\"284\">Cinta reflectante<\/td>\n<td width=\"332\">Cinta T\/C plateada, 2 CM \"X\" y detr\u00e1s \"-\" cinta reflectante normal.<\/td>\n<\/tr>\n<tr>\n<td width=\"284\">Peso del material<\/td>\n<td width=\"332\">50 G\/ M\u00b2<\/td>\n<\/tr>\n<tr>\n<td width=\"284\">Color<\/td>\n<td width=\"332\">Amarillo fluorescente, verde fluorescente, naranja-rojo<\/td>\n<\/tr>\n<tr>\n<td width=\"284\">Top mosca<\/td>\n<td width=\"332\">NO<\/td>\n<\/tr>\n<tr>\n<td width=\"284\">Norma de calidad<\/td>\n<td width=\"332\">NO<\/td>\n<\/tr>\n<tr>\n<td width=\"284\">Logotipo<\/td>\n<td width=\"332\">Impresi\u00f3n del logotipo del cliente o etiqueta con el logotipo disponible<\/td>\n<\/tr>\n<tr>\n<td width=\"284\">MOQ<\/td>\n<td width=\"332\">2000PCS<\/td>\n<\/tr>\n<tr>\n<td width=\"284\">Embalaje<\/td>\n<td width=\"332\">1PC\/OPP, 200PC\/CTN, embalaje especial seg\u00fan el requisito de cliente<\/td>\n<\/tr>\n<\/tbody>\n<\/table>\n<p>TOPRISE admite varios estilos de personalizaci\u00f3n del chaleco de seguridad; haga clic para <a href=\"https:\/\/toprisesafety.com\/es\/categoria-producto\/road-safety-products\/warning-wear\/warning-vest-sun-shade\/\">ver m\u00e1s estilos de chalecos de seguridad.<\/a><\/p>\n<p>Si no encuentra los chalecos de seguridad necesarios,<a href=\"https:\/\/toprisesafety.com\/es\/contact-us\/\"> p\u00f3ngase en contacto con nosotros;<\/a> apoyamos la personalizaci\u00f3n especial.<\/p>","protected":false},"excerpt":{"rendered":"<p>N\u00ba Referencia: SV04<\/p>\n<p>Material: 1001TP3Poli\u00e9ster<\/p>\n<p>Talla: S-XXXL<\/p>\n<p>Color: amarillo\/verde\/naranja-rojo fluorescente<\/p>\n<p>Impresi\u00f3n de logotipos: disponible<\/p>\n<p>MOQ: 1000PCS<\/p>","protected":false},"featured_media":5906,"template":"","meta":{"_acf_changed":false},"product_brand":[],"product_cat":[325,341],"product_tag":[198,199],"class_list":{"0":"post-5905","1":"product","2":"type-product","3":"status-publish","4":"has-post-thumbnail","6":"product_cat-road-safety-products","7":"product_cat-warning-vest-sun-shade","8":"product_tag-cheap-reflective-running-vest","9":"product_tag-cheap-reflective-safety-vest","11":"first","12":"instock","13":"product-type-simple"},"acf":[],"_links":{"self":[{"href":"https:\/\/toprisesafety.com\/es\/wp-json\/wp\/v2\/product\/5905"}],"collection":[{"href":"https:\/\/toprisesafety.com\/es\/wp-json\/wp\/v2\/product"}],"about":[{"href":"https:\/\/toprisesafety.com\/es\/wp-json\/wp\/v2\/types\/product"}],"wp:featuredmedia":[{"embeddable":true,"href":"https:\/\/toprisesafety.com\/es\/wp-json\/wp\/v2\/media\/5906"}],"wp:attachment":[{"href":"https:\/\/toprisesafety.com\/es\/wp-json\/wp\/v2\/media?parent=5905"}],"wp:term":[{"taxonomy":"product_brand","embeddable":true,"href":"https:\/\/toprisesafety.com\/es\/wp-json\/wp\/v2\/product_brand?post=5905"},{"taxonomy":"product_cat","embeddable":true,"href":"https:\/\/toprisesafety.com\/es\/wp-json\/wp\/v2\/product_cat?post=5905"},{"taxonomy":"product_tag","embeddable":true,"href":"https:\/\/toprisesafety.com\/es\/wp-json\/wp\/v2\/product_tag?post=5905"}],"curies":[{"name":"wp","href":"https:\/\/api.w.org\/{rel}","templated":true}]}}