{"id":5893,"date":"2018-02-26T06:05:59","date_gmt":"2018-02-26T06:05:59","guid":{"rendered":"https:\/\/toprisesafety.com\/product\/mesh-warning-vest\/"},"modified":"2025-05-06T07:42:31","modified_gmt":"2025-05-06T07:42:31","slug":"mesh-warning-vest","status":"publish","type":"product","link":"https:\/\/toprisesafety.com\/es\/producto\/mesh-warning-vest\/","title":{"rendered":"Chaleco de malla de advertencia"},"content":{"rendered":"<p><strong><span style=\"font-size: 140%;\">Chaleco de malla de advertencia <\/span><\/strong><\/p>\n<ul>\n<li style=\"list-style-type: none;\">\n<ul>\n<li>Chaleco de seguridad que tiene cinta reflectante en \u00e9l y es la intenci\u00f3n de proteger la seguridad de los trabajadores de la construcci\u00f3n, los trabajadores mineros, trabajadores de petr\u00f3leo y gas, trabajadores industriales, corredores, peatones, veh\u00edculos no motorizados, etc. Las personas que usan chaleco de seguridad se puede encontrar f\u00e1cilmente debido a que el material del chaleco es fluorescente. y por la noche, las personas que usan chaleco de seguridad se puede ver f\u00e1cilmente debido a que el chaleco con cinta reflectante bajo la luz ser\u00e1 brillante reflejar. As\u00ed chaleco de seguridad es adecuado para el d\u00eda y la noche de visibilidad para proteger bien la seguridad de las personas.<\/li>\n<\/ul>\n<\/li>\n<\/ul>\n<ul>\n<li style=\"list-style-type: none;\">\n<ul>\n<li>Chaleco de seguridad material principal es tejido de punto o tela de malla. Tienen cinta reflectante de alta visibilidad de clase 2 de calidad est\u00e1ndar y cinta reflectante normal y 3M cinta reflectante de alta calidad, etc.<\/li>\n<\/ul>\n<\/li>\n<\/ul>\n<ul>\n<li style=\"list-style-type: none;\">\n<ul>\n<li>\u00c1mbito de aplicaci\u00f3n: motociclismo, carreras, equitaci\u00f3n, paseos al aire libre, paseos con perros, construcci\u00f3n, miner\u00eda, topograf\u00eda, polic\u00eda de tr\u00e1fico, seguridad, bosques, ferrocarriles, etc.<\/li>\n<\/ul>\n<\/li>\n<\/ul>\n<h2><strong>Especificaciones del chaleco de advertencia de malla:\u00a0<\/strong><\/h2>\n<table>\n<tbody>\n<tr>\n<td width=\"284\">Art No.<\/td>\n<td width=\"332\">SV10<\/td>\n<\/tr>\n<tr>\n<td width=\"284\">Material textil<\/td>\n<td width=\"332\">1001TP3Poli\u00e9ster, tejido de malla<\/td>\n<\/tr>\n<tr>\n<td width=\"284\">Cinta reflectante<\/td>\n<td width=\"332\">Visibilidad normal<\/td>\n<\/tr>\n<tr>\n<td width=\"284\">Cinta reflectante<\/td>\n<td width=\"332\">Cinta T\/C plateada<\/td>\n<\/tr>\n<tr>\n<td width=\"284\">Peso del material<\/td>\n<td width=\"332\">60G\/SQM<\/td>\n<\/tr>\n<tr>\n<td width=\"284\">Color<\/td>\n<td width=\"332\">Verde\/amarillo\/naranja-rojo fluorescente<\/td>\n<\/tr>\n<tr>\n<td width=\"284\">Top mosca<\/td>\n<td width=\"332\">Velcro<\/td>\n<\/tr>\n<tr>\n<td width=\"284\">Etiqueta de cuello<\/td>\n<td width=\"332\">Logotipo del cliente disponible<\/td>\n<\/tr>\n<tr>\n<td width=\"284\">Logotipo<\/td>\n<td width=\"332\">Etiqueta o impresi\u00f3n del logotipo en el cuello disponible<\/td>\n<\/tr>\n<tr>\n<td width=\"284\">MOQ<\/td>\n<td width=\"332\">1000PCS<\/td>\n<\/tr>\n<tr>\n<td width=\"284\">Embalaje<\/td>\n<td width=\"332\">1PC\/OPP, 100PC\/CTN, embalaje especial seg\u00fan el requisito de cliente<\/td>\n<\/tr>\n<\/tbody>\n<\/table>\n<p>TOPRISE admite varios estilos de personalizaci\u00f3n del chaleco de seguridad; haga clic para <a href=\"https:\/\/toprisesafety.com\/es\/categoria-producto\/road-safety-products\/warning-wear\/warning-vest-sun-shade\/\">ver m\u00e1s estilos de chalecos de seguridad.<\/a><\/p>\n<p>Si no encuentra los chalecos de seguridad necesarios,<a href=\"https:\/\/toprisesafety.com\/es\/contact-us\/\"> p\u00f3ngase en contacto con nosotros;<\/a> apoyamos la personalizaci\u00f3n especial.<\/p>","protected":false},"excerpt":{"rendered":"<p>N\u00ba Referencia: SV10<\/p>\n<p>Material: 1001TP3Poli\u00e9ster<\/p>\n<p>Talla: S-XXXL<\/p>\n<p>Color: amarillo\/verde\/naranja-rojo fluorescente<\/p>\n<p>Impresi\u00f3n de logotipos: disponible<\/p>\n<p>MOQ: 1000PCS<\/p>","protected":false},"featured_media":5894,"template":"","meta":{"_acf_changed":false},"product_brand":[],"product_cat":[325,341],"product_tag":[192],"class_list":{"0":"post-5893","1":"product","2":"type-product","3":"status-publish","4":"has-post-thumbnail","6":"product_cat-road-safety-products","7":"product_cat-warning-vest-sun-shade","8":"product_tag-mesh-warning-vest","10":"first","11":"instock","12":"product-type-simple"},"acf":[],"_links":{"self":[{"href":"https:\/\/toprisesafety.com\/es\/wp-json\/wp\/v2\/product\/5893"}],"collection":[{"href":"https:\/\/toprisesafety.com\/es\/wp-json\/wp\/v2\/product"}],"about":[{"href":"https:\/\/toprisesafety.com\/es\/wp-json\/wp\/v2\/types\/product"}],"wp:featuredmedia":[{"embeddable":true,"href":"https:\/\/toprisesafety.com\/es\/wp-json\/wp\/v2\/media\/5894"}],"wp:attachment":[{"href":"https:\/\/toprisesafety.com\/es\/wp-json\/wp\/v2\/media?parent=5893"}],"wp:term":[{"taxonomy":"product_brand","embeddable":true,"href":"https:\/\/toprisesafety.com\/es\/wp-json\/wp\/v2\/product_brand?post=5893"},{"taxonomy":"product_cat","embeddable":true,"href":"https:\/\/toprisesafety.com\/es\/wp-json\/wp\/v2\/product_cat?post=5893"},{"taxonomy":"product_tag","embeddable":true,"href":"https:\/\/toprisesafety.com\/es\/wp-json\/wp\/v2\/product_tag?post=5893"}],"curies":[{"name":"wp","href":"https:\/\/api.w.org\/{rel}","templated":true}]}}