{"id":5881,"date":"2018-02-26T07:11:27","date_gmt":"2018-02-26T07:11:27","guid":{"rendered":"https:\/\/toprisesafety.com\/product\/reflective-winter-jacket\/"},"modified":"2025-05-06T08:04:10","modified_gmt":"2025-05-06T08:04:10","slug":"reflective-winter-jacket","status":"publish","type":"product","link":"https:\/\/toprisesafety.com\/es\/producto\/reflective-winter-jacket\/","title":{"rendered":"Chaqueta reflectante de invierno"},"content":{"rendered":"<p><strong><span style=\"font-size: 140%;\">Chaqueta reflectante de invierno <\/span><\/strong><\/p>\n<ul>\n<li style=\"list-style-type: none;\">\n<ul>\n<li><span data-spm-anchor-id=\"a2700.details.pronpeci14.i0.1ad57e9arDjUzn\">Nuestra chaqueta est\u00e1 fabricada con materiales oxford reflectantes superbrillantes.<\/span><\/li>\n<\/ul>\n<\/li>\n<\/ul>\n<ul>\n<li style=\"list-style-type: none;\">\n<ul>\n<li><span data-spm-anchor-id=\"a2700.details.pronpeci14.i1.1ad57e9arDjUzn\">Resistencia al envejecimiento, antifricci\u00f3n y al lavado.<\/span><\/li>\n<\/ul>\n<\/li>\n<\/ul>\n<ul>\n<li style=\"list-style-type: none;\">\n<ul>\n<li>Anti-UV, Anti-Arrugas, Transpirable, No T\u00f3xico, Secado R\u00e1pido, Cortaviento,Impermeable<\/li>\n<\/ul>\n<\/li>\n<\/ul>\n<ul>\n<li style=\"list-style-type: none;\">\n<ul>\n<li>Desempe\u00f1a un papel de protecci\u00f3n especial en el trabajo y en la vida.<\/li>\n<\/ul>\n<\/li>\n<\/ul>\n<ul>\n<li style=\"list-style-type: none;\">\n<ul>\n<li><span data-spm-anchor-id=\"a2700.details.pronpeci14.i1.29d6387f7ZZIBK\">Bolsillos multifuncionales<\/span><\/li>\n<\/ul>\n<\/li>\n<\/ul>\n<ul>\n<li style=\"list-style-type: none;\">\n<ul>\n<li data-spm-anchor-id=\"a2700.details.pronpeci14.i0.29d6387f7ZZIBK\">Una capucha que se pliega en el cuello<\/li>\n<\/ul>\n<\/li>\n<\/ul>\n<ul>\n<li style=\"list-style-type: none;\">\n<ul>\n<li data-spm-anchor-id=\"a2700.details.pronpeci14.i0.29d6387f7ZZIBK\">Aplicaciones:  Construcci\u00f3n, industria, trabajos off shore, trabajos mineros, industria de la soldadura, industria de la energ\u00eda el\u00e9ctrica, industria petroqu\u00edmica e industria del gas natural.<\/li>\n<\/ul>\n<\/li>\n<\/ul>\n<h2><strong>Especificaciones de la chaqueta reflectante de invierno:\u00a0<\/strong><\/h2>\n<table>\n<tbody>\n<tr>\n<td width=\"284\">Art No.<\/td>\n<td width=\"332\">SJ02<\/td>\n<\/tr>\n<tr>\n<td width=\"284\">Material textil<\/td>\n<td width=\"332\">Material Oxford con revestimiento de PU\/PVC<\/td>\n<\/tr>\n<tr>\n<td width=\"284\">Cinta reflectante<\/td>\n<td width=\"332\">Alta visibilidad<\/td>\n<\/tr>\n<tr>\n<td width=\"284\">Cinta reflectante<\/td>\n<td width=\"332\">Cinta T\/C plateada o cinta 3M<\/td>\n<\/tr>\n<tr>\n<td width=\"284\">Material<\/td>\n<td width=\"332\">300D oxford o seg\u00fan los requisitos del cliente<\/td>\n<\/tr>\n<tr>\n<td width=\"284\">Color<\/td>\n<td width=\"332\">Amarillo fluorescente, verde fluorescente, naranja-rojo<\/td>\n<\/tr>\n<tr>\n<td width=\"284\">Top mosca<\/td>\n<td width=\"332\">Cremallera y bot\u00f3n<\/td>\n<\/tr>\n<tr>\n<td width=\"284\">Forro<\/td>\n<td width=\"332\">Forro de tafet\u00e1n o polar a elegir, interior de guata de poli\u00e9ster para un uso c\u00e1lido a elegir<\/td>\n<\/tr>\n<tr>\n<td width=\"284\">Dise\u00f1o<\/td>\n<td width=\"332\">Dos bolsillos laterales, capucha plegable en el cuello<\/td>\n<\/tr>\n<tr>\n<td width=\"284\">Caracter\u00edstica<\/td>\n<td width=\"332\">Impermeable, cortaviento, reflectante<\/td>\n<\/tr>\n<tr>\n<td width=\"284\">Logotipo<\/td>\n<td width=\"332\">Impresi\u00f3n del logotipo del cliente o etiqueta con el logotipo disponible<\/td>\n<\/tr>\n<tr>\n<td width=\"284\">MOQ<\/td>\n<td width=\"332\">500PCS<\/td>\n<\/tr>\n<tr>\n<td width=\"284\">Embalaje<\/td>\n<td width=\"332\">1PC\/OPP, 20PC\/CTN, embalaje especial seg\u00fan el requisito de cliente<\/td>\n<\/tr>\n<\/tbody>\n<\/table>\n<p>TOPRISE admite varios estilos de chaquetas de seguridad, camisetas reflectantes y personalizaci\u00f3n de sudaderas de seguridad; haga clic para <a href=\"https:\/\/toprisesafety.com\/es\/categoria-producto\/road-safety-products\/warning-wear\/warning-jacket-t-shirt-hoodie\/\">ver m\u00e1s estilos de ropa de trabajo de seguridad.<\/a><\/p>\n<p>Si no encuentra su ropa de trabajo de seguridad requerida de chalecos de seguridad, camisetas reflectantes, sudaderas de seguridad, etc., <a href=\"https:\/\/toprisesafety.com\/es\/contact-us\/\">p\u00f3ngase en contacto con nosotros;<\/a> apoyamos la personalizaci\u00f3n especial.<\/p>","protected":false},"excerpt":{"rendered":"<p>N\u00ba Referencia: SJ02<\/p>\n<p>Material: Oxford con revestimiento de PVC o PU<\/p>\n<p>Talla: S-XXXL<\/p>\n<p>Color: amarillo\/verde\/naranja-rojo fluorescente<\/p>\n<p>Impresi\u00f3n de logotipos: disponible<\/p>\n<p>MOQ: 500PCS<\/p>","protected":false},"featured_media":5882,"template":"","meta":{"_acf_changed":false},"product_brand":[],"product_cat":[325,339],"product_tag":[185],"class_list":{"0":"post-5881","1":"product","2":"type-product","3":"status-publish","4":"has-post-thumbnail","6":"product_cat-road-safety-products","7":"product_cat-warning-jacket-t-shirt-hoodie","8":"product_tag-reflective-winter-jacket","10":"first","11":"instock","12":"product-type-simple"},"acf":[],"_links":{"self":[{"href":"https:\/\/toprisesafety.com\/es\/wp-json\/wp\/v2\/product\/5881"}],"collection":[{"href":"https:\/\/toprisesafety.com\/es\/wp-json\/wp\/v2\/product"}],"about":[{"href":"https:\/\/toprisesafety.com\/es\/wp-json\/wp\/v2\/types\/product"}],"wp:featuredmedia":[{"embeddable":true,"href":"https:\/\/toprisesafety.com\/es\/wp-json\/wp\/v2\/media\/5882"}],"wp:attachment":[{"href":"https:\/\/toprisesafety.com\/es\/wp-json\/wp\/v2\/media?parent=5881"}],"wp:term":[{"taxonomy":"product_brand","embeddable":true,"href":"https:\/\/toprisesafety.com\/es\/wp-json\/wp\/v2\/product_brand?post=5881"},{"taxonomy":"product_cat","embeddable":true,"href":"https:\/\/toprisesafety.com\/es\/wp-json\/wp\/v2\/product_cat?post=5881"},{"taxonomy":"product_tag","embeddable":true,"href":"https:\/\/toprisesafety.com\/es\/wp-json\/wp\/v2\/product_tag?post=5881"}],"curies":[{"name":"wp","href":"https:\/\/api.w.org\/{rel}","templated":true}]}}