{"id":5875,"date":"2018-02-26T08:04:16","date_gmt":"2018-02-26T08:04:16","guid":{"rendered":"https:\/\/toprisesafety.com\/product\/traffic-road-block-lamp\/"},"modified":"2025-05-12T03:10:38","modified_gmt":"2025-05-12T03:10:38","slug":"traffic-road-block-lamp","status":"publish","type":"product","link":"https:\/\/toprisesafety.com\/es\/producto\/traffic-road-block-lamp\/","title":{"rendered":"L\u00e1mpara de bloqueo de tr\u00e1fico"},"content":{"rendered":"<p><strong><span style=\"font-size: 140%;\">L\u00e1mpara de bloqueo de tr\u00e1fico<\/span><\/strong><\/p>\n<ul>\n<li style=\"list-style-type: none;\">\n<ul>\n<li data-spm-anchor-id=\"a2700.details.pronpeci14.i0.542c14dfQkSbXz\">Luces intermitentes de barricada de tr\u00e1fico que vienen con\u00a0<a data-log-q=\"photosensor\" data-log-le=\"auto\">fotosensor\u00a0<\/a>para encender la luz cuando oscurece. Estas luces de barricada est\u00e1n disponibles con bombillas LED.<\/li>\n<\/ul>\n<\/li>\n<\/ul>\n<ul>\n<li style=\"list-style-type: none;\">\n<ul>\n<li data-spm-anchor-id=\"a2700.details.pronpeci14.i1.355140edZSoxmt\">Se utilizan habitualmente para se\u00f1alar a los automovilistas las obras de construcci\u00f3n y reparaci\u00f3n de carreteras, los cierres de carreteras, los desv\u00edos y similares. Dicha luz menguante puede colocarse encima de barricadas, barreras, conos, barriles, postes y similares.<\/li>\n<\/ul>\n<\/li>\n<\/ul>\n<ul>\n<li style=\"list-style-type: none;\">\n<ul>\n<li>Suelen incluir una base para alojar pilas, una cubierta en la parte superior de la base que contiene varios componentes el\u00e9ctricos y una fuente de luz montada encima de la cubierta dentro de una lente difusora para ampliar el haz de la fuente de luz.<\/li>\n<\/ul>\n<\/li>\n<\/ul>\n<ul>\n<li style=\"list-style-type: none;\">\n<ul>\n<li>Reflejo autom\u00e1tico de la luz por la noche<\/li>\n<\/ul>\n<\/li>\n<\/ul>\n<ul>\n<li style=\"list-style-type: none;\">\n<ul>\n<li>Utiliza el material de pp con alta resistencia anticolisi\u00f3n, es duradero y de alta duraci\u00f3n de la bater\u00eda<\/li>\n<\/ul>\n<\/li>\n<\/ul>\n<ul>\n<li style=\"list-style-type: none;\">\n<ul>\n<li data-spm-anchor-id=\"a2700.details.pronpeci14.i0.2ff22282p9ZhMX\">Dise\u00f1o impermeable, i t todav\u00eda pod\u00eda trabajar con la lluvia<\/li>\n<\/ul>\n<\/li>\n<\/ul>\n<h2><strong>Especificaci\u00f3n de la l\u00e1mpara de bloqueo de tr\u00e1fico:\u00a0<\/strong><\/h2>\n<table>\n<tbody>\n<tr>\n<td width=\"284\">Art No.<\/td>\n<td width=\"284\">WL02<\/td>\n<\/tr>\n<tr>\n<td width=\"284\">Fuente de luz<\/td>\n<td width=\"284\">LED de gran luminosidad<\/td>\n<\/tr>\n<tr>\n<td width=\"284\">Frecuencia del flash<\/td>\n<td width=\"284\">65\/min<\/td>\n<\/tr>\n<tr>\n<td width=\"284\">Frecuencia de error<\/td>\n<td width=\"284\">+5%<\/td>\n<\/tr>\n<tr>\n<td width=\"284\">Color claro<\/td>\n<td width=\"284\">Rojo o amarillo<\/td>\n<\/tr>\n<tr>\n<td width=\"284\">Tensi\u00f3n<\/td>\n<td width=\"284\">6V(4R 25) para 350-450 horas<\/td>\n<\/tr>\n<tr>\n<td width=\"284\">Potencia<\/td>\n<td width=\"284\">&lt;0.05W<\/td>\n<\/tr>\n<tr>\n<td width=\"284\">Distancia visible<\/td>\n<td width=\"284\">250-300M<\/td>\n<\/tr>\n<tr>\n<td width=\"284\">Modelo<\/td>\n<td width=\"284\">Flash, iluminaci\u00f3n constante, apagado<\/td>\n<\/tr>\n<tr>\n<td width=\"284\">Soporte met\u00e1lico<\/td>\n<td width=\"284\">S\u00ed<\/td>\n<\/tr>\n<\/tbody>\n<\/table>\n<p>TOPRISE admite varios estilos de personalizaci\u00f3n de las luces de advertencia; haga clic para <a href=\"https:\/\/toprisesafety.com\/es\/categoria-producto\/road-safety-products\/warning-lamp\/\">ver m\u00e1s estilos de luces de advertencia.<\/a><\/p>\n<p>Si no encuentra la luz de advertencia que necesita,<a href=\"https:\/\/toprisesafety.com\/es\/contact-us\/\"> p\u00f3ngase en contacto con nosotros;<\/a> apoyamos la personalizaci\u00f3n especial.<\/p>","protected":false},"excerpt":{"rendered":"<p>N\u00ba Referencia: WL02<\/p>\n<p>Color: Rojo o amarillo o azul<\/p>\n<p>Bater\u00eda: Dos ( Sin, necesita comprar extra)<\/p>\n<p>Soporte met\u00e1lico: S\u00ed<\/p>\n<p>MOQ: 500PCS<\/p>","protected":false},"featured_media":5876,"template":"","meta":{"_acf_changed":false},"product_brand":[],"product_cat":[325,337],"product_tag":[179],"class_list":{"0":"post-5875","1":"product","2":"type-product","3":"status-publish","4":"has-post-thumbnail","6":"product_cat-road-safety-products","7":"product_cat-warning-lamp","8":"product_tag-traffic-road-block-lamp","10":"first","11":"instock","12":"product-type-simple"},"acf":[],"_links":{"self":[{"href":"https:\/\/toprisesafety.com\/es\/wp-json\/wp\/v2\/product\/5875"}],"collection":[{"href":"https:\/\/toprisesafety.com\/es\/wp-json\/wp\/v2\/product"}],"about":[{"href":"https:\/\/toprisesafety.com\/es\/wp-json\/wp\/v2\/types\/product"}],"wp:featuredmedia":[{"embeddable":true,"href":"https:\/\/toprisesafety.com\/es\/wp-json\/wp\/v2\/media\/5876"}],"wp:attachment":[{"href":"https:\/\/toprisesafety.com\/es\/wp-json\/wp\/v2\/media?parent=5875"}],"wp:term":[{"taxonomy":"product_brand","embeddable":true,"href":"https:\/\/toprisesafety.com\/es\/wp-json\/wp\/v2\/product_brand?post=5875"},{"taxonomy":"product_cat","embeddable":true,"href":"https:\/\/toprisesafety.com\/es\/wp-json\/wp\/v2\/product_cat?post=5875"},{"taxonomy":"product_tag","embeddable":true,"href":"https:\/\/toprisesafety.com\/es\/wp-json\/wp\/v2\/product_tag?post=5875"}],"curies":[{"name":"wp","href":"https:\/\/api.w.org\/{rel}","templated":true}]}}