{"id":5867,"date":"2018-02-26T09:12:22","date_gmt":"2018-02-26T09:12:22","guid":{"rendered":"https:\/\/toprisesafety.com\/product\/solar-traffic-warning-light\/"},"modified":"2025-05-12T03:09:37","modified_gmt":"2025-05-12T03:09:37","slug":"solar-traffic-warning-light","status":"publish","type":"product","link":"https:\/\/toprisesafety.com\/es\/producto\/solar-traffic-warning-light\/","title":{"rendered":"Sem\u00e1foro solar"},"content":{"rendered":"<p><strong><span style=\"font-size: 140%;\">Sem\u00e1foro solar\u00a0<\/span><\/strong><\/p>\n<ul>\n<li style=\"list-style-type: none;\">\n<ul>\n<li data-spm-anchor-id=\"a2700.details.pronpeci14.i0.542c14dfQkSbXz\">Luces intermitentes de barricada de tr\u00e1fico que vienen con\u00a0<a data-log-q=\"photosensor\" data-log-le=\"auto\">fotosensor\u00a0<\/a>para encender la luz cuando oscurece. Estas luces de barricada est\u00e1n disponibles con bombillas LED.<\/li>\n<\/ul>\n<\/li>\n<\/ul>\n<ul>\n<li style=\"list-style-type: none;\">\n<ul>\n<li data-spm-anchor-id=\"a2700.details.pronpeci14.i1.355140edZSoxmt\">Se utilizan habitualmente para se\u00f1alar a los automovilistas las obras de construcci\u00f3n y reparaci\u00f3n de carreteras, los cierres de carreteras, los desv\u00edos y similares. Dicha luz menguante puede colocarse encima de barricadas, barreras, conos, barriles, postes y similares.<\/li>\n<\/ul>\n<\/li>\n<\/ul>\n<ul>\n<li style=\"list-style-type: none;\">\n<ul>\n<li>Suelen incluir una base para alojar pilas, una cubierta en la parte superior de la base que contiene varios componentes el\u00e9ctricos y una fuente de luz montada encima de la cubierta dentro de una lente difusora para ampliar el haz de la fuente de luz.<\/li>\n<\/ul>\n<\/li>\n<\/ul>\n<ul>\n<li style=\"list-style-type: none;\">\n<ul>\n<li>Reflejo autom\u00e1tico de la luz por la noche<\/li>\n<\/ul>\n<\/li>\n<\/ul>\n<ul>\n<li style=\"list-style-type: none;\">\n<ul>\n<li>Utiliza el material de pp con alta resistencia anticolisi\u00f3n, es duradero y de alta duraci\u00f3n de la bater\u00eda<\/li>\n<\/ul>\n<\/li>\n<\/ul>\n<ul>\n<li style=\"list-style-type: none;\">\n<ul>\n<li data-spm-anchor-id=\"a2700.details.pronpeci14.i0.2ff22282p9ZhMX\">Dise\u00f1o impermeable, i t todav\u00eda pod\u00eda trabajar con la lluvia<\/li>\n<\/ul>\n<\/li>\n<\/ul>\n<h2><strong>Especificaciones del sem\u00e1foro solar:<\/strong><\/h2>\n<table>\n<tbody>\n<tr>\n<td width=\"284\">Art No.<\/td>\n<td width=\"284\">WL04<\/td>\n<\/tr>\n<tr>\n<td width=\"284\">Material<\/td>\n<td width=\"284\">18cm(Di\u00e1metro) Lente PS y cuerpo PP<\/td>\n<\/tr>\n<tr>\n<td width=\"284\">Fuente de luz<\/td>\n<td width=\"284\">2 LED de alta luminosidad<\/td>\n<\/tr>\n<tr>\n<td width=\"284\">Color claro<\/td>\n<td width=\"284\">Rojo o amarillo<\/td>\n<\/tr>\n<tr>\n<td width=\"284\">Panel solar<\/td>\n<td width=\"284\">C\u00e9lula solar de silicona de alta calidad<\/td>\n<\/tr>\n<tr>\n<td width=\"284\">Potencia<\/td>\n<td width=\"284\">Bater\u00eda de litio recargable de 3200mAh en el interior,0,8W\/4,5A<\/td>\n<\/tr>\n<tr>\n<td width=\"284\">Funci\u00f3n<\/td>\n<td width=\"284\">Flash y cerrar y tambi\u00e9n elegir largo brillante y flash<\/td>\n<\/tr>\n<\/tbody>\n<\/table>\n<p><img fetchpriority=\"high\" decoding=\"async\" class=\"alignnone wp-image-984\" src=\"https:\/\/toprisesafety.com\/wp-content\/uploads\/2024\/08\/SOLAR-WARNING-LAMPS-TRAFFIC-CONE2-300x300-1.jpg\" alt=\"\" width=\"372\" height=\"372\" \/><\/p>\n<p>TOPRISE admite varios estilos de personalizaci\u00f3n de las luces de advertencia; haga clic para <a href=\"https:\/\/toprisesafety.com\/es\/categoria-producto\/road-safety-products\/warning-lamp\/\">ver m\u00e1s estilos de luces de advertencia.<\/a><\/p>\n<p>Si no encuentra la luz de advertencia que necesita,<a href=\"https:\/\/toprisesafety.com\/es\/contact-us\/\"> p\u00f3ngase en contacto con nosotros;<\/a> apoyamos la personalizaci\u00f3n especial.<\/p>","protected":false},"excerpt":{"rendered":"<p>N\u00ba Referencia: WL04<\/p>\n<p>Color: Rojo o amarillo o azul<\/p>\n<p>Alimentaci\u00f3n: Solar<\/p>\n<p>MOQ: 500PCS<\/p>","protected":false},"featured_media":5869,"template":"","meta":{"_acf_changed":false},"product_brand":[],"product_cat":[325,337],"product_tag":[177],"class_list":{"0":"post-5867","1":"product","2":"type-product","3":"status-publish","4":"has-post-thumbnail","6":"product_cat-road-safety-products","7":"product_cat-warning-lamp","8":"product_tag-solar-traffic-warning-light","10":"first","11":"instock","12":"product-type-simple"},"acf":[],"_links":{"self":[{"href":"https:\/\/toprisesafety.com\/es\/wp-json\/wp\/v2\/product\/5867","targetHints":{"allow":["GET"]}}],"collection":[{"href":"https:\/\/toprisesafety.com\/es\/wp-json\/wp\/v2\/product"}],"about":[{"href":"https:\/\/toprisesafety.com\/es\/wp-json\/wp\/v2\/types\/product"}],"wp:featuredmedia":[{"embeddable":true,"href":"https:\/\/toprisesafety.com\/es\/wp-json\/wp\/v2\/media\/5869"}],"wp:attachment":[{"href":"https:\/\/toprisesafety.com\/es\/wp-json\/wp\/v2\/media?parent=5867"}],"wp:term":[{"taxonomy":"product_brand","embeddable":true,"href":"https:\/\/toprisesafety.com\/es\/wp-json\/wp\/v2\/product_brand?post=5867"},{"taxonomy":"product_cat","embeddable":true,"href":"https:\/\/toprisesafety.com\/es\/wp-json\/wp\/v2\/product_cat?post=5867"},{"taxonomy":"product_tag","embeddable":true,"href":"https:\/\/toprisesafety.com\/es\/wp-json\/wp\/v2\/product_tag?post=5867"}],"curies":[{"name":"wp","href":"https:\/\/api.w.org\/{rel}","templated":true}]}}