{"id":5863,"date":"2018-02-26T09:31:20","date_gmt":"2018-02-26T09:31:20","guid":{"rendered":"https:\/\/toprisesafety.com\/product\/pvc-traffic-cones\/"},"modified":"2024-11-11T07:54:29","modified_gmt":"2024-11-11T07:54:29","slug":"pvc-traffic-cones","status":"publish","type":"product","link":"https:\/\/toprisesafety.com\/es\/producto\/pvc-traffic-cones\/","title":{"rendered":"Cono de tr\u00e1fico de PVC rojo"},"content":{"rendered":"<p><strong>Cono de tr\u00e1fico de PVC rojo<\/strong><\/p>\n<p>El cono de tr\u00e1fico de PVC rojo se puede girar y presionar 180 grados. Tambi\u00e9n puede volver a colocarse cuando su parte superior toca el suelo, con gran flexibilidad frente al atropello y el impacto de los coches. Gracias a su buena resistencia a la intemperie, no se deforma a altas temperaturas (65\u00b0C) ni se agrieta a bajas temperaturas (-30\u00b0C). Altamente reflectante, buenos efectos de advertencia tanto de d\u00eda como de noche, anti-UV, resistente al envejecimiento y duradero. Este cono de tr\u00e1fico tiene un perfil de cuerpo ancho para mayor estabilidad. Cono es moldeado por inyecci\u00f3n con base negra.Conduzca por la carretera separando el papel de la advertencia; Acoplado con el papel de la celos\u00eda mejor.<\/p>\n<p><strong>Caracter\u00edsticas:\u00a0<\/strong><\/p>\n<ul>\n<li style=\"list-style-type: none;\">\n<ul>\n<li>Fabricado con material de PVC de alta calidad<\/li>\n<\/ul>\n<\/li>\n<\/ul>\n<ul>\n<li style=\"list-style-type: none;\">\n<ul>\n<li>Es resistente al sol, impermeable, resistente al calor, resistente al fr\u00edo, sin aros, no desti\u00f1e, etc.<\/li>\n<\/ul>\n<\/li>\n<\/ul>\n<ul>\n<li style=\"list-style-type: none;\">\n<ul>\n<li>El color rojo del cono y la manga reflectante blanca son muy llamativos.<\/li>\n<\/ul>\n<\/li>\n<\/ul>\n<ul>\n<li style=\"list-style-type: none;\">\n<ul>\n<li>Por la noche, puede reflejar la luz deslumbrante y hacer que el conductor vea con claridad.<\/li>\n<\/ul>\n<\/li>\n<\/ul>\n<ul>\n<li style=\"list-style-type: none;\">\n<ul>\n<li>Se utiliza en el cruce de carreteras, mantenimiento de autopistas, hoteles, barrios residenciales, zonas peligrosas, obras de construcci\u00f3n, etc.<\/li>\n<\/ul>\n<\/li>\n<\/ul>\n<h2><strong>Especificaci\u00f3n de los conos de tr\u00e1fico de PVC rojo:\u00a0<\/strong><\/h2>\n<table>\n<tbody>\n<tr>\n<td width=\"94\">Art No.<\/td>\n<td width=\"94\">TC02-30<\/td>\n<td width=\"94\">TC02-45<\/td>\n<td width=\"94\">TC02-70<\/td>\n<td width=\"94\">TC02-90<\/td>\n<td width=\"94\">TC02-90<\/td>\n<\/tr>\n<tr>\n<td width=\"94\">Altura<\/td>\n<td width=\"94\">30 CM<\/td>\n<td width=\"94\">45 CM<\/td>\n<td width=\"94\">70 CM<\/td>\n<td width=\"94\">90 CM<\/td>\n<td width=\"94\">90 CM<\/td>\n<\/tr>\n<tr>\n<td width=\"94\">Tama\u00f1o de la base<\/td>\n<td width=\"94\">21*21CM<\/td>\n<td width=\"94\">28*28CM<\/td>\n<td width=\"94\">35*35CM<\/td>\n<td width=\"94\">36*36CM<\/td>\n<td width=\"94\">36*36CM<\/td>\n<\/tr>\n<tr>\n<td width=\"94\">Peso<\/td>\n<td width=\"94\">0.6KGS<\/td>\n<td width=\"94\">1.1KGS<\/td>\n<td width=\"94\">2.3KGS<\/td>\n<td width=\"94\">3,4KGS<\/td>\n<td width=\"94\">4.3KGS<\/td>\n<\/tr>\n<tr>\n<td width=\"94\">Tama\u00f1o de la cinta reflectante<\/td>\n<td width=\"94\">10CM una barra<\/td>\n<td width=\"94\">15CM una barra<\/td>\n<td width=\"94\">Barra de 10+15CM<\/td>\n<td width=\"94\">Barra de 10+15CM<\/td>\n<td width=\"94\">Barra de 10+15CM<\/td>\n<\/tr>\n<tr>\n<td width=\"94\">Embalaje<\/td>\n<td width=\"94\">20PCS\/KNIT BOLSA<\/td>\n<td width=\"94\">20PCS\/KNIT BOLSA<\/td>\n<td width=\"94\">10PCS\/KNIT BOLSA<\/td>\n<td width=\"94\">5PCS\/KNIT BOLSA<\/td>\n<td width=\"94\">5PCS\/KNIT BOLSA<\/td>\n<\/tr>\n<\/tbody>\n<\/table>","protected":false},"excerpt":{"rendered":"<p>N\u00ba Referencia: TC02-30\/45\/70\/90<\/p>\n<p>Tama\u00f1o: 30CM\/45CM\/70CM\/90CM<\/p>\n<p>Color: Rojo<\/p>\n<p>MOQ:500PCS<\/p>","protected":false},"featured_media":5864,"template":"","meta":{"_acf_changed":false},"product_brand":[],"product_cat":[325],"product_tag":[174],"class_list":{"0":"post-5863","1":"product","2":"type-product","3":"status-publish","4":"has-post-thumbnail","6":"product_cat-road-safety-products","7":"product_tag-red-pvc-traffic-cone","9":"first","10":"instock","11":"product-type-simple"},"acf":[],"_links":{"self":[{"href":"https:\/\/toprisesafety.com\/es\/wp-json\/wp\/v2\/product\/5863"}],"collection":[{"href":"https:\/\/toprisesafety.com\/es\/wp-json\/wp\/v2\/product"}],"about":[{"href":"https:\/\/toprisesafety.com\/es\/wp-json\/wp\/v2\/types\/product"}],"wp:featuredmedia":[{"embeddable":true,"href":"https:\/\/toprisesafety.com\/es\/wp-json\/wp\/v2\/media\/5864"}],"wp:attachment":[{"href":"https:\/\/toprisesafety.com\/es\/wp-json\/wp\/v2\/media?parent=5863"}],"wp:term":[{"taxonomy":"product_brand","embeddable":true,"href":"https:\/\/toprisesafety.com\/es\/wp-json\/wp\/v2\/product_brand?post=5863"},{"taxonomy":"product_cat","embeddable":true,"href":"https:\/\/toprisesafety.com\/es\/wp-json\/wp\/v2\/product_cat?post=5863"},{"taxonomy":"product_tag","embeddable":true,"href":"https:\/\/toprisesafety.com\/es\/wp-json\/wp\/v2\/product_tag?post=5863"}],"curies":[{"name":"wp","href":"https:\/\/api.w.org\/{rel}","templated":true}]}}