{"id":5861,"date":"2018-02-26T09:55:22","date_gmt":"2018-02-26T09:55:22","guid":{"rendered":"https:\/\/toprisesafety.com\/product\/cheap-pvc-traffic-cone-safety-cones\/"},"modified":"2024-11-11T07:54:19","modified_gmt":"2024-11-11T07:54:19","slug":"cheap-pvc-traffic-cone-safety-cones","status":"publish","type":"product","link":"https:\/\/toprisesafety.com\/es\/producto\/cheap-pvc-traffic-cone-safety-cones\/","title":{"rendered":"conos de tr\u00e1fico de PVC baratos conos de seguridad"},"content":{"rendered":"<p><strong>Cono de tr\u00e1fico de PVC barato<\/strong><br \/>\nEl cono de tr\u00e1fico de PVC rojo se puede girar y presionar 180 grados. Tambi\u00e9n puede volver a colocarse cuando su parte superior toca el suelo, con gran flexibilidad frente al atropello y el impacto de los coches. Gracias a su buena resistencia a la intemperie, no se deforma a altas temperaturas (65\u00b0C) ni se agrieta a bajas temperaturas (-30\u00b0C). Altamente reflectante, buenos efectos de advertencia tanto de d\u00eda como de noche, anti-UV, resistente al envejecimiento y duradero. Este cono de tr\u00e1fico tiene un perfil de cuerpo ancho para mayor estabilidad. Cono es moldeado por inyecci\u00f3n con base negra.Conduzca por la carretera separando el papel de la advertencia; Acoplado con el papel de la celos\u00eda mejor.<br \/>\n<strong>Caracter\u00edsticas:\u00a0<\/strong><\/p>\n<ul>\n<li style=\"list-style-type: none;\">\n<ul>\n<li>Fabricado con material de PVC de alta calidad<\/li>\n<\/ul>\n<\/li>\n<\/ul>\n<ul>\n<li style=\"list-style-type: none;\">\n<ul>\n<li>Es resistente al sol, impermeable, resistente al calor, resistente al fr\u00edo, sin aros, no desti\u00f1e, etc.<\/li>\n<\/ul>\n<\/li>\n<\/ul>\n<ul>\n<li style=\"list-style-type: none;\">\n<ul>\n<li>El color rojo del cono y la manga reflectante blanca son muy llamativos.<\/li>\n<\/ul>\n<\/li>\n<\/ul>\n<ul>\n<li style=\"list-style-type: none;\">\n<ul>\n<li>Por la noche, puede reflejar la luz deslumbrante y hacer que el conductor vea con claridad.<\/li>\n<\/ul>\n<\/li>\n<\/ul>\n<ul>\n<li style=\"list-style-type: none;\">\n<ul>\n<li>Se utiliza en el cruce de carreteras, mantenimiento de autopistas, hoteles, barrios residenciales, zonas peligrosas, obras de construcci\u00f3n, etc.<\/li>\n<\/ul>\n<\/li>\n<\/ul>\n<h2><strong>Especificaci\u00f3n del cono de tr\u00e1fico de PVC barato:\u00a0<\/strong><\/h2>\n<table>\n<tbody>\n<tr>\n<td width=\"94\">Art No.<\/td>\n<td width=\"136\">TC03-45<\/td>\n<td width=\"151\">TC04-70<\/td>\n<td width=\"139\">TC05-90<\/td>\n<\/tr>\n<tr>\n<td width=\"94\">Altura<\/td>\n<td width=\"136\">45 CM<\/td>\n<td width=\"151\">70 CM<\/td>\n<td width=\"139\">90 CM<\/td>\n<\/tr>\n<tr>\n<td width=\"94\">Tama\u00f1o de la base<\/td>\n<td width=\"136\">28*28CM<\/td>\n<td width=\"151\">36*36CM<\/td>\n<td width=\"139\">36*36CM<\/td>\n<\/tr>\n<tr>\n<td width=\"94\">Peso<\/td>\n<td width=\"136\">1.6KGS<\/td>\n<td width=\"151\">2.3KGS<\/td>\n<td width=\"139\">4,1 KGS<\/td>\n<\/tr>\n<tr>\n<td width=\"94\">Tama\u00f1o de la cinta reflectante<\/td>\n<td width=\"136\">10CM una barra<\/td>\n<td width=\"151\">15CM una barra<\/td>\n<td width=\"139\">10+15CM dos barras<\/td>\n<\/tr>\n<tr>\n<td width=\"94\">Embalaje<\/td>\n<td width=\"136\">20PCS\/KNIT BOLSA<\/td>\n<td width=\"151\">10PCS\/KNIT BOLSA<\/td>\n<td width=\"139\">5PCS\/KNIT BOLSA<\/td>\n<\/tr>\n<\/tbody>\n<\/table>","protected":false},"excerpt":{"rendered":"<p>N\u00ba Referencia: TC03-45\/70\/90<\/p>\n<p>Tama\u00f1o: 45CM\/70CM\/90CM<\/p>\n<p>Color: parte superior roja, base negra<\/p>\n<p>MOQ:500PCS<\/p>","protected":false},"featured_media":5862,"template":"","meta":{"_acf_changed":false},"product_brand":[],"product_cat":[325],"product_tag":[173],"class_list":{"0":"post-5861","1":"product","2":"type-product","3":"status-publish","4":"has-post-thumbnail","6":"product_cat-road-safety-products","7":"product_tag-cheap-red-pvc-traffic-cone","9":"first","10":"instock","11":"product-type-simple"},"acf":[],"_links":{"self":[{"href":"https:\/\/toprisesafety.com\/es\/wp-json\/wp\/v2\/product\/5861"}],"collection":[{"href":"https:\/\/toprisesafety.com\/es\/wp-json\/wp\/v2\/product"}],"about":[{"href":"https:\/\/toprisesafety.com\/es\/wp-json\/wp\/v2\/types\/product"}],"wp:featuredmedia":[{"embeddable":true,"href":"https:\/\/toprisesafety.com\/es\/wp-json\/wp\/v2\/media\/5862"}],"wp:attachment":[{"href":"https:\/\/toprisesafety.com\/es\/wp-json\/wp\/v2\/media?parent=5861"}],"wp:term":[{"taxonomy":"product_brand","embeddable":true,"href":"https:\/\/toprisesafety.com\/es\/wp-json\/wp\/v2\/product_brand?post=5861"},{"taxonomy":"product_cat","embeddable":true,"href":"https:\/\/toprisesafety.com\/es\/wp-json\/wp\/v2\/product_cat?post=5861"},{"taxonomy":"product_tag","embeddable":true,"href":"https:\/\/toprisesafety.com\/es\/wp-json\/wp\/v2\/product_tag?post=5861"}],"curies":[{"name":"wp","href":"https:\/\/api.w.org\/{rel}","templated":true}]}}