{"id":5855,"date":"2018-02-28T02:58:51","date_gmt":"2018-02-28T02:58:51","guid":{"rendered":"https:\/\/toprisesafety.com\/product\/barrier-warning-tape\/"},"modified":"2024-11-11T07:53:49","modified_gmt":"2024-11-11T07:53:49","slug":"barrier-warning-tape","status":"publish","type":"product","link":"https:\/\/toprisesafety.com\/es\/producto\/barrier-warning-tape\/","title":{"rendered":"Cinta de advertencia de barrera"},"content":{"rendered":"<p><strong>Cinta de advertencia de barrera\u00a0<\/strong><\/p>\n<ul>\n<li style=\"list-style-type: none;\">\n<ul>\n<li>La seguridad ante todo : desempe\u00f1a un papel fundamental en las \u00e1reas de seguridad<\/li>\n<\/ul>\n<\/li>\n<\/ul>\n<ul>\n<li style=\"list-style-type: none;\">\n<ul>\n<li>Alta visibilidad al entrar en una zona peligrosa.<\/li>\n<\/ul>\n<\/li>\n<\/ul>\n<ul>\n<li style=\"list-style-type: none;\">\n<ul>\n<li>Resistente al desgarro y f\u00e1cil de usar: fabricada en polietileno muy duradero, perfecta para zonas peligrosas.<\/li>\n<\/ul>\n<\/li>\n<\/ul>\n<ul>\n<li style=\"list-style-type: none;\">\n<ul>\n<li data-spm-anchor-id=\"a2700.details.pronpeci14.i0.41a8396ajqw88n\">Aplicaci\u00f3n: alertas de seguridad, alertas de tr\u00e1fico, se\u00f1ales de tr\u00e1fico, guardarra\u00edles de construcci\u00f3n, segregaci\u00f3n de la escena del crimen, aislamiento de emergencia y cuarentena para otras ocasiones especiales, etc.<\/li>\n<\/ul>\n<\/li>\n<\/ul>\n<ul>\n<li style=\"list-style-type: none;\">\n<ul>\n<li data-spm-anchor-id=\"a2700.details.pronpeci14.i0.41a8396ajqw88n\">Ampliamente utilizado en la industria del petr\u00f3leo\/gas, telecomunicaciones, petroqu\u00edmica, agua y alcantarillado e instalaci\u00f3n de tuber\u00edas no met\u00e1licas. Est\u00e1 dise\u00f1ado para ser enterrado por encima de la utilidad en el momento de la instalaci\u00f3n de servicios p\u00fablicos.<\/li>\n<\/ul>\n<\/li>\n<\/ul>\n<ul>\n<li style=\"list-style-type: none;\">\n<ul>\n<li data-spm-anchor-id=\"a2700.details.pronpeci14.i0.41a8396ajqw88n\">Resistente a la humedad, la corrosi\u00f3n y las variaciones de temperatura<\/li>\n<\/ul>\n<\/li>\n<\/ul>\n<h2>Especificaciones de la cinta de advertencia de barrera:<\/h2>\n<table>\n<tbody>\n<tr>\n<td width=\"284\">Art No.<\/td>\n<td width=\"284\">WT03<\/td>\n<\/tr>\n<tr>\n<td width=\"284\">Material<\/td>\n<td width=\"284\">LDPE<\/td>\n<\/tr>\n<tr>\n<td width=\"284\">Espesor<\/td>\n<td width=\"284\">30micron-150micron( 0.03mm-0.15mm) o personalizado<\/td>\n<\/tr>\n<tr>\n<td width=\"284\">Longitud<\/td>\n<td width=\"284\">100M-600M o personalizado<\/td>\n<\/tr>\n<tr>\n<td width=\"284\">Color<\/td>\n<td width=\"284\">Rojo\/Blanco con impresi\u00f3n en negro o personalizado<\/td>\n<\/tr>\n<tr>\n<td width=\"284\">Impresi\u00f3n de logotipos<\/td>\n<td width=\"284\">Disponible<\/td>\n<\/tr>\n<\/tbody>\n<\/table>","protected":false},"excerpt":{"rendered":"<p>N\u00ba Referencia: WT03<\/p>\n<p>Espesor: 30micron-150micron( 0.03mm-0.15mm) o personalizado<\/p>\n<p>Longitud: 100-600M o personalizada<\/p>\n<p>MQ: 500-1000 ROLLOS<\/p>","protected":false},"featured_media":5856,"template":"","meta":{"_acf_changed":false},"product_brand":[],"product_cat":[336,325],"product_tag":[169],"class_list":{"0":"post-5855","1":"product","2":"type-product","3":"status-publish","4":"has-post-thumbnail","6":"product_cat-pe-warning-tape-detectable-underground-warning-tape","7":"product_cat-road-safety-products","8":"product_tag-barrier-warning-tape-pe-warning-tape","10":"first","11":"instock","12":"product-type-simple"},"acf":[],"_links":{"self":[{"href":"https:\/\/toprisesafety.com\/es\/wp-json\/wp\/v2\/product\/5855"}],"collection":[{"href":"https:\/\/toprisesafety.com\/es\/wp-json\/wp\/v2\/product"}],"about":[{"href":"https:\/\/toprisesafety.com\/es\/wp-json\/wp\/v2\/types\/product"}],"wp:featuredmedia":[{"embeddable":true,"href":"https:\/\/toprisesafety.com\/es\/wp-json\/wp\/v2\/media\/5856"}],"wp:attachment":[{"href":"https:\/\/toprisesafety.com\/es\/wp-json\/wp\/v2\/media?parent=5855"}],"wp:term":[{"taxonomy":"product_brand","embeddable":true,"href":"https:\/\/toprisesafety.com\/es\/wp-json\/wp\/v2\/product_brand?post=5855"},{"taxonomy":"product_cat","embeddable":true,"href":"https:\/\/toprisesafety.com\/es\/wp-json\/wp\/v2\/product_cat?post=5855"},{"taxonomy":"product_tag","embeddable":true,"href":"https:\/\/toprisesafety.com\/es\/wp-json\/wp\/v2\/product_tag?post=5855"}],"curies":[{"name":"wp","href":"https:\/\/api.w.org\/{rel}","templated":true}]}}