{"id":5852,"date":"2018-02-28T03:47:32","date_gmt":"2018-02-28T03:47:32","guid":{"rendered":"https:\/\/toprisesafety.com\/product\/underground-detectable-warning-tape\/"},"modified":"2025-05-07T07:53:48","modified_gmt":"2025-05-07T07:53:48","slug":"underground-detectable-warning-tape","status":"publish","type":"product","link":"https:\/\/toprisesafety.com\/es\/producto\/underground-detectable-warning-tape\/","title":{"rendered":"Cinta de advertencia detectable bajo tierra"},"content":{"rendered":"<p><strong>Cinta de advertencia detectable bajo tierra <\/strong><\/p>\n<ul>\n<li style=\"list-style-type: none;\">\n<ul>\n<li>Se utiliza principalmente para marcar en la tuber\u00eda subterr\u00e1nea, como tuber\u00edas de agua, tuber\u00edas de gas, revestimiento de cable telef\u00f3nico, cable de fibra, etc. Ser\u00e1 \u00fatil para evitar da\u00f1os al excavar.<\/li>\n<\/ul>\n<\/li>\n<\/ul>\n<ul>\n<li style=\"list-style-type: none;\">\n<ul>\n<li>Resistente a la humedad, la corrosi\u00f3n y las variaciones de temperatura<\/li>\n<\/ul>\n<\/li>\n<\/ul>\n<ul>\n<li style=\"list-style-type: none;\">\n<ul>\n<li><span data-spm-anchor-id=\"a2700.details.pronpeci14.i0.6dd45dc6lOYHod\">Alta resistencia y durabilidad y detectable\u00a0<\/span><\/li>\n<\/ul>\n<\/li>\n<\/ul>\n<ul>\n<li style=\"list-style-type: none;\">\n<ul>\n<li>Color brillante<\/li>\n<\/ul>\n<\/li>\n<\/ul>\n<ul>\n<li style=\"list-style-type: none;\">\n<ul>\n<li>Fabricado con finas l\u00e1minas de polipropileno biorientado (PE\/ AL FOIL\/ OPP)<\/li>\n<\/ul>\n<\/li>\n<\/ul>\n<ul>\n<li style=\"list-style-type: none;\">\n<ul>\n<li>Evite los peligros de excavar en tuber\u00edas enterradas de agua y alcantarillado, lo que provoca interrupciones del servicio.<\/li>\n<\/ul>\n<\/li>\n<\/ul>\n<ul>\n<li style=\"list-style-type: none;\">\n<ul>\n<li>Mayor resistencia a la tracci\u00f3n y a la perforaci\u00f3n.<\/li>\n<\/ul>\n<\/li>\n<\/ul>\n<ul>\n<li style=\"list-style-type: none;\">\n<ul>\n<li>Proteja las tuber\u00edas durante a\u00f1os de excavaciones accidentales.<\/li>\n<\/ul>\n<\/li>\n<\/ul>\n<ul>\n<li style=\"list-style-type: none;\">\n<ul>\n<li>Posibilidad de imprimir el nombre de la empresa, el logotipo, el n\u00famero de tel\u00e9fono, etc.<\/li>\n<\/ul>\n<\/li>\n<\/ul>\n<h2><strong>Especificaciones de la cinta de advertencia detectable bajo tierra:<\/strong><\/h2>\n<table>\n<tbody>\n<tr>\n<td width=\"284\">Art No.<\/td>\n<td width=\"284\">AWT04<\/td>\n<\/tr>\n<tr>\n<td width=\"284\">Material<\/td>\n<td width=\"284\">OPP\/AL\/PE<\/td>\n<\/tr>\n<tr>\n<td width=\"284\">Espesor<\/td>\n<td width=\"284\">100mic~300mic (0,1mm-0,3mm)<\/td>\n<\/tr>\n<tr>\n<td width=\"284\">Anchura<\/td>\n<td width=\"284\">5CM, 7.5CM, 10CM, 15CM, 30CM etc.<\/td>\n<\/tr>\n<tr>\n<td width=\"284\">Longitud<\/td>\n<td width=\"284\">100,200,300,500M o personalizado<\/td>\n<\/tr>\n<tr>\n<td width=\"284\">Color<\/td>\n<td width=\"284\">Azul, rojo, verde, etc.<\/td>\n<\/tr>\n<tr>\n<td width=\"284\">Logotipo<\/td>\n<td width=\"284\">Lo normal es un color. A lo sumo 4 colores logotipo del cliente incluyendo nombre, tel,etc..<\/td>\n<\/tr>\n<\/tbody>\n<\/table>","protected":false},"excerpt":{"rendered":"<p>N\u00ba Referencia: AWT04<\/p>\n<p>Grosor: 100mic~300mic (0,1mm-0,3mm)<\/p>\n<p>Anchura: 5CM, 7.5CM, 10CM, 15CM, 30CM etc.<\/p>\n<p>Longitud: 100,200,300,500M o personalizada<\/p>\n<p>MQ: 500-1000 ROLLOS<\/p>","protected":false},"featured_media":5853,"template":"","meta":{"_acf_changed":false},"product_brand":[],"product_cat":[336,325],"product_tag":[166,167],"class_list":{"0":"post-5852","1":"product","2":"type-product","3":"status-publish","4":"has-post-thumbnail","6":"product_cat-pe-warning-tape-detectable-underground-warning-tape","7":"product_cat-road-safety-products","8":"product_tag-detectable-warning-tape","9":"product_tag-underground-detectable-warning-tape","11":"first","12":"instock","13":"product-type-simple"},"acf":[],"_links":{"self":[{"href":"https:\/\/toprisesafety.com\/es\/wp-json\/wp\/v2\/product\/5852"}],"collection":[{"href":"https:\/\/toprisesafety.com\/es\/wp-json\/wp\/v2\/product"}],"about":[{"href":"https:\/\/toprisesafety.com\/es\/wp-json\/wp\/v2\/types\/product"}],"wp:featuredmedia":[{"embeddable":true,"href":"https:\/\/toprisesafety.com\/es\/wp-json\/wp\/v2\/media\/5853"}],"wp:attachment":[{"href":"https:\/\/toprisesafety.com\/es\/wp-json\/wp\/v2\/media?parent=5852"}],"wp:term":[{"taxonomy":"product_brand","embeddable":true,"href":"https:\/\/toprisesafety.com\/es\/wp-json\/wp\/v2\/product_brand?post=5852"},{"taxonomy":"product_cat","embeddable":true,"href":"https:\/\/toprisesafety.com\/es\/wp-json\/wp\/v2\/product_cat?post=5852"},{"taxonomy":"product_tag","embeddable":true,"href":"https:\/\/toprisesafety.com\/es\/wp-json\/wp\/v2\/product_tag?post=5852"}],"curies":[{"name":"wp","href":"https:\/\/api.w.org\/{rel}","templated":true}]}}