{"id":5845,"date":"2018-02-28T04:30:47","date_gmt":"2018-02-28T04:30:47","guid":{"rendered":"https:\/\/toprisesafety.com\/product\/work-uniform-work-suit\/"},"modified":"2025-03-24T08:10:10","modified_gmt":"2025-03-24T08:10:10","slug":"work-uniform-work-suit","status":"publish","type":"product","link":"https:\/\/toprisesafety.com\/es\/producto\/work-uniform-work-suit\/","title":{"rendered":"Uniforme de trabajo Traje de trabajo"},"content":{"rendered":"<p><strong>Uniforme de trabajo Traje de trabajo <\/strong><\/p>\n<ul>\n<li style=\"list-style-type: none;\">\n<ul>\n<li>Work uniform which is used in a variety of works is made of high performance protective safety\u00a0textile with\u00a0the most advanced technology. They are comfortable to wear and reliable to protect you from dangerous industrial.<\/li>\n<\/ul>\n<\/li>\n<\/ul>\n<ul>\n<li style=\"list-style-type: none;\">\n<ul>\n<li>Add high visibility reflective tape as customer\u2019s requirement.<\/li>\n<\/ul>\n<\/li>\n<\/ul>\n<ul>\n<li style=\"list-style-type: none;\">\n<ul>\n<li>We can according customer\u2019s own design to make it.<\/li>\n<\/ul>\n<\/li>\n<\/ul>\n<ul>\n<li style=\"list-style-type: none;\">\n<ul>\n<li>Different material, customer size, customer logo, different color. customer design, washable.<\/li>\n<\/ul>\n<\/li>\n<\/ul>\n<h2>Work uniform work suit specification:<\/h2>\n<table>\n<tbody>\n<tr>\n<td width=\"284\">Art No.<\/td>\n<td width=\"284\">WS02<\/td>\n<\/tr>\n<tr>\n<td width=\"284\">Material<\/td>\n<td width=\"284\">100%cotton, T\/C 65\/35, T\/C 80\/20, 100%polyester<\/td>\n<\/tr>\n<tr>\n<td width=\"284\">Peso<\/td>\n<td width=\"284\">160\/180\/230G\/SQM or customized<\/td>\n<\/tr>\n<tr>\n<td width=\"284\">Color<\/td>\n<td width=\"284\">Orange, green ,blue ,navy blue etc.<\/td>\n<\/tr>\n<tr>\n<td width=\"284\">Talla<\/td>\n<td width=\"284\">S-XXXL<\/td>\n<\/tr>\n<tr>\n<td width=\"284\">Logotipo<\/td>\n<td width=\"284\">Printing or embroidery<\/td>\n<\/tr>\n<\/tbody>\n<\/table>\n<p>TOPRISE admite varios estilos de personalizaci\u00f3n de la ropa de trabajo; haga clic para<a href=\"https:\/\/toprisesafety.com\/es\/categoria-producto\/personal-protective-equipment\/work-wear\/\"> ver m\u00e1s estilos de ropa de trabajo.<\/a><\/p>\n<p>NINGBO TOPRISE admite la personalizaci\u00f3n de distintos tejidos y estilos. Tambi\u00e9n admite la personalizaci\u00f3n de lotes peque\u00f1os para satisfacer las necesidades de diferentes clientes.\u00a0<a href=\"https:\/\/toprisesafety.com\/es\/contact-us\/\">No dude en ponerse en contacto con nosotros para personalizarlo<\/a>.<\/p>\n<p><img fetchpriority=\"high\" decoding=\"async\" class=\"size-full wp-image-1010\" src=\"https:\/\/toprisesafety.com\/wp-content\/uploads\/2024\/08\/WC01-work-coverall.jpg\" alt=\"work coverall\" width=\"1000\" height=\"1000\" \/><\/p>","protected":false},"excerpt":{"rendered":"<p>Art No. WS02<\/p>\n<p>Material: 100%algod\u00f3n, T\/C 80\/20, T\/C 65\/35, 100%Poli\u00e9ster<\/p>\n<p>Weight: 160\/180\/230G\/SQM\u00a0 or customized<\/p>\n<p>Color: Orange, green, navy blue etc.<\/p>\n<p>Talla: S-XXXL<\/p>","protected":false},"featured_media":5847,"template":"","meta":{"_acf_changed":false},"product_brand":[],"product_cat":[330],"product_tag":[159],"class_list":{"0":"post-5845","1":"product","2":"type-product","3":"status-publish","4":"has-post-thumbnail","6":"product_cat-work-wear","7":"product_tag-work-suit","9":"first","10":"instock","11":"product-type-simple"},"acf":[],"_links":{"self":[{"href":"https:\/\/toprisesafety.com\/es\/wp-json\/wp\/v2\/product\/5845"}],"collection":[{"href":"https:\/\/toprisesafety.com\/es\/wp-json\/wp\/v2\/product"}],"about":[{"href":"https:\/\/toprisesafety.com\/es\/wp-json\/wp\/v2\/types\/product"}],"wp:featuredmedia":[{"embeddable":true,"href":"https:\/\/toprisesafety.com\/es\/wp-json\/wp\/v2\/media\/5847"}],"wp:attachment":[{"href":"https:\/\/toprisesafety.com\/es\/wp-json\/wp\/v2\/media?parent=5845"}],"wp:term":[{"taxonomy":"product_brand","embeddable":true,"href":"https:\/\/toprisesafety.com\/es\/wp-json\/wp\/v2\/product_brand?post=5845"},{"taxonomy":"product_cat","embeddable":true,"href":"https:\/\/toprisesafety.com\/es\/wp-json\/wp\/v2\/product_cat?post=5845"},{"taxonomy":"product_tag","embeddable":true,"href":"https:\/\/toprisesafety.com\/es\/wp-json\/wp\/v2\/product_tag?post=5845"}],"curies":[{"name":"wp","href":"https:\/\/api.w.org\/{rel}","templated":true}]}}