{"id":5843,"date":"2018-02-28T05:01:27","date_gmt":"2018-02-28T05:01:27","guid":{"rendered":"https:\/\/toprisesafety.com\/product\/rain-suit-rubberized-rain-suit\/"},"modified":"2025-03-25T04:46:19","modified_gmt":"2025-03-25T04:46:19","slug":"rain-suit-rubberized-rain-suit","status":"publish","type":"product","link":"https:\/\/toprisesafety.com\/es\/producto\/rain-suit-rubberized-rain-suit\/","title":{"rendered":"Traje de lluvia engomado"},"content":{"rendered":"<p data-spm-anchor-id=\"a2700.details.pronpeci14.i1.65616b4csaT9Dx\"><strong>Traje de lluvia engomado <\/strong><\/p>\n<ul>\n<li style=\"list-style-type: none;\">\n<ul>\n<li data-spm-anchor-id=\"a2700.details.pronpeci14.i1.65616b4csaT9Dx\">Poli\u00e9ster de alta resistencia con revestimiento de PVC.<\/li>\n<\/ul>\n<\/li>\n<\/ul>\n<ul>\n<li style=\"list-style-type: none;\">\n<ul>\n<li data-spm-anchor-id=\"a2700.details.pronpeci14.i1.65616b4csaT9Dx\">100%A prueba de agua. A prueba de viento<\/li>\n<\/ul>\n<\/li>\n<\/ul>\n<ul>\n<li style=\"list-style-type: none;\">\n<ul>\n<li>La ropa de lluvia resiste los desgarros por abrasi\u00f3n y ofrece una s\u00f3lida protecci\u00f3n frente a diversos compuestos industriales, \u00e1cidos y aceites<\/li>\n<\/ul>\n<\/li>\n<\/ul>\n<ul>\n<li style=\"list-style-type: none;\">\n<ul>\n<li data-spm-anchor-id=\"a2700.details.pronpeci14.i0.65616b4csaT9Dx\">Confeccionados con mangas ragl\u00e1n, los trajes de dos piezas constan de chaqueta y pantal\u00f3n.<\/li>\n<\/ul>\n<\/li>\n<\/ul>\n<ul>\n<li style=\"list-style-type: none;\">\n<ul>\n<li data-spm-anchor-id=\"a2700.details.pronpeci14.i0.65616b4csaT9Dx\">Aplicaci\u00f3n: equitaci\u00f3n, construcci\u00f3n, miner\u00eda, pesca, etc.<\/li>\n<\/ul>\n<\/li>\n<\/ul>\n<h2><strong>Especificaciones del traje de lluvia engomado<\/strong><\/h2>\n<table>\n<tbody>\n<tr>\n<td width=\"284\">Art No.<\/td>\n<td width=\"284\">RS170<\/td>\n<\/tr>\n<tr>\n<td width=\"284\">Material<\/td>\n<td width=\"284\">1001TP3Poli\u00e9ster con revestimiento de PVC. 150T\/170T\/190T Espesor 0,18mm, 0,2mm etc.<\/td>\n<\/tr>\n<tr>\n<td width=\"284\">Talla<\/td>\n<td width=\"284\">S-XXXL<\/td>\n<\/tr>\n<tr>\n<td width=\"284\">Dise\u00f1o<\/td>\n<td width=\"284\">Dos bolsillos en la chaqueta, 2 bolsillos abiertos en el pantal\u00f3n<\/td>\n<\/tr>\n<tr>\n<td width=\"284\">Cinta reflectante<\/td>\n<td width=\"284\">Seg\u00fan los requisitos del cliente para a\u00f1adir<\/td>\n<\/tr>\n<tr>\n<td width=\"284\">Color<\/td>\n<td width=\"284\">Azul marino, negro, amarillo, etc.<\/td>\n<\/tr>\n<tr>\n<td width=\"284\">Logotipo<\/td>\n<td width=\"284\">Etiqueta de cuello o impresi\u00f3n<\/td>\n<\/tr>\n<tr>\n<td width=\"284\">Embalaje<\/td>\n<td width=\"284\">1SET por bolsa del mismo material<\/td>\n<\/tr>\n<\/tbody>\n<\/table>\n<p>TOPRISE admite varios estilos de personalizaci\u00f3n de la ropa de lluvia; haga clic para <a href=\"https:\/\/toprisesafety.com\/es\/categoria-producto\/personal-protective-equipment\/rain-wear\/\">ver m\u00e1s estilos de ropa de lluvia.<\/a><\/p>\n<p>Si no encuentra la ropa de lluvia que necesita, <a href=\"https:\/\/toprisesafety.com\/es\/contact-us\/\">Contacto<\/a>; apoyamos la personalizaci\u00f3n especial.<\/p>","protected":false},"excerpt":{"rendered":"<p>N\u00ba Referencia: RS170<\/p>\n<p>Material: poli\u00e9ster con revestimiento de PVC<\/p>\n<p>Color: azul marino, verde, amarillo, etc.<\/p>\n<p>Talla: S-XXXL<\/p>","protected":false},"featured_media":5844,"template":"","meta":{"_acf_changed":false},"product_brand":[],"product_cat":[321],"product_tag":[154],"class_list":{"0":"post-5843","1":"product","2":"type-product","3":"status-publish","4":"has-post-thumbnail","6":"product_cat-rain-wear","7":"product_tag-rubberized-rain-suit","9":"first","10":"instock","11":"product-type-simple"},"acf":[],"_links":{"self":[{"href":"https:\/\/toprisesafety.com\/es\/wp-json\/wp\/v2\/product\/5843"}],"collection":[{"href":"https:\/\/toprisesafety.com\/es\/wp-json\/wp\/v2\/product"}],"about":[{"href":"https:\/\/toprisesafety.com\/es\/wp-json\/wp\/v2\/types\/product"}],"wp:featuredmedia":[{"embeddable":true,"href":"https:\/\/toprisesafety.com\/es\/wp-json\/wp\/v2\/media\/5844"}],"wp:attachment":[{"href":"https:\/\/toprisesafety.com\/es\/wp-json\/wp\/v2\/media?parent=5843"}],"wp:term":[{"taxonomy":"product_brand","embeddable":true,"href":"https:\/\/toprisesafety.com\/es\/wp-json\/wp\/v2\/product_brand?post=5843"},{"taxonomy":"product_cat","embeddable":true,"href":"https:\/\/toprisesafety.com\/es\/wp-json\/wp\/v2\/product_cat?post=5843"},{"taxonomy":"product_tag","embeddable":true,"href":"https:\/\/toprisesafety.com\/es\/wp-json\/wp\/v2\/product_tag?post=5843"}],"curies":[{"name":"wp","href":"https:\/\/api.w.org\/{rel}","templated":true}]}}