{"id":5838,"date":"2018-02-28T09:24:23","date_gmt":"2018-02-28T09:24:23","guid":{"rendered":"https:\/\/toprisesafety.com\/product\/pvc-rain-suit-pvc-polyester-pvc-rain-suit-pvc-polyester-rain-suit\/"},"modified":"2025-03-25T04:45:33","modified_gmt":"2025-03-25T04:45:33","slug":"heavy-duty-pvc-rain-suit","status":"publish","type":"product","link":"https:\/\/toprisesafety.com\/es\/producto\/heavy-duty-pvc-rain-suit\/","title":{"rendered":"Traje de lluvia de PVC resistente"},"content":{"rendered":"<p><strong>Traje de lluvia de PVC resistente Traje de lluvia de PVC\/POLI\u00c9STER\/PVC Traje de lluvia de PVC\/POLI\u00c9STER <\/strong><\/p>\n<ul>\n<li style=\"list-style-type: none;\">\n<ul>\n<li data-spm-anchor-id=\"a2700.details.pronpeci14.i1.65616b4csaT9Dx\">Material de PVC\/Poli\u00e9ster\/PVC o PVC\/Poli\u00e9ster de alta resistencia<\/li>\n<\/ul>\n<\/li>\n<\/ul>\n<ul>\n<li style=\"list-style-type: none;\">\n<ul>\n<li data-spm-anchor-id=\"a2700.details.pronpeci14.i1.65616b4csaT9Dx\">Mano de obra sellada en caliente<\/li>\n<\/ul>\n<\/li>\n<\/ul>\n<ul>\n<li style=\"list-style-type: none;\">\n<ul>\n<li data-spm-anchor-id=\"a2700.details.pronpeci14.i1.65616b4csaT9Dx\">Trabajo pesado<\/li>\n<\/ul>\n<\/li>\n<\/ul>\n<ul>\n<li style=\"list-style-type: none;\">\n<ul>\n<li data-spm-anchor-id=\"a2700.details.pronpeci14.i1.65616b4csaT9Dx\">100%A prueba de agua. A prueba de viento<\/li>\n<\/ul>\n<\/li>\n<\/ul>\n<ul>\n<li style=\"list-style-type: none;\">\n<ul>\n<li>El desgaste por lluvia resiste los desgarros por abrasi\u00f3n y proporciona una s\u00f3lida protecci\u00f3n frente a una gran variedad de compuestos industriales, \u00e1cidos y aceites<\/li>\n<\/ul>\n<\/li>\n<\/ul>\n<ul>\n<li style=\"list-style-type: none;\">\n<ul>\n<li data-spm-anchor-id=\"a2700.details.pronpeci14.i0.65616b4csaT9Dx\">Confeccionados con mangas ragl\u00e1n, los trajes de dos piezas constan de chaqueta y pantal\u00f3n.<\/li>\n<\/ul>\n<\/li>\n<\/ul>\n<ul>\n<li style=\"list-style-type: none;\">\n<ul>\n<li data-spm-anchor-id=\"a2700.details.pronpeci14.i0.65616b4csaT9Dx\">Aplicaci\u00f3n: equitaci\u00f3n, construcci\u00f3n, miner\u00eda, pesca, etc.<\/li>\n<\/ul>\n<\/li>\n<\/ul>\n<h2><strong>Traje de lluvia de PVC resistente Especificaciones del traje de lluvia de PVC\/POLI\u00c9STER\/PVC:<\/strong><\/h2>\n<table>\n<tbody>\n<tr>\n<td width=\"284\">Art No.<\/td>\n<td width=\"284\">RSP01<\/td>\n<\/tr>\n<tr>\n<td width=\"284\">Material<\/td>\n<td width=\"284\">PVC\/Poli\u00e9ster\/PVC, PVC\/Poli\u00e9ster .<\/td>\n<\/tr>\n<tr>\n<td width=\"284\">Talla<\/td>\n<td width=\"284\">S-XXXL<\/td>\n<\/tr>\n<tr>\n<td width=\"284\">Dise\u00f1o<\/td>\n<td width=\"284\">Dos bolsillos en la chaqueta, dos bolsillos oblicuos en los pantalones.<\/td>\n<\/tr>\n<tr>\n<td width=\"284\">Cinta reflectante<\/td>\n<td width=\"284\">Seg\u00fan los requisitos del cliente para a\u00f1adir<\/td>\n<\/tr>\n<tr>\n<td width=\"284\">Color<\/td>\n<td width=\"284\">Azul marino, verde, amarillo, etc.<\/td>\n<\/tr>\n<tr>\n<td width=\"284\">Logotipo<\/td>\n<td width=\"284\">Etiqueta de cuello o impresi\u00f3n<\/td>\n<\/tr>\n<tr>\n<td width=\"284\">Embalaje<\/td>\n<td width=\"284\">1 juego\/bolsa de polietileno<\/td>\n<\/tr>\n<\/tbody>\n<\/table>\n<p>TOPRISE admite varios estilos de personalizaci\u00f3n de la ropa de lluvia; haga clic para <a href=\"https:\/\/toprisesafety.com\/es\/categoria-producto\/personal-protective-equipment\/rain-wear\/\">ver m\u00e1s estilos de ropa de lluvia.<\/a><\/p>\n<p>Si no encuentra la ropa de lluvia que necesita, <a href=\"https:\/\/toprisesafety.com\/es\/contact-us\/\">Contacto<\/a>; apoyamos la personalizaci\u00f3n especial.<\/p>","protected":false},"excerpt":{"rendered":"<p>N\u00ba Referencia: RSP01<\/p>\n<p>Material: PVC\/Poli\u00e9ster\/PVC, PVC\/Poli\u00e9ster .<\/p>\n<p>Color: azul marino, verde, amarillo, etc.<\/p>\n<p>Talla: S-XXXL<\/p>","protected":false},"featured_media":5839,"template":"","meta":{"_acf_changed":false},"product_brand":[],"product_cat":[321],"product_tag":[151,372],"class_list":{"0":"post-5838","1":"product","2":"type-product","3":"status-publish","4":"has-post-thumbnail","6":"product_cat-rain-wear","7":"product_tag-heavy-duty-pvc-rain-suit","8":"product_tag-pvc-raincoat","10":"first","11":"instock","12":"product-type-simple"},"acf":[],"_links":{"self":[{"href":"https:\/\/toprisesafety.com\/es\/wp-json\/wp\/v2\/product\/5838","targetHints":{"allow":["GET"]}}],"collection":[{"href":"https:\/\/toprisesafety.com\/es\/wp-json\/wp\/v2\/product"}],"about":[{"href":"https:\/\/toprisesafety.com\/es\/wp-json\/wp\/v2\/types\/product"}],"wp:featuredmedia":[{"embeddable":true,"href":"https:\/\/toprisesafety.com\/es\/wp-json\/wp\/v2\/media\/5839"}],"wp:attachment":[{"href":"https:\/\/toprisesafety.com\/es\/wp-json\/wp\/v2\/media?parent=5838"}],"wp:term":[{"taxonomy":"product_brand","embeddable":true,"href":"https:\/\/toprisesafety.com\/es\/wp-json\/wp\/v2\/product_brand?post=5838"},{"taxonomy":"product_cat","embeddable":true,"href":"https:\/\/toprisesafety.com\/es\/wp-json\/wp\/v2\/product_cat?post=5838"},{"taxonomy":"product_tag","embeddable":true,"href":"https:\/\/toprisesafety.com\/es\/wp-json\/wp\/v2\/product_tag?post=5838"}],"curies":[{"name":"wp","href":"https:\/\/api.w.org\/{rel}","templated":true}]}}