{"id":5829,"date":"2018-02-28T10:12:04","date_gmt":"2018-02-28T10:12:04","guid":{"rendered":"https:\/\/toprisesafety.com\/product\/work-back-support-belt-weightlifting-fitness\/"},"modified":"2025-04-14T06:35:18","modified_gmt":"2025-04-14T06:35:18","slug":"work-back-support-belt-weightlifting-fitness","status":"publish","type":"product","link":"https:\/\/toprisesafety.com\/es\/producto\/work-back-support-belt-weightlifting-fitness\/","title":{"rendered":"Cintur\u00f3n de sujeci\u00f3n de la espalda para ejercicios de musculaci\u00f3n"},"content":{"rendered":"<p><strong>Cintur\u00f3n de sujeci\u00f3n de la espalda para ejercicios de musculaci\u00f3n<\/strong><\/p>\n<ul>\n<li style=\"list-style-type: none;\">\n<ul>\n<li><span data-spm-anchor-id=\"a2700.details.pronpeci14.i1.6d4a2325ESIc0m\">Alta elasticidad, mejor para apoyar la cintura y proteger la parte clave de su cintura.<\/span><\/li>\n<\/ul>\n<\/li>\n<\/ul>\n<ul>\n<li style=\"list-style-type: none;\">\n<ul>\n<li>Postura correcta, mantenga la columna vertebral alineada y erguida en todo momento.<\/li>\n<\/ul>\n<\/li>\n<\/ul>\n<ul>\n<li style=\"list-style-type: none;\">\n<ul>\n<li>Liberar el dolor de espalda, mantener la l\u00ednea natural de la v\u00e9rtebra lumbar.<\/li>\n<\/ul>\n<\/li>\n<\/ul>\n<ul>\n<li style=\"list-style-type: none;\">\n<ul>\n<li><span data-spm-anchor-id=\"a2700.details.pronpeci14.i0.6d4a2325ESIc0m\">Proporciona calor, sujeci\u00f3n y compresi\u00f3n a la zona lumbar, y mejora la flexibilidad.<\/span><\/li>\n<\/ul>\n<\/li>\n<\/ul>\n<ul>\n<li style=\"list-style-type: none;\">\n<ul>\n<li>Aliviar c\u00f3modamente el dolor lumbar<\/li>\n<\/ul>\n<\/li>\n<\/ul>\n<ul>\n<li style=\"list-style-type: none;\">\n<ul>\n<li><span data-spm-anchor-id=\"a2700.details.pronpeci14.i0.5a21f461KRmQxt\">Back Belt es un cintur\u00f3n de compresi\u00f3n de alto rendimiento que ayuda a aliviar el dolor de espalda, la rigidez y los pinzamientos, y le proporciona apoyo diario.<\/span><\/li>\n<\/ul>\n<\/li>\n<\/ul>\n<ul>\n<li style=\"list-style-type: none;\">\n<ul>\n<li><span data-spm-anchor-id=\"a2700.details.pronpeci14.i1.5a21f461KRmQxt\">Se lleva alrededor de la cintura. Este cintur\u00f3n act\u00faa comprimiendo los m\u00fasculos para que te sientas m\u00e1s c\u00f3modo y evitar lesiones mayores.<\/span><\/li>\n<\/ul>\n<\/li>\n<\/ul>\n<ul>\n<li style=\"list-style-type: none;\">\n<ul>\n<li>Respaldo con soporte de barra de PP.<\/li>\n<\/ul>\n<\/li>\n<\/ul>\n<ul>\n<li style=\"list-style-type: none;\">\n<ul>\n<li>Apoya y ayuda a fortalecer la espalda y a corregir la postura<\/li>\n<\/ul>\n<\/li>\n<\/ul>\n<ul>\n<li style=\"list-style-type: none;\">\n<ul>\n<li>Adecuado para llevar cuando se recupera de una lesi\u00f3n<\/li>\n<\/ul>\n<\/li>\n<\/ul>\n<ul>\n<li style=\"list-style-type: none;\">\n<ul>\n<li>Se puede apretar y aflojar seg\u00fan convenga<\/li>\n<\/ul>\n<\/li>\n<\/ul>\n<ul>\n<li style=\"list-style-type: none;\">\n<ul>\n<li>Ayuda a prevenir lesiones al levantar peso<\/li>\n<\/ul>\n<\/li>\n<\/ul>\n<ul>\n<li style=\"list-style-type: none;\">\n<ul>\n<li>Dise\u00f1ado para atletas profesionales de baloncesto, trabajadores de la construcci\u00f3n, jardineros, hamal, etc.<\/li>\n<\/ul>\n<\/li>\n<\/ul>\n<h2><strong>Especificaci\u00f3n del cintur\u00f3n de sujeci\u00f3n de la espalda para levantamiento de pesas:\u00a0<\/strong><\/h2>\n<table>\n<tbody>\n<tr>\n<td width=\"284\">ART NO.<\/td>\n<td width=\"284\">BS01<\/td>\n<\/tr>\n<tr>\n<td width=\"284\">Material<\/td>\n<td width=\"284\">El\u00e1stico,Hebilla,Gancho y bucle<\/td>\n<\/tr>\n<tr>\n<td width=\"284\">Color<\/td>\n<td width=\"284\">Negro<\/td>\n<\/tr>\n<tr>\n<td width=\"284\">Talla<\/td>\n<td width=\"284\">S:28-32\u201d;M:32-38\u201d;L:38-46\u201d;XL:46-56\u201d; XXL:56-62\u201d;XXXL:62-68\u201d<\/td>\n<\/tr>\n<tr>\n<td width=\"284\">Logotipo del cliente<\/td>\n<td width=\"284\">Disponible<\/td>\n<\/tr>\n<tr>\n<td width=\"284\">Embalaje<\/td>\n<td width=\"284\">Caja de color, bl\u00edster, tarjeta de cabecera, etc.<\/td>\n<\/tr>\n<\/tbody>\n<\/table>\n<p>TOPRISE admite varios estilos de personalizaci\u00f3n del cintur\u00f3n de sujeci\u00f3n de la espalda de trabajo; haga clic para <a href=\"https:\/\/toprisesafety.com\/es\/categoria-producto\/personal-protective-equipment\/back-support-belt\/\">ver m\u00e1s estilos de cintur\u00f3n de sujeci\u00f3n de la espalda de trabajo.<\/a><\/p>\n<p>Si no encuentra el cintur\u00f3n de sujeci\u00f3n para la espalda de trabajo que necesita , <a href=\"https:\/\/toprisesafety.com\/es\/contact-us\/\">Contacto<\/a>; apoyamos la personalizaci\u00f3n especial.<\/p>","protected":false},"excerpt":{"rendered":"<p>N\u00ba Referencia: BS02<\/p>\n<p>Material: el\u00e1stico, hebilla, gancho y bucle<\/p>\n<p>Color: Negro<\/p>\n<p>Talla: S-XXXL<\/p>\n<p>MOQ: 1008PCS<\/p>","protected":false},"featured_media":5830,"template":"","meta":{"_acf_changed":false},"product_brand":[],"product_cat":[320,328],"product_tag":[145],"class_list":{"0":"post-5829","1":"product","2":"type-product","3":"status-publish","4":"has-post-thumbnail","6":"product_cat-personal-protective-equipment","7":"product_cat-back-support-belt","8":"product_tag-work-back-support-belt","10":"first","11":"instock","12":"product-type-simple"},"acf":[],"_links":{"self":[{"href":"https:\/\/toprisesafety.com\/es\/wp-json\/wp\/v2\/product\/5829"}],"collection":[{"href":"https:\/\/toprisesafety.com\/es\/wp-json\/wp\/v2\/product"}],"about":[{"href":"https:\/\/toprisesafety.com\/es\/wp-json\/wp\/v2\/types\/product"}],"wp:featuredmedia":[{"embeddable":true,"href":"https:\/\/toprisesafety.com\/es\/wp-json\/wp\/v2\/media\/5830"}],"wp:attachment":[{"href":"https:\/\/toprisesafety.com\/es\/wp-json\/wp\/v2\/media?parent=5829"}],"wp:term":[{"taxonomy":"product_brand","embeddable":true,"href":"https:\/\/toprisesafety.com\/es\/wp-json\/wp\/v2\/product_brand?post=5829"},{"taxonomy":"product_cat","embeddable":true,"href":"https:\/\/toprisesafety.com\/es\/wp-json\/wp\/v2\/product_cat?post=5829"},{"taxonomy":"product_tag","embeddable":true,"href":"https:\/\/toprisesafety.com\/es\/wp-json\/wp\/v2\/product_tag?post=5829"}],"curies":[{"name":"wp","href":"https:\/\/api.w.org\/{rel}","templated":true}]}}