{"id":5817,"date":"2018-02-28T12:07:57","date_gmt":"2018-02-28T12:07:57","guid":{"rendered":"https:\/\/toprisesafety.com\/product\/energy-absorbed-safety-rope\/"},"modified":"2025-04-15T06:11:04","modified_gmt":"2025-04-15T06:11:04","slug":"energy-absorbed-safety-rope","status":"publish","type":"product","link":"https:\/\/toprisesafety.com\/es\/producto\/energy-absorbed-safety-rope\/","title":{"rendered":"Cuerda de seguridad con absorci\u00f3n de energ\u00eda"},"content":{"rendered":"<p><strong>Cuerda de seguridad con absorci\u00f3n de energ\u00eda<\/strong><\/p>\n<ul>\n<li style=\"list-style-type: none;\">\n<ul>\n<li>La serie de arneses de cuerpo entero est\u00e1 formada por piezas de cincha de poli\u00e9ster o cincha de PP cosidas y unidas por hebillas met\u00e1licas. Esta configuraci\u00f3n garantiza un trabajo seguro y c\u00f3modo.<\/li>\n<\/ul>\n<\/li>\n<\/ul>\n<ul>\n<li style=\"list-style-type: none;\">\n<ul>\n<li>Aleaci\u00f3n de acero, accesorio met\u00e1lico cromado<\/li>\n<\/ul>\n<\/li>\n<\/ul>\n<ul>\n<li style=\"list-style-type: none;\">\n<ul>\n<li>Ampliamente utilizado para la detenci\u00f3n de ca\u00eddas, rescate, posicionamiento de trabajo, trabajos de acceso por cuerda, trabajos a\u00e9reos, protecci\u00f3n de la construcci\u00f3n, etc.<\/li>\n<\/ul>\n<\/li>\n<\/ul>\n<ul>\n<li style=\"list-style-type: none;\">\n<ul>\n<li><span data-spm-anchor-id=\"a2700.details.pronpeci14.i1.880c15bbTJGkIC\">Asequible y f\u00e1cil de usar.<\/span><\/li>\n<\/ul>\n<\/li>\n<\/ul>\n<p><strong>Utilice correctamente el arn\u00e9s de seguridad para mayor seguridad:<\/strong><\/p>\n<ul>\n<li style=\"list-style-type: none;\">\n<ul>\n<li>Todas las correas est\u00e1n correctamente ajustadas (ni demasiado flojas ni demasiado apretadas).<\/li>\n<\/ul>\n<\/li>\n<\/ul>\n<ul>\n<li style=\"list-style-type: none;\">\n<ul>\n<li>La hebilla de fijaci\u00f3n de la espalda est\u00e1 correctamente colocada a la altura de los om\u00f3platos.<\/li>\n<\/ul>\n<\/li>\n<\/ul>\n<ul>\n<li style=\"list-style-type: none;\">\n<ul>\n<li>La correa pectoral delantera est\u00e1 correctamente colocada en el centro del pecho.<\/li>\n<\/ul>\n<\/li>\n<\/ul>\n<ul>\n<li style=\"list-style-type: none;\">\n<ul>\n<li data-spm-anchor-id=\"a2700.details.pronpeci14.i3.27ca6304wHDyks\">Los extremos de todas las correas deben mantenerse con lazos de pl\u00e1stico.<\/li>\n<\/ul>\n<\/li>\n<\/ul>\n<h2><strong>Especificaciones de la cuerda de seguridad con absorci\u00f3n de energ\u00eda:<\/strong><\/h2>\n<table>\n<tbody>\n<tr>\n<td width=\"284\">Art NO.<\/td>\n<td width=\"284\">SR02<\/td>\n<\/tr>\n<tr>\n<td width=\"284\">Material<\/td>\n<td width=\"284\">Poli\u00e9ster<\/td>\n<\/tr>\n<tr>\n<td width=\"284\">Ancho de la cinta de la cuerda de seguridad<\/td>\n<td width=\"284\">45 mm<\/td>\n<\/tr>\n<tr>\n<td width=\"284\">Longitud de la cuerda de seguridad<\/td>\n<td width=\"284\">150 mm<\/td>\n<\/tr>\n<tr>\n<td width=\"284\">Bolsa de absorci\u00f3n de energ\u00eda integrada<\/td>\n<td width=\"284\">S\u00ed<\/td>\n<\/tr>\n<tr>\n<td width=\"284\">Color<\/td>\n<td width=\"284\">Blanco<\/td>\n<\/tr>\n<tr>\n<td width=\"284\">Estructura<\/td>\n<td style=\"text-align: left;\" width=\"284\">Mosquetones forjados de gran tama\u00f1o Mosquet\u00f3n simple de seguridad Herrajes met\u00e1licos: aleaci\u00f3n de acero, cromado<\/td>\n<\/tr>\n<tr>\n<td width=\"284\">Embalaje<\/td>\n<td width=\"284\">Caja de color<\/td>\n<\/tr>\n<\/tbody>\n<\/table>\n<p>TOPRISE admite varios estilos de personalizaci\u00f3n del arn\u00e9s de seguridad; haga clic para <a href=\"https:\/\/toprisesafety.com\/es\/categoria-producto\/personal-protective-equipment\/safety-harness\/\">ver m\u00e1s estilos de arneses de seguridad.<\/a><\/p>\n<p>Si no encuentra los arneses de seguridad necesarios, <a href=\"https:\/\/toprisesafety.com\/es\/contact-us\/\">Contacto<\/a>; apoyamos la personalizaci\u00f3n especial.<\/p>","protected":false},"excerpt":{"rendered":"<p>N\u00ba Referencia: SR01<br \/>\nColor: Naranja<br \/>\nMOQ: 500PCS<\/p>","protected":false},"featured_media":5818,"template":"","meta":{"_acf_changed":false},"product_brand":[],"product_cat":[327],"product_tag":[139],"class_list":{"0":"post-5817","1":"product","2":"type-product","3":"status-publish","4":"has-post-thumbnail","6":"product_cat-safety-harness","7":"product_tag-energy-absorbed-safety-rope","9":"first","10":"instock","11":"product-type-simple"},"acf":[],"_links":{"self":[{"href":"https:\/\/toprisesafety.com\/es\/wp-json\/wp\/v2\/product\/5817"}],"collection":[{"href":"https:\/\/toprisesafety.com\/es\/wp-json\/wp\/v2\/product"}],"about":[{"href":"https:\/\/toprisesafety.com\/es\/wp-json\/wp\/v2\/types\/product"}],"wp:featuredmedia":[{"embeddable":true,"href":"https:\/\/toprisesafety.com\/es\/wp-json\/wp\/v2\/media\/5818"}],"wp:attachment":[{"href":"https:\/\/toprisesafety.com\/es\/wp-json\/wp\/v2\/media?parent=5817"}],"wp:term":[{"taxonomy":"product_brand","embeddable":true,"href":"https:\/\/toprisesafety.com\/es\/wp-json\/wp\/v2\/product_brand?post=5817"},{"taxonomy":"product_cat","embeddable":true,"href":"https:\/\/toprisesafety.com\/es\/wp-json\/wp\/v2\/product_cat?post=5817"},{"taxonomy":"product_tag","embeddable":true,"href":"https:\/\/toprisesafety.com\/es\/wp-json\/wp\/v2\/product_tag?post=5817"}],"curies":[{"name":"wp","href":"https:\/\/api.w.org\/{rel}","templated":true}]}}