{"id":5798,"date":"2021-07-29T03:47:57","date_gmt":"2021-07-29T03:47:57","guid":{"rendered":"https:\/\/toprisesafety.com\/product\/reflective-raincoat\/"},"modified":"2025-03-25T04:42:25","modified_gmt":"2025-03-25T04:42:25","slug":"reflective-raincoat","status":"publish","type":"product","link":"https:\/\/toprisesafety.com\/es\/producto\/reflective-raincoat\/","title":{"rendered":"Impermeables reflectantes"},"content":{"rendered":"<p><strong>Impermeables reflectantes <\/strong><\/p><p class=\"wp-block-site-tagline\">TOPRISE es uno de los principales fabricantes de productos de seguridad vial, \u00e1rboles y plantas artificiales, productos de PET, art\u00edculos de exterior y EPI en China desde 2009. Suministramos nuestros productos en todo el mundo. Estamos comprometidos a ayudar a nuestros clientes a resolver sus problemas.<\/p><ul class=\"wp-block-list\">\r\n<li>Fabricado en oxford 150D de alta resistencia de 0,22 mm de grosor con material recubierto de PVC.<\/li>\r\n<li>Transpirable, tacto suave, cortaviento, impermeable, de secado r\u00e1pido, port\u00e1til. Adecuado para todas las estaciones. Este impermeable largo puede ofrecerle la mejor protecci\u00f3n cuando llueve mucho o sopla un viento fuerte.<\/li>\r\n<li>Cintas reflectantes seguras en la parte delantera y trasera de este impermeable que pueden servir como recordatorio de los veh\u00edculos que pasan y mantenerte seguro por las noches. Es una opci\u00f3n inteligente para mantener un poncho de lluvia en la mochila \/ casa \/ oficina \/ coche para emergencias.<\/li>\r\n<li>El desgaste por lluvia resiste los desgarros por abrasi\u00f3n y proporciona una s\u00f3lida protecci\u00f3n frente a una gran variedad de compuestos industriales, \u00e1cidos y aceites<\/li>\r\n<li>Confeccionados con mangas ragl\u00e1n, los trajes de dos piezas constan de chaqueta y pantal\u00f3n.<\/li>\r\n<li>Aplicaci\u00f3n: equitaci\u00f3n, construcci\u00f3n, miner\u00eda, pesca, etc.<\/li>\r\n<li>Esta gabardina larga para la lluvia no incluye los pantalones de lluvia. Chaqueta larga hasta la rodilla, con capucha y cord\u00f3n ajustable. Limpiar con un pa\u00f1o, secado natural al aire<\/li>\r\n<li>Embalaje en bolsa opp de una unidad<\/li>\r\n<li>Apoyamos logotipo personalizado con MOQ 100 PCS<\/li>\r\n<\/ul><p>Art NO. RC172 impermeables reflectantes<\/p><figure class=\"wp-block-table\">\r\n<table>\r\n<tbody>\r\n<tr>\r\n<td>Art No.<\/td>\r\n<td>RC172 Impermeables reflectantes<\/td>\r\n<\/tr>\r\n<tr>\r\n<td>Material<\/td>\r\n<td>Oxford 150D con revestimiento de PVC, 0,22 mm de grosor.<\/td>\r\n<\/tr>\r\n<tr>\r\n<td>Talla<\/td>\r\n<td>S-XXXXL o personalizado<\/td>\r\n<\/tr>\r\n<tr>\r\n<td>Dise\u00f1o<\/td>\r\n<td>Abrigo de dos bolsillos con solapa<\/td>\r\n<\/tr>\r\n<tr>\r\n<td>Cinta reflectante<\/td>\r\n<td>Seg\u00fan los requisitos del cliente para a\u00f1adir<\/td>\r\n<\/tr>\r\n<tr>\r\n<td>Color<\/td>\r\n<td>Negro<\/td>\r\n<\/tr>\r\n<tr>\r\n<td>Logotipo<\/td>\r\n<td>Etiqueta de cuello o impresi\u00f3n<\/td>\r\n<\/tr>\r\n<tr>\r\n<td>Embalaje<\/td>\r\n<td>1PC por embalaje del bolso del opp<\/td>\r\n<\/tr>\r\n<\/tbody>\r\n<\/table>\r\n<\/figure><p class=\"wp-block-site-tagline\">TOPRISE es uno de los principales fabricantes de productos de seguridad vial, \u00e1rboles y plantas artificiales, productos de PET, art\u00edculos de exterior y EPI en China desde 2009. Suministramos nuestros productos en todo el mundo. Estamos comprometidos a ayudar a nuestros clientes a resolver sus problemas.<\/p><div class=\"wp-block-group\"><div class=\"wp-block-group__inner-container is-layout-flow wp-block-group-is-layout-flow\"><figure class=\"wp-block-image size-full is-resized is-style-default\"><img fetchpriority=\"high\" decoding=\"async\" class=\"wp-image-1443\" src=\"https:\/\/toprisesafety.com\/wp-content\/uploads\/2024\/08\/2021-07-29_131303-1.png\" alt=\"\" width=\"837\" height=\"1053\" \/><\/figure>\r\n\r\n<figure class=\"wp-block-image size-full\"><img decoding=\"async\" class=\"wp-image-1445\" src=\"https:\/\/toprisesafety.com\/wp-content\/uploads\/2024\/08\/2021-07-29_131444.png\" alt=\"\" \/><\/figure>\r\n\r\n<figure class=\"wp-block-image size-full is-resized\"><img decoding=\"async\" class=\"wp-image-1446\" src=\"https:\/\/toprisesafety.com\/wp-content\/uploads\/2024\/08\/WORKMANSHIP.png\" alt=\"\" width=\"841\" height=\"529\" \/>\r\n<figcaption><strong>TOPRISE<\/strong> <strong>TALLER DE IMPERMEABILIZACI\u00d3N<\/strong><\/figcaption>\r\n<\/figure><\/div><\/div><p>TOPRISE admite varios estilos de personalizaci\u00f3n de la ropa de lluvia; haga clic para <a href=\"https:\/\/toprisesafety.com\/es\/categoria-producto\/personal-protective-equipment\/rain-wear\/\">ver m\u00e1s estilos de ropa de lluvia.<\/a><\/p>\r\n<p>Si no encuentra la ropa de lluvia que necesita, <a href=\"https:\/\/toprisesafety.com\/es\/contact-us\/\">Contacto<\/a>; apoyamos la personalizaci\u00f3n especial.<\/p>","protected":false},"excerpt":{"rendered":"<p style=\"text-align: left;\"><strong>Chubasqueros reflectantes chubasquero engomado<\/strong><\/p>\n<p>Impermeables reflectantes\u00a0<\/p>\n<p>ART NO.RC172<\/p>\n<p>Material :150 D oxford con revestimiento de PVC, 0,22 mm de grosor\u00a0<\/p>\n<p>Talla : S- XXXXL o personalizada<\/p>\n<p>MOQ :100 PCS<\/p>\n<p>Admite logotipo y dise\u00f1o personalizados\u00a0<\/p>\n<p>&nbsp;<\/p>","protected":false},"featured_media":5802,"template":"","meta":{"_acf_changed":false},"product_brand":[],"product_cat":[320,321],"product_tag":[121],"class_list":{"0":"post-5798","1":"product","2":"type-product","3":"status-publish","4":"has-post-thumbnail","6":"product_cat-personal-protective-equipment","7":"product_cat-rain-wear","8":"product_tag-reflective-raincoat","10":"first","11":"instock","12":"product-type-simple"},"acf":[],"_links":{"self":[{"href":"https:\/\/toprisesafety.com\/es\/wp-json\/wp\/v2\/product\/5798"}],"collection":[{"href":"https:\/\/toprisesafety.com\/es\/wp-json\/wp\/v2\/product"}],"about":[{"href":"https:\/\/toprisesafety.com\/es\/wp-json\/wp\/v2\/types\/product"}],"wp:featuredmedia":[{"embeddable":true,"href":"https:\/\/toprisesafety.com\/es\/wp-json\/wp\/v2\/media\/5802"}],"wp:attachment":[{"href":"https:\/\/toprisesafety.com\/es\/wp-json\/wp\/v2\/media?parent=5798"}],"wp:term":[{"taxonomy":"product_brand","embeddable":true,"href":"https:\/\/toprisesafety.com\/es\/wp-json\/wp\/v2\/product_brand?post=5798"},{"taxonomy":"product_cat","embeddable":true,"href":"https:\/\/toprisesafety.com\/es\/wp-json\/wp\/v2\/product_cat?post=5798"},{"taxonomy":"product_tag","embeddable":true,"href":"https:\/\/toprisesafety.com\/es\/wp-json\/wp\/v2\/product_tag?post=5798"}],"curies":[{"name":"wp","href":"https:\/\/api.w.org\/{rel}","templated":true}]}}