{"id":5778,"date":"2024-07-31T01:40:31","date_gmt":"2024-07-31T01:40:31","guid":{"rendered":"https:\/\/toprisesafety.com\/product\/outdoor-pp-plastic-sport-court-tiles-pp-interlocking-floor-tiles-anti-slip-mat\/"},"modified":"2024-11-11T07:34:57","modified_gmt":"2024-11-11T07:34:57","slug":"plastic-sport-court-tiles","status":"publish","type":"product","link":"https:\/\/toprisesafety.com\/es\/producto\/plastic-sport-court-tiles\/","title":{"rendered":"Baldosas de pl\u00e1stico para pistas deportivas"},"content":{"rendered":"<h2 class=\"wp-block-heading\">Baldosas de pl\u00e1stico para pistas deportivas\u00a0<\/h2><figure class=\"wp-block-table\">\r\n<table>\r\n<tbody>\r\n<tr>\r\n<td>NOMBRE DEL ART\u00cdCULO\u00a0<\/td>\r\n<td>Baldosas de pl\u00e1stico para pistas deportivas<\/td>\r\n<\/tr>\r\n<tr>\r\n<td>TALLA\u00a0<\/td>\r\n<td>30,5*30,5 cm\u00a0<\/td>\r\n<\/tr>\r\n<tr>\r\n<td>Color<\/td>\r\n<td>Azul, naranja, verde, rojo, morado, gris\u00a0<\/td>\r\n<\/tr>\r\n<tr>\r\n<td>PESO\u00a0<\/td>\r\n<td>240g\/pz<\/td>\r\n<\/tr>\r\n<\/tbody>\r\n<\/table>\r\n<\/figure><ul class=\"wp-block-list\">\r\n<li>Baldosas de pl\u00e1stico para pistas deportivas\u00a0<\/li>\r\n<li>SOLUCI\u00d3N PERFECTA DE RESURFACCI\u00d3N: Las baldosas de terraza son la alternativa rentable perfecta para restaurar superficies desgastadas alrededor de su piscina, patio, jard\u00edn o terraza antigua. Tambi\u00e9n es ideal para interiores, en cuartos de barro y s\u00f3tanos.<\/li>\r\n<li>DURADERO Y HECHO PARA DURAR: Este producto est\u00e1 dise\u00f1ado para resistir la exposici\u00f3n prolongada a los rayos UV, el tr\u00e1fico peatonal intenso y la exposici\u00f3n al agua. El dise\u00f1o de drenaje libre permite que el agua drene y se seque r\u00e1pidamente.<\/li>\r\n<li>INSTALACI\u00d3N R\u00c1PIDA Y F\u00c1CIL: Las baldosas modulares Deck Tile son f\u00e1ciles de instalar. Las baldosas entrelazadas simplemente se encajan, sin necesidad de herramientas ni pegamentos, y proporcionan un aspecto de alta gama con una protecci\u00f3n excepcional del suelo.<\/li>\r\n<li>AUTODRAGANTE Y ANTIDESLIZANTE: Estas baldosas est\u00e1n dise\u00f1adas para crear el m\u00e1ximo flujo de aire y drenaje para su suelo. El dise\u00f1o de drenaje libre permite que el agua drene r\u00e1pidamente, y la superficie antideslizante a\u00f1ade un nivel de tracci\u00f3n que te mantiene a salvo de resbalones.<\/li>\r\n<li>F\u00c1CIL DE LIMPIAR: Las baldosas Deck son de bajo mantenimiento y f\u00e1ciles de limpiar. Basta con rociar las baldosas con una manguera y el dise\u00f1o de auto-drenaje permitir\u00e1 que la superficie se seque r\u00e1pidamente, eliminando los problemas de agua estancada.<\/li>\r\n<\/ul>","protected":false},"excerpt":{"rendered":"<ul>\n<li>Al aire libre PP baldosas de pl\u00e1stico cancha de deporte de enclavamiento baldosas antideslizante estera<\/li>\n<li>ART NO.:  IT306<\/li>\n<li>Material: Pl\u00e1stico PP<\/li>\n<li>Tama\u00f1o: 30,5 *30,5 cm<\/li>\n<li>Peso : 240 G\/PC<\/li>\n<li>Color: azul, naranja, verde, rojo, morado, gris \u00a0<\/li>\n<\/ul>","protected":false},"featured_media":5779,"template":"","meta":{"_acf_changed":false},"product_brand":[],"product_cat":[318],"product_tag":[114,115],"class_list":{"0":"post-5778","1":"product","2":"type-product","3":"status-publish","4":"has-post-thumbnail","6":"product_cat-interlocking-floor-tiles","7":"product_tag-interlocking-floor-tiles","8":"product_tag-plastic-sport-court-tiles","10":"first","11":"instock","12":"product-type-simple"},"acf":[],"_links":{"self":[{"href":"https:\/\/toprisesafety.com\/es\/wp-json\/wp\/v2\/product\/5778"}],"collection":[{"href":"https:\/\/toprisesafety.com\/es\/wp-json\/wp\/v2\/product"}],"about":[{"href":"https:\/\/toprisesafety.com\/es\/wp-json\/wp\/v2\/types\/product"}],"wp:featuredmedia":[{"embeddable":true,"href":"https:\/\/toprisesafety.com\/es\/wp-json\/wp\/v2\/media\/5779"}],"wp:attachment":[{"href":"https:\/\/toprisesafety.com\/es\/wp-json\/wp\/v2\/media?parent=5778"}],"wp:term":[{"taxonomy":"product_brand","embeddable":true,"href":"https:\/\/toprisesafety.com\/es\/wp-json\/wp\/v2\/product_brand?post=5778"},{"taxonomy":"product_cat","embeddable":true,"href":"https:\/\/toprisesafety.com\/es\/wp-json\/wp\/v2\/product_cat?post=5778"},{"taxonomy":"product_tag","embeddable":true,"href":"https:\/\/toprisesafety.com\/es\/wp-json\/wp\/v2\/product_tag?post=5778"}],"curies":[{"name":"wp","href":"https:\/\/api.w.org\/{rel}","templated":true}]}}