{"id":14284,"date":"2025-08-04T10:26:23","date_gmt":"2025-08-04T10:26:23","guid":{"rendered":"https:\/\/toprisesafety.com\/?post_type=product&#038;p=14284"},"modified":"2025-08-04T10:46:39","modified_gmt":"2025-08-04T10:46:39","slug":"led-sensory-game-table","status":"publish","type":"product","link":"https:\/\/toprisesafety.com\/es\/producto\/led-sensory-game-table\/","title":{"rendered":"Mesa de juego sensorial LED"},"content":{"rendered":"<h1>Mesa de juego sensorial LED<\/h1>\n<p><a href=\"https:\/\/youtu.be\/FzeSUb_2BsU\" target=\"_blank\" rel=\"noopener\">Echa un vistazo al v\u00eddeo de la mesa de juego sensorial LED.\u00a0<\/a><\/p>\n<p><strong><b>Mesa de juego interactiva Whac-A-Mole con LED<\/b><\/strong><\/p>\n<p><strong><b>Ritmo ligero - Desaf\u00edo inteligente<\/b><\/strong><\/p>\n<p>Mesa de juego interactiva Whac-A-Mole con LED: una nueva era de entretenimiento familiar<\/p>\n<p>Tecnolog\u00eda \u00d7 Diversi\u00f3n \u00d7 Entrenamiento de reflejos<br \/>\nEste innovador juguete combina a la perfecci\u00f3n el entretenimiento interactivo con el desarrollo cognitivo, ofreciendo en \u00faltima instancia un sinf\u00edn de emociones para usuarios de todas las edades.<\/p>\n<h2><strong><b>\ud83d\ude80 Experiencia central-Tres modos de juego progresivos-.<\/b><\/strong><\/h2>\n<h2>Mesa de juego sensorial LED<\/h2>\n<p>Prueba para principiantes - Persecuci\u00f3n con una sola luz<\/p>\n<p>Para empezar, el juego se inicia con un estallido de m\u00fasica en\u00e9rgica y una luz que parpadea aleatoriamente.<\/p>\n<p>- Un toque r\u00e1pido apaga la luz, seguido de una respuesta sonora satisfactoria.<\/p>\n<p data-start=\"405\" data-end=\"484\">- Con s\u00f3lo 30 golpes, activar\u00e1s tu respuesta neuronal y crear\u00e1s ritmo<\/p>\n<p>Estrellas gemelas - Carrera contrarreloj<\/p>\n<p>A continuaci\u00f3n, el sistema pasa autom\u00e1ticamente al modo de doble luz, con pulsaciones intensificadas.<br \/>\n- En este modo, la coordinaci\u00f3n es clave: toca ambas luces de forma sincronizada para o\u00edr la campanada ganadora.<br \/>\n- Adem\u00e1s, conseguir 30 combos precisos mejora significativamente tus reflejos multitarea.<\/p>\n<p>Triad Matrix - Ultimate Frenzy<\/p>\n<p>Por \u00faltimo, tres luces parpadean en patrones triangulares aleatorios, acompa\u00f1adas de EDM de alta energ\u00eda.<br \/>\n- Mientras tanto, el ritmo se acelera, poniendo a prueba tu velocidad y concentraci\u00f3n.<br \/>\n- Una vez superadas las 30 rondas, el sistema se reinicia, ofreciendo as\u00ed un desaf\u00edo continuo.<\/p>\n<p><strong><b>\ud83c\udf1f Caracter\u00edsticas premium que nos diferencian \ud83c\udf1f<\/b><\/strong><\/p>\n<h1>Mesa de juego sensorial LED<\/h1>\n<h3><strong><b>\u2705 Experiencia sensorial inmersiva<\/b><\/strong><\/h3>\n<p>- En primer lugar, la matriz completa de LED RGB (DC5V 8W) proporciona efectos de iluminaci\u00f3n v\u00edvidos.<br \/>\n- Adem\u00e1s, el sistema de sonido personalizado incluye tres pistas BGM con una c\u00e1mara est\u00e9reo de 3 W para mejorar la inmersi\u00f3n.<br \/>\n- Y lo que es m\u00e1s importante, nuestros sensores capacitivos ultrasensibles reaccionan en s\u00f3lo 0,1 segundos.<\/p>\n<h3><strong><b>\u2705 Progresi\u00f3n de niveles meditada<\/b><\/strong><\/h3>\n<p>- Para garantizar una curva de aprendizaje fluida, el desaf\u00edo aumenta gradualmente de una a tres luces.<br \/>\n- Adem\u00e1s, el sistema se restablece despu\u00e9s de 90 toques con \u00e9xito para una interacci\u00f3n sin interrupciones.<br \/>\n- Adem\u00e1s, los cambios de frecuencia de las luces entrenan sutilmente la velocidad de reacci\u00f3n y la toma de decisiones.<\/p>\n<h3><strong><b>\u2705 Dise\u00f1o y construcci\u00f3n superiores<\/b><\/strong><\/h3>\n<table>\n<tbody>\n<tr>\n<td width=\"288\">Componente<\/td>\n<td width=\"288\">Tecnolog\u00eda<\/td>\n<td width=\"288\">Beneficio<\/td>\n<\/tr>\n<tr>\n<td width=\"288\">Superficie de juego<\/td>\n<td width=\"288\">Polietileno importado<\/td>\n<td width=\"288\">Duradero y resistente a los ara\u00f1azos<\/td>\n<\/tr>\n<tr>\n<td width=\"288\">Sistema el\u00e9ctrico<\/td>\n<td width=\"288\">Bater\u00eda de litio de 2200 mAh + USB-C<\/td>\n<td width=\"288\">Larga duraci\u00f3n y recarga r\u00e1pida<\/td>\n<\/tr>\n<tr>\n<td width=\"288\">Dise\u00f1o del marco<\/td>\n<td width=\"288\">Base plegable (HJ6503C)<\/td>\n<td width=\"288\">Cambia de escritorio a suelo en 3 segundos<\/td>\n<\/tr>\n<\/tbody>\n<\/table>\n<p><strong><b>\ud83c\udfaf Construido para cada escenario-<\/b><\/strong><\/p>\n<h1>Mesa de juego sensorial LED<\/h1>\n<p>Tanto si lo que busca es estrechar lazos familiares, divertirse en una fiesta o un r\u00e1pido est\u00edmulo mental, esta mesa encaja a la perfecci\u00f3n:<br \/>\n- Por ejemplo, el juego entre padres e hijos es ideal para ni\u00f1os mayores de 3 a\u00f1os, ya que ayuda a desarrollar la concentraci\u00f3n y la capacidad de recuperaci\u00f3n mediante el seguimiento de la luz.<br \/>\n- En entornos sociales, las transiciones musicales autom\u00e1ticas dinamizan instant\u00e1neamente el ambiente.<br \/>\n- A nivel cognitivo, los retos de tres niveles estimulan los reflejos y retrasan la fatiga mental.<br \/>\n- Adem\u00e1s, una pausa de 10 minutos en la oficina con la mesa ofrece un alivio eficaz del estr\u00e9s.<\/p>\n<h2><strong><b>\u2728 \u00bfPor qu\u00e9 elegirnos?<\/b><\/strong><\/h2>\n<p>- Especificaciones de confianza<br \/>\n\u25b6\ufe0f Suelo: 45\u00d745\u00d740cm \/ Tablero: 45\u00d745\u00d75cm<br \/>\n\u25b6\ufe0f Construido con sensores de grado militar para una capacidad de respuesta precisa<br \/>\n\u25b6\ufe0f M\u00e1s de 500 ciclos estables de recarga de la bater\u00eda garantizan un uso prolongado<\/p>\n<p>- La seguridad se une al rendimiento<br \/>\n\u25b6\ufe0f Para mayor seguridad, los bordes redondeados evitan lesiones accidentales.<br \/>\n\u25b6\ufe0f Adem\u00e1s, la carcasa ign\u00edfuga garantiza la tranquilidad durante las sesiones intensas<\/p>\n<h2><strong><b>\ud83d\udd25 \u00bfListo para dominar los reflejos a la velocidad de la luz?<\/b><\/strong><\/h2>\n<p>En definitiva, la Mesa Interactiva LED es m\u00e1s que un juguete: es su dojo de reflejos, su centro de diversi\u00f3n y su centro de entrenamiento, todo en uno.<\/p>\n<p><a href=\"https:\/\/toprisesafety.com\/es\/contact-us\/\">Contacto Ningbo Toprise<\/a> para mesas de juego sensoriales LED.<\/p>\n<p>&nbsp;<\/p>","protected":false},"excerpt":{"rendered":"<p>N\u00ba de art\u00edculo LT01<\/p>\n<p>Material: Polietileno importado<\/p>\n<p>MOQ: 30 PCS<\/p>","protected":false},"featured_media":14288,"template":"","meta":{"_acf_changed":false},"product_brand":[],"product_cat":[407],"product_tag":[409,410,408],"class_list":{"0":"post-14284","1":"product","2":"type-product","3":"status-publish","4":"has-post-thumbnail","6":"product_cat-led-products","7":"product_tag-interaction-light-tray","8":"product_tag-led-sensor-hamster-picking-game-table","9":"product_tag-led-sensory-game-table","11":"first","12":"instock","13":"shipping-taxable","14":"product-type-simple"},"acf":[],"_links":{"self":[{"href":"https:\/\/toprisesafety.com\/es\/wp-json\/wp\/v2\/product\/14284"}],"collection":[{"href":"https:\/\/toprisesafety.com\/es\/wp-json\/wp\/v2\/product"}],"about":[{"href":"https:\/\/toprisesafety.com\/es\/wp-json\/wp\/v2\/types\/product"}],"wp:featuredmedia":[{"embeddable":true,"href":"https:\/\/toprisesafety.com\/es\/wp-json\/wp\/v2\/media\/14288"}],"wp:attachment":[{"href":"https:\/\/toprisesafety.com\/es\/wp-json\/wp\/v2\/media?parent=14284"}],"wp:term":[{"taxonomy":"product_brand","embeddable":true,"href":"https:\/\/toprisesafety.com\/es\/wp-json\/wp\/v2\/product_brand?post=14284"},{"taxonomy":"product_cat","embeddable":true,"href":"https:\/\/toprisesafety.com\/es\/wp-json\/wp\/v2\/product_cat?post=14284"},{"taxonomy":"product_tag","embeddable":true,"href":"https:\/\/toprisesafety.com\/es\/wp-json\/wp\/v2\/product_tag?post=14284"}],"curies":[{"name":"wp","href":"https:\/\/api.w.org\/{rel}","templated":true}]}}