{"id":14052,"date":"2025-07-23T06:58:25","date_gmt":"2025-07-23T06:58:25","guid":{"rendered":"https:\/\/toprisesafety.com\/?post_type=product&#038;p=14052"},"modified":"2025-07-23T06:58:36","modified_gmt":"2025-07-23T06:58:36","slug":"fiberglass-fire-retardant-tarp","status":"publish","type":"product","link":"https:\/\/toprisesafety.com\/es\/producto\/fiberglass-fire-retardant-tarp\/","title":{"rendered":"Lona ign\u00edfuga de fibra de vidrio"},"content":{"rendered":"<h1>Lona ign\u00edfuga de fibra de vidrio<\/h1>\n<h2 data-start=\"106\" data-end=\"149\">\u2705 <strong data-start=\"112\" data-end=\"149\">\u00bfQu\u00e9 es la lona ign\u00edfuga de fibra de vidrio?<\/strong><\/h2>\n<p data-start=\"151\" data-end=\"572\"><strong data-start=\"151\" data-end=\"179\">Lona ign\u00edfuga de fibra de vidrio<\/strong>\u00a0es un tejido compuesto de altas prestaciones fabricado recubriendo una malla de fibra de vidrio con cloruro de polivinilo (PVC). Esta estructura combina la resistencia al calor y la solidez de la fibra de vidrio con la flexibilidad, impermeabilidad y resistencia qu\u00edmica del PVC. El resultado es una lona que puede soportar temperaturas extremas, el fuego y entornos industriales dif\u00edciles, al tiempo que mantiene la durabilidad y la estabilidad.<\/p>\n<hr data-start=\"574\" data-end=\"577\" \/>\n<h2 data-start=\"579\" data-end=\"630\">\ud83d\udccc <strong data-start=\"586\" data-end=\"630\">Aplicaciones de la lona ign\u00edfuga de fibra de vidrio<\/strong><\/h2>\n<ol data-start=\"632\" data-end=\"1673\">\n<li data-start=\"632\" data-end=\"792\">\n<p data-start=\"635\" data-end=\"792\"><strong data-start=\"635\" data-end=\"682\">Cortinas de soldadura y barreras de protecci\u00f3n contra incendios<\/strong><br data-start=\"682\" data-end=\"685\" \/>Ideal para proteger al equipo y al personal de chispas, salpicaduras y calor en \u00e1reas de soldadura y corte.<\/p>\n<\/li>\n<li data-start=\"794\" data-end=\"926\">\n<p data-start=\"797\" data-end=\"926\"><strong data-start=\"797\" data-end=\"834\">Cubiertas de aislamiento t\u00e9rmico industrial<\/strong><br data-start=\"834\" data-end=\"837\" \/>Se utiliza para envolver tuber\u00edas, conductos, calderas o maquinaria que funciona a altas temperaturas.<\/p>\n<\/li>\n<li data-start=\"928\" data-end=\"1088\">\n<p data-start=\"931\" data-end=\"1088\"><strong data-start=\"931\" data-end=\"963\">Barreras de seguridad en la construcci\u00f3n<\/strong><br data-start=\"963\" data-end=\"966\" \/>Se instala en obras donde la resistencia al fuego y la solidez son cr\u00edticas, especialmente en zonas de gran altura o confinadas.<\/p>\n<\/li>\n<li data-start=\"1090\" data-end=\"1216\">\n<p data-start=\"1093\" data-end=\"1216\"><strong data-start=\"1093\" data-end=\"1126\">Instalaciones el\u00e9ctricas<\/strong><br data-start=\"1126\" data-end=\"1129\" \/>Sirve como manta aislante o cubierta protectora en subestaciones y centrales energ\u00e9ticas.<\/p>\n<\/li>\n<li data-start=\"1218\" data-end=\"1386\">\n<p data-start=\"1221\" data-end=\"1386\"><strong data-start=\"1221\" data-end=\"1264\">Materiales ign\u00edfugos para tiendas y refugios<\/strong><br data-start=\"1264\" data-end=\"1267\" \/>Se utiliza en refugios de emergencia, aplicaciones militares o zonas peligrosas que requieran resistencia al fuego y durabilidad.<\/p>\n<\/li>\n<li data-start=\"1388\" data-end=\"1520\">\n<p data-start=\"1391\" data-end=\"1520\"><strong data-start=\"1391\" data-end=\"1419\">Cubiertas para equipos de exterior<\/strong><br data-start=\"1419\" data-end=\"1422\" \/>Protege equipos industriales, veh\u00edculos y materiales expuestos al calor, los productos qu\u00edmicos y la intemperie.<\/p>\n<\/li>\n<li data-start=\"1522\" data-end=\"1673\">\n<p data-start=\"1525\" data-end=\"1673\"><strong data-start=\"1525\" data-end=\"1562\">Separaci\u00f3n de plantas qu\u00edmicas y laboratorios<\/strong><br data-start=\"1562\" data-end=\"1565\" \/>Act\u00faa como separador o cortina en laboratorios qu\u00edmicos o plantas donde la exposici\u00f3n a sustancias corrosivas es habitual.<\/p>\n<\/li>\n<\/ol>\n<h2><\/h2>\n<div style=\"width: 720px;\" class=\"wp-video\"><video class=\"wp-video-shortcode\" id=\"video-14052-1\" width=\"720\" height=\"1280\" preload=\"metadata\" controls=\"controls\"><source type=\"video\/mp4\" src=\"https:\/\/toprisesafety.com\/wp-content\/uploads\/2025\/07\/SOwm63sYTPjXschDzwH.mp4?_=1\" \/><a href=\"https:\/\/toprisesafety.com\/wp-content\/uploads\/2025\/07\/SOwm63sYTPjXschDzwH.mp4\">https:\/\/toprisesafety.com\/wp-content\/uploads\/2025\/07\/SOwm63sYTPjXschDzwH.mp4<\/a><\/video><\/div>\n<h2><strong><b>Lona ign\u00edfuga de fibra de vidrio <\/b><\/strong><strong><b>Especificaciones materiales<\/b><\/strong><\/h2>\n<table>\n<tbody>\n<tr>\n<td width=\"210\">Peso (g\/m\u00b2)<\/td>\n<td width=\"192\">Espesor<\/td>\n<td width=\"192\">Colores disponibles<\/td>\n<\/tr>\n<tr>\n<td width=\"210\">400<\/td>\n<td width=\"192\">0,23-0,25 mm<\/td>\n<td width=\"192\">Verde<\/td>\n<\/tr>\n<\/tbody>\n<\/table>\n<h2><strong><b>\u00a0<\/b><\/strong><\/h2>\n<h2><strong><b>Lona ign\u00edfuga de fibra de vidrio <\/b><\/strong><strong><b>Tabla de referencia de tallas est\u00e1ndar y reales (m)<\/b><\/strong><\/h2>\n<p>&nbsp;<\/p>\n<table>\n<tbody>\n<tr>\n<td width=\"96\">Tama\u00f1o est\u00e1ndar<\/td>\n<td width=\"96\">Tama\u00f1o real<\/td>\n<td width=\"96\">Tama\u00f1o est\u00e1ndar<\/td>\n<td width=\"96\">Tama\u00f1o real<\/td>\n<td width=\"96\">Tama\u00f1o est\u00e1ndar<\/td>\n<td width=\"96\">Tama\u00f1o real<\/td>\n<\/tr>\n<tr>\n<td width=\"96\">1,5x2m<\/td>\n<td width=\"96\">1.35\u00d71.85m<\/td>\n<td width=\"96\">3x6m<\/td>\n<td width=\"96\">2.85\u00d75.8m<\/td>\n<td width=\"96\">6x6m<\/td>\n<td width=\"96\">5.75\u00d75.8m<\/td>\n<\/tr>\n<tr>\n<td width=\"96\">1.5\u00d72.5m<\/td>\n<td width=\"96\">1.35\u00d72.35m<\/td>\n<td width=\"96\">4,5x4m<\/td>\n<td width=\"96\">4.25\u00d73.8m<\/td>\n<td width=\"96\">6x8m<\/td>\n<td width=\"96\">5.75\u00d77.8m<\/td>\n<\/tr>\n<tr>\n<td width=\"96\">1,5x3m<\/td>\n<td width=\"96\">1.35\u00d72.85m<\/td>\n<td width=\"96\">4,5x5m<\/td>\n<td width=\"96\">4.25\u00d74.8m<\/td>\n<td width=\"96\">6x10m<\/td>\n<td width=\"96\">5.75\u00d79.8m<\/td>\n<\/tr>\n<tr>\n<td width=\"96\">1,5x4m<\/td>\n<td width=\"96\">1.35\u00d73.85m<\/td>\n<td width=\"96\">4,5x6m<\/td>\n<td width=\"96\">4.25\u00d75.8m<\/td>\n<td width=\"96\">7,5x10m<\/td>\n<td width=\"96\">7.2\u00d79.8m<\/td>\n<\/tr>\n<tr>\n<td width=\"96\">2x3m<\/td>\n<td width=\"96\">1.85\u00d72.85m<\/td>\n<td width=\"96\">4,5x7m<\/td>\n<td width=\"96\">4.25\u00d76.8m<\/td>\n<td width=\"96\">7,5x12m<\/td>\n<td width=\"96\">7.2\u00d711.7m<\/td>\n<\/tr>\n<tr>\n<td width=\"96\">3x3m<\/td>\n<td width=\"96\">2.85\u00d72.85m<\/td>\n<td width=\"96\">4,5x10m<\/td>\n<td width=\"96\">4.25\u00d79.8m<\/td>\n<td width=\"96\">9x12m<\/td>\n<td width=\"96\">8.7\u00d711.7m<\/td>\n<\/tr>\n<tr>\n<td width=\"96\">3x4m<\/td>\n<td width=\"96\">2.85\u00d73.85m<\/td>\n<td width=\"96\">5.8\u00d74.8m<\/td>\n<td width=\"96\"><\/td>\n<td width=\"96\">12x10m<\/td>\n<td width=\"96\">11.55\u00d79.7m<\/td>\n<\/tr>\n<tr>\n<td width=\"96\">3x5m<\/td>\n<td width=\"96\">2.8\u00d74.8m<\/td>\n<td width=\"96\">6x5m<\/td>\n<td width=\"96\"><\/td>\n<td width=\"96\">12x12m<\/td>\n<td width=\"96\">11.55\u00d711.7m<\/td>\n<\/tr>\n<\/tbody>\n<\/table>\n<p>Si tiene requisitos especiales de tama\u00f1o y dise\u00f1o, <a href=\"https:\/\/toprisesafety.com\/es\/contact-us\/\">Contacto<\/a> libremente.<\/p>\n<p>Podemos fabricar la lona especialmente.<\/p>","protected":false},"excerpt":{"rendered":"<p><strong><b>Art No.<\/b><\/strong>: FPT03<\/p>\n<p><strong><b>Material<\/b><\/strong>: Fibra de vidrio PVC<\/p>\n<p><strong><b>Color<\/b><\/strong>: Verde<\/p>\n<p><strong><b>Peso<\/b><\/strong>: 400 g\/m\u00b2.<\/p>\n<p><strong><b>Espesor: 0,23-0,25<\/b><\/strong>\u00a0mm<\/p>\n<p><strong><b>Talla<\/b><\/strong>Ver hoja de medidas o seg\u00fan las necesidades del cliente.<\/p>","protected":false},"featured_media":14054,"template":"","meta":{"_acf_changed":false},"product_brand":[],"product_cat":[319],"product_tag":[],"class_list":{"0":"post-14052","1":"product","2":"type-product","3":"status-publish","4":"has-post-thumbnail","6":"product_cat-tarpaulin","8":"first","9":"instock","10":"shipping-taxable","11":"product-type-simple"},"acf":[],"_links":{"self":[{"href":"https:\/\/toprisesafety.com\/es\/wp-json\/wp\/v2\/product\/14052","targetHints":{"allow":["GET"]}}],"collection":[{"href":"https:\/\/toprisesafety.com\/es\/wp-json\/wp\/v2\/product"}],"about":[{"href":"https:\/\/toprisesafety.com\/es\/wp-json\/wp\/v2\/types\/product"}],"wp:featuredmedia":[{"embeddable":true,"href":"https:\/\/toprisesafety.com\/es\/wp-json\/wp\/v2\/media\/14054"}],"wp:attachment":[{"href":"https:\/\/toprisesafety.com\/es\/wp-json\/wp\/v2\/media?parent=14052"}],"wp:term":[{"taxonomy":"product_brand","embeddable":true,"href":"https:\/\/toprisesafety.com\/es\/wp-json\/wp\/v2\/product_brand?post=14052"},{"taxonomy":"product_cat","embeddable":true,"href":"https:\/\/toprisesafety.com\/es\/wp-json\/wp\/v2\/product_cat?post=14052"},{"taxonomy":"product_tag","embeddable":true,"href":"https:\/\/toprisesafety.com\/es\/wp-json\/wp\/v2\/product_tag?post=14052"}],"curies":[{"name":"wp","href":"https:\/\/api.w.org\/{rel}","templated":true}]}}