{"id":14049,"date":"2025-07-23T06:39:45","date_gmt":"2025-07-23T06:39:45","guid":{"rendered":"https:\/\/toprisesafety.com\/?post_type=product&#038;p=14049"},"modified":"2025-07-23T06:39:45","modified_gmt":"2025-07-23T06:39:45","slug":"fire-retardant-pvc-tarp","status":"publish","type":"product","link":"https:\/\/toprisesafety.com\/es\/producto\/fire-retardant-pvc-tarp\/","title":{"rendered":"Lona de PVC ign\u00edfuga"},"content":{"rendered":"<h1>Lona de PVC ign\u00edfuga<\/h1>\n<h2 data-start=\"40\" data-end=\"82\">\u2705 <strong data-start=\"46\" data-end=\"82\">\u00bfQu\u00e9 es la lona de PVC ign\u00edfuga?<\/strong><\/h2>\n<p data-start=\"84\" data-end=\"643\">A <strong data-start=\"86\" data-end=\"113\">Lona de PVC ign\u00edfuga<\/strong> es una lona impermeable y resistente fabricada con <strong data-start=\"160\" data-end=\"267\">Tejido recubierto de PVC especialmente tratado con agentes ign\u00edfugos durante el proceso de fabricaci\u00f3n.<\/strong>. Estos aditivos qu\u00edmicos reducen significativamente la inflamabilidad, ayudando a prevenir la ignici\u00f3n y a ralentizar la propagaci\u00f3n del fuego. Adem\u00e1s de su funci\u00f3n ign\u00edfuga, la lona tambi\u00e9n ofrece una excelente durabilidad, resistencia a los rayos UV y protecci\u00f3n contra la intemperie.<\/p>\n<hr data-start=\"645\" data-end=\"648\" \/>\n<h2 data-start=\"650\" data-end=\"700\">\ud83d\udccc <strong data-start=\"657\" data-end=\"700\">Aplicaciones de la lona de PVC ign\u00edfuga<\/strong><\/h2>\n<ol data-start=\"702\" data-end=\"1749\">\n<li data-start=\"702\" data-end=\"844\">\n<p data-start=\"705\" data-end=\"844\"><strong data-start=\"705\" data-end=\"727\">Obras de construcci\u00f3n<\/strong><br data-start=\"727\" data-end=\"730\" \/>Se utiliza para envolturas de andamios, cubiertas de edificios o cerramientos de escombros, proporcionando seguridad y prevenci\u00f3n de incendios in situ.<\/p>\n<\/li>\n<li data-start=\"846\" data-end=\"1023\">\n<p data-start=\"849\" data-end=\"1023\"><strong data-start=\"849\" data-end=\"891\">Cortinas de soldadura y barreras industriales<\/strong><br data-start=\"891\" data-end=\"894\" \/>Act\u00faa como tabique protector en zonas con presencia de chispas o calor intenso, reduciendo el riesgo de incendio en f\u00e1bricas y talleres.<\/p>\n<\/li>\n<li data-start=\"1025\" data-end=\"1179\">\n<p data-start=\"1028\" data-end=\"1179\"><strong data-start=\"1028\" data-end=\"1063\">Carpas para eventos y estructuras p\u00fablicas<\/strong><br data-start=\"1063\" data-end=\"1066\" \/>Garantiza refugios temporales seguros para exposiciones, festivales y escenarios, especialmente en zonas densamente pobladas.<\/p>\n<\/li>\n<li data-start=\"1181\" data-end=\"1308\">\n<p data-start=\"1184\" data-end=\"1308\"><strong data-start=\"1184\" data-end=\"1211\">Almacenamiento y log\u00edstica<\/strong><br data-start=\"1211\" data-end=\"1214\" \/>Cubre mercanc\u00edas que requieren protecci\u00f3n contra las llamas durante su almacenamiento en interiores o en centros de transporte.<\/p>\n<\/li>\n<li data-start=\"1310\" data-end=\"1448\">\n<p data-start=\"1313\" data-end=\"1448\"><strong data-start=\"1313\" data-end=\"1341\">Cubiertas para camiones y remolques<\/strong><br data-start=\"1341\" data-end=\"1344\" \/>Se utiliza en tr\u00e1nsito para proteger materiales sensibles o inflamables de la exposici\u00f3n al calor o los riesgos el\u00e9ctricos.<\/p>\n<\/li>\n<li data-start=\"1450\" data-end=\"1607\">\n<p data-start=\"1453\" data-end=\"1607\"><strong data-start=\"1453\" data-end=\"1491\">Instalaciones agr\u00edcolas y ganaderas<\/strong><br data-start=\"1491\" data-end=\"1494\" \/>Se aplica en establos o zonas de almacenamiento de piensos para reducir el riesgo de incendio causado por el calor, la maquinaria o los materiales secos.<\/p>\n<\/li>\n<li data-start=\"1609\" data-end=\"1749\">\n<p data-start=\"1612\" data-end=\"1749\"><strong data-start=\"1612\" data-end=\"1652\">Ayuda en caso de cat\u00e1strofe y refugios de emergencia<\/strong><br data-start=\"1652\" data-end=\"1655\" \/>Ideal para un despliegue r\u00e1pido en zonas de emergencia donde la seguridad y la protecci\u00f3n contra incendios son cruciales.<\/p>\n<\/li>\n<\/ol>\n<h2><strong><b>Lona de PVC ign\u00edfuga <\/b><\/strong><strong><b>Especificaciones materiales<\/b><\/strong><\/h2>\n<table>\n<tbody>\n<tr>\n<td width=\"210\">Peso (g)<\/td>\n<td width=\"192\">Espesor<\/td>\n<td width=\"192\">Colores disponibles<\/td>\n<\/tr>\n<tr>\n<td width=\"210\">300-600<\/td>\n<td width=\"192\">0,30-0,60 mm<\/td>\n<td width=\"192\">Verde o azul<\/td>\n<\/tr>\n<\/tbody>\n<\/table>\n<h2><strong><b>\u00a0<\/b><\/strong><\/h2>\n<h2><strong><b>Lona de PVC <\/b><\/strong><strong><b>Tabla de referencia de tallas est\u00e1ndar y reales (m)<\/b><\/strong><\/h2>\n<p>&nbsp;<\/p>\n<table>\n<tbody>\n<tr>\n<td width=\"96\">Tama\u00f1o est\u00e1ndar<\/td>\n<td width=\"96\">Tama\u00f1o real<\/td>\n<td width=\"96\">Tama\u00f1o est\u00e1ndar<\/td>\n<td width=\"96\">Tama\u00f1o real<\/td>\n<td width=\"96\">Tama\u00f1o est\u00e1ndar<\/td>\n<td width=\"96\">Tama\u00f1o real<\/td>\n<\/tr>\n<tr>\n<td width=\"96\">1,5x2m<\/td>\n<td width=\"96\">1.35\u00d71.85m<\/td>\n<td width=\"96\">3x6m<\/td>\n<td width=\"96\">2.85\u00d75.8m<\/td>\n<td width=\"96\">6x6m<\/td>\n<td width=\"96\">5.75\u00d75.8m<\/td>\n<\/tr>\n<tr>\n<td width=\"96\">1.5\u00d72.5m<\/td>\n<td width=\"96\">1.35\u00d72.35m<\/td>\n<td width=\"96\">4,5x4m<\/td>\n<td width=\"96\">4.25\u00d73.8m<\/td>\n<td width=\"96\">6x8m<\/td>\n<td width=\"96\">5.75\u00d77.8m<\/td>\n<\/tr>\n<tr>\n<td width=\"96\">1,5x3m<\/td>\n<td width=\"96\">1.35\u00d72.85m<\/td>\n<td width=\"96\">4,5x5m<\/td>\n<td width=\"96\">4.25\u00d74.8m<\/td>\n<td width=\"96\">6x10m<\/td>\n<td width=\"96\">5.75\u00d79.8m<\/td>\n<\/tr>\n<tr>\n<td width=\"96\">1,5x4m<\/td>\n<td width=\"96\">1.35\u00d73.85m<\/td>\n<td width=\"96\">4,5x6m<\/td>\n<td width=\"96\">4.25\u00d75.8m<\/td>\n<td width=\"96\">7,5x10m<\/td>\n<td width=\"96\">7.2\u00d79.8m<\/td>\n<\/tr>\n<tr>\n<td width=\"96\">2x3m<\/td>\n<td width=\"96\">1.85\u00d72.85m<\/td>\n<td width=\"96\">4,5x7m<\/td>\n<td width=\"96\">4.25\u00d76.8m<\/td>\n<td width=\"96\">7,5x12m<\/td>\n<td width=\"96\">7.2\u00d711.7m<\/td>\n<\/tr>\n<tr>\n<td width=\"96\">3x3m<\/td>\n<td width=\"96\">2.85\u00d72.85m<\/td>\n<td width=\"96\">4,5x10m<\/td>\n<td width=\"96\">4.25\u00d79.8m<\/td>\n<td width=\"96\">9x12m<\/td>\n<td width=\"96\">8.7\u00d711.7m<\/td>\n<\/tr>\n<tr>\n<td width=\"96\">3x4m<\/td>\n<td width=\"96\">2.85\u00d73.85m<\/td>\n<td width=\"96\">5.8\u00d74.8m<\/td>\n<td width=\"96\">&nbsp;<\/td>\n<td width=\"96\">12x10m<\/td>\n<td width=\"96\">11.55\u00d79.7m<\/td>\n<\/tr>\n<tr>\n<td width=\"96\">3x5m<\/td>\n<td width=\"96\">2.8\u00d74.8m<\/td>\n<td width=\"96\">6x5m<\/td>\n<td width=\"96\">&nbsp;<\/td>\n<td width=\"96\">12x12m<\/td>\n<td width=\"96\">11.55\u00d711.7m<\/td>\n<\/tr>\n<\/tbody>\n<\/table>\n<p>Si tiene requisitos especiales de tama\u00f1o y dise\u00f1o, <a href=\"https:\/\/toprisesafety.com\/es\/contact-us\/\">Contacto<\/a> libremente.<\/p>\n<figure id=\"attachment_14051\" aria-describedby=\"caption-attachment-14051\" style=\"width: 300px\" class=\"wp-caption alignnone\"><img fetchpriority=\"high\" decoding=\"async\" class=\"size-medium wp-image-14051\" src=\"https:\/\/toprisesafety.com\/wp-content\/uploads\/2025\/07\/FE2C4D6A80C728EC34A112B2E397B13C-300x294.jpg\" alt=\"PVC tarpalin application \" width=\"300\" height=\"294\" srcset=\"https:\/\/toprisesafety.com\/wp-content\/uploads\/2025\/07\/FE2C4D6A80C728EC34A112B2E397B13C-300x294.jpg 300w, https:\/\/toprisesafety.com\/wp-content\/uploads\/2025\/07\/FE2C4D6A80C728EC34A112B2E397B13C-1024x1002.jpg 1024w, https:\/\/toprisesafety.com\/wp-content\/uploads\/2025\/07\/FE2C4D6A80C728EC34A112B2E397B13C-768x751.jpg 768w, https:\/\/toprisesafety.com\/wp-content\/uploads\/2025\/07\/FE2C4D6A80C728EC34A112B2E397B13C-1536x1503.jpg 1536w, https:\/\/toprisesafety.com\/wp-content\/uploads\/2025\/07\/FE2C4D6A80C728EC34A112B2E397B13C-2048x2004.jpg 2048w, https:\/\/toprisesafety.com\/wp-content\/uploads\/2025\/07\/FE2C4D6A80C728EC34A112B2E397B13C-600x587.jpg 600w\" sizes=\"(max-width: 300px) 100vw, 300px\" \/><figcaption id=\"caption-attachment-14051\" class=\"wp-caption-text\">Aplicaci\u00f3n del tarpal\u00edn de PVC<\/figcaption><\/figure>","protected":false},"excerpt":{"rendered":"<p><strong><b>Art. No. <\/b><\/strong>: PVCT03<\/p>\n<p><strong><b>Material <\/b><\/strong>: PVC<\/p>\n<p><strong><b>Color <\/b><\/strong>verde o azul.<\/p>\n<p><b>Peso : <\/b>300-600 G\/SQM<\/p>\n<p><strong><b>Espesor : 0,<\/b><\/strong>30-0,60 mm<\/p>\n<p><strong><b>Grado ign\u00edfugo<\/b><\/strong>\u00a0: B1<\/p>\n<p><strong><b>Talla<\/b><\/strong>Ver hoja de medidas o seg\u00fan las necesidades del cliente.<\/p>","protected":false},"featured_media":14050,"template":"","meta":{"_acf_changed":false},"product_brand":[],"product_cat":[319],"product_tag":[],"class_list":{"0":"post-14049","1":"product","2":"type-product","3":"status-publish","4":"has-post-thumbnail","6":"product_cat-tarpaulin","8":"first","9":"instock","10":"shipping-taxable","11":"product-type-simple"},"acf":[],"_links":{"self":[{"href":"https:\/\/toprisesafety.com\/es\/wp-json\/wp\/v2\/product\/14049"}],"collection":[{"href":"https:\/\/toprisesafety.com\/es\/wp-json\/wp\/v2\/product"}],"about":[{"href":"https:\/\/toprisesafety.com\/es\/wp-json\/wp\/v2\/types\/product"}],"wp:featuredmedia":[{"embeddable":true,"href":"https:\/\/toprisesafety.com\/es\/wp-json\/wp\/v2\/media\/14050"}],"wp:attachment":[{"href":"https:\/\/toprisesafety.com\/es\/wp-json\/wp\/v2\/media?parent=14049"}],"wp:term":[{"taxonomy":"product_brand","embeddable":true,"href":"https:\/\/toprisesafety.com\/es\/wp-json\/wp\/v2\/product_brand?post=14049"},{"taxonomy":"product_cat","embeddable":true,"href":"https:\/\/toprisesafety.com\/es\/wp-json\/wp\/v2\/product_cat?post=14049"},{"taxonomy":"product_tag","embeddable":true,"href":"https:\/\/toprisesafety.com\/es\/wp-json\/wp\/v2\/product_tag?post=14049"}],"curies":[{"name":"wp","href":"https:\/\/api.w.org\/{rel}","templated":true}]}}