{"id":14038,"date":"2025-07-23T05:37:46","date_gmt":"2025-07-23T05:37:46","guid":{"rendered":"https:\/\/toprisesafety.com\/?post_type=product&#038;p=14038"},"modified":"2025-07-23T05:37:46","modified_gmt":"2025-07-23T05:37:46","slug":"clear-pvc-tarpaulin","status":"publish","type":"product","link":"https:\/\/toprisesafety.com\/es\/producto\/clear-pvc-tarpaulin\/","title":{"rendered":"Lona de PVC transparente"},"content":{"rendered":"<h1 data-start=\"35\" data-end=\"73\">Lona de PVC transparente<\/h1>\n<h3 data-start=\"137\" data-end=\"171\">\u2705 \u00bfQu\u00e9 es la lona de PVC transparente?<\/h3>\n<p data-start=\"173\" data-end=\"534\">Es un material protector fabricado a partir de cloruro de polivinilo altamente transparente. Ofrece una excelente impermeabilidad, resistencia a los rayos UV y durabilidad. Adem\u00e1s, su flexibilidad y resistencia al desgarro lo hacen ideal para diversos entornos exteriores e industriales. Por ello, suele utilizarse cuando la visibilidad y la protecci\u00f3n contra la intemperie son esenciales.<\/p>\n<hr data-start=\"536\" data-end=\"539\" \/>\n<h3 data-start=\"541\" data-end=\"583\">Aplicaciones de la lona de PVC transparente<\/h3>\n<p data-start=\"585\" data-end=\"780\"><strong data-start=\"585\" data-end=\"610\">Protecci\u00f3n de invernaderos<\/strong><br data-start=\"610\" data-end=\"613\" \/>Esta lona deja pasar la luz y crea un entorno c\u00e1lido y resistente al viento y la lluvia para los cultivos. Por eso se utiliza mucho en invernaderos agr\u00edcolas.<\/p>\n<p data-start=\"782\" data-end=\"1005\"><strong data-start=\"782\" data-end=\"814\">Marquesinas y voladizos<\/strong><br data-start=\"814\" data-end=\"817\" \/>Es perfecto para balcones, escaparates y patios. No s\u00f3lo proporciona un refugio fiable contra los elementos, sino que tambi\u00e9n mantiene una transparencia total para la luz natural y la visibilidad.<\/p>\n<p data-start=\"1007\" data-end=\"1223\"><strong data-start=\"1007\" data-end=\"1041\">Cubiertas de transporte y equipamiento<\/strong><br data-start=\"1041\" data-end=\"1044\" \/>Para camiones, cargas y herramientas, sirve como escudo fiable contra la humedad, el polvo y los da\u00f1inos rayos UV. Adem\u00e1s, reduce los costes de mantenimiento al proteger los bienes valiosos.<\/p>\n<p data-start=\"1225\" data-end=\"1417\"><strong data-start=\"1225\" data-end=\"1257\">Barreras y separadores en el lugar de trabajo<\/strong><br data-start=\"1257\" data-end=\"1260\" \/>Utilizado en obras y f\u00e1bricas, ayuda a separar zonas de forma segura y eficaz. Adem\u00e1s, act\u00faa como cortavientos temporal o pantalla de privacidad.<\/p>\n<p data-start=\"1419\" data-end=\"1623\"><strong data-start=\"1419\" data-end=\"1447\">Recintos para eventos al aire libre<\/strong><br data-start=\"1447\" data-end=\"1450\" \/>Ya sea para exposiciones, mercados o eventos privados, este material es ideal. Sus paneles transparentes realzan la est\u00e9tica a la vez que protegen de los cambios bruscos de tiempo.<\/p>\n<p data-start=\"1625\" data-end=\"1836\"><strong data-start=\"1625\" data-end=\"1649\">Sistemas de cortinas laterales<\/strong><br data-start=\"1649\" data-end=\"1652\" \/>Instaladas habitualmente en garajes, centros log\u00edsticos y almacenes, estas cortinas pueden enrollarse o desenrollarse seg\u00fan sea necesario. Por consiguiente, ofrecen tanto accesibilidad como protecci\u00f3n contra la intemperie.<\/p>\n<p data-start=\"1838\" data-end=\"2026\"><strong data-start=\"1838\" data-end=\"1868\">Recintos para ganado y mascotas<\/strong><br data-start=\"1868\" data-end=\"1871\" \/>Para el alojamiento de animales, proporciona calor, visibilidad y aislamiento. Adem\u00e1s, su textura suave garantiza la seguridad y el confort tanto de las mascotas como del ganado.<\/p>\n<h2><strong><b>Especificaciones materiales<\/b><\/strong><\/h2>\n<table>\n<tbody>\n<tr>\n<td width=\"210\">Peso (g)<\/td>\n<td width=\"192\">Grosor (seda)<\/td>\n<td width=\"192\">Colores disponibles<\/td>\n<\/tr>\n<tr>\n<td width=\"210\">400<\/td>\n<td width=\"192\">30<\/td>\n<td width=\"192\">Claro<\/td>\n<\/tr>\n<\/tbody>\n<\/table>\n<h1><strong><b>Tabla de tallas est\u00e1ndar<\/b><\/strong><\/h1>\n<table>\n<tbody>\n<tr>\n<td width=\"192\">Tama\u00f1o est\u00e1ndar (m)<\/td>\n<td width=\"192\">Tama\u00f1o est\u00e1ndar (m)<\/td>\n<td width=\"192\">Tama\u00f1o est\u00e1ndar (m)<\/td>\n<\/tr>\n<tr>\n<td width=\"192\">2\u00d74m<\/td>\n<td width=\"192\">4\u00d76m<\/td>\n<td width=\"192\">6\u00d76m<\/td>\n<\/tr>\n<tr>\n<td width=\"192\">2\u00d75m<\/td>\n<td width=\"192\">4\u00d77m<\/td>\n<td width=\"192\">6\u00d77 m<\/td>\n<\/tr>\n<tr>\n<td width=\"192\">2\u00d76m<\/td>\n<td width=\"192\">4\u00d78m<\/td>\n<td width=\"192\">6\u00d78m<\/td>\n<\/tr>\n<tr>\n<td width=\"192\">3\u00d73m<\/td>\n<td width=\"192\">4\u00d710m<\/td>\n<td width=\"192\">6\u00d710m<\/td>\n<\/tr>\n<tr>\n<td width=\"192\">3\u00d74 m<\/td>\n<td width=\"192\">5\u00d75 m<\/td>\n<td width=\"192\">6\u00d712m<\/td>\n<\/tr>\n<tr>\n<td width=\"192\">3\u00d75m<\/td>\n<td width=\"192\">5\u00d76 m<\/td>\n<td width=\"192\">8\u00d78 m<\/td>\n<\/tr>\n<tr>\n<td width=\"192\">3\u00d76m<\/td>\n<td width=\"192\">5\u00d77 m<\/td>\n<td width=\"192\">8\u00d710m<\/td>\n<\/tr>\n<tr>\n<td width=\"192\">3\u00d712m<\/td>\n<td width=\"192\">5\u00d78m<\/td>\n<td width=\"192\">8\u00d712m<\/td>\n<\/tr>\n<tr>\n<td width=\"192\">4\u00d74 m<\/td>\n<td width=\"192\">5\u00d710m<\/td>\n<td width=\"192\">Para tama\u00f1os personalizados, p\u00f3ngase en contacto con el servicio de atenci\u00f3n al cliente<\/td>\n<\/tr>\n<tr>\n<td width=\"192\">4\u00d75m<\/td>\n<td width=\"192\">5\u00d720m<\/td>\n<td width=\"192\">&nbsp;<\/td>\n<\/tr>\n<\/tbody>\n<\/table>\n<p>Nota: Todos los lados est\u00e1n termosellados con ojales. El tama\u00f1o real acabado es 10-15 cm m\u00e1s peque\u00f1o que el tama\u00f1o nominal.<\/p>\n<p>Si tiene requisitos especiales de tama\u00f1o y dise\u00f1o, <a href=\"https:\/\/toprisesafety.com\/es\/contact-us\/\">Contacto<\/a> libremente.<\/p>","protected":false},"excerpt":{"rendered":"<p><strong><b>Art No.<\/b><\/strong>: PVCT02<\/p>\n<p><strong><b>Material<\/b><\/strong>: PVC<\/p>\n<p><strong><b>Peso<\/b><\/strong>\u00a0: 400G\/SQM<\/p>\n<p><strong><b>Espesor : <\/b><\/strong>0,30 MM<\/p>\n<p><strong><b>Talla<\/b><\/strong>Ver hoja de medidas o seg\u00fan las necesidades del cliente.<\/p>\n<p><strong><b>Color<\/b><\/strong>: claro<\/p>","protected":false},"featured_media":14039,"template":"","meta":{"_acf_changed":false},"product_brand":[],"product_cat":[319],"product_tag":[],"class_list":{"0":"post-14038","1":"product","2":"type-product","3":"status-publish","4":"has-post-thumbnail","6":"product_cat-tarpaulin","8":"first","9":"instock","10":"shipping-taxable","11":"product-type-simple"},"acf":[],"_links":{"self":[{"href":"https:\/\/toprisesafety.com\/es\/wp-json\/wp\/v2\/product\/14038"}],"collection":[{"href":"https:\/\/toprisesafety.com\/es\/wp-json\/wp\/v2\/product"}],"about":[{"href":"https:\/\/toprisesafety.com\/es\/wp-json\/wp\/v2\/types\/product"}],"wp:featuredmedia":[{"embeddable":true,"href":"https:\/\/toprisesafety.com\/es\/wp-json\/wp\/v2\/media\/14039"}],"wp:attachment":[{"href":"https:\/\/toprisesafety.com\/es\/wp-json\/wp\/v2\/media?parent=14038"}],"wp:term":[{"taxonomy":"product_brand","embeddable":true,"href":"https:\/\/toprisesafety.com\/es\/wp-json\/wp\/v2\/product_brand?post=14038"},{"taxonomy":"product_cat","embeddable":true,"href":"https:\/\/toprisesafety.com\/es\/wp-json\/wp\/v2\/product_cat?post=14038"},{"taxonomy":"product_tag","embeddable":true,"href":"https:\/\/toprisesafety.com\/es\/wp-json\/wp\/v2\/product_tag?post=14038"}],"curies":[{"name":"wp","href":"https:\/\/api.w.org\/{rel}","templated":true}]}}