{"id":14008,"date":"2025-07-22T08:24:42","date_gmt":"2025-07-22T08:24:42","guid":{"rendered":"https:\/\/toprisesafety.com\/?post_type=product&#038;p=14008"},"modified":"2025-07-22T08:45:03","modified_gmt":"2025-07-22T08:45:03","slug":"transparent-pe-tarpaulin","status":"publish","type":"product","link":"https:\/\/toprisesafety.com\/es\/producto\/transparent-pe-tarpaulin\/","title":{"rendered":"Lona de PE transparente"},"content":{"rendered":"<h1>Lona de PE transparente<\/h1>\n<p><strong><b>Transparente<\/b><\/strong><strong><b>\u00a0Lona de PE <\/b><\/strong><strong><b>Especificaci\u00f3n<\/b><\/strong><\/p>\n<table>\n<tbody>\n<tr>\n<td width=\"288\"><strong><b>Nombre<\/b><\/strong><\/td>\n<td width=\"288\">Cubierta transparente para la lluvia<\/td>\n<\/tr>\n<tr>\n<td width=\"288\"><strong><b>Color<\/b><\/strong><\/td>\n<td width=\"288\">Blanco transparente<\/td>\n<\/tr>\n<tr>\n<td width=\"288\"><strong><b>Material<\/b><\/strong><\/td>\n<td width=\"288\">Principalmente pel\u00edcula de pl\u00e1stico PE + ribete de tela revestida<\/td>\n<\/tr>\n<tr>\n<td width=\"288\"><strong><b>Talla<\/b><\/strong><\/td>\n<td width=\"288\">Tama\u00f1o est\u00e1ndar + Tama\u00f1o personalizado<\/td>\n<\/tr>\n<tr>\n<td width=\"288\"><strong><b>Espesor <\/b><\/strong><\/td>\n<td width=\"288\">0,08 mm, 0,10 mm<\/td>\n<\/tr>\n<tr>\n<td width=\"288\"><strong><b>Zona<\/b><\/strong><\/td>\n<td width=\"288\">Personalizable<\/td>\n<\/tr>\n<tr>\n<td width=\"288\"><strong><b>Caracter\u00edsticas<\/b><\/strong><\/td>\n<td width=\"288\">Buena transmisi\u00f3n de la luz, respetuosa con el medio ambiente e inodora, resistente al viento y a la lluvia, y preservadora del calor y la humedad.<\/td>\n<\/tr>\n<\/tbody>\n<\/table>\n<h2><strong><b>Formas<\/b><\/strong><\/h2>\n<p>Forma regular: Proporcionar tama\u00f1o<\/p>\n<p>Forma especial: Proporcionar dibujo<\/p>\n<h2><strong><b>Tama\u00f1os de los productos<\/b><\/strong><\/h2>\n<table>\n<tbody>\n<tr>\n<td width=\"96\"><strong><b>Talla<\/b><\/strong><\/td>\n<td width=\"96\"><strong><b>Tama\u00f1o real<\/b><\/strong><\/td>\n<td width=\"96\"><strong><b>Talla<\/b><\/strong><\/td>\n<td width=\"96\"><strong><b>Tama\u00f1o real<\/b><\/strong><\/td>\n<td width=\"96\"><strong><b>Talla<\/b><\/strong><\/td>\n<td width=\"96\"><strong><b>Tama\u00f1o real<\/b><\/strong><\/td>\n<\/tr>\n<tr>\n<td width=\"96\">2x2m<\/td>\n<td width=\"96\">1.9\u00d71.9m<\/td>\n<td width=\"96\">4x6m<\/td>\n<td width=\"96\">3.8\u00d75.8m<\/td>\n<td width=\"96\">6x7m<\/td>\n<td width=\"96\">5.8\u00d76.8m<\/td>\n<\/tr>\n<tr>\n<td width=\"96\">2x3m<\/td>\n<td width=\"96\">1.9\u00d72.9m<\/td>\n<td width=\"96\">4x8m<\/td>\n<td width=\"96\">3.8\u00d77.8m<\/td>\n<td width=\"96\">6x8m<\/td>\n<td width=\"96\">5.8\u00d77.8m<\/td>\n<\/tr>\n<tr>\n<td width=\"96\">3x3m<\/td>\n<td width=\"96\">2.8\u00d72.8m<\/td>\n<td width=\"96\">5x5m<\/td>\n<td width=\"96\">4.8\u00d74.8m<\/td>\n<td width=\"96\">6x10m<\/td>\n<td width=\"96\">5.8\u00d79.8m<\/td>\n<\/tr>\n<tr>\n<td width=\"96\">3x4m<\/td>\n<td width=\"96\">2.8\u00d73.8m<\/td>\n<td width=\"96\">5x6m<\/td>\n<td width=\"96\">4.8\u00d75.8m<\/td>\n<td width=\"96\">6x12m<\/td>\n<td width=\"96\">5.8\u00d711.7m<\/td>\n<\/tr>\n<tr>\n<td width=\"96\">3x5m<\/td>\n<td width=\"96\">2.8\u00d74.8m<\/td>\n<td width=\"96\">5x7m<\/td>\n<td width=\"96\">4.8\u00d76.8m<\/td>\n<td width=\"96\">7x8m<\/td>\n<td width=\"96\">6.7\u00d77.7m<\/td>\n<\/tr>\n<tr>\n<td width=\"96\">3x6m<\/td>\n<td width=\"96\">2.8\u00d75.8m<\/td>\n<td width=\"96\">5x8m<\/td>\n<td width=\"96\">4.8\u00d77.8m<\/td>\n<td width=\"96\">8x10m<\/td>\n<td width=\"96\">7.7\u00d79.7m<\/td>\n<\/tr>\n<tr>\n<td width=\"96\">4x4m<\/td>\n<td width=\"96\">3.8\u00d73.8m<\/td>\n<td width=\"96\">5x10m<\/td>\n<td width=\"96\">4.8\u00d79.8m<\/td>\n<td width=\"96\">10x20m<\/td>\n<td width=\"96\">9.6\u00d719.7m<\/td>\n<\/tr>\n<tr>\n<td width=\"96\">4x5m<\/td>\n<td width=\"96\">3.8\u00d74.8m<\/td>\n<td width=\"96\">6x6m<\/td>\n<td width=\"96\">5.8\u00d75.8m<\/td>\n<td width=\"96\"><\/td>\n<td width=\"96\"><\/td>\n<\/tr>\n<\/tbody>\n<\/table>\n<h2 data-start=\"58\" data-end=\"110\">\ud83c\udf1f <strong data-start=\"65\" data-end=\"110\">Aplicaciones de la lona de PE transparente:<\/strong><\/h2>\n<ol data-start=\"112\" data-end=\"1164\">\n<li data-start=\"112\" data-end=\"235\">\n<p data-start=\"115\" data-end=\"235\"><strong data-start=\"115\" data-end=\"138\">Cubierta de invernadero<\/strong><br data-start=\"138\" data-end=\"141\" \/>Ideal para el crecimiento de las plantas, con un buen aislamiento, transmisi\u00f3n de la luz y protecci\u00f3n impermeable.<\/p>\n<\/li>\n<li data-start=\"237\" data-end=\"342\">\n<p data-start=\"240\" data-end=\"342\"><strong data-start=\"240\" data-end=\"272\">Refugio para puestos de mercado al aire libre<\/strong><br data-start=\"272\" data-end=\"275\" \/>Proporciona protecci\u00f3n contra la lluvia y el sol manteniendo los productos visibles.<\/p>\n<\/li>\n<li data-start=\"344\" data-end=\"440\">\n<p data-start=\"347\" data-end=\"440\"><strong data-start=\"347\" data-end=\"378\">Marquesinas exteriores<\/strong><br data-start=\"378\" data-end=\"381\" \/>Se utilizan como cubiertas impermeables, cortavientos o simples parasoles.<\/p>\n<\/li>\n<li data-start=\"442\" data-end=\"544\">\n<p data-start=\"445\" data-end=\"544\"><strong data-start=\"445\" data-end=\"477\">Protecci\u00f3n de obras<\/strong><br data-start=\"477\" data-end=\"480\" \/>Bloquea el viento, la lluvia y el polvo; protege los materiales de construcci\u00f3n.<\/p>\n<\/li>\n<li data-start=\"546\" data-end=\"662\">\n<p data-start=\"549\" data-end=\"662\"><strong data-start=\"549\" data-end=\"597\">Barreras contra el viento y la lluvia para puertas y ventanas<\/strong><br data-start=\"597\" data-end=\"600\" \/>Cerramientos temporales para balcones, entradas de f\u00e1bricas, etc.<\/p>\n<\/li>\n<li data-start=\"664\" data-end=\"821\">\n<p data-start=\"667\" data-end=\"821\"><strong data-start=\"667\" data-end=\"699\">Explotaciones ganaderas y semilleros<\/strong><br data-start=\"699\" data-end=\"702\" \/>Garantiza el calor, el control de la humedad y el aislamiento de la contaminaci\u00f3n. Adecuado para aves de corral, acuicultura y viveros.<\/p>\n<\/li>\n<li data-start=\"823\" data-end=\"923\">\n<p data-start=\"826\" data-end=\"923\"><strong data-start=\"826\" data-end=\"856\">Almac\u00e9n\/Cubierta de mercanc\u00edas<\/strong><br data-start=\"856\" data-end=\"859\" \/>Protege la maquinaria y los materiales del polvo, el agua y el envejecimiento.<\/p>\n<\/li>\n<li data-start=\"925\" data-end=\"1036\">\n<p data-start=\"928\" data-end=\"1036\"><strong data-start=\"928\" data-end=\"955\">Lona para eventos al aire libre<\/strong><br data-start=\"955\" data-end=\"958\" \/>Sirve de sombra o refugio contra la lluvia para acampadas, tenderetes, banquetes al aire libre, etc.<\/p>\n<\/li>\n<li data-start=\"1038\" data-end=\"1164\">\n<p data-start=\"1041\" data-end=\"1164\"><strong data-start=\"1041\" data-end=\"1094\">Cortinas antipolvo industriales\/Tabiques transparentes<\/strong><br data-start=\"1094\" data-end=\"1097\" \/>Act\u00faan como divisores claros de los espacios de trabajo para minimizar la contaminaci\u00f3n.<\/p>\n<\/li>\n<\/ol>\n<h2 data-start=\"90\" data-end=\"138\"><strong data-start=\"96\" data-end=\"138\">Ventajas de la lona de PE transparente<\/strong><\/h2>\n<ul data-start=\"140\" data-end=\"955\">\n<li data-start=\"140\" data-end=\"250\">\n<p data-start=\"143\" data-end=\"250\"><strong data-start=\"143\" data-end=\"164\">Alta transparencia<\/strong>-Permite el paso de la luz natural, ideal para invernaderos y expositores de productos.<\/p>\n<\/li>\n<li data-start=\"251\" data-end=\"317\">\n<p data-start=\"254\" data-end=\"317\"><strong data-start=\"254\" data-end=\"268\">Impermeable<\/strong>-Bloquea eficazmente la lluvia, la nieve y la humedad.<\/p>\n<\/li>\n<li data-start=\"318\" data-end=\"416\">\n<p data-start=\"321\" data-end=\"416\"><strong data-start=\"321\" data-end=\"349\">Duradero y resistente al desgarro<\/strong>-Fabricado con material de PE reforzado para un rendimiento duradero.<\/p>\n<\/li>\n<li data-start=\"417\" data-end=\"487\">\n<p data-start=\"420\" data-end=\"487\"><strong data-start=\"420\" data-end=\"446\">Ligero y port\u00e1til<\/strong>-F\u00e1cil de llevar, transportar y almacenar.<\/p>\n<\/li>\n<li data-start=\"488\" data-end=\"567\">\n<p data-start=\"491\" data-end=\"567\"><strong data-start=\"491\" data-end=\"507\">Resistente a los rayos UV<\/strong>-Protege contra la exposici\u00f3n nociva al sol y retrasa el envejecimiento.<\/p>\n<\/li>\n<li data-start=\"568\" data-end=\"661\">\n<p data-start=\"571\" data-end=\"661\"><strong data-start=\"571\" data-end=\"599\">Respetuoso con el medio ambiente y sin olores<\/strong>-Fabricado con film de pl\u00e1stico PE no t\u00f3xico e inodoro.<\/p>\n<\/li>\n<li data-start=\"662\" data-end=\"742\">\n<p data-start=\"665\" data-end=\"742\"><strong data-start=\"665\" data-end=\"684\">Suave y flexible<\/strong>-F\u00e1cil de instalar, plegar y adaptar a diversas superficies.<\/p>\n<\/li>\n<li data-start=\"743\" data-end=\"839\">\n<p data-start=\"746\" data-end=\"839\"><strong data-start=\"746\" data-end=\"775\">Tama\u00f1o y forma personalizables<\/strong>-Puede adaptarse a estructuras y requisitos especiales.<\/p>\n<\/li>\n<li data-start=\"840\" data-end=\"955\">\n<p data-start=\"843\" data-end=\"955\"><strong data-start=\"843\" data-end=\"868\">Aplicaci\u00f3n vers\u00e1til<\/strong>-Ampliamente utilizado en agricultura, construcci\u00f3n, log\u00edstica, eventos y refugios temporales.<\/p>\n<\/li>\n<\/ul>\n<h2><a href=\"https:\/\/toprisesafety.com\/es\/categoria-producto\/outdoor-goods\/tarpaulin\/\">M\u00e1s informaci\u00f3n sobre la lona TOPRISE PE<\/a>. Podemos personalizar colores y tama\u00f1os.<\/h2>\n<p>&nbsp;<\/p>\n<ol>\n<li style=\"list-style-type: none;\"><\/li>\n<\/ol>\n<p>&nbsp;<\/p>","protected":false},"excerpt":{"rendered":"<p><strong><b>Art No.<\/b><\/strong>: PET02<\/p>\n<p><strong><b>Material<\/b><\/strong>: PE<\/p>\n<p><strong><b>Peso<\/b><\/strong> : 60 g\/m\u00b2 o g\/m\u00b2<\/p>\n<p><strong><b>Espesor: 0,08 mm, 0,10 mm<\/b><\/strong><\/p>\n<p><strong><b>Talla<\/b><\/strong>Ver hoja de medidas o seg\u00fan las necesidades del cliente.<\/p>\n<p><strong><b>Color<\/b><\/strong>: claro<\/p>\n<p>&nbsp;<\/p>","protected":false},"featured_media":14015,"template":"","meta":{"_acf_changed":false},"product_brand":[],"product_cat":[319],"product_tag":[317],"class_list":{"0":"post-14008","1":"product","2":"type-product","3":"status-publish","4":"has-post-thumbnail","6":"product_cat-tarpaulin","7":"product_tag-pe-tarpaulin","9":"first","10":"instock","11":"product-type-simple"},"acf":[],"_links":{"self":[{"href":"https:\/\/toprisesafety.com\/es\/wp-json\/wp\/v2\/product\/14008"}],"collection":[{"href":"https:\/\/toprisesafety.com\/es\/wp-json\/wp\/v2\/product"}],"about":[{"href":"https:\/\/toprisesafety.com\/es\/wp-json\/wp\/v2\/types\/product"}],"wp:featuredmedia":[{"embeddable":true,"href":"https:\/\/toprisesafety.com\/es\/wp-json\/wp\/v2\/media\/14015"}],"wp:attachment":[{"href":"https:\/\/toprisesafety.com\/es\/wp-json\/wp\/v2\/media?parent=14008"}],"wp:term":[{"taxonomy":"product_brand","embeddable":true,"href":"https:\/\/toprisesafety.com\/es\/wp-json\/wp\/v2\/product_brand?post=14008"},{"taxonomy":"product_cat","embeddable":true,"href":"https:\/\/toprisesafety.com\/es\/wp-json\/wp\/v2\/product_cat?post=14008"},{"taxonomy":"product_tag","embeddable":true,"href":"https:\/\/toprisesafety.com\/es\/wp-json\/wp\/v2\/product_tag?post=14008"}],"curies":[{"name":"wp","href":"https:\/\/api.w.org\/{rel}","templated":true}]}}