{"id":13096,"date":"2025-06-11T08:33:42","date_gmt":"2025-06-11T08:33:42","guid":{"rendered":"https:\/\/toprisesafety.com\/?post_type=product&#038;p=13096"},"modified":"2025-06-12T07:50:26","modified_gmt":"2025-06-12T07:50:26","slug":"custom-polo-t-shirt","status":"publish","type":"product","link":"https:\/\/toprisesafety.com\/es\/producto\/custom-polo-t-shirt\/","title":{"rendered":"Polo personalizado"},"content":{"rendered":"<h2>Polo personalizado<\/h2>\n<p>Ningbo Toprise se especializa en la producci\u00f3n de uniformes de seguridad de alta calidad. Ofrecemos servicios de personalizaci\u00f3n, incluyendo estilos, logotipos, tallas, colores y embalaje. Empleamos t\u00e9cnicas de producci\u00f3n avanzadas y tejidos de alta calidad para garantizar la comodidad y durabilidad de los uniformes. Tanto si se trata de personalizaci\u00f3n para empresas como de requisitos de grupos, podemos ofrecer soluciones a medida para satisfacer las necesidades de diferentes clientes. Con una gran experiencia y servicios profesionales, nos aseguramos de que todos los uniformes cumplan los m\u00e1s altos est\u00e1ndares.<\/p>\n<p>\u00bfC\u00f3mo encargarnos uniformes de seguridad?<\/p>\n<ul>\n<li>D\u00edganos sus requisitos, incluidos el estilo, el color, la cantidad, el dise\u00f1o del logotipo y las especificaciones de embalaje.<\/li>\n<li>Ofrecemos presupuestos. Proporcionamos precios detallados en funci\u00f3n de sus necesidades.<\/li>\n<li>Asistencia para pruebas: Le proporcionaremos muestras para que se asegure de que cumplen sus requisitos.<\/li>\n<li>Realice un pedido de producci\u00f3n: Tras confirmar la muestra, puede realizar el pedido oficial. Completaremos la producci\u00f3n a tiempo y se la entregaremos.<\/li>\n<\/ul>\n<table>\n<tbody>\n<tr>\n<td colspan=\"2\" width=\"748\"><strong><b>Serie de tejidos<\/b><\/strong><\/td>\n<\/tr>\n<tr>\n<td width=\"105\">Composici\u00f3n del tejido<\/td>\n<td width=\"643\">100% algod\u00f3n, 150g\/170g\/200g\/240g\/260g\/280g\/310g\/330g\/360g\/400g\/420g a elegir<\/td>\n<\/tr>\n<tr>\n<td width=\"105\"><\/td>\n<td width=\"643\">100% algod\u00f3n, 150g\/170g\/200g\/240g\/260g\/280g\/310g\/330g\/360g\/400g\/420g a elegir<\/td>\n<\/tr>\n<tr>\n<td width=\"105\"><\/td>\n<td width=\"643\">Tejido de poli\u00e9ster\/algod\u00f3n (80\/20 o 65\/35 o 90\/10), 90\/10),150g\/170g\/200g\/240g\/260g\/280g\/310g\/330g\/360g\/400g\/420g a elegir<\/td>\n<\/tr>\n<tr>\n<td width=\"105\"><\/td>\n<td width=\"643\">Fibra de aramida, 120g\/150g\/180g\/210g\/260g\/300g<\/td>\n<\/tr>\n<tr>\n<td width=\"105\">Diferentes colores para elegir<\/td>\n<td width=\"643\"><img decoding=\"async\" class=\"alignnone size-medium wp-image-13105\" src=\"https:\/\/toprisesafety.com\/wp-content\/uploads\/2025\/06\/color-300x24.png\" alt=\"\" width=\"300\" height=\"24\" srcset=\"https:\/\/toprisesafety.com\/wp-content\/uploads\/2025\/06\/color-300x24.png 300w, https:\/\/toprisesafety.com\/wp-content\/uploads\/2025\/06\/color-600x49.png 600w, https:\/\/toprisesafety.com\/wp-content\/uploads\/2025\/06\/color.png 712w\" sizes=\"(max-width: 300px) 100vw, 300px\" \/><\/td>\n<\/tr>\n<tr>\n<td colspan=\"2\" width=\"748\"><strong><b>Ropa de trabajo<\/b><\/strong><\/td>\n<\/tr>\n<tr>\n<td width=\"105\">Serie principal<\/td>\n<td width=\"643\">Ropa ign\u00edfuga, ropa antiest\u00e1tica, ropa de soldador, ropa ign\u00edfuga, ropa de emergencia, ropa protectora contra \u00e1cidos y \u00e1lcalis y ropa multifuncional. Apoyo a la personalizaci\u00f3n.<\/td>\n<\/tr>\n<tr>\n<td width=\"105\">Funciones principales<\/td>\n<td width=\"643\">Ign\u00edfugo, antiest\u00e1tico, antiaceite, anti\u00e1cido, anti\u00e1lcali, antimosquitos, antiUV<\/td>\n<\/tr>\n<tr>\n<td width=\"105\">\u00c1mbitos de aplicaci\u00f3n<\/td>\n<td width=\"643\">Prevenci\u00f3n de incendios forestales, petroqu\u00edmica, gas natural, reparaci\u00f3n de autom\u00f3viles, energ\u00eda el\u00e9ctrica, miner\u00eda, soldadura, seguridad, etc.<\/td>\n<\/tr>\n<tr>\n<td width=\"105\">Mercado de exportaci\u00f3n<\/td>\n<td width=\"643\">Europa, Norteam\u00e9rica, \u00c1frica, Sud\u00e1frica, Sudam\u00e9rica<\/td>\n<\/tr>\n<\/tbody>\n<\/table>\n<p>&nbsp;<\/p>","protected":false},"excerpt":{"rendered":"<p>N\u00ba de art\u00edculo PT11<\/p>\n<p>Material: 100%algod\u00f3n, T\/C 80\/20, T\/C 65\/35, 100%Poli\u00e9ster<\/p>\n<p>Peso: 120-420G\/SQM o personalizado<\/p>\n<p>Color:diferentes colores a elegir.<\/p>\n<p>Talla: S-XXXL ( Admite personalizaci\u00f3n\uff09<\/p>\n<p>MOQ :1000 PCS.<\/p>","protected":false},"featured_media":13097,"template":"","meta":{"_acf_changed":false},"product_brand":[],"product_cat":[402],"product_tag":[],"class_list":{"0":"post-13096","1":"product","2":"type-product","3":"status-publish","4":"has-post-thumbnail","6":"product_cat-security-uniform","8":"first","9":"instock","10":"shipping-taxable","11":"product-type-simple"},"acf":[],"_links":{"self":[{"href":"https:\/\/toprisesafety.com\/es\/wp-json\/wp\/v2\/product\/13096"}],"collection":[{"href":"https:\/\/toprisesafety.com\/es\/wp-json\/wp\/v2\/product"}],"about":[{"href":"https:\/\/toprisesafety.com\/es\/wp-json\/wp\/v2\/types\/product"}],"wp:featuredmedia":[{"embeddable":true,"href":"https:\/\/toprisesafety.com\/es\/wp-json\/wp\/v2\/media\/13097"}],"wp:attachment":[{"href":"https:\/\/toprisesafety.com\/es\/wp-json\/wp\/v2\/media?parent=13096"}],"wp:term":[{"taxonomy":"product_brand","embeddable":true,"href":"https:\/\/toprisesafety.com\/es\/wp-json\/wp\/v2\/product_brand?post=13096"},{"taxonomy":"product_cat","embeddable":true,"href":"https:\/\/toprisesafety.com\/es\/wp-json\/wp\/v2\/product_cat?post=13096"},{"taxonomy":"product_tag","embeddable":true,"href":"https:\/\/toprisesafety.com\/es\/wp-json\/wp\/v2\/product_tag?post=13096"}],"curies":[{"name":"wp","href":"https:\/\/api.w.org\/{rel}","templated":true}]}}