{"id":12946,"date":"2025-06-04T06:51:45","date_gmt":"2025-06-04T06:51:45","guid":{"rendered":"https:\/\/toprisesafety.com\/?post_type=product&#038;p=12946"},"modified":"2025-06-05T06:29:16","modified_gmt":"2025-06-05T06:29:16","slug":"class-b-rv-covers","status":"publish","type":"product","link":"https:\/\/toprisesafety.com\/es\/producto\/class-b-rv-covers\/","title":{"rendered":"cubiertas para autocaravanas clase b"},"content":{"rendered":"<h2>cubiertas para autocaravanas clase b<\/h2>\n<p><strong><b>cubiertas para autocaravanas clase b <\/b><\/strong><strong><b>Caracter\u00edsticas:<\/b><\/strong><\/p>\n<p>1) Tejido no tejido: impermeable, transpirable, resistente a los rayos UV; Tejido Oxford: impermeable, resistente a la presi\u00f3n del agua, resistente a los rayos UV.<\/p>\n<p>2) Costura con doble aguja: Suave y bonito, resistente y duradero.<\/p>\n<p>3) Las bandas el\u00e1sticas delanteras y traseras en la parte inferior de la cubierta del coche y el dise\u00f1o de la banda de tela a presi\u00f3n izquierda y derecha hacen que la cubierta del coche se ajuste m\u00e1s estrechamente, evitando eficazmente que la arena y el polvo entren en el veh\u00edculo, y ya no tiene que preocuparse de que la cubierta sea arrastrada por los fuertes vientos.<\/p>\n<p>4) Las piezas triangulares en la parte delantera y trasera est\u00e1n equipadas con dise\u00f1os de tela a presi\u00f3n, que se pueden ajustar en cualquier momento de acuerdo con el tama\u00f1o del veh\u00edculo para hacer que la cubierta del coche se ajuste m\u00e1s al veh\u00edculo y tenga una apariencia hermosa.<\/p>\n<p>5) Dise\u00f1o de puerta de persiana enrollable, que hace que la entrada y la salida sean m\u00e1s c\u00f3modas.<\/p>\n<p>6) Bolsa de embalaje exterior independiente, c\u00f3moda de transportar y f\u00e1cil de guardar.<\/p>\n<div style=\"width: 800px;\" class=\"wp-video\"><!--[if lt IE 9]><script>document.createElement('video');<\/script><![endif]-->\n<video class=\"wp-video-shortcode\" id=\"video-12946-1\" width=\"800\" height=\"450\" preload=\"metadata\" controls=\"controls\"><source type=\"video\/mp4\" src=\"https:\/\/toprisesafety.com\/wp-content\/uploads\/2025\/06\/Car-cover-produce-2.mp4?_=1\" \/><a href=\"https:\/\/toprisesafety.com\/wp-content\/uploads\/2025\/06\/Car-cover-produce-2.mp4\">https:\/\/toprisesafety.com\/wp-content\/uploads\/2025\/06\/Car-cover-produce-2.mp4<\/a><\/video><\/div>\n<table>\n<tbody>\n<tr>\n<td width=\"284\">ART NO.<\/td>\n<td width=\"284\">RVC15<\/td>\n<\/tr>\n<tr>\n<td width=\"284\">Material<\/td>\n<td width=\"284\">(1) Tejido no tejido superior de 160 capas + laterales de 100 gramos de tejido no tejido monocapa<\/p>\n<p>(2) Tejido no tejido superior de 180 capas + laterales de 100 gramos de tejido no tejido monocapa<\/p>\n<p>(3) Parte superior de tejido Oxford 300D + laterales de 160 gramos de tejido no tejido de cuatro capas<\/p>\n<p>(4) Toda la funda es de tejido Oxford 300D.<\/p>\n<p>&nbsp;<\/td>\n<\/tr>\n<tr>\n<td width=\"284\">Talla<\/td>\n<td width=\"284\">19,5 FT\/20,5FT\/21,5FT o personalizado<\/td>\n<\/tr>\n<tr>\n<td width=\"284\">Color<\/td>\n<td width=\"284\">Gris o personalizado<\/td>\n<\/tr>\n<tr>\n<td width=\"284\">Impresi\u00f3n de logotipos<\/td>\n<td width=\"284\">disponible<\/td>\n<\/tr>\n<tr>\n<td width=\"284\">Embalaje<\/td>\n<td width=\"284\">1 unidad por bolsa del mismo material o embalaje personalizado<\/td>\n<\/tr>\n<tr>\n<td width=\"284\">MOQ<\/td>\n<td width=\"284\">50PCS<\/td>\n<\/tr>\n<tr>\n<td width=\"284\">Dise\u00f1o personalizado<\/td>\n<td width=\"284\">Ayuda<\/td>\n<\/tr>\n<\/tbody>\n<\/table>\n<p><strong><b>cubiertas para autocaravanas clase b <\/b><\/strong><strong><b>Campos de aplicaci\u00f3n: <\/b><\/strong><\/p>\n<ul>\n<li>Protecci\u00f3n para aparcamientos exteriores: Evita que el polvo, la lluvia, la nieve y los rayos ultravioleta da\u00f1en la caravana.<\/li>\n<li>Protecci\u00f3n del estacionamiento de larga duraci\u00f3n: Proteger el veh\u00edculo recreativo estacionado durante largo tiempo de los da\u00f1os causados por el viento y la exposici\u00f3n al sol.<\/li>\n<li>Protecci\u00f3n durante los desplazamientos: Protecci\u00f3n de los veh\u00edculos en los campings o zonas de aparcamiento frente a los impactos ambientales.<\/li>\n<li>Para su uso durante el mantenimiento y las revisiones: para evitar que entre polvo y suciedad en el interior o el exterior del veh\u00edculo durante el proceso de reparaci\u00f3n.<\/li>\n<li>Protecci\u00f3n de la exposici\u00f3n de veh\u00edculos: Protecci\u00f3n del aspecto de los veh\u00edculos durante salones del autom\u00f3vil y ferias comerciales<\/li>\n<li>Almacenamiento de veh\u00edculos usados: Proteger el aspecto de los veh\u00edculos en venta y mantener su buen estado.<\/li>\n<li>Protecci\u00f3n estacional: Protecci\u00f3n especial durante el invierno o la temporada de lluvias para evitar los da\u00f1os causados por las heladas y la acumulaci\u00f3n de agua.<\/li>\n<\/ul>\n<p>NINGBO TOPRISE es una f\u00e1brica profesional especializada en la producci\u00f3n de<a href=\"https:\/\/toprisesafety.com\/es\/categoria-producto\/outdoor-goods\/waterproof-cover\/\"> fundas impermeables de alta calidad<\/a>, dedicada a proporcionar a los clientes diversas soluciones de protecci\u00f3n personalizadas. Con un avanzado equipo de producci\u00f3n y una gran experiencia en el sector, nuestros productos abarcan una amplia gama de tipos, como fundas para motocicletas, fundas para coches, fundas para muebles y fundas para bicicletas. Todas las fundas impermeables est\u00e1n fabricadas con tejidos impermeables de alta calidad, como el tejido Oxford 420D y el tejido Oxford 210D, que ofrecen m\u00faltiples funciones, como la impermeabilizaci\u00f3n, la protecci\u00f3n contra los rayos UV, la prevenci\u00f3n del polvo, la resistencia al viento y la resistencia a los ara\u00f1azos, que pueden proteger eficazmente su equipo de las influencias ambientales externas.<br \/>\nNuestra f\u00e1brica cuenta con tres l\u00edneas de producci\u00f3n muy eficientes, cada una de ellas equipada con avanzados equipos automatizados, que nos permiten producir diversas cubiertas impermeables con gran eficiencia y estabilidad. La f\u00e1brica cuenta actualmente con unos 150 empleados, entre t\u00e9cnicos, operarios, inspectores de calidad y un equipo de apoyo para log\u00edstica. Podemos ofrecer servicios personalizados en t\u00e9rminos de varios tama\u00f1os, colores y tejidos seg\u00fan los requisitos de los clientes. Adem\u00e1s, ofrecemos impresi\u00f3n de LOGO y embalajes personalizados para satisfacer las necesidades de diferentes industrias y mercados. Todos los productos se someten a estrictas inspecciones de calidad para garantizar que cumplen altos est\u00e1ndares y pueden satisfacer las diversas necesidades de los clientes.<br \/>\nSiempre nos hemos adherido al principio de \"la calidad ante todo y el servicio ante todo\" y nos comprometemos a convertirnos en un proveedor de cubiertas impermeables de confianza para clientes de todo el mundo.<br \/>\nSi tiene alguna pregunta sobre fundas impermeables, <a href=\"https:\/\/toprisesafety.com\/es\/contact-us\/\">p\u00f3ngase en contacto con nosotros libremente.<\/a><\/p>","protected":false},"excerpt":{"rendered":"<p>N\u00ba art. RVC15<\/p>\n<p>Tejido:<\/p>\n<p>(1) Tejido no tejido superior de 160 capas + laterales de 100 gramos de tejido no tejido monocapa<\/p>\n<p>(2) Tejido no tejido superior de 180 capas + laterales de 100 gramos de tejido no tejido monocapa<\/p>\n<p>(3) Parte superior de tejido Oxford 300D + laterales de 160 gramos de tejido no tejido de cuatro capas<\/p>\n<p>(4) Toda la funda es de tejido Oxford 300D.<\/p>\n<p>Color: Gris o personalizado<\/p>\n<p>Tama\u00f1o: 19.5 FT\/20.5FT\/21.5FT o personalizado<\/p>\n<p>Impresi\u00f3n de logotipos: disponible<\/p>\n<p>MOQ: 50PCS<\/p>","protected":false},"featured_media":12952,"template":"","meta":{"_acf_changed":false},"product_brand":[],"product_cat":[371,401],"product_tag":[],"class_list":{"0":"post-12946","1":"product","2":"type-product","3":"status-publish","4":"has-post-thumbnail","6":"product_cat-outdoor-goods","7":"product_cat-waterproof-cover","9":"first","10":"instock","11":"shipping-taxable","12":"product-type-simple"},"acf":[],"_links":{"self":[{"href":"https:\/\/toprisesafety.com\/es\/wp-json\/wp\/v2\/product\/12946"}],"collection":[{"href":"https:\/\/toprisesafety.com\/es\/wp-json\/wp\/v2\/product"}],"about":[{"href":"https:\/\/toprisesafety.com\/es\/wp-json\/wp\/v2\/types\/product"}],"wp:featuredmedia":[{"embeddable":true,"href":"https:\/\/toprisesafety.com\/es\/wp-json\/wp\/v2\/media\/12952"}],"wp:attachment":[{"href":"https:\/\/toprisesafety.com\/es\/wp-json\/wp\/v2\/media?parent=12946"}],"wp:term":[{"taxonomy":"product_brand","embeddable":true,"href":"https:\/\/toprisesafety.com\/es\/wp-json\/wp\/v2\/product_brand?post=12946"},{"taxonomy":"product_cat","embeddable":true,"href":"https:\/\/toprisesafety.com\/es\/wp-json\/wp\/v2\/product_cat?post=12946"},{"taxonomy":"product_tag","embeddable":true,"href":"https:\/\/toprisesafety.com\/es\/wp-json\/wp\/v2\/product_tag?post=12946"}],"curies":[{"name":"wp","href":"https:\/\/api.w.org\/{rel}","templated":true}]}}