{"id":12931,"date":"2025-06-04T06:42:42","date_gmt":"2025-06-04T06:42:42","guid":{"rendered":"https:\/\/toprisesafety.com\/?post_type=product&#038;p=12931"},"modified":"2025-06-05T06:30:17","modified_gmt":"2025-06-05T06:30:17","slug":"car-cover","status":"publish","type":"product","link":"https:\/\/toprisesafety.com\/es\/producto\/car-cover\/","title":{"rendered":"Funda de coche"},"content":{"rendered":"<h2>Funda de coche<\/h2>\n<p><strong><b>Funda de coche<\/b><\/strong><strong><b>\u00a0<\/b><\/strong><strong><b>Caracter\u00edsticas: <\/b><\/strong><\/p>\n<ul>\n<li>Protecci\u00f3n solar: Bloquea eficazmente los rayos ultravioleta, protegiendo la pintura del coche de la decoloraci\u00f3n.<\/li>\n<li>Impermeable: Evita que penetre el agua, protegiendo la carrocer\u00eda del veh\u00edculo de mojarse.<\/li>\n<li>Prevenci\u00f3n del polvo: Evite que entren part\u00edculas de polvo y arena; mantenga limpio el veh\u00edculo.<\/li>\n<li>Resistente a la intemperie: Protege eficazmente el coche de los efectos de la lluvia y la nieve.<\/li>\n<li>Antiincrustante: Evita la contaminaci\u00f3n de la carrocer\u00eda del veh\u00edculo por aceite, resina, etc.<\/li>\n<li>Antiest\u00e1tico: Reduce la acumulaci\u00f3n de electricidad est\u00e1tica y mantiene limpios el interior y el exterior del veh\u00edculo.<\/li>\n<li>Anticongelante: Protege el coche de los efectos del fr\u00edo.<\/li>\n<li>Resistente a los ara\u00f1azos: Alta resistencia al desgaste, evita eficazmente los ara\u00f1azos.<\/li>\n<li>Servicio personalizado: Puede personalizar el tama\u00f1o, el color, la tela, el logotipo y el embalaje.<\/li>\n<\/ul>\n<div style=\"width: 800px;\" class=\"wp-video\"><!--[if lt IE 9]><script>document.createElement('video');<\/script><![endif]-->\n<video class=\"wp-video-shortcode\" id=\"video-12931-1\" width=\"800\" height=\"450\" preload=\"metadata\" controls=\"controls\"><source type=\"video\/mp4\" src=\"https:\/\/toprisesafety.com\/wp-content\/uploads\/2025\/06\/car-cover.mp4?_=1\" \/><a href=\"https:\/\/toprisesafety.com\/wp-content\/uploads\/2025\/06\/car-cover.mp4\">https:\/\/toprisesafety.com\/wp-content\/uploads\/2025\/06\/car-cover.mp4<\/a><\/video><\/div>\n<table>\n<tbody>\n<tr>\n<td width=\"284\">ART NO.<\/td>\n<td width=\"284\">CC02<\/td>\n<\/tr>\n<tr>\n<td width=\"284\">Material<\/td>\n<td width=\"284\">Tela Oxford, tafet\u00e1n de poli\u00e9ster, molde de aluminio, algod\u00f3n spunbond, tela Oxford con tejido de algod\u00f3n o personalizado<\/td>\n<\/tr>\n<tr>\n<td width=\"284\">Talla<\/td>\n<td width=\"284\">berlina 3S\/3M\/3L\/3XL\/3XXL, SUV YM\/YL\/YXL\/YXXXL, camioneta S\/M\/L\/XL\/XXL , o personalizado seg\u00fan el modelo de veh\u00edculo.<\/p>\n<p>&nbsp;<\/td>\n<\/tr>\n<tr>\n<td width=\"284\">Color<\/td>\n<td width=\"284\">Negro, gris, camuflaje o personalizado<\/td>\n<\/tr>\n<tr>\n<td width=\"284\">Impresi\u00f3n de logotipos<\/td>\n<td width=\"284\">disponible<\/td>\n<\/tr>\n<tr>\n<td width=\"284\">Embalaje<\/td>\n<td width=\"284\">1 unidad por bolsa del mismo material o embalaje personalizado<\/td>\n<\/tr>\n<tr>\n<td width=\"284\">MOQ<\/td>\n<td width=\"284\">100 UNIDADES<\/td>\n<\/tr>\n<tr>\n<td width=\"284\">Dise\u00f1o personalizado<\/td>\n<td width=\"284\">Ayuda<\/td>\n<\/tr>\n<\/tbody>\n<\/table>\n<p><strong><b>Funda de coche<\/b><\/strong><strong><b>\u00a0Aplicaci\u00f3n<\/b><\/strong><strong><b>\u00a0Campos: <\/b><\/strong><\/p>\n<ul>\n<li>Aparcamiento urbano: Proteger los veh\u00edculos de factores externos como el polvo, la lluvia y los rayos ultravioleta.<\/li>\n<li>El aparcamiento de larga duraci\u00f3n tiene como objetivo proteger la carrocer\u00eda del veh\u00edculo de la contaminaci\u00f3n, los ara\u00f1azos o el envejecimiento durante periodos prolongados.<\/li>\n<li>Aparcamiento al aire libre: Adecuado para aparcamientos al aire libre o desatendidos y aparcamientos al borde de la carretera.<\/li>\n<li>Transporte de veh\u00edculos: Se utiliza para proteger el aspecto del veh\u00edculo durante el transporte para evitar da\u00f1os causados por la arena, el viento, la lluvia y la nieve.<\/li>\n<li>Exposici\u00f3n comercial: En lugares como salones del autom\u00f3vil y ferias comerciales, proteja los veh\u00edculos expuestos de las influencias externas.<\/li>\n<li>Protecci\u00f3n estacional: Medidas para protegerse del fr\u00edo en invierno y de la exposici\u00f3n al sol en verano, atendiendo a las necesidades de protecci\u00f3n de las distintas estaciones.<\/li>\n<li>Almacenamiento de coches usados: Proteger el aspecto de los coches en venta y mantener su valor.<\/li>\n<li>Mantenimiento y revisi\u00f3n: El propietario lo utiliza durante el proceso de reparaci\u00f3n para proteger la carrocer\u00eda del veh\u00edculo de la intrusi\u00f3n de polvo y suciedad.<\/li>\n<\/ul>\n<p>NINGBO TOPRISE es una f\u00e1brica profesional especializada en la producci\u00f3n de<a href=\"https:\/\/toprisesafety.com\/es\/categoria-producto\/outdoor-goods\/waterproof-cover\/\"> fundas impermeables de alta calidad<\/a>, dedicada a proporcionar a los clientes diversas soluciones de protecci\u00f3n personalizadas. Con un avanzado equipo de producci\u00f3n y una gran experiencia en el sector, nuestros productos abarcan una amplia gama de tipos, como fundas para motocicletas, fundas para coches, fundas para muebles y fundas para bicicletas. Todas las fundas impermeables est\u00e1n fabricadas con tejidos impermeables de alta calidad, como el tejido Oxford 420D y el tejido Oxford 210D, que ofrecen m\u00faltiples funciones, como la impermeabilizaci\u00f3n, la protecci\u00f3n contra los rayos UV, la prevenci\u00f3n del polvo, la resistencia al viento y la resistencia a los ara\u00f1azos, que pueden proteger eficazmente su equipo de las influencias ambientales externas.<br \/>\nNuestra f\u00e1brica cuenta con tres l\u00edneas de producci\u00f3n muy eficientes, cada una de ellas equipada con avanzados equipos automatizados, que nos permiten producir diversas cubiertas impermeables con gran eficiencia y estabilidad. La f\u00e1brica cuenta actualmente con unos 150 empleados, entre t\u00e9cnicos, operarios, inspectores de calidad y un equipo de apoyo para log\u00edstica. Podemos ofrecer servicios personalizados en t\u00e9rminos de varios tama\u00f1os, colores y tejidos seg\u00fan los requisitos de los clientes. Adem\u00e1s, ofrecemos impresi\u00f3n de LOGO y embalajes personalizados para satisfacer las necesidades de diferentes industrias y mercados. Todos los productos se someten a estrictas inspecciones de calidad para garantizar que cumplen altos est\u00e1ndares y pueden satisfacer las diversas necesidades de los clientes.<br \/>\nSiempre nos hemos adherido al principio de \"la calidad ante todo y el servicio ante todo\" y nos comprometemos a convertirnos en un proveedor de cubiertas impermeables de confianza para clientes de todo el mundo.<br \/>\nSi tiene alguna pregunta sobre fundas impermeables, <a href=\"https:\/\/toprisesafety.com\/es\/contact-us\/\">p\u00f3ngase en contacto con nosotros libremente.<\/a><\/p>","protected":false},"excerpt":{"rendered":"<p>Art No.CC02<\/p>\n<p>Material: Tela Oxford, tafet\u00e1n de poli\u00e9ster, molde de aluminio, algod\u00f3n spunbond, tela Oxford con tejido de algod\u00f3n o personalizado<\/p>\n<p>Talla: berlina 3S\/3M\/3L\/3XL\/3XXL, SUV YM\/YL\/YXL\/YXXXL, camioneta S\/M\/L\/XL\/XXL , o personalizada seg\u00fan el modelo de veh\u00edculo.<\/p>\n<p>Color:Negro, gris, camuflaje o personalizado<\/p>\n<p>Impresi\u00f3n de logotipos: disponible<\/p>\n<p>MOQ: 300PCS<\/p>","protected":false},"featured_media":12942,"template":"","meta":{"_acf_changed":false},"product_brand":[],"product_cat":[371,401],"product_tag":[],"class_list":{"0":"post-12931","1":"product","2":"type-product","3":"status-publish","4":"has-post-thumbnail","6":"product_cat-outdoor-goods","7":"product_cat-waterproof-cover","9":"first","10":"instock","11":"shipping-taxable","12":"product-type-simple"},"acf":[],"_links":{"self":[{"href":"https:\/\/toprisesafety.com\/es\/wp-json\/wp\/v2\/product\/12931"}],"collection":[{"href":"https:\/\/toprisesafety.com\/es\/wp-json\/wp\/v2\/product"}],"about":[{"href":"https:\/\/toprisesafety.com\/es\/wp-json\/wp\/v2\/types\/product"}],"wp:featuredmedia":[{"embeddable":true,"href":"https:\/\/toprisesafety.com\/es\/wp-json\/wp\/v2\/media\/12942"}],"wp:attachment":[{"href":"https:\/\/toprisesafety.com\/es\/wp-json\/wp\/v2\/media?parent=12931"}],"wp:term":[{"taxonomy":"product_brand","embeddable":true,"href":"https:\/\/toprisesafety.com\/es\/wp-json\/wp\/v2\/product_brand?post=12931"},{"taxonomy":"product_cat","embeddable":true,"href":"https:\/\/toprisesafety.com\/es\/wp-json\/wp\/v2\/product_cat?post=12931"},{"taxonomy":"product_tag","embeddable":true,"href":"https:\/\/toprisesafety.com\/es\/wp-json\/wp\/v2\/product_tag?post=12931"}],"curies":[{"name":"wp","href":"https:\/\/api.w.org\/{rel}","templated":true}]}}