{"id":12919,"date":"2025-06-04T06:11:57","date_gmt":"2025-06-04T06:11:57","guid":{"rendered":"https:\/\/toprisesafety.com\/?post_type=product&#038;p=12919"},"modified":"2025-06-05T06:31:00","modified_gmt":"2025-06-05T06:31:00","slug":"bike-cover","status":"publish","type":"product","link":"https:\/\/toprisesafety.com\/es\/producto\/bike-cover\/","title":{"rendered":"Cubrebicicletas"},"content":{"rendered":"<h2>Cubrebicicletas<\/h2>\n<p><strong><b>Cubrebicicletas <\/b><\/strong><strong><b>Caracter\u00edsticas: <\/b><\/strong><\/p>\n<ul>\n<li>El material de alta densidad puede evitar eficazmente que el polvo penetre en el interior de la locomotora y en los componentes internos de la maquinaria de la locomotora.<\/li>\n<li>El tejido anti-ultravioleta bloquea eficazmente la penetraci\u00f3n de los rayos ultravioleta del sol en la superficie y la decoraci\u00f3n interior del todoterreno, proporcionando un cierto nivel de protecci\u00f3n.<\/li>\n<li>Tejido impermeable, que impide eficazmente la entrada de agua de lluvia en la carrocer\u00eda del veh\u00edculo y mantiene limpia la carrocer\u00eda de la locomotora.<\/li>\n<li>Puede proteger la superficie de la locomotora de ara\u00f1azos o roces con objetos punzantes externos.<\/li>\n<li>Material de alta flexibilidad, que no causar\u00e1 da\u00f1os por fricci\u00f3n en la pintura de la motocicleta debido al movimiento de la cubierta protectora.<\/li>\n<li>La parte inferior de la cubierta del coche est\u00e1 dise\u00f1ada con una correa el\u00e1stica, que puede ajustarse firmemente a la cubierta, y no hay necesidad de preocuparse de que la cubierta se vuele por los fuertes vientos. Es f\u00e1cil de usar y r\u00e1pido de manejar. Es de tama\u00f1o peque\u00f1o y c\u00f3modo de transportar, y es m\u00e1s f\u00e1cil de usar en comparaci\u00f3n con el dise\u00f1o tradicional de orificio de cierre y atado con cuerda.<\/li>\n<li>Est\u00e1 especialmente indicado para entornos con importantes variaciones de temperatura. No envejece ni siquiera tras un uso prolongado en condiciones fr\u00edas. Bajo el sol abrasador, puede bloquear eficazmente los rayos solares, proporcionando una excelente protecci\u00f3n para su coche. Ya no tendr\u00e1s que sufrir que el asiento del coche se caliente demasiado por el sol. 8. El revestimiento de plata mejora la reflexi\u00f3n de alta intensidad de los rayos ultravioleta, lo que puede evitar la depreciaci\u00f3n de su coche debido a la radiaci\u00f3n ultravioleta.<\/li>\n<li>Apto para todo tipo de bicicletas.<\/li>\n<\/ul>\n<table>\n<tbody>\n<tr>\n<td width=\"284\">ART NO.<\/td>\n<td width=\"284\">BC01<\/td>\n<\/tr>\n<tr>\n<td width=\"284\">Material<\/td>\n<td width=\"284\">170T\/210T poli\u00e9ster con revestimiento plateado o 210D o 420 D oxford con revestimiento plateado o personalizado<\/td>\n<\/tr>\n<tr>\n<td width=\"284\">Talla<\/td>\n<td width=\"284\">185X63X110CM o personalizado<\/td>\n<\/tr>\n<tr>\n<td width=\"284\">Color<\/td>\n<td width=\"284\">Negro, gris, azul o personalizado<\/td>\n<\/tr>\n<tr>\n<td width=\"284\">Impresi\u00f3n de logotipos<\/td>\n<td width=\"284\">disponible<\/td>\n<\/tr>\n<tr>\n<td width=\"284\">Embalaje<\/td>\n<td width=\"284\">1 unidad por bolsa del mismo material o embalaje personalizado<\/td>\n<\/tr>\n<tr>\n<td width=\"284\">MOQ<\/td>\n<td width=\"284\">100 UNIDADES<\/td>\n<\/tr>\n<tr>\n<td width=\"284\">Dise\u00f1o personalizado<\/td>\n<td width=\"284\">Ayuda<\/td>\n<\/tr>\n<\/tbody>\n<\/table>\n<p><strong><b>Aplicaci\u00f3n Cubrebicicletas<\/b><\/strong><strong><b>\u00a0Campos: <\/b><\/strong><\/p>\n<ul>\n<li>Protecci\u00f3n de aparcamientos exteriores: Evitar que las bicicletas sufran da\u00f1os por la lluvia, la nieve, el polvo y los rayos ultravioleta.<\/li>\n<li>Almacenamiento a largo plazo: Evitar el \u00f3xido y los da\u00f1os externos de las bicicletas que no se han utilizado durante mucho tiempo.<\/li>\n<li>Aparcamiento en lugares p\u00fablicos: Proteger las bicicletas de los factores ambientales cuando se aparcan en lugares p\u00fablicos<\/li>\n<li>Viajes y acampadas: Cuando viajes o acampes, protege tu bicicleta de posibles da\u00f1os.<\/li>\n<li>Mantenimiento y reparaci\u00f3n: Evite la entrada de polvo, aceite y otras sustancias en la carrocer\u00eda del veh\u00edculo durante el proceso de reparaci\u00f3n.<\/li>\n<li>Almacenamiento estacional: Se utiliza para proteger las bicicletas durante el invierno o en climas h\u00famedos.<\/li>\n<li>Actividades al aire libre: Una vez finalizadas las actividades al aire libre, se utiliza para proteger la bicicleta de la exposici\u00f3n a las inclemencias meteorol\u00f3gicas.<\/li>\n<\/ul>\n<p>NINGBO TOPRISE es una f\u00e1brica profesional especializada en la producci\u00f3n de<a href=\"https:\/\/toprisesafety.com\/es\/categoria-producto\/outdoor-goods\/waterproof-cover\/\"> fundas impermeables de alta calidad<\/a>, dedicada a proporcionar a los clientes diversas soluciones de protecci\u00f3n personalizadas. Con un avanzado equipo de producci\u00f3n y una gran experiencia en el sector, nuestros productos abarcan una amplia gama de tipos, como fundas para motocicletas, fundas para coches, fundas para muebles y fundas para bicicletas. Todas las fundas impermeables est\u00e1n fabricadas con tejidos impermeables de alta calidad, como el tejido Oxford 420D y el tejido Oxford 210D, que ofrecen m\u00faltiples funciones, como la impermeabilizaci\u00f3n, la protecci\u00f3n contra los rayos UV, la prevenci\u00f3n del polvo, la resistencia al viento y la resistencia a los ara\u00f1azos, que pueden proteger eficazmente su equipo de las influencias ambientales externas.<br \/>\nNuestra f\u00e1brica cuenta con tres l\u00edneas de producci\u00f3n muy eficientes, cada una de ellas equipada con avanzados equipos automatizados, que nos permiten producir diversas cubiertas impermeables con gran eficiencia y estabilidad. La f\u00e1brica cuenta actualmente con unos 150 empleados, entre t\u00e9cnicos, operarios, inspectores de calidad y un equipo de apoyo para log\u00edstica. Podemos ofrecer servicios personalizados en t\u00e9rminos de varios tama\u00f1os, colores y tejidos seg\u00fan los requisitos de los clientes. Adem\u00e1s, ofrecemos impresi\u00f3n de LOGO y embalajes personalizados para satisfacer las necesidades de diferentes industrias y mercados. Todos los productos se someten a estrictas inspecciones de calidad para garantizar que cumplen altos est\u00e1ndares y pueden satisfacer las diversas necesidades de los clientes.<br \/>\nSiempre nos hemos adherido al principio de \"la calidad ante todo y el servicio ante todo\" y nos comprometemos a convertirnos en un proveedor de cubiertas impermeables de confianza para clientes de todo el mundo.<br \/>\nSi tiene alguna pregunta sobre fundas impermeables, <a href=\"https:\/\/toprisesafety.com\/es\/contact-us\/\">p\u00f3ngase en contacto con nosotros libremente.<\/a><\/p>","protected":false},"excerpt":{"rendered":"<p>Art No.BC01<\/p>\n<p>Material: 170T\/210T poli\u00e9ster con recubrimiento de plata o 210D o 420 D oxford con recubrimiento de plata o personalizado<\/p>\n<p>Tama\u00f1o: 185X63X110CM o personalizado<\/p>\n<p>Color: Negro, gris, azul o personalizado<\/p>\n<p>Impresi\u00f3n de logotipos: disponible<\/p>\n<p>MOQ: 300PCS<\/p>","protected":false},"featured_media":12925,"template":"","meta":{"_acf_changed":false},"product_brand":[],"product_cat":[371,401],"product_tag":[],"class_list":{"0":"post-12919","1":"product","2":"type-product","3":"status-publish","4":"has-post-thumbnail","6":"product_cat-outdoor-goods","7":"product_cat-waterproof-cover","9":"first","10":"instock","11":"shipping-taxable","12":"product-type-simple"},"acf":[],"_links":{"self":[{"href":"https:\/\/toprisesafety.com\/es\/wp-json\/wp\/v2\/product\/12919"}],"collection":[{"href":"https:\/\/toprisesafety.com\/es\/wp-json\/wp\/v2\/product"}],"about":[{"href":"https:\/\/toprisesafety.com\/es\/wp-json\/wp\/v2\/types\/product"}],"wp:featuredmedia":[{"embeddable":true,"href":"https:\/\/toprisesafety.com\/es\/wp-json\/wp\/v2\/media\/12925"}],"wp:attachment":[{"href":"https:\/\/toprisesafety.com\/es\/wp-json\/wp\/v2\/media?parent=12919"}],"wp:term":[{"taxonomy":"product_brand","embeddable":true,"href":"https:\/\/toprisesafety.com\/es\/wp-json\/wp\/v2\/product_brand?post=12919"},{"taxonomy":"product_cat","embeddable":true,"href":"https:\/\/toprisesafety.com\/es\/wp-json\/wp\/v2\/product_cat?post=12919"},{"taxonomy":"product_tag","embeddable":true,"href":"https:\/\/toprisesafety.com\/es\/wp-json\/wp\/v2\/product_tag?post=12919"}],"curies":[{"name":"wp","href":"https:\/\/api.w.org\/{rel}","templated":true}]}}