{"id":12906,"date":"2025-06-04T05:48:47","date_gmt":"2025-06-04T05:48:47","guid":{"rendered":"https:\/\/toprisesafety.com\/?post_type=product&#038;p=12906"},"modified":"2025-06-05T06:33:12","modified_gmt":"2025-06-05T06:33:12","slug":"waterproof-motorcycle-cover","status":"publish","type":"product","link":"https:\/\/toprisesafety.com\/es\/producto\/waterproof-motorcycle-cover\/","title":{"rendered":"Funda impermeable para moto"},"content":{"rendered":"<h2>Funda impermeable para moto<\/h2>\n<p><strong><b>Funda impermeable para moto<\/b><\/strong><strong><b>\u00a0Caracter\u00edsticas<\/b><\/strong><strong><b>:<\/b><\/strong><\/p>\n<ul>\n<li>Gracias a su tejido impermeable de alta calidad, evita eficazmente la lluvia y la humedad.<\/li>\n<li>El dise\u00f1o es altamente protector, cubriendo y salvaguardando todo el cuerpo de la motocicleta.<\/li>\n<li>La parte inferior est\u00e1 equipada con una cuerda que puede ajustarse para evitar el movimiento inducido por el viento.<\/li>\n<li>M\u00faltiples opciones de color para satisfacer necesidades personalizadas.<\/li>\n<li>El material anti-ultravioleta prolonga la vida \u00fatil de las motocicletas.<\/li>\n<li>Adecuado para varios modelos de veh\u00edculos y f\u00e1cil de instalar r\u00e1pidamente<\/li>\n<\/ul>\n<div style=\"width: 800px;\" class=\"wp-video\"><!--[if lt IE 9]><script>document.createElement('video');<\/script><![endif]-->\n<video class=\"wp-video-shortcode\" id=\"video-12906-1\" width=\"800\" height=\"450\" preload=\"metadata\" controls=\"controls\"><source type=\"video\/mp4\" src=\"https:\/\/toprisesafety.com\/wp-content\/uploads\/2025\/06\/Waterproof-Motorcycle-Cover.mp4?_=1\" \/><a href=\"https:\/\/toprisesafety.com\/wp-content\/uploads\/2025\/06\/Waterproof-Motorcycle-Cover.mp4\">https:\/\/toprisesafety.com\/wp-content\/uploads\/2025\/06\/Waterproof-Motorcycle-Cover.mp4<\/a><\/video><\/div>\n<h1><\/h1>\n<table>\n<tbody>\n<tr>\n<td width=\"284\">ART NO.<\/td>\n<td width=\"284\">MC13<\/td>\n<\/tr>\n<tr>\n<td width=\"284\">Material<\/td>\n<td width=\"284\">Poli\u00e9ster 190T\/210T con ba\u00f1o de plata o tejido Oxford 210D \/420D con ba\u00f1o de plata o personalizado<\/td>\n<\/tr>\n<tr>\n<td width=\"284\">Talla<\/td>\n<td width=\"284\">S-XXXXL o personalizado<\/td>\n<\/tr>\n<tr>\n<td width=\"284\">Color<\/td>\n<td width=\"284\">Negro o personalizado<\/td>\n<\/tr>\n<tr>\n<td width=\"284\">Impresi\u00f3n de logotipos<\/td>\n<td width=\"284\">disponible<\/td>\n<\/tr>\n<tr>\n<td width=\"284\">Embalaje<\/td>\n<td width=\"284\">1 unidad por bolsa del mismo material o embalaje personalizado<\/td>\n<\/tr>\n<tr>\n<td width=\"284\">MOQ<\/td>\n<td width=\"284\">300 UNIDADES<\/td>\n<\/tr>\n<tr>\n<td width=\"284\">Dise\u00f1o personalizado<\/td>\n<td width=\"284\">Ayuda<\/td>\n<\/tr>\n<\/tbody>\n<\/table>\n<p><img fetchpriority=\"high\" decoding=\"async\" class=\"alignnone size-medium wp-image-12908\" src=\"https:\/\/toprisesafety.com\/wp-content\/uploads\/2025\/06\/waterproof-motorcycle-cover-1-300x300.jpg\" alt=\"\" width=\"300\" height=\"300\" srcset=\"https:\/\/toprisesafety.com\/wp-content\/uploads\/2025\/06\/waterproof-motorcycle-cover-1-300x300.jpg 300w, https:\/\/toprisesafety.com\/wp-content\/uploads\/2025\/06\/waterproof-motorcycle-cover-1-150x150.jpg 150w, https:\/\/toprisesafety.com\/wp-content\/uploads\/2025\/06\/waterproof-motorcycle-cover-1-768x768.jpg 768w, https:\/\/toprisesafety.com\/wp-content\/uploads\/2025\/06\/waterproof-motorcycle-cover-1-600x600.jpg 600w, https:\/\/toprisesafety.com\/wp-content\/uploads\/2025\/06\/waterproof-motorcycle-cover-1-100x100.jpg 100w, https:\/\/toprisesafety.com\/wp-content\/uploads\/2025\/06\/waterproof-motorcycle-cover-1.jpg 800w\" sizes=\"(max-width: 300px) 100vw, 300px\" \/> <img decoding=\"async\" class=\"alignnone size-medium wp-image-12909\" src=\"https:\/\/toprisesafety.com\/wp-content\/uploads\/2025\/06\/waterproof-motorcycle-cover-2-300x300.jpg\" alt=\"\" width=\"300\" height=\"300\" srcset=\"https:\/\/toprisesafety.com\/wp-content\/uploads\/2025\/06\/waterproof-motorcycle-cover-2-300x300.jpg 300w, https:\/\/toprisesafety.com\/wp-content\/uploads\/2025\/06\/waterproof-motorcycle-cover-2-150x150.jpg 150w, https:\/\/toprisesafety.com\/wp-content\/uploads\/2025\/06\/waterproof-motorcycle-cover-2-768x768.jpg 768w, https:\/\/toprisesafety.com\/wp-content\/uploads\/2025\/06\/waterproof-motorcycle-cover-2-600x600.jpg 600w, https:\/\/toprisesafety.com\/wp-content\/uploads\/2025\/06\/waterproof-motorcycle-cover-2-100x100.jpg 100w, https:\/\/toprisesafety.com\/wp-content\/uploads\/2025\/06\/waterproof-motorcycle-cover-2.jpg 1000w\" sizes=\"(max-width: 300px) 100vw, 300px\" \/> <img decoding=\"async\" class=\"alignnone size-medium wp-image-12910\" src=\"https:\/\/toprisesafety.com\/wp-content\/uploads\/2025\/06\/waterproof-motorcycle-cover-3-300x300.jpg\" alt=\"\" width=\"300\" height=\"300\" srcset=\"https:\/\/toprisesafety.com\/wp-content\/uploads\/2025\/06\/waterproof-motorcycle-cover-3-300x300.jpg 300w, https:\/\/toprisesafety.com\/wp-content\/uploads\/2025\/06\/waterproof-motorcycle-cover-3-150x150.jpg 150w, https:\/\/toprisesafety.com\/wp-content\/uploads\/2025\/06\/waterproof-motorcycle-cover-3-768x768.jpg 768w, https:\/\/toprisesafety.com\/wp-content\/uploads\/2025\/06\/waterproof-motorcycle-cover-3-600x600.jpg 600w, https:\/\/toprisesafety.com\/wp-content\/uploads\/2025\/06\/waterproof-motorcycle-cover-3-100x100.jpg 100w, https:\/\/toprisesafety.com\/wp-content\/uploads\/2025\/06\/waterproof-motorcycle-cover-3.jpg 800w\" sizes=\"(max-width: 300px) 100vw, 300px\" \/> <img loading=\"lazy\" decoding=\"async\" class=\"alignnone size-medium wp-image-12911\" src=\"https:\/\/toprisesafety.com\/wp-content\/uploads\/2025\/06\/waterproof-motorcycle-cover-4-300x300.jpg\" alt=\"\" width=\"300\" height=\"300\" srcset=\"https:\/\/toprisesafety.com\/wp-content\/uploads\/2025\/06\/waterproof-motorcycle-cover-4-300x300.jpg 300w, https:\/\/toprisesafety.com\/wp-content\/uploads\/2025\/06\/waterproof-motorcycle-cover-4-150x150.jpg 150w, https:\/\/toprisesafety.com\/wp-content\/uploads\/2025\/06\/waterproof-motorcycle-cover-4-768x768.jpg 768w, https:\/\/toprisesafety.com\/wp-content\/uploads\/2025\/06\/waterproof-motorcycle-cover-4-600x600.jpg 600w, https:\/\/toprisesafety.com\/wp-content\/uploads\/2025\/06\/waterproof-motorcycle-cover-4-100x100.jpg 100w, https:\/\/toprisesafety.com\/wp-content\/uploads\/2025\/06\/waterproof-motorcycle-cover-4.jpg 800w\" sizes=\"(max-width: 300px) 100vw, 300px\" \/><\/p>\n<h1><strong><b>Tabla de tallas de fundas de moto<\/b><\/strong><\/h1>\n<table>\n<tbody>\n<tr>\n<td width=\"192\"><strong><b>Talla<\/b><\/strong><\/td>\n<td width=\"192\"><strong><b>Longitud * Anchura * Altura (CM)<\/b><\/strong><\/td>\n<td width=\"192\"><strong><b>Tipo de veh\u00edculo adecuado<\/b><\/strong><\/td>\n<\/tr>\n<tr>\n<td width=\"192\">S<\/td>\n<td width=\"192\">190 * 80 * 115<\/td>\n<td width=\"192\">Bicicleta el\u00e9ctrica de 1,75 metros de longitud<\/td>\n<\/tr>\n<tr>\n<td width=\"192\">M<\/td>\n<td width=\"192\">200 * 90 * 100<\/td>\n<td width=\"192\">Scooter el\u00e9ctrico de unos 1,8 metros de largo, scooter de 50CC<\/td>\n<\/tr>\n<tr>\n<td width=\"192\">L<\/td>\n<td width=\"192\">220 * 95 * 110<\/td>\n<td width=\"192\">Scooter de unos 2 metros de largo<\/td>\n<\/tr>\n<tr>\n<td width=\"192\">XL<\/td>\n<td width=\"192\">230 * 95 * 125<\/td>\n<td width=\"192\">Moto 125CC-150CC (sin caja trasera)<\/td>\n<\/tr>\n<tr>\n<td width=\"192\">XXL<\/td>\n<td width=\"192\">245 * 105 * 125<\/td>\n<td width=\"192\">Moto 125CC-150CC (con caja trasera)<\/td>\n<\/tr>\n<tr>\n<td width=\"192\">XXXL<\/td>\n<td width=\"192\">265 * 105 * 125<\/td>\n<td width=\"192\">250CC cruiser, ciclomotor grande<\/td>\n<\/tr>\n<tr>\n<td width=\"192\">XXXXL<\/td>\n<td width=\"192\">295 * 110 * 140<\/td>\n<td width=\"192\">Motocicleta 400CC-1000CC, motocicleta importada de gran cilindrada<\/td>\n<\/tr>\n<\/tbody>\n<\/table>\n<p><strong><b>Funda impermeable para moto<\/b><\/strong><strong><b>\u00a0Campos: <\/b><\/strong><\/p>\n<ul>\n<li>Protecci\u00f3n del estacionamiento diario urbano de motocicletas<\/li>\n<li>Aparcamiento exterior con protecci\u00f3n contra la lluvia y el polvo<\/li>\n<li>Mantenimiento y protecci\u00f3n de la moto<\/li>\n<li>Aparcamiento al aire libre de larga duraci\u00f3n con protecci\u00f3n UV<\/li>\n<li>Fundas de protecci\u00f3n para empresas de alquiler y venta de motocicletas<\/li>\n<li>Protecci\u00f3n durante el transporte en moto<\/li>\n<li>Equipo de protecci\u00f3n para viajes y actividades al aire libre<\/li>\n<\/ul>\n<p>NINGBO TOPRISE es una f\u00e1brica profesional especializada en la producci\u00f3n de<a href=\"https:\/\/toprisesafety.com\/es\/categoria-producto\/outdoor-goods\/waterproof-cover\/\"> fundas impermeables de alta calidad<\/a>, dedicada a proporcionar a los clientes diversas soluciones de protecci\u00f3n personalizadas. Con un avanzado equipo de producci\u00f3n y una gran experiencia en el sector, nuestros productos abarcan una amplia gama de tipos, como fundas para motocicletas, fundas para coches, fundas para muebles y fundas para bicicletas. Todas las fundas impermeables est\u00e1n fabricadas con tejidos impermeables de alta calidad, como el tejido Oxford 420D y el tejido Oxford 210D, que ofrecen m\u00faltiples funciones, como la impermeabilizaci\u00f3n, la protecci\u00f3n contra los rayos UV, la prevenci\u00f3n del polvo, la resistencia al viento y la resistencia a los ara\u00f1azos, que pueden proteger eficazmente su equipo de las influencias ambientales externas.<br \/>\nNuestra f\u00e1brica cuenta con tres l\u00edneas de producci\u00f3n muy eficientes, cada una de ellas equipada con avanzados equipos automatizados, que nos permiten producir diversas cubiertas impermeables con gran eficiencia y estabilidad. La f\u00e1brica cuenta actualmente con unos 150 empleados, entre t\u00e9cnicos, operarios, inspectores de calidad y un equipo de apoyo para log\u00edstica. Podemos ofrecer servicios personalizados en t\u00e9rminos de varios tama\u00f1os, colores y tejidos seg\u00fan los requisitos de los clientes. Adem\u00e1s, ofrecemos impresi\u00f3n de LOGO y embalajes personalizados para satisfacer las necesidades de diferentes industrias y mercados. Todos los productos se someten a estrictas inspecciones de calidad para garantizar que cumplen altos est\u00e1ndares y pueden satisfacer las diversas necesidades de los clientes.<br \/>\nSiempre nos hemos adherido al principio de \"la calidad ante todo y el servicio ante todo\" y nos comprometemos a convertirnos en un proveedor de cubiertas impermeables de confianza para clientes de todo el mundo.<br \/>\nSi tiene alguna pregunta sobre fundas impermeables, <a href=\"https:\/\/toprisesafety.com\/es\/contact-us\/\">p\u00f3ngase en contacto con nosotros libremente.<\/a><\/p>","protected":false},"excerpt":{"rendered":"<p>N\u00ba de art\u00edculo MC13<\/p>\n<p>Material: Poli\u00e9ster 190T\/210T con ba\u00f1o de plata o tejido Oxford 210D \/420D con ba\u00f1o de plata o personalizado<\/p>\n<p>Tama\u00f1o: una persona\uff1aS-XXXXL o personalizado<\/p>\n<p>Color:Negro o personalizado<\/p>\n<p>Impresi\u00f3n de logotipos: disponible<\/p>\n<p>MOQ: 300PCS<\/p>","protected":false},"featured_media":12908,"template":"","meta":{"_acf_changed":false},"product_brand":[],"product_cat":[371,401],"product_tag":[],"class_list":{"0":"post-12906","1":"product","2":"type-product","3":"status-publish","4":"has-post-thumbnail","6":"product_cat-outdoor-goods","7":"product_cat-waterproof-cover","9":"first","10":"instock","11":"shipping-taxable","12":"product-type-simple"},"acf":[],"_links":{"self":[{"href":"https:\/\/toprisesafety.com\/es\/wp-json\/wp\/v2\/product\/12906"}],"collection":[{"href":"https:\/\/toprisesafety.com\/es\/wp-json\/wp\/v2\/product"}],"about":[{"href":"https:\/\/toprisesafety.com\/es\/wp-json\/wp\/v2\/types\/product"}],"wp:featuredmedia":[{"embeddable":true,"href":"https:\/\/toprisesafety.com\/es\/wp-json\/wp\/v2\/media\/12908"}],"wp:attachment":[{"href":"https:\/\/toprisesafety.com\/es\/wp-json\/wp\/v2\/media?parent=12906"}],"wp:term":[{"taxonomy":"product_brand","embeddable":true,"href":"https:\/\/toprisesafety.com\/es\/wp-json\/wp\/v2\/product_brand?post=12906"},{"taxonomy":"product_cat","embeddable":true,"href":"https:\/\/toprisesafety.com\/es\/wp-json\/wp\/v2\/product_cat?post=12906"},{"taxonomy":"product_tag","embeddable":true,"href":"https:\/\/toprisesafety.com\/es\/wp-json\/wp\/v2\/product_tag?post=12906"}],"curies":[{"name":"wp","href":"https:\/\/api.w.org\/{rel}","templated":true}]}}