{"id":12872,"date":"2025-06-04T03:35:07","date_gmt":"2025-06-04T03:35:07","guid":{"rendered":"https:\/\/toprisesafety.com\/?post_type=product&#038;p=12872"},"modified":"2025-06-05T06:42:12","modified_gmt":"2025-06-05T06:42:12","slug":"outdoor-table-cover","status":"publish","type":"product","link":"https:\/\/toprisesafety.com\/es\/producto\/outdoor-table-cover\/","title":{"rendered":"Cubremesa de exterior"},"content":{"rendered":"<h2>Cubremesa de exterior<\/h2>\n<p><strong><b>Cubremesa de exterior<\/b><\/strong><strong><b>\u00a0<\/b><\/strong><strong><b>Caracter\u00edsticas<\/b><\/strong><strong><b>:<\/b><\/strong><\/p>\n<ul>\n<li>Using 210D Oxford fabric coated with silver, it is highly resistant to tearing and wear.<\/li>\n<li>The silver coating effectively reflects ultraviolet rays, preventing fading and aging.<\/li>\n<li>Highly waterproof and dustproof, protecting the desktop from damage during rainy days.<\/li>\n<li>Wind-resistant design. Bottom binding ropes prevent the equipment from being blown away and make it more stable.<\/li>\n<li>Lightweight, easy to assemble and disassemble, and convenient for storage and carrying.<\/li>\n<li>Support customization of colors, sizes, and logos to meet individual needs.<\/li>\n<li>Suitable for various outdoor round tables, with strong versatility<\/li>\n<li>Protect outdoor furniture, extend its service life, and reduce maintenance costs.<\/li>\n<\/ul>\n<table>\n<tbody>\n<tr>\n<td width=\"284\">ART NO.<\/td>\n<td width=\"284\">TC12<\/td>\n<\/tr>\n<tr>\n<td width=\"284\">Material<\/td>\n<td width=\"284\">210D Oxford fabric with silver plating\u00a0or customized or customized<\/td>\n<\/tr>\n<tr>\n<td width=\"284\">Talla<\/td>\n<td width=\"284\">185*110cm\u00a0, 230*110cm, 128*71CM, 185*95cm\u00a0or\u00a0customized<\/td>\n<\/tr>\n<tr>\n<td width=\"284\">Color<\/td>\n<td width=\"284\">Negro o personalizado<\/td>\n<\/tr>\n<tr>\n<td width=\"284\">Impresi\u00f3n de logotipos<\/td>\n<td width=\"284\">disponible<\/td>\n<\/tr>\n<tr>\n<td width=\"284\">Embalaje<\/td>\n<td width=\"284\">1 unidad por bolsa del mismo material o embalaje personalizado<\/td>\n<\/tr>\n<tr>\n<td width=\"284\">MOQ<\/td>\n<td width=\"284\">300 UNIDADES<\/td>\n<\/tr>\n<tr>\n<td width=\"284\">Dise\u00f1o personalizado<\/td>\n<td width=\"284\">Ayuda<\/td>\n<\/tr>\n<\/tbody>\n<\/table>\n<p><strong><b>Cubremesa de exterior<\/b><\/strong><strong><b>\u00a0Zonas<\/b><\/strong><strong><b>\u00a0<\/b><\/strong><strong><b>: <\/b><\/strong><\/p>\n<ul>\n<li>Protecci\u00f3n para mesas redondas de exterior en patios y balcones familiares<\/li>\n<li>Protection for tables and chairs in the garden leisure area<\/li>\n<li>Comedores al aire libre de hoteles y complejos tur\u00edsticos<\/li>\n<li>Zonas al aire libre del restaurante y la cafeter\u00eda<\/li>\n<li>Mobiliario de exterior en parques y zonas recreativas p\u00fablicas<\/li>\n<li>Cobertura temporal de exposiciones comerciales y eventos<\/li>\n<li>Protecci\u00f3n del mobiliario de campings y merenderos al aire libre<\/li>\n<li>Almac\u00e9n exterior y guardamuebles de temporada<\/li>\n<\/ul>\n<p>NINGBO TOPRISE es una f\u00e1brica profesional especializada en la producci\u00f3n de<a href=\"https:\/\/toprisesafety.com\/es\/categoria-producto\/outdoor-goods\/waterproof-cover\/\"> fundas impermeables de alta calidad<\/a>, dedicada a proporcionar a los clientes diversas soluciones de protecci\u00f3n personalizadas. Con un avanzado equipo de producci\u00f3n y una gran experiencia en el sector, nuestros productos abarcan una amplia gama de tipos, como fundas para motocicletas, fundas para coches, fundas para muebles y fundas para bicicletas. Todas las fundas impermeables est\u00e1n fabricadas con tejidos impermeables de alta calidad, como el tejido Oxford 420D y el tejido Oxford 210D, que ofrecen m\u00faltiples funciones, como la impermeabilizaci\u00f3n, la protecci\u00f3n contra los rayos UV, la prevenci\u00f3n del polvo, la resistencia al viento y la resistencia a los ara\u00f1azos, que pueden proteger eficazmente su equipo de las influencias ambientales externas.<br \/>\nNuestra f\u00e1brica cuenta con tres l\u00edneas de producci\u00f3n muy eficientes, cada una de ellas equipada con avanzados equipos automatizados, que nos permiten producir diversas cubiertas impermeables con gran eficiencia y estabilidad. La f\u00e1brica cuenta actualmente con unos 150 empleados, entre t\u00e9cnicos, operarios, inspectores de calidad y un equipo de apoyo para log\u00edstica. Podemos ofrecer servicios personalizados en t\u00e9rminos de varios tama\u00f1os, colores y tejidos seg\u00fan los requisitos de los clientes. Adem\u00e1s, ofrecemos impresi\u00f3n de LOGO y embalajes personalizados para satisfacer las necesidades de diferentes industrias y mercados. Todos los productos se someten a estrictas inspecciones de calidad para garantizar que cumplen altos est\u00e1ndares y pueden satisfacer las diversas necesidades de los clientes.<br \/>\nSiempre nos hemos adherido al principio de \"la calidad ante todo y el servicio ante todo\" y nos comprometemos a convertirnos en un proveedor de cubiertas impermeables de confianza para clientes de todo el mundo.<br \/>\nSi tiene alguna pregunta sobre fundas impermeables, <a href=\"https:\/\/toprisesafety.com\/es\/contact-us\/\">p\u00f3ngase en contacto con nosotros libremente.<\/a><\/p>","protected":false},"excerpt":{"rendered":"<p>Art No.TC12<\/p>\n<p>Material:\u00a0210D Oxford fabric with silver plating\u00a0or customized or customized<\/p>\n<p>Waterproof Pressure: 2000<\/p>\n<p>Size:\u00a0single person\uff1a185*110cm\u00a0, 230*110cm, 128*71CM, 185*95cm\u00a0or\u00a0customized<\/p>\n<p>Color:Negro o personalizado<\/p>\n<p>Impresi\u00f3n de logotipos: disponible<\/p>\n<p>MOQ: 300PCS<\/p>","protected":false},"featured_media":12874,"template":"","meta":{"_acf_changed":false},"product_brand":[],"product_cat":[371,401],"product_tag":[],"class_list":{"0":"post-12872","1":"product","2":"type-product","3":"status-publish","4":"has-post-thumbnail","6":"product_cat-outdoor-goods","7":"product_cat-waterproof-cover","9":"first","10":"instock","11":"shipping-taxable","12":"product-type-simple"},"acf":[],"_links":{"self":[{"href":"https:\/\/toprisesafety.com\/es\/wp-json\/wp\/v2\/product\/12872"}],"collection":[{"href":"https:\/\/toprisesafety.com\/es\/wp-json\/wp\/v2\/product"}],"about":[{"href":"https:\/\/toprisesafety.com\/es\/wp-json\/wp\/v2\/types\/product"}],"wp:featuredmedia":[{"embeddable":true,"href":"https:\/\/toprisesafety.com\/es\/wp-json\/wp\/v2\/media\/12874"}],"wp:attachment":[{"href":"https:\/\/toprisesafety.com\/es\/wp-json\/wp\/v2\/media?parent=12872"}],"wp:term":[{"taxonomy":"product_brand","embeddable":true,"href":"https:\/\/toprisesafety.com\/es\/wp-json\/wp\/v2\/product_brand?post=12872"},{"taxonomy":"product_cat","embeddable":true,"href":"https:\/\/toprisesafety.com\/es\/wp-json\/wp\/v2\/product_cat?post=12872"},{"taxonomy":"product_tag","embeddable":true,"href":"https:\/\/toprisesafety.com\/es\/wp-json\/wp\/v2\/product_tag?post=12872"}],"curies":[{"name":"wp","href":"https:\/\/api.w.org\/{rel}","templated":true}]}}