{"id":12864,"date":"2025-06-03T08:35:42","date_gmt":"2025-06-03T08:35:42","guid":{"rendered":"https:\/\/toprisesafety.com\/?post_type=product&#038;p=12864"},"modified":"2025-06-05T06:43:24","modified_gmt":"2025-06-05T06:43:24","slug":"outdoor-furniture-cover","status":"publish","type":"product","link":"https:\/\/toprisesafety.com\/es\/producto\/outdoor-furniture-cover\/","title":{"rendered":"Cubierta para muebles de exterior"},"content":{"rendered":"<h2>Cubierta para muebles de exterior<\/h2>\n<p><strong><b>Cubierta para muebles de exterior<\/b><\/strong>\u00a0<strong><b>Caracter\u00edsticas<\/b><\/strong><strong><b>:<\/b><\/strong><\/p>\n<ul>\n<li>Utiliza tejido impermeable de alta densidad para proteger los muebles de los da\u00f1os causados por la lluvia<\/li>\n<li>Evita el polvo y las manchas, manteniendo los muebles de exterior limpios y brillantes como nuevos.<\/li>\n<li>Revestimiento anti-ultravioleta para evitar la decoloraci\u00f3n y el envejecimiento del material<\/li>\n<li>El dise\u00f1o es razonable y est\u00e1 equipado con cuerdas de amarre para evitar que se lo lleve el viento.<\/li>\n<li>Ligero y duradero, f\u00e1cil de desmontar y guardar<\/li>\n<li>Adecuado para varios estilos de muebles de exterior<\/li>\n<li>Admite la personalizaci\u00f3n de estilos, tama\u00f1os, colores y logotipos.<\/li>\n<li>Mejorar el reconocimiento de la marca y satisfacer necesidades individualizadas.<\/li>\n<\/ul>\n<table>\n<tbody>\n<tr>\n<td width=\"284\">ART NO.<\/td>\n<td width=\"284\">FC10<\/td>\n<\/tr>\n<tr>\n<td width=\"284\">Material<\/td>\n<td width=\"284\">Tejido Oxford 210D \/420D\/600D con ba\u00f1o de plata o personalizado o a medida<\/td>\n<\/tr>\n<tr>\n<td width=\"284\">Talla<\/td>\n<td width=\"284\">123*123*74cm , 126*126*74cm, 213*132*74cm,213*132*74cm, 315*160*74cm o personalizado<\/td>\n<\/tr>\n<tr>\n<td width=\"284\">Color<\/td>\n<td width=\"284\">Negro o personalizado<\/td>\n<\/tr>\n<tr>\n<td width=\"284\">Impresi\u00f3n de logotipos<\/td>\n<td width=\"284\">disponible<\/td>\n<\/tr>\n<tr>\n<td width=\"284\">Embalaje<\/td>\n<td width=\"284\">1 unidad por bolsa del mismo material o embalaje personalizado<\/td>\n<\/tr>\n<tr>\n<td width=\"284\">MOQ<\/td>\n<td width=\"284\">300 UNIDADES<\/td>\n<\/tr>\n<tr>\n<td width=\"284\">Dise\u00f1o personalizado<\/td>\n<td width=\"284\">Ayuda<\/td>\n<\/tr>\n<\/tbody>\n<\/table>\n<p><strong><b>Cubierta para muebles de exterior<\/b><\/strong><strong><b>\u00a0\u00c1mbitos de aplicaci\u00f3n<\/b><\/strong><strong><b>\u00a0<\/b><\/strong><strong><b>: <\/b><\/strong><\/p>\n<ul>\n<li>Protecci\u00f3n del mobiliario exterior en patios y balcones familiares<\/li>\n<li>Protecci\u00f3n del mobiliario de la zona de ocio del jard\u00edn<\/li>\n<li>Mantenimiento del mobiliario exterior de hoteles y complejos tur\u00edsticos<\/li>\n<li>Protecci\u00f3n de asientos y mesas al aire libre en restaurantes y caf\u00e9s<\/li>\n<li>Mobiliario de exterior en parques y zonas recreativas p\u00fablicas<\/li>\n<li>Revestimiento temporal de mobiliario exterior para actividades comerciales y exposiciones<\/li>\n<li>Almac\u00e9n exterior y guardamuebles de temporada<\/li>\n<li>Protecci\u00f3n para mobiliario de camping y actividades al aire libre<\/li>\n<\/ul>\n<p>NINGBO TOPRISE es una f\u00e1brica profesional especializada en la producci\u00f3n de<a href=\"https:\/\/toprisesafety.com\/es\/categoria-producto\/outdoor-goods\/waterproof-cover\/\"> fundas impermeables de alta calidad<\/a>, dedicada a proporcionar a los clientes diversas soluciones de protecci\u00f3n personalizadas. Con un avanzado equipo de producci\u00f3n y una gran experiencia en el sector, nuestros productos abarcan una amplia gama de tipos, como fundas para motocicletas, fundas para coches, fundas para muebles y fundas para bicicletas. Todas las fundas impermeables est\u00e1n fabricadas con tejidos impermeables de alta calidad, como el tejido Oxford 420D y el tejido Oxford 210D, que ofrecen m\u00faltiples funciones, como la impermeabilizaci\u00f3n, la protecci\u00f3n contra los rayos UV, la prevenci\u00f3n del polvo, la resistencia al viento y la resistencia a los ara\u00f1azos, que pueden proteger eficazmente su equipo de las influencias ambientales externas.<br \/>\nNuestra f\u00e1brica cuenta con tres l\u00edneas de producci\u00f3n muy eficientes, cada una de ellas equipada con avanzados equipos automatizados, que nos permiten producir diversas cubiertas impermeables con gran eficiencia y estabilidad. La f\u00e1brica cuenta actualmente con unos 150 empleados, entre t\u00e9cnicos, operarios, inspectores de calidad y un equipo de apoyo para log\u00edstica. Podemos ofrecer servicios personalizados en t\u00e9rminos de varios tama\u00f1os, colores y tejidos seg\u00fan los requisitos de los clientes. Adem\u00e1s, ofrecemos impresi\u00f3n de LOGO y embalajes personalizados para satisfacer las necesidades de diferentes industrias y mercados. Todos los productos se someten a estrictas inspecciones de calidad para garantizar que cumplen altos est\u00e1ndares y pueden satisfacer las diversas necesidades de los clientes.<br \/>\nSiempre nos hemos adherido al principio de \"la calidad ante todo y el servicio ante todo\" y nos comprometemos a convertirnos en un proveedor de cubiertas impermeables de confianza para clientes de todo el mundo.<br \/>\nSi tiene alguna pregunta sobre fundas impermeables, <a href=\"https:\/\/toprisesafety.com\/es\/contact-us\/\">p\u00f3ngase en contacto con nosotros libremente.<\/a><\/p>","protected":false},"excerpt":{"rendered":"<p>Art No.FC10<\/p>\n<p>Material: tejido Oxford 210D \/420D\/600D con ba\u00f1o de plata o personalizado o a medida<\/p>\n<p>Tama\u00f1o: una persona\uff1a123*123*74cm , 126*126*74cm, 213*132*74cm,213*132*74cm, 315*160*74cm o personalizado<\/p>\n<p>Color:Negro o personalizado<\/p>\n<p>Impresi\u00f3n de logotipos: disponible<\/p>\n<p>MOQ: 300PCS<\/p>","protected":false},"featured_media":12867,"template":"","meta":{"_acf_changed":false},"product_brand":[],"product_cat":[371,401],"product_tag":[],"class_list":{"0":"post-12864","1":"product","2":"type-product","3":"status-publish","4":"has-post-thumbnail","6":"product_cat-outdoor-goods","7":"product_cat-waterproof-cover","9":"first","10":"instock","11":"shipping-taxable","12":"product-type-simple"},"acf":[],"_links":{"self":[{"href":"https:\/\/toprisesafety.com\/es\/wp-json\/wp\/v2\/product\/12864"}],"collection":[{"href":"https:\/\/toprisesafety.com\/es\/wp-json\/wp\/v2\/product"}],"about":[{"href":"https:\/\/toprisesafety.com\/es\/wp-json\/wp\/v2\/types\/product"}],"wp:featuredmedia":[{"embeddable":true,"href":"https:\/\/toprisesafety.com\/es\/wp-json\/wp\/v2\/media\/12867"}],"wp:attachment":[{"href":"https:\/\/toprisesafety.com\/es\/wp-json\/wp\/v2\/media?parent=12864"}],"wp:term":[{"taxonomy":"product_brand","embeddable":true,"href":"https:\/\/toprisesafety.com\/es\/wp-json\/wp\/v2\/product_brand?post=12864"},{"taxonomy":"product_cat","embeddable":true,"href":"https:\/\/toprisesafety.com\/es\/wp-json\/wp\/v2\/product_cat?post=12864"},{"taxonomy":"product_tag","embeddable":true,"href":"https:\/\/toprisesafety.com\/es\/wp-json\/wp\/v2\/product_tag?post=12864"}],"curies":[{"name":"wp","href":"https:\/\/api.w.org\/{rel}","templated":true}]}}