{"id":12849,"date":"2025-06-03T07:18:54","date_gmt":"2025-06-03T07:18:54","guid":{"rendered":"https:\/\/toprisesafety.com\/?post_type=product&#038;p=12849"},"modified":"2025-06-05T06:45:16","modified_gmt":"2025-06-05T06:45:16","slug":"gas-fire-pit-cover","status":"publish","type":"product","link":"https:\/\/toprisesafety.com\/es\/producto\/gas-fire-pit-cover\/","title":{"rendered":"Cubierta de chimenea de gas"},"content":{"rendered":"<h2>Cubierta de chimenea de gas<\/h2>\n<p><strong><b>Cubierta de chimenea de gas<\/b><\/strong>\u00a0<strong><b>Caracter\u00edsticas<\/b><\/strong><strong><b>:<\/b><\/strong><\/p>\n<ul>\n<li>Utilizando diversos materiales de tejido Oxford, como 210D, 420D y 600D, satisface diferentes necesidades.<\/li>\n<li>Grueso y duradero, resistente al desgarro, protege la estufa de da\u00f1os<\/li>\n<li>Muy resistente al agua y al polvo, apto para diversas condiciones clim\u00e1ticas en entornos exteriores.<\/li>\n<li>Anti-ultravioleta, previene la decoloraci\u00f3n y el envejecimiento, prolonga la vida \u00fatil<\/li>\n<li>Dise\u00f1o de refuerzo multicapa, con excelentes prestaciones de resistencia al viento y protecci\u00f3n<\/li>\n<li>F\u00e1cil de montar y desmontar, con una cuerda de sujeci\u00f3n fija para evitar que se la lleve el viento.<\/li>\n<li>Admite la personalizaci\u00f3n del tama\u00f1o y el color para satisfacer las necesidades individuales.<\/li>\n<\/ul>\n<table>\n<tbody>\n<tr>\n<td width=\"284\">ART NO.<\/td>\n<td width=\"284\">PC08<\/td>\n<\/tr>\n<tr>\n<td width=\"284\">Material<\/td>\n<td width=\"284\">Tejido Oxford 210D \/420D\/600D con ba\u00f1o de plata o personalizado o a medida<\/td>\n<\/tr>\n<tr>\n<td width=\"284\">Talla<\/td>\n<td width=\"284\">82*82*61CM , 76*76*63CM,92*92*61CM,100*56*64cm o personalizado<\/td>\n<\/tr>\n<tr>\n<td width=\"284\">Color<\/td>\n<td width=\"284\">Negro o personalizado<\/td>\n<\/tr>\n<tr>\n<td width=\"284\">Impresi\u00f3n de logotipos<\/td>\n<td width=\"284\">disponible<\/td>\n<\/tr>\n<tr>\n<td width=\"284\">Embalaje<\/td>\n<td width=\"284\">1 unidad por bolsa del mismo material o embalaje personalizado<\/td>\n<\/tr>\n<tr>\n<td width=\"284\">MOQ<\/td>\n<td width=\"284\">300 UNIDADES<\/td>\n<\/tr>\n<tr>\n<td width=\"284\">Dise\u00f1o personalizado<\/td>\n<td width=\"284\">Ayuda<\/td>\n<\/tr>\n<\/tbody>\n<\/table>\n<p><strong><b>Cubierta de chimenea de gas<\/b><\/strong><strong><b>\u00a0\u00c1mbitos de aplicaci\u00f3n<\/b><\/strong><strong><b>\u00a0<\/b><\/strong><strong><b>: <\/b><\/strong><\/p>\n<ul>\n<li>Protecci\u00f3n para la barbacoa del patio familiar, a prueba de polvo y lluvia<\/li>\n<li>Fiesta barbacoa al aire libre, cobertura temporal de uso<\/li>\n<li>Protecci\u00f3n contra incendios en exteriores para hoteles y complejos tur\u00edsticos<\/li>\n<li>Protecci\u00f3n de los equipos contra incendios al aire libre en restaurantes y cafeter\u00edas<\/li>\n<li>Puestos de barbacoa comerciales, que mejoran la durabilidad del equipo<\/li>\n<li>Protecci\u00f3n de chimeneas al aire libre en parques y zonas p\u00fablicas de ocio<\/li>\n<li>Evitar que las chimeneas se oxiden y se da\u00f1en debido a la exposici\u00f3n prolongada al viento y al sol.<\/li>\n<li>Protectores para estufas de camping y actividades al aire libre<\/li>\n<\/ul>\n<p>NINGBO TOPRISE es una f\u00e1brica profesional especializada en la producci\u00f3n de<a href=\"https:\/\/toprisesafety.com\/es\/categoria-producto\/outdoor-goods\/waterproof-cover\/\"> fundas impermeables de alta calidad<\/a>, dedicada a proporcionar a los clientes diversas soluciones de protecci\u00f3n personalizadas. Con un avanzado equipo de producci\u00f3n y una gran experiencia en el sector, nuestros productos abarcan una amplia gama de tipos, como fundas para motocicletas, fundas para coches, fundas para muebles y fundas para bicicletas. Todas las fundas impermeables est\u00e1n fabricadas con tejidos impermeables de alta calidad, como el tejido Oxford 420D y el tejido Oxford 210D, que ofrecen m\u00faltiples funciones, como la impermeabilizaci\u00f3n, la protecci\u00f3n contra los rayos UV, la prevenci\u00f3n del polvo, la resistencia al viento y la resistencia a los ara\u00f1azos, que pueden proteger eficazmente su equipo de las influencias ambientales externas.<br \/>\nNuestra f\u00e1brica cuenta con tres l\u00edneas de producci\u00f3n muy eficientes, cada una de ellas equipada con avanzados equipos automatizados, que nos permiten producir diversas cubiertas impermeables con gran eficiencia y estabilidad. La f\u00e1brica cuenta actualmente con unos 150 empleados, entre t\u00e9cnicos, operarios, inspectores de calidad y un equipo de apoyo para log\u00edstica. Podemos ofrecer servicios personalizados en t\u00e9rminos de varios tama\u00f1os, colores y tejidos seg\u00fan los requisitos de los clientes. Adem\u00e1s, ofrecemos impresi\u00f3n de LOGO y embalajes personalizados para satisfacer las necesidades de diferentes industrias y mercados. Todos los productos se someten a estrictas inspecciones de calidad para garantizar que cumplen altos est\u00e1ndares y pueden satisfacer las diversas necesidades de los clientes.<br \/>\nSiempre nos hemos adherido al principio de \"la calidad ante todo y el servicio ante todo\" y nos comprometemos a convertirnos en un proveedor de cubiertas impermeables de confianza para clientes de todo el mundo.<br \/>\nSi tiene alguna pregunta sobre fundas impermeables, <a href=\"https:\/\/toprisesafety.com\/es\/contact-us\/\">p\u00f3ngase en contacto con nosotros libremente.<\/a><\/p>","protected":false},"excerpt":{"rendered":"<p>Art No.PC08<\/p>\n<p>Material: tejido Oxford 210D \/420D\/600D con ba\u00f1o de plata o personalizado o a medida<\/p>\n<p>Tama\u00f1o: una persona\uff1a82*82*61CM , 76*76*63CM,92*92*61CM,100*56*64cm o personalizado<\/p>\n<p>Color:Negro o personalizado<\/p>\n<p>Impresi\u00f3n de logotipos: disponible<\/p>\n<p>MOQ: 300PCS<\/p>","protected":false},"featured_media":12853,"template":"","meta":{"_acf_changed":false},"product_brand":[],"product_cat":[371,401],"product_tag":[],"class_list":{"0":"post-12849","1":"product","2":"type-product","3":"status-publish","4":"has-post-thumbnail","6":"product_cat-outdoor-goods","7":"product_cat-waterproof-cover","9":"first","10":"instock","11":"shipping-taxable","12":"product-type-simple"},"acf":[],"_links":{"self":[{"href":"https:\/\/toprisesafety.com\/es\/wp-json\/wp\/v2\/product\/12849"}],"collection":[{"href":"https:\/\/toprisesafety.com\/es\/wp-json\/wp\/v2\/product"}],"about":[{"href":"https:\/\/toprisesafety.com\/es\/wp-json\/wp\/v2\/types\/product"}],"wp:featuredmedia":[{"embeddable":true,"href":"https:\/\/toprisesafety.com\/es\/wp-json\/wp\/v2\/media\/12853"}],"wp:attachment":[{"href":"https:\/\/toprisesafety.com\/es\/wp-json\/wp\/v2\/media?parent=12849"}],"wp:term":[{"taxonomy":"product_brand","embeddable":true,"href":"https:\/\/toprisesafety.com\/es\/wp-json\/wp\/v2\/product_brand?post=12849"},{"taxonomy":"product_cat","embeddable":true,"href":"https:\/\/toprisesafety.com\/es\/wp-json\/wp\/v2\/product_cat?post=12849"},{"taxonomy":"product_tag","embeddable":true,"href":"https:\/\/toprisesafety.com\/es\/wp-json\/wp\/v2\/product_tag?post=12849"}],"curies":[{"name":"wp","href":"https:\/\/api.w.org\/{rel}","templated":true}]}}