{"id":12705,"date":"2025-05-21T06:50:27","date_gmt":"2025-05-21T06:50:27","guid":{"rendered":"https:\/\/toprisesafety.com\/?post_type=product&#038;p=12705"},"modified":"2025-05-21T08:00:06","modified_gmt":"2025-05-21T08:00:06","slug":"outdoor-planters","status":"publish","type":"product","link":"https:\/\/toprisesafety.com\/es\/producto\/outdoor-planters\/","title":{"rendered":"Jardineras de exterior"},"content":{"rendered":"<h1>Jardineras de exterior<\/h1>\n<ul>\n<li>Forma \u00fanica: El dise\u00f1o circular es sencillo y moderno, adecuado para diversos entornos interiores y exteriores.<\/li>\n<li>Material resistente: El pl\u00e1stico reforzado con fibra de vidrio es ligero, duradero y muy resistente a los impactos.<\/li>\n<li>Impermeable y resistente a la corrosi\u00f3n: Adecuado para diferentes condiciones clim\u00e1ticas y se puede utilizar durante mucho tiempo.<\/li>\n<li>F\u00e1cil de limpiar: La superficie es lisa, no propensa a la acumulaci\u00f3n de polvo, y conveniente para la limpieza diaria.<\/li>\n<li>Variedad de colores: Una variedad de colores est\u00e1n disponibles para satisfacer las necesidades de diferentes estilos de decoraci\u00f3n.<\/li>\n<\/ul>\n<table>\n<tbody>\n<tr>\n<td width=\"284\">ART NO.<\/td>\n<td width=\"284\">FP10<\/td>\n<\/tr>\n<tr>\n<td width=\"284\">MATERIAL<\/td>\n<td width=\"284\">Fibra de vidrio<\/td>\n<\/tr>\n<tr>\n<td width=\"284\">TALLA<\/td>\n<td width=\"284\">ver abajo tama\u00f1o pic.or personalizado<\/td>\n<\/tr>\n<tr>\n<td width=\"284\">MOQ<\/td>\n<td width=\"284\">3 PC<\/td>\n<\/tr>\n<tr>\n<td colspan=\"2\" width=\"568\">Admitimos dise\u00f1os, tama\u00f1os y colores personalizados. Si usted tiene su dise\u00f1o, podemos hacerlo en consecuencia.<\/td>\n<\/tr>\n<\/tbody>\n<\/table>\n<p>TOPRISE admite varios estilos de personalizaci\u00f3n de jardineras de fibra de vidrio; haga clic para <a href=\"https:\/\/toprisesafety.com\/es\/categoria-producto\/frp-products\/fiberglass-planter\/\">ver m\u00e1s estilos de jardineras de fibra de vidrio.<\/a><\/p>\n<p>Si no encuentra la jardinera de fibra de vidrio que necesita, <a href=\"https:\/\/toprisesafety.com\/es\/contact-us\/\">p\u00f3ngase en contacto con nosotros;<\/a> apoyamos la personalizaci\u00f3n especial con MOQ bajo .<\/p>","protected":false},"excerpt":{"rendered":"<p>N\u00ba ART. FP10<\/p>\n<p>MATERIAL: Fibra de vidrio<\/p>\n<p>Tama\u00f1o: ver abajo tama\u00f1o pic.or personalizado<\/p>\n<p>Color: blanco, negro o personalizado<\/p>\n<p>MOQ: 3 PC<\/p>","protected":false},"featured_media":12706,"template":"","meta":{"_acf_changed":false},"product_brand":[],"product_cat":[398,399],"product_tag":[],"class_list":{"0":"post-12705","1":"product","2":"type-product","3":"status-publish","4":"has-post-thumbnail","6":"product_cat-frp-products","7":"product_cat-fiberglass-planter","9":"first","10":"instock","11":"shipping-taxable","12":"product-type-simple"},"acf":[],"_links":{"self":[{"href":"https:\/\/toprisesafety.com\/es\/wp-json\/wp\/v2\/product\/12705"}],"collection":[{"href":"https:\/\/toprisesafety.com\/es\/wp-json\/wp\/v2\/product"}],"about":[{"href":"https:\/\/toprisesafety.com\/es\/wp-json\/wp\/v2\/types\/product"}],"wp:featuredmedia":[{"embeddable":true,"href":"https:\/\/toprisesafety.com\/es\/wp-json\/wp\/v2\/media\/12706"}],"wp:attachment":[{"href":"https:\/\/toprisesafety.com\/es\/wp-json\/wp\/v2\/media?parent=12705"}],"wp:term":[{"taxonomy":"product_brand","embeddable":true,"href":"https:\/\/toprisesafety.com\/es\/wp-json\/wp\/v2\/product_brand?post=12705"},{"taxonomy":"product_cat","embeddable":true,"href":"https:\/\/toprisesafety.com\/es\/wp-json\/wp\/v2\/product_cat?post=12705"},{"taxonomy":"product_tag","embeddable":true,"href":"https:\/\/toprisesafety.com\/es\/wp-json\/wp\/v2\/product_tag?post=12705"}],"curies":[{"name":"wp","href":"https:\/\/api.w.org\/{rel}","templated":true}]}}