{"id":12697,"date":"2025-05-21T06:46:29","date_gmt":"2025-05-21T06:46:29","guid":{"rendered":"https:\/\/toprisesafety.com\/?post_type=product&#038;p=12697"},"modified":"2025-05-21T08:01:15","modified_gmt":"2025-05-21T08:01:15","slug":"custom-flower-plant-pot","status":"publish","type":"product","link":"https:\/\/toprisesafety.com\/es\/producto\/custom-flower-plant-pot\/","title":{"rendered":"Maceta personalizada"},"content":{"rendered":"<h1>Maceta personalizada<\/h1>\n<ul>\n<li>Forma \u00fanica: El dise\u00f1o circular es sencillo y moderno, adecuado para diversos entornos interiores y exteriores.<\/li>\n<li>Material resistente: El pl\u00e1stico reforzado con fibra de vidrio es ligero, duradero y muy resistente a los impactos.<\/li>\n<li>Impermeable y resistente a la corrosi\u00f3n: Adecuado para diferentes condiciones clim\u00e1ticas y se puede utilizar durante mucho tiempo.<\/li>\n<li>F\u00e1cil de limpiar: La superficie es lisa, no propensa a la acumulaci\u00f3n de polvo, y conveniente para la limpieza diaria.<\/li>\n<li>Variedad de colores: Una variedad de colores est\u00e1n disponibles para satisfacer las necesidades de diferentes estilos de decoraci\u00f3n.<\/li>\n<\/ul>\n<table>\n<tbody>\n<tr>\n<td width=\"284\">ART NO.<\/td>\n<td width=\"284\">FP09<\/td>\n<\/tr>\n<tr>\n<td width=\"284\">MATERIAL<\/td>\n<td width=\"284\">Fibra de vidrio<\/td>\n<\/tr>\n<tr>\n<td width=\"284\">TALLA<\/td>\n<td width=\"284\">ver abajo tama\u00f1o pic.or personalizado<\/td>\n<\/tr>\n<tr>\n<td width=\"284\">MOQ<\/td>\n<td width=\"284\">3 PC<\/td>\n<\/tr>\n<tr>\n<td colspan=\"2\" width=\"568\">Admitimos dise\u00f1os, tama\u00f1os y colores personalizados. Si usted tiene su dise\u00f1o, podemos hacerlo en consecuencia.<\/td>\n<\/tr>\n<\/tbody>\n<\/table>\n<p><img fetchpriority=\"high\" decoding=\"async\" class=\"alignnone size-medium wp-image-12704\" src=\"https:\/\/toprisesafety.com\/wp-content\/uploads\/2025\/05\/Custom-Flower-Plant-Pot-Windowsill-Trays-6-300x205.png\" alt=\"\" width=\"300\" height=\"205\" srcset=\"https:\/\/toprisesafety.com\/wp-content\/uploads\/2025\/05\/Custom-Flower-Plant-Pot-Windowsill-Trays-6-300x205.png 300w, https:\/\/toprisesafety.com\/wp-content\/uploads\/2025\/05\/Custom-Flower-Plant-Pot-Windowsill-Trays-6-600x411.png 600w, https:\/\/toprisesafety.com\/wp-content\/uploads\/2025\/05\/Custom-Flower-Plant-Pot-Windowsill-Trays-6.png 695w\" sizes=\"(max-width: 300px) 100vw, 300px\" \/> <img decoding=\"async\" class=\"alignnone size-medium wp-image-12703\" src=\"https:\/\/toprisesafety.com\/wp-content\/uploads\/2025\/05\/Custom-Flower-Plant-Pot-Windowsill-Trays-5-300x207.png\" alt=\"\" width=\"300\" height=\"207\" srcset=\"https:\/\/toprisesafety.com\/wp-content\/uploads\/2025\/05\/Custom-Flower-Plant-Pot-Windowsill-Trays-5-300x207.png 300w, https:\/\/toprisesafety.com\/wp-content\/uploads\/2025\/05\/Custom-Flower-Plant-Pot-Windowsill-Trays-5-600x415.png 600w, https:\/\/toprisesafety.com\/wp-content\/uploads\/2025\/05\/Custom-Flower-Plant-Pot-Windowsill-Trays-5.png 707w\" sizes=\"(max-width: 300px) 100vw, 300px\" \/> \u00a0<img decoding=\"async\" class=\"alignnone size-medium wp-image-12701\" src=\"https:\/\/toprisesafety.com\/wp-content\/uploads\/2025\/05\/Custom-Flower-Plant-Pot-Windowsill-Trays-3-300x211.png\" alt=\"\" width=\"300\" height=\"211\" srcset=\"https:\/\/toprisesafety.com\/wp-content\/uploads\/2025\/05\/Custom-Flower-Plant-Pot-Windowsill-Trays-3-300x211.png 300w, https:\/\/toprisesafety.com\/wp-content\/uploads\/2025\/05\/Custom-Flower-Plant-Pot-Windowsill-Trays-3-600x422.png 600w, https:\/\/toprisesafety.com\/wp-content\/uploads\/2025\/05\/Custom-Flower-Plant-Pot-Windowsill-Trays-3.png 704w\" sizes=\"(max-width: 300px) 100vw, 300px\" \/> \u00a0<img loading=\"lazy\" decoding=\"async\" class=\"alignnone size-medium wp-image-12699\" src=\"https:\/\/toprisesafety.com\/wp-content\/uploads\/2025\/05\/Custom-Flower-Plant-Pot-Windowsill-Trays-1-300x233.png\" alt=\"\" width=\"300\" height=\"233\" srcset=\"https:\/\/toprisesafety.com\/wp-content\/uploads\/2025\/05\/Custom-Flower-Plant-Pot-Windowsill-Trays-1-300x233.png 300w, https:\/\/toprisesafety.com\/wp-content\/uploads\/2025\/05\/Custom-Flower-Plant-Pot-Windowsill-Trays-1-600x467.png 600w, https:\/\/toprisesafety.com\/wp-content\/uploads\/2025\/05\/Custom-Flower-Plant-Pot-Windowsill-Trays-1.png 699w\" sizes=\"(max-width: 300px) 100vw, 300px\" \/><img loading=\"lazy\" decoding=\"async\" class=\"alignnone size-medium wp-image-12702\" src=\"https:\/\/toprisesafety.com\/wp-content\/uploads\/2025\/05\/Custom-Flower-Plant-Pot-Windowsill-Trays-4-300x199.png\" alt=\"\" width=\"300\" height=\"199\" srcset=\"https:\/\/toprisesafety.com\/wp-content\/uploads\/2025\/05\/Custom-Flower-Plant-Pot-Windowsill-Trays-4-300x199.png 300w, https:\/\/toprisesafety.com\/wp-content\/uploads\/2025\/05\/Custom-Flower-Plant-Pot-Windowsill-Trays-4-600x398.png 600w, https:\/\/toprisesafety.com\/wp-content\/uploads\/2025\/05\/Custom-Flower-Plant-Pot-Windowsill-Trays-4.png 705w\" sizes=\"(max-width: 300px) 100vw, 300px\" \/><img loading=\"lazy\" decoding=\"async\" class=\"alignnone size-medium wp-image-12700\" src=\"https:\/\/toprisesafety.com\/wp-content\/uploads\/2025\/05\/Custom-Flower-Plant-Pot-Windowsill-Trays-2-300x221.png\" alt=\"\" width=\"300\" height=\"221\" srcset=\"https:\/\/toprisesafety.com\/wp-content\/uploads\/2025\/05\/Custom-Flower-Plant-Pot-Windowsill-Trays-2-300x221.png 300w, https:\/\/toprisesafety.com\/wp-content\/uploads\/2025\/05\/Custom-Flower-Plant-Pot-Windowsill-Trays-2-600x442.png 600w, https:\/\/toprisesafety.com\/wp-content\/uploads\/2025\/05\/Custom-Flower-Plant-Pot-Windowsill-Trays-2.png 703w\" sizes=\"(max-width: 300px) 100vw, 300px\" \/><\/p>\n<p>TOPRISE admite varios estilos de personalizaci\u00f3n de jardineras de fibra de vidrio; haga clic para <a href=\"https:\/\/toprisesafety.com\/es\/categoria-producto\/frp-products\/fiberglass-planter\/\">ver m\u00e1s estilos de jardineras de fibra de vidrio.<\/a><\/p>\n<p>Si no encuentra la jardinera de fibra de vidrio que necesita, <a href=\"https:\/\/toprisesafety.com\/es\/contact-us\/\">p\u00f3ngase en contacto con nosotros;<\/a> apoyamos la personalizaci\u00f3n especial con MOQ bajo .<\/p>","protected":false},"excerpt":{"rendered":"<p>N\u00ba ART. FP09<\/p>\n<p>MATERIAL: Fibra de vidrio<\/p>\n<p>Tama\u00f1o: ver abajo tama\u00f1o pic.or personalizado<\/p>\n<p>Color: blanco, negro o personalizado<\/p>\n<p>MOQ: 3 PC<\/p>","protected":false},"featured_media":12698,"template":"","meta":{"_acf_changed":false},"product_brand":[],"product_cat":[399,398],"product_tag":[],"class_list":{"0":"post-12697","1":"product","2":"type-product","3":"status-publish","4":"has-post-thumbnail","6":"product_cat-fiberglass-planter","7":"product_cat-frp-products","9":"first","10":"instock","11":"shipping-taxable","12":"product-type-simple"},"acf":[],"_links":{"self":[{"href":"https:\/\/toprisesafety.com\/es\/wp-json\/wp\/v2\/product\/12697","targetHints":{"allow":["GET"]}}],"collection":[{"href":"https:\/\/toprisesafety.com\/es\/wp-json\/wp\/v2\/product"}],"about":[{"href":"https:\/\/toprisesafety.com\/es\/wp-json\/wp\/v2\/types\/product"}],"wp:featuredmedia":[{"embeddable":true,"href":"https:\/\/toprisesafety.com\/es\/wp-json\/wp\/v2\/media\/12698"}],"wp:attachment":[{"href":"https:\/\/toprisesafety.com\/es\/wp-json\/wp\/v2\/media?parent=12697"}],"wp:term":[{"taxonomy":"product_brand","embeddable":true,"href":"https:\/\/toprisesafety.com\/es\/wp-json\/wp\/v2\/product_brand?post=12697"},{"taxonomy":"product_cat","embeddable":true,"href":"https:\/\/toprisesafety.com\/es\/wp-json\/wp\/v2\/product_cat?post=12697"},{"taxonomy":"product_tag","embeddable":true,"href":"https:\/\/toprisesafety.com\/es\/wp-json\/wp\/v2\/product_tag?post=12697"}],"curies":[{"name":"wp","href":"https:\/\/api.w.org\/{rel}","templated":true}]}}