{"id":12691,"date":"2025-05-21T06:32:45","date_gmt":"2025-05-21T06:32:45","guid":{"rendered":"https:\/\/toprisesafety.com\/?post_type=product&#038;p=12691"},"modified":"2025-05-21T08:01:41","modified_gmt":"2025-05-21T08:01:41","slug":"irregular-fiberglass-planter","status":"publish","type":"product","link":"https:\/\/toprisesafety.com\/es\/producto\/irregular-fiberglass-planter\/","title":{"rendered":"Jardinera irregular de fibra de vidrio"},"content":{"rendered":"<p>Jardinera irregular de fibra de vidrio<\/p>\n<ul>\n<li>Gran durabilidad: El material es s\u00f3lido, resistente a los impactos y no es f\u00e1cil de romper.<\/li>\n<li>Impermeable y anticorrosi\u00f3n: Apto para interiores y exteriores, resistente al agua y la humedad.<\/li>\n<li>Ligero y f\u00e1cil de transportar: De peso ligero, es conveniente para mover y reorganizar.<\/li>\n<li>Aspecto moderno: Dise\u00f1o y color \u00fanicos, adaptables a varios estilos de decoraci\u00f3n modernos.<\/li>\n<li>F\u00e1cil de limpiar: superficie lisa, c\u00f3moda de limpiar y poco propensa a la acumulaci\u00f3n de polvo.<\/li>\n<li>Personalizaci\u00f3n de lotes peque\u00f1os: Admite la personalizaci\u00f3n a medida con una cantidad de pedido m\u00ednima baja para satisfacer diferentes necesidades.<\/li>\n<\/ul>\n<table>\n<tbody>\n<tr>\n<td width=\"284\">ART NO.<\/td>\n<td width=\"284\">FP07<\/td>\n<\/tr>\n<tr>\n<td width=\"284\">MATERIAL<\/td>\n<td width=\"284\">Fibra de vidrio<\/td>\n<\/tr>\n<tr>\n<td width=\"284\">TALLA<\/td>\n<td width=\"284\">ver abajo tama\u00f1o pic.or personalizado<\/td>\n<\/tr>\n<tr>\n<td width=\"284\">MOQ<\/td>\n<td width=\"284\">3 PC<\/td>\n<\/tr>\n<tr>\n<td colspan=\"2\" width=\"568\">Admitimos dise\u00f1os, tama\u00f1os y colores personalizados. Si usted tiene su dise\u00f1o, podemos hacerlo en consecuencia.<\/td>\n<\/tr>\n<\/tbody>\n<\/table>\n<p>TOPRISE admite varios estilos de personalizaci\u00f3n de jardineras de fibra de vidrio; haga clic para <a href=\"https:\/\/toprisesafety.com\/es\/categoria-producto\/frp-products\/fiberglass-planter\/\">ver m\u00e1s estilos de jardineras de fibra de vidrio.<\/a><\/p>\n<p>Si no encuentra la jardinera de fibra de vidrio que necesita, <a href=\"https:\/\/toprisesafety.com\/es\/contact-us\/\">p\u00f3ngase en contacto con nosotros;<\/a> apoyamos la personalizaci\u00f3n especial con MOQ bajo .<\/p>","protected":false},"excerpt":{"rendered":"<p>N\u00ba ART. FP07<\/p>\n<p>MATERIAL: Fibra de vidrio<\/p>\n<p>Tama\u00f1o: ver abajo tama\u00f1o pic.or personalizado<\/p>\n<p>Color: blanco, negro o personalizado<\/p>\n<p>MOQ: 3 PC<\/p>","protected":false},"featured_media":12692,"template":"","meta":{"_acf_changed":false},"product_brand":[],"product_cat":[398,399],"product_tag":[],"class_list":{"0":"post-12691","1":"product","2":"type-product","3":"status-publish","4":"has-post-thumbnail","6":"product_cat-frp-products","7":"product_cat-fiberglass-planter","9":"first","10":"instock","11":"shipping-taxable","12":"product-type-simple"},"acf":[],"_links":{"self":[{"href":"https:\/\/toprisesafety.com\/es\/wp-json\/wp\/v2\/product\/12691"}],"collection":[{"href":"https:\/\/toprisesafety.com\/es\/wp-json\/wp\/v2\/product"}],"about":[{"href":"https:\/\/toprisesafety.com\/es\/wp-json\/wp\/v2\/types\/product"}],"wp:featuredmedia":[{"embeddable":true,"href":"https:\/\/toprisesafety.com\/es\/wp-json\/wp\/v2\/media\/12692"}],"wp:attachment":[{"href":"https:\/\/toprisesafety.com\/es\/wp-json\/wp\/v2\/media?parent=12691"}],"wp:term":[{"taxonomy":"product_brand","embeddable":true,"href":"https:\/\/toprisesafety.com\/es\/wp-json\/wp\/v2\/product_brand?post=12691"},{"taxonomy":"product_cat","embeddable":true,"href":"https:\/\/toprisesafety.com\/es\/wp-json\/wp\/v2\/product_cat?post=12691"},{"taxonomy":"product_tag","embeddable":true,"href":"https:\/\/toprisesafety.com\/es\/wp-json\/wp\/v2\/product_tag?post=12691"}],"curies":[{"name":"wp","href":"https:\/\/api.w.org\/{rel}","templated":true}]}}