{"id":12670,"date":"2025-05-21T06:02:42","date_gmt":"2025-05-21T06:02:42","guid":{"rendered":"https:\/\/toprisesafety.com\/?post_type=product&#038;p=12670"},"modified":"2025-05-21T08:02:17","modified_gmt":"2025-05-21T08:02:17","slug":"fiberglass-flower-pot","status":"publish","type":"product","link":"https:\/\/toprisesafety.com\/es\/producto\/fiberglass-flower-pot\/","title":{"rendered":"Maceta de fibra de vidrio"},"content":{"rendered":"<h1>Maceta de fibra de vidrio<\/h1>\n<p>Ventajas de la maceta de fibra de vidrio:<\/p>\n<ul>\n<li>Gran durabilidad: El material es s\u00f3lido, resistente a los impactos y no es f\u00e1cil de romper.<\/li>\n<li>Impermeable y anticorrosi\u00f3n: Apto para interiores y exteriores, resistente al agua y la humedad.<\/li>\n<li>Ligero y f\u00e1cil de transportar: De peso ligero, es conveniente para mover y reorganizar.<\/li>\n<li>Aspecto moderno: Dise\u00f1o y color \u00fanicos, adaptables a varios estilos de decoraci\u00f3n modernos.<\/li>\n<li>F\u00e1cil de limpiar: superficie lisa, c\u00f3moda de limpiar y poco propensa a la acumulaci\u00f3n de polvo.<\/li>\n<li>Personalizaci\u00f3n de lotes peque\u00f1os: Admite la personalizaci\u00f3n a medida con una cantidad de pedido m\u00ednima baja para satisfacer diferentes necesidades.<\/li>\n<\/ul>\n<table>\n<tbody>\n<tr>\n<td width=\"284\">ART NO.<\/td>\n<td width=\"284\">FP03<\/td>\n<\/tr>\n<tr>\n<td width=\"284\">MATERIAL<\/td>\n<td width=\"284\">Fibra de vidrio<\/td>\n<\/tr>\n<tr>\n<td width=\"284\">TALLA<\/td>\n<td width=\"284\">ver abajo tama\u00f1o pic \uff0ccustomized<\/td>\n<\/tr>\n<tr>\n<td width=\"284\">MOQ<\/td>\n<td width=\"284\">3 PC<\/td>\n<\/tr>\n<tr>\n<td colspan=\"2\" width=\"568\">Admitimos dise\u00f1os, tama\u00f1os y colores personalizados. Si usted tiene su dise\u00f1o, podemos hacerlo en consecuencia.<\/td>\n<\/tr>\n<\/tbody>\n<\/table>\n<p><img fetchpriority=\"high\" decoding=\"async\" class=\"alignnone wp-image-12678\" src=\"https:\/\/toprisesafety.com\/wp-content\/uploads\/2025\/05\/SIZES-OF-POT-228x300.png\" alt=\"\" width=\"593\" height=\"781\" srcset=\"https:\/\/toprisesafety.com\/wp-content\/uploads\/2025\/05\/SIZES-OF-POT-228x300.png 228w, https:\/\/toprisesafety.com\/wp-content\/uploads\/2025\/05\/SIZES-OF-POT-778x1024.png 778w, https:\/\/toprisesafety.com\/wp-content\/uploads\/2025\/05\/SIZES-OF-POT-768x1011.png 768w, https:\/\/toprisesafety.com\/wp-content\/uploads\/2025\/05\/SIZES-OF-POT-1167x1536.png 1167w, https:\/\/toprisesafety.com\/wp-content\/uploads\/2025\/05\/SIZES-OF-POT-1556x2048.png 1556w, https:\/\/toprisesafety.com\/wp-content\/uploads\/2025\/05\/SIZES-OF-POT-600x790.png 600w\" sizes=\"(max-width: 593px) 100vw, 593px\" \/><\/p>\n<div style=\"width: 720px;\" class=\"wp-video\"><!--[if lt IE 9]><script>document.createElement('video');<\/script><![endif]-->\n<video class=\"wp-video-shortcode\" id=\"video-12670-1\" width=\"720\" height=\"960\" preload=\"metadata\" controls=\"controls\"><source type=\"video\/mp4\" src=\"https:\/\/toprisesafety.com\/wp-content\/uploads\/2025\/05\/\u73bb\u7483\u94a2\u82b1\u76c6\u5236\u4f5c.mp4?_=1\" \/><a href=\"https:\/\/toprisesafety.com\/wp-content\/uploads\/2025\/05\/\u73bb\u7483\u94a2\u82b1\u76c6\u5236\u4f5c.mp4\">https:\/\/toprisesafety.com\/wp-content\/uploads\/2025\/05\/\u73bb\u7483\u94a2\u82b1\u76c6\u5236\u4f5c.mp4<\/a><\/video><\/div>\n<p>TOPRISE admite varios estilos de personalizaci\u00f3n de jardineras de fibra de vidrio; haga clic para <a href=\"https:\/\/toprisesafety.com\/es\/categoria-producto\/frp-products\/fiberglass-planter\/\">ver m\u00e1s estilos de jardineras de fibra de vidrio.<\/a><\/p>\n<p>Si no encuentra la jardinera de fibra de vidrio que necesita, <a href=\"https:\/\/toprisesafety.com\/es\/contact-us\/\">p\u00f3ngase en contacto con nosotros;<\/a> apoyamos la personalizaci\u00f3n especial con MOQ bajo .<\/p>","protected":false},"excerpt":{"rendered":"<p>N\u00ba ART. FP03<\/p>\n<p>MATERIAL: Fibra de vidrio<\/p>\n<p>Talla: ver foto de talla o personalizar<\/p>\n<p>Color: blanco, negro o personalizado<\/p>\n<p>MOQ: 3 PC<\/p>","protected":false},"featured_media":12674,"template":"","meta":{"_acf_changed":false},"product_brand":[],"product_cat":[398,399],"product_tag":[],"class_list":{"0":"post-12670","1":"product","2":"type-product","3":"status-publish","4":"has-post-thumbnail","6":"product_cat-frp-products","7":"product_cat-fiberglass-planter","9":"first","10":"instock","11":"shipping-taxable","12":"product-type-simple"},"acf":[],"_links":{"self":[{"href":"https:\/\/toprisesafety.com\/es\/wp-json\/wp\/v2\/product\/12670"}],"collection":[{"href":"https:\/\/toprisesafety.com\/es\/wp-json\/wp\/v2\/product"}],"about":[{"href":"https:\/\/toprisesafety.com\/es\/wp-json\/wp\/v2\/types\/product"}],"wp:featuredmedia":[{"embeddable":true,"href":"https:\/\/toprisesafety.com\/es\/wp-json\/wp\/v2\/media\/12674"}],"wp:attachment":[{"href":"https:\/\/toprisesafety.com\/es\/wp-json\/wp\/v2\/media?parent=12670"}],"wp:term":[{"taxonomy":"product_brand","embeddable":true,"href":"https:\/\/toprisesafety.com\/es\/wp-json\/wp\/v2\/product_brand?post=12670"},{"taxonomy":"product_cat","embeddable":true,"href":"https:\/\/toprisesafety.com\/es\/wp-json\/wp\/v2\/product_cat?post=12670"},{"taxonomy":"product_tag","embeddable":true,"href":"https:\/\/toprisesafety.com\/es\/wp-json\/wp\/v2\/product_tag?post=12670"}],"curies":[{"name":"wp","href":"https:\/\/api.w.org\/{rel}","templated":true}]}}