{"id":12665,"date":"2025-05-21T05:52:50","date_gmt":"2025-05-21T05:52:50","guid":{"rendered":"https:\/\/toprisesafety.com\/?post_type=product&#038;p=12665"},"modified":"2025-05-21T08:02:29","modified_gmt":"2025-05-21T08:02:29","slug":"fiberglass-plant-pots","status":"publish","type":"product","link":"https:\/\/toprisesafety.com\/es\/producto\/fiberglass-plant-pots\/","title":{"rendered":"Macetas de fibra de vidrio"},"content":{"rendered":"<h1>Macetas de fibra de vidrio<\/h1>\n<ul>\n<li>Ligeras y f\u00e1ciles de transportar: Las macetas de FRP son ligeras, lo que las hace c\u00f3modas de mover y ajustar.<\/li>\n<li>Gran resistencia a la corrosi\u00f3n: Estas macetas son resistentes al agua y a la humedad, por lo que son aptas para su uso en exteriores.<\/li>\n<li>Alta resistencia: No es f\u00e1cil de romper, fuerte resistencia al impacto y larga vida \u00fatil.<\/li>\n<li>Formas diversas: puede dise\u00f1arse en distintas formas y colores seg\u00fan las necesidades para adaptarse a diversos entornos.<\/li>\n<li>F\u00e1cil de limpiar: Superficie lisa, f\u00e1cil de limpiar y mantener.<\/li>\n<li>Respetuoso con el medio ambiente: Fabricado con materiales ecol\u00f3gicos, es inofensivo para el medio ambiente.<\/li>\n<li>Gran capacidad de personalizaci\u00f3n: La personalizaci\u00f3n puede llevarse a cabo seg\u00fan las necesidades del cliente, y la cantidad m\u00ednima de pedido es relativamente baja.<\/li>\n<\/ul>\n<table>\n<tbody>\n<tr>\n<td width=\"284\">ART NO.<\/td>\n<td width=\"284\">FP02<\/td>\n<\/tr>\n<tr>\n<td width=\"284\">MATERIAL<\/td>\n<td width=\"284\">Fibra de vidrio<\/td>\n<\/tr>\n<tr>\n<td width=\"284\">TALLA<\/td>\n<td width=\"284\">50\u00d750\u00d748 cm , 50\u00d750\u00d768 cm, 50\u00d750\u00d7100 cm, o personalizado<\/td>\n<\/tr>\n<tr>\n<td width=\"284\">MOQ<\/td>\n<td width=\"284\">3 PC<\/td>\n<\/tr>\n<tr>\n<td colspan=\"2\" width=\"568\">Admitimos dise\u00f1os, tama\u00f1os y colores personalizados. Si usted tiene su dise\u00f1o, podemos hacerlo en consecuencia.<\/td>\n<\/tr>\n<\/tbody>\n<\/table>\n<p>TOPRISE admite varios estilos de personalizaci\u00f3n de jardineras de fibra de vidrio; haga clic para <a href=\"https:\/\/toprisesafety.com\/es\/categoria-producto\/frp-products\/fiberglass-planter\/\">ver m\u00e1s estilos de jardineras de fibra de vidrio.<\/a><\/p>\n<p>Si no encuentra la jardinera de fibra de vidrio que necesita, <a href=\"https:\/\/toprisesafety.com\/es\/contact-us\/\">p\u00f3ngase en contacto con nosotros;<\/a> apoyamos la personalizaci\u00f3n especial con MOQ bajo .<\/p>","protected":false},"excerpt":{"rendered":"<p>N\u00ba ART. FP02<\/p>\n<p>MATERIAL: Fibra de vidrio<\/p>\n<p>Tama\u00f1o: 50\u00d750\u00d748 cm\uff0c50\u00d750\u00d768 cm\uff0c50\u00d750\u00d7100 cm o personalizado<\/p>\n<p>Color: blanco, negro o personalizado<\/p>\n<p>MOQ: 3 PC<\/p>","protected":false},"featured_media":12666,"template":"","meta":{"_acf_changed":false},"product_brand":[],"product_cat":[398,399],"product_tag":[],"class_list":{"0":"post-12665","1":"product","2":"type-product","3":"status-publish","4":"has-post-thumbnail","6":"product_cat-frp-products","7":"product_cat-fiberglass-planter","9":"first","10":"instock","11":"shipping-taxable","12":"product-type-simple"},"acf":[],"_links":{"self":[{"href":"https:\/\/toprisesafety.com\/es\/wp-json\/wp\/v2\/product\/12665"}],"collection":[{"href":"https:\/\/toprisesafety.com\/es\/wp-json\/wp\/v2\/product"}],"about":[{"href":"https:\/\/toprisesafety.com\/es\/wp-json\/wp\/v2\/types\/product"}],"wp:featuredmedia":[{"embeddable":true,"href":"https:\/\/toprisesafety.com\/es\/wp-json\/wp\/v2\/media\/12666"}],"wp:attachment":[{"href":"https:\/\/toprisesafety.com\/es\/wp-json\/wp\/v2\/media?parent=12665"}],"wp:term":[{"taxonomy":"product_brand","embeddable":true,"href":"https:\/\/toprisesafety.com\/es\/wp-json\/wp\/v2\/product_brand?post=12665"},{"taxonomy":"product_cat","embeddable":true,"href":"https:\/\/toprisesafety.com\/es\/wp-json\/wp\/v2\/product_cat?post=12665"},{"taxonomy":"product_tag","embeddable":true,"href":"https:\/\/toprisesafety.com\/es\/wp-json\/wp\/v2\/product_tag?post=12665"}],"curies":[{"name":"wp","href":"https:\/\/api.w.org\/{rel}","templated":true}]}}