{"id":12660,"date":"2025-05-21T05:39:21","date_gmt":"2025-05-21T05:39:21","guid":{"rendered":"https:\/\/toprisesafety.com\/?post_type=product&#038;p=12660"},"modified":"2025-05-21T08:02:41","modified_gmt":"2025-05-21T08:02:41","slug":"fiberglass-planter-box","status":"publish","type":"product","link":"https:\/\/toprisesafety.com\/es\/producto\/fiberglass-planter-box\/","title":{"rendered":"Jardinera de fibra de vidrio"},"content":{"rendered":"<h1>Jardinera de fibra de vidrio<\/h1>\n<p>Ventajas de las jardineras de fibra de vidrio:<\/p>\n<ul>\n<li>Anticorrosi\u00f3n e impermeable: El material tiene excelentes propiedades impermeables y anticorrosi\u00f3n, por lo que es adecuado para su uso en exteriores.<\/li>\n<li>Resistencia a los impactos: El material pl\u00e1stico reforzado con fibra de vidrio es resistente y puede soportar impactos importantes.<\/li>\n<li>F\u00e1cil de limpiar: Superficie lisa, no propensa a la acumulaci\u00f3n de polvo, y conveniente para limpiar.<\/li>\n<li>Gran resistencia a la intemperie: No se ve afectado f\u00e1cilmente por los cambios meteorol\u00f3gicos, manteniendo un aspecto est\u00e9tico duradero.<\/li>\n<li>Dise\u00f1o flexible: Se pueden personalizar diferentes formas, colores y tama\u00f1os seg\u00fan los requisitos.<\/li>\n<\/ul>\n<table>\n<tbody>\n<tr>\n<td width=\"284\">ART NO.<\/td>\n<td width=\"284\">FP01<\/td>\n<\/tr>\n<tr>\n<td width=\"284\">MATERIAL<\/td>\n<td width=\"284\">Fibra de vidrio<\/td>\n<\/tr>\n<tr>\n<td width=\"284\">TALLA<\/td>\n<td width=\"284\">1200 \u00d7300\u00d7500 mm o personalizado<\/td>\n<\/tr>\n<tr>\n<td width=\"284\">MOQ<\/td>\n<td width=\"284\">1 PC<\/td>\n<\/tr>\n<tr>\n<td colspan=\"2\" width=\"568\">Admitimos dise\u00f1os, tama\u00f1os y colores personalizados. Si usted tiene su dise\u00f1o, podemos hacerlo en consecuencia.<\/td>\n<\/tr>\n<\/tbody>\n<\/table>\n<p><img fetchpriority=\"high\" decoding=\"async\" class=\"alignnone wp-image-12664\" src=\"https:\/\/toprisesafety.com\/wp-content\/uploads\/2025\/05\/Fiberglass-planter-box-2-300x300.jpg\" alt=\"\" width=\"578\" height=\"578\" srcset=\"https:\/\/toprisesafety.com\/wp-content\/uploads\/2025\/05\/Fiberglass-planter-box-2-300x300.jpg 300w, https:\/\/toprisesafety.com\/wp-content\/uploads\/2025\/05\/Fiberglass-planter-box-2-150x150.jpg 150w, https:\/\/toprisesafety.com\/wp-content\/uploads\/2025\/05\/Fiberglass-planter-box-2-768x768.jpg 768w, https:\/\/toprisesafety.com\/wp-content\/uploads\/2025\/05\/Fiberglass-planter-box-2-600x600.jpg 600w, https:\/\/toprisesafety.com\/wp-content\/uploads\/2025\/05\/Fiberglass-planter-box-2-100x100.jpg 100w, https:\/\/toprisesafety.com\/wp-content\/uploads\/2025\/05\/Fiberglass-planter-box-2.jpg 800w\" sizes=\"(max-width: 578px) 100vw, 578px\" \/><\/p>\n<p>TOPRISE admite varios estilos de personalizaci\u00f3n de jardineras de fibra de vidrio; haga clic para <a href=\"https:\/\/toprisesafety.com\/es\/categoria-producto\/frp-products\/fiberglass-planter\/\">ver m\u00e1s estilos de jardineras de fibra de vidrio.<\/a><\/p>\n<p>Si no encuentra la jardinera de fibra de vidrio que necesita, <a href=\"https:\/\/toprisesafety.com\/es\/contact-us\/\">p\u00f3ngase en contacto con nosotros;<\/a> apoyamos la personalizaci\u00f3n especial con MOQ bajo .<\/p>","protected":false},"excerpt":{"rendered":"<p>N\u00ba ART. FP01<\/p>\n<p>MATERIAL: Fibra de vidrio<\/p>\n<p>Tama\u00f1o: 1200 \u00d7300\u00d7500 mm o personalizado<\/p>\n<p>Color: blanco, negro o personalizado<\/p>\n<p>MOQ: 3 PC<\/p>","protected":false},"featured_media":12663,"template":"","meta":{"_acf_changed":false},"product_brand":[],"product_cat":[398,399],"product_tag":[],"class_list":{"0":"post-12660","1":"product","2":"type-product","3":"status-publish","4":"has-post-thumbnail","6":"product_cat-frp-products","7":"product_cat-fiberglass-planter","9":"first","10":"instock","11":"shipping-taxable","12":"product-type-simple"},"acf":[],"_links":{"self":[{"href":"https:\/\/toprisesafety.com\/es\/wp-json\/wp\/v2\/product\/12660"}],"collection":[{"href":"https:\/\/toprisesafety.com\/es\/wp-json\/wp\/v2\/product"}],"about":[{"href":"https:\/\/toprisesafety.com\/es\/wp-json\/wp\/v2\/types\/product"}],"wp:featuredmedia":[{"embeddable":true,"href":"https:\/\/toprisesafety.com\/es\/wp-json\/wp\/v2\/media\/12663"}],"wp:attachment":[{"href":"https:\/\/toprisesafety.com\/es\/wp-json\/wp\/v2\/media?parent=12660"}],"wp:term":[{"taxonomy":"product_brand","embeddable":true,"href":"https:\/\/toprisesafety.com\/es\/wp-json\/wp\/v2\/product_brand?post=12660"},{"taxonomy":"product_cat","embeddable":true,"href":"https:\/\/toprisesafety.com\/es\/wp-json\/wp\/v2\/product_cat?post=12660"},{"taxonomy":"product_tag","embeddable":true,"href":"https:\/\/toprisesafety.com\/es\/wp-json\/wp\/v2\/product_tag?post=12660"}],"curies":[{"name":"wp","href":"https:\/\/api.w.org\/{rel}","templated":true}]}}