{"id":12642,"date":"2025-05-20T06:15:16","date_gmt":"2025-05-20T06:15:16","guid":{"rendered":"https:\/\/toprisesafety.com\/?post_type=product&#038;p=12642"},"modified":"2025-05-21T07:02:28","modified_gmt":"2025-05-21T07:02:28","slug":"stone-lounge-chair-table","status":"publish","type":"product","link":"https:\/\/toprisesafety.com\/es\/producto\/stone-lounge-chair-table\/","title":{"rendered":"Sill\u00f3n de piedra Mesa"},"content":{"rendered":"<h1>Sill\u00f3n de piedra Mesa<\/h1>\n<ul>\n<li>Dise\u00f1o creativo: El dise\u00f1o en forma de piedra es \u00fanico y a\u00f1ade elementos naturales, por lo que es adecuado para entornos exteriores.<\/li>\n<li>Opciones de personalizaci\u00f3n: Soporta personalizaci\u00f3n personalizada de color y tama\u00f1o para satisfacer diferentes necesidades.<\/li>\n<li>Gran durabilidad: El material FRP es resistente a la corrosi\u00f3n y tiene una fuerte resistencia a la intemperie, por lo que es adecuado para el uso a largo plazo.<\/li>\n<li>Experiencia de confort: Ergon\u00f3mico, proporciona una sensaci\u00f3n de asiento confortable.<\/li>\n<li>Materiales respetuosos con el medio ambiente: Fabricado con pl\u00e1stico ecol\u00f3gico reforzado con fibra de vidrio para reducir el impacto en el medio ambiente.<\/li>\n<\/ul>\n<table>\n<tbody>\n<tr>\n<td width=\"284\">ART NO.<\/td>\n<td width=\"284\">FB22<\/td>\n<\/tr>\n<tr>\n<td width=\"284\">MATERIAL<\/td>\n<td width=\"284\">Fibra de vidrio<\/td>\n<\/tr>\n<tr>\n<td width=\"284\">TALLA<\/td>\n<td width=\"284\">Personalizado<\/td>\n<\/tr>\n<tr>\n<td width=\"284\">MOQ<\/td>\n<td width=\"284\">1 PC<\/td>\n<\/tr>\n<tr>\n<td colspan=\"2\" width=\"568\">Admitimos dise\u00f1os, tama\u00f1os y colores personalizados. Si usted tiene su dise\u00f1o, podemos hacerlo en consecuencia.<\/td>\n<\/tr>\n<\/tbody>\n<\/table>\n<div style=\"width: 720px;\" class=\"wp-video\"><video class=\"wp-video-shortcode\" id=\"video-12642-1\" width=\"720\" height=\"720\" preload=\"metadata\" controls=\"controls\"><source type=\"video\/mp4\" src=\"https:\/\/toprisesafety.com\/wp-content\/uploads\/2025\/05\/Stone-Lounge-Chair-1.mp4?_=1\" \/><a href=\"https:\/\/toprisesafety.com\/wp-content\/uploads\/2025\/05\/Stone-Lounge-Chair-1.mp4\">https:\/\/toprisesafety.com\/wp-content\/uploads\/2025\/05\/Stone-Lounge-Chair-1.mp4<\/a><\/video><\/div>\n<p>TOPRISE admite varios estilos de personalizaci\u00f3n de bancos y sillas de fibra de vidrio; haga clic para <a href=\"https:\/\/toprisesafety.com\/es\/categoria-producto\/outdoor-goods\/fiberglass-bench\/\">ver m\u00e1s estilos de bancos y sillas de fibra de vidrio.<\/a><\/p>\n<p>Si no encuentra los bancos y sillas de fibra de vidrio que necesita, <a href=\"https:\/\/toprisesafety.com\/es\/contact-us\/\">p\u00f3ngase en contacto con nosotros; <\/a>apoyamos la personalizaci\u00f3n especial con MOQ bajo .<\/p>","protected":false},"excerpt":{"rendered":"<p>&nbsp;<\/p>\n<p>N\u00ba ART. FB22<\/p>\n<p>MATERIAL: Fibra de vidrio<\/p>\n<p>Talla: Personalizado<\/p>\n<p>Color: Personalizado<\/p>\n<p>MOQ: 1 PC<\/p>","protected":false},"featured_media":12643,"template":"","meta":{"_acf_changed":false},"product_brand":[],"product_cat":[397,398],"product_tag":[],"class_list":{"0":"post-12642","1":"product","2":"type-product","3":"status-publish","4":"has-post-thumbnail","6":"product_cat-fiberglass-bench","7":"product_cat-frp-products","9":"first","10":"instock","11":"shipping-taxable","12":"product-type-simple"},"acf":[],"_links":{"self":[{"href":"https:\/\/toprisesafety.com\/es\/wp-json\/wp\/v2\/product\/12642","targetHints":{"allow":["GET"]}}],"collection":[{"href":"https:\/\/toprisesafety.com\/es\/wp-json\/wp\/v2\/product"}],"about":[{"href":"https:\/\/toprisesafety.com\/es\/wp-json\/wp\/v2\/types\/product"}],"wp:featuredmedia":[{"embeddable":true,"href":"https:\/\/toprisesafety.com\/es\/wp-json\/wp\/v2\/media\/12643"}],"wp:attachment":[{"href":"https:\/\/toprisesafety.com\/es\/wp-json\/wp\/v2\/media?parent=12642"}],"wp:term":[{"taxonomy":"product_brand","embeddable":true,"href":"https:\/\/toprisesafety.com\/es\/wp-json\/wp\/v2\/product_brand?post=12642"},{"taxonomy":"product_cat","embeddable":true,"href":"https:\/\/toprisesafety.com\/es\/wp-json\/wp\/v2\/product_cat?post=12642"},{"taxonomy":"product_tag","embeddable":true,"href":"https:\/\/toprisesafety.com\/es\/wp-json\/wp\/v2\/product_tag?post=12642"}],"curies":[{"name":"wp","href":"https:\/\/api.w.org\/{rel}","templated":true}]}}